{"id":1137,"date":"2020-10-15T20:09:56","date_gmt":"2020-10-15T20:09:56","guid":{"rendered":"http:\/\/www.reprolam.com\/?page_id=1137"},"modified":"2023-09-05T15:52:43","modified_gmt":"2023-09-05T15:52:43","slug":"entidades-asociadas","status":"publish","type":"page","link":"http:\/\/www.reprolam.com\/?page_id=1137","title":{"rendered":"INSTITUCIONES ASOCIADAS"},"content":{"rendered":"<div id=\"pl-gb1137-69f7f43f4c070\"  class=\"panel-layout\" ><div id=\"pg-gb1137-69f7f43f4c070-0\"  class=\"panel-grid panel-has-style\" ><div class=\"panel-row-style panel-row-style-for-gb1137-69f7f43f4c070-0\" ><div id=\"pgc-gb1137-69f7f43f4c070-0-0\"  class=\"panel-grid-cell\" ><div id=\"panel-gb1137-69f7f43f4c070-0-0-0\" class=\"so-panel widget widget_sow-image panel-first-child panel-last-child\" data-index=\"0\" ><div class=\"panel-widget-style panel-widget-style-for-gb1137-69f7f43f4c070-0-0-0\" ><div\n\t\t\t\n\t\t\tclass=\"so-widget-sow-image so-widget-sow-image-default-8b5b6f678277-1137\"\n\t\t\t\n\t\t>\n<div class=\"sow-image-container\">\n\t\t<img \n\tsrc=\"http:\/\/www.reprolam.com\/wp-content\/uploads\/2023\/09\/ENTIDADES-USUARIAS-12-08-2023.png\" width=\"945\" height=\"772\" srcset=\"http:\/\/www.reprolam.com\/wp-content\/uploads\/2023\/09\/ENTIDADES-USUARIAS-12-08-2023.png 945w, http:\/\/www.reprolam.com\/wp-content\/uploads\/2023\/09\/ENTIDADES-USUARIAS-12-08-2023-300x245.png 300w, http:\/\/www.reprolam.com\/wp-content\/uploads\/2023\/09\/ENTIDADES-USUARIAS-12-08-2023-768x627.png 768w\" sizes=\"(max-width: 945px) 100vw, 945px\" alt=\"\" \t\tclass=\"so-widget-image\"\/>\n\t<\/div>\n\n<\/div><\/div><\/div><\/div><div id=\"pgc-gb1137-69f7f43f4c070-0-1\"  class=\"panel-grid-cell\" ><div id=\"panel-gb1137-69f7f43f4c070-0-1-0\" class=\"so-panel widget widget_sow-image panel-first-child\" data-index=\"1\" ><div class=\"panel-widget-style panel-widget-style-for-gb1137-69f7f43f4c070-0-1-0\" ><div\n\t\t\t\n\t\t\tclass=\"so-widget-sow-image so-widget-sow-image-default-89f16426b92c-1137\"\n\t\t\t\n\t\t>\n<div class=\"sow-image-container\">\n\t\t<img \n\tsrc=\"http:\/\/www.reprolam.com\/wp-content\/uploads\/2020\/10\/mapanewal.png\" width=\"498\" height=\"560\" srcset=\"http:\/\/www.reprolam.com\/wp-content\/uploads\/2020\/10\/mapanewal.png 498w, http:\/\/www.reprolam.com\/wp-content\/uploads\/2020\/10\/mapanewal-267x300.png 267w\" sizes=\"(max-width: 498px) 100vw, 498px\" title=\"\u00daltima Fecha de Actualizaci\u00f3n: 30\/09\/2020\" alt=\"\" \t\tclass=\"so-widget-image\"\/>\n\t<\/div>\n\n<\/div><\/div><\/div><div id=\"panel-gb1137-69f7f43f4c070-0-1-1\" class=\"so-panel widget widget_text panel-last-child\" data-index=\"2\" >\t\t\t<div class=\"textwidget\"><p>\u00daltima Fecha de Actualizaci\u00f3n: 14\/08\/2023<\/p>\n<\/div>\n\t\t<\/div><\/div><\/div><\/div><div id=\"pg-gb1137-69f7f43f4c070-1\"  class=\"panel-grid panel-has-style\" ><div class=\"panel-row-style panel-row-style-for-gb1137-69f7f43f4c070-1\" ><div id=\"pgc-gb1137-69f7f43f4c070-1-0\"  class=\"panel-grid-cell\" ><div id=\"panel-gb1137-69f7f43f4c070-1-0-0\" class=\"so-panel widget widget_sow-editor panel-first-child panel-last-child\" data-index=\"3\" ><div class=\"panel-widget-style panel-widget-style-for-gb1137-69f7f43f4c070-1-0-0\" ><div\n\t\t\t\n\t\t\tclass=\"so-widget-sow-editor so-widget-sow-editor-base\"\n\t\t\t\n\t\t>\n<div class=\"siteorigin-widget-tinymce textwidget\">\n\t\n<table id=\"tablepress-22\" class=\"tablepress tablepress-id-22\">\n<thead>\n<tr class=\"row-1\">\n\t<th class=\"column-1\">N\u00famero  Miembro<\/th><th class=\"column-2\">Nombre Instituici\u00f3n<\/th><th class=\"column-3\">Nombre Director<\/th><th class=\"column-4\">Fecha inscripcion<\/th><th class=\"column-5\">Pais<\/th>\n<\/tr>\n<\/thead>\n<tbody class=\"row-striping row-hover\">\n<tr class=\"row-2\">\n\t<td class=\"column-1\">I-001<\/td><td class=\"column-2\">Direcci\u00f3n Nuclear<\/td><td class=\"column-3\">Luiz Alberto Morilla<\/td><td class=\"column-4\">08\/6\/2020<\/td><td class=\"column-5\">Republica Dominicana<\/td>\n<\/tr>\n<tr class=\"row-3\">\n\t<td class=\"column-1\">I-002<\/td><td class=\"column-2\">Centro de Protecci\u00f3n e Higiene de las Radiaciones (CPHR)<\/td><td class=\"column-3\">Gonzalo Walwyn Salas <\/td><td class=\"column-4\">11\/6\/2020<\/td><td class=\"column-5\">Cuba<\/td>\n<\/tr>\n<tr class=\"row-4\">\n\t<td class=\"column-1\">I-003<\/td><td class=\"column-2\">Centro de Investigaci\u00f3n de F\u00edsica de Radiaciones y Metrolog\u00eda (CIF-RAM)<\/td><td class=\"column-3\">Francisco Espinoza Mart\u00ednez<\/td><td class=\"column-4\">11\/6\/2020<\/td><td class=\"column-5\">Nicaragua<\/td>\n<\/tr>\n<tr class=\"row-5\">\n\t<td class=\"column-1\">I-004<\/td><td class=\"column-2\">Universidade Estatal Rio de Janeiro &#8211; Laboratorio Ciencias Nucleares<\/td><td class=\"column-3\">Norma Albarello<\/td><td class=\"column-4\">11\/6\/2020<\/td><td class=\"column-5\">Brasil<\/td>\n<\/tr>\n<tr class=\"row-6\">\n\t<td class=\"column-1\">I-005<\/td><td class=\"column-2\">Laboratorio de Metrologia das Radia\u00e7\u00f5es Ionizantes &#8211; DEN\/UFPE<\/td><td class=\"column-3\">Helen Khoury<\/td><td class=\"column-4\">12\/6\/2020<\/td><td class=\"column-5\">Brasil<\/td>\n<\/tr>\n<tr class=\"row-7\">\n\t<td class=\"column-1\">I-006<\/td><td class=\"column-2\">Laboratorio de Prote\u00e7\u00e3o Radiol\u00f3gica da UFPE<\/td><td class=\"column-3\">Vinicius Saito de Barros<\/td><td class=\"column-4\">13\/6\/2020<\/td><td class=\"column-5\">Brasil<\/td>\n<\/tr>\n<tr class=\"row-8\">\n\t<td class=\"column-1\">I-007<\/td><td class=\"column-2\">Instituto Federal de Educa\u00e7\u00e3o, Ci\u00eancia e Tecnologia de Bahia- IFBA<\/td><td class=\"column-3\">Profesor Ives Lima.<\/td><td class=\"column-4\">13\/6\/2020<\/td><td class=\"column-5\">Brasil<\/td>\n<\/tr>\n<tr class=\"row-9\">\n\t<td class=\"column-1\">I-008<\/td><td class=\"column-2\">Universidad Nacional de Colombia \u2013 SEDE MEDELL\u00cdN<\/td><td class=\"column-3\">Juan Camilo Restrepo Gutierrrez<\/td><td class=\"column-4\">16\/6\/2020<\/td><td class=\"column-5\">Colombia<\/td>\n<\/tr>\n<tr class=\"row-10\">\n\t<td class=\"column-1\">I-009<\/td><td class=\"column-2\">Centro Regional de Referencia con Patrones Secundarios para Dosimetr\u00eda (CRRD).<\/td><td class=\"column-3\">Amalia Mar\u00eda Stefanic<\/td><td class=\"column-4\">17\/6\/2020<\/td><td class=\"column-5\">Argentina<\/td>\n<\/tr>\n<tr class=\"row-11\">\n\t<td class=\"column-1\">I-010<\/td><td class=\"column-2\">Sapra Landauer-Servi\u00e7o de assessoria e prote\u00e7\u00e3o radiol\u00f3gica ltda<\/td><td class=\"column-3\">Yvone Maria Mascarenhas<\/td><td class=\"column-4\">25\/6\/2020<\/td><td class=\"column-5\">Brasil<\/td>\n<\/tr>\n<tr class=\"row-12\">\n\t<td class=\"column-1\">I-011<\/td><td class=\"column-2\">Laboratorio de Dosimetria Interna<\/td><td class=\"column-3\">Mariella Adrian Ter\u00e1n Gretter<\/td><td class=\"column-4\">25\/6\/2020<\/td><td class=\"column-5\">Uruguay<\/td>\n<\/tr>\n<tr class=\"row-13\">\n\t<td class=\"column-1\">I-012<\/td><td class=\"column-2\">Instituto de Salud P\u00fablica de Chile.<\/td><td class=\"column-3\">Otto Delgado Ramos<\/td><td class=\"column-4\">12\/7\/2020<\/td><td class=\"column-5\">Chile<\/td>\n<\/tr>\n<tr class=\"row-14\">\n\t<td class=\"column-1\">I-013<\/td><td class=\"column-2\">Faculdade Nova espran\u00e7a FACENE<\/td><td class=\"column-3\">Dra. Carolina Santiago Polaro<\/td><td class=\"column-4\">12\/7\/2020<\/td><td class=\"column-5\">Brasil<\/td>\n<\/tr>\n<tr class=\"row-15\">\n\t<td class=\"column-1\">I-014<\/td><td class=\"column-2\"> Universidad de Costa Rica<\/td><td class=\"column-3\">Dr. Carlos Araya Leandro<\/td><td class=\"column-4\">16\/7\/2020<\/td><td class=\"column-5\">Costa Rica<\/td>\n<\/tr>\n<tr class=\"row-16\">\n\t<td class=\"column-1\">I-015<\/td><td class=\"column-2\">Unidad Acad\u00e9mica en RadioProtecci\u00f3n\/Facultad de Medicina\/Universidad de la Rep\u00fablica (Udelar)<\/td><td class=\"column-3\">Juan Carlos Hermida<\/td><td class=\"column-4\">11\/8\/2020<\/td><td class=\"column-5\">Uruguay<\/td>\n<\/tr>\n<tr class=\"row-17\">\n\t<td class=\"column-1\">I-016<\/td><td class=\"column-2\">CICANUM Lab ciclotron PET<\/td><td class=\"column-3\">Erick Mora<\/td><td class=\"column-4\">26\/8\/2020<\/td><td class=\"column-5\">Costa Rica<\/td>\n<\/tr>\n<tr class=\"row-18\">\n\t<td class=\"column-1\">I-017<\/td><td class=\"column-2\">OSL CONTROL CHILE S.A<\/td><td class=\"column-3\">Juan Francisco Arredondo Amigo<\/td><td class=\"column-4\">19\/9\/2020<\/td><td class=\"column-5\">Chile<\/td>\n<\/tr>\n<tr class=\"row-19\">\n\t<td class=\"column-1\">I-018<\/td><td class=\"column-2\">Centro de Investigaciones y Aplicaciones nucleares<\/td><td class=\"column-3\">Luiz Ram\u00f3n Portillo<\/td><td class=\"column-4\">20\/10\/2020<\/td><td class=\"column-5\">El Salvador<\/td>\n<\/tr>\n<tr class=\"row-20\">\n\t<td class=\"column-1\">I-019<\/td><td class=\"column-2\">Comisi\u00f3n Nacional de Seguridad y Salvagardias<\/td><td class=\"column-3\">Roberto Fabian Ortega<\/td><td class=\"column-4\">30\/10\/2020<\/td><td class=\"column-5\">M\u00e9xico<\/td>\n<\/tr>\n<tr class=\"row-21\">\n\t<td class=\"column-1\">I-020<\/td><td class=\"column-2\">Instituto Nacional de investigaciones Nucleares- Lab metrologia<\/td><td class=\"column-3\">H\u00e9ctor Mendonza Nava  y Marissa Maldonado Vel\u00e1zquez<\/td><td class=\"column-4\">12\/12\/2020<\/td><td class=\"column-5\">M\u00e9xico<\/td>\n<\/tr>\n<tr class=\"row-22\">\n\t<td class=\"column-1\">I-021<\/td><td class=\"column-2\">Instituto Venozolano de Investigaciones cientificas<\/td><td class=\"column-3\">Eloy Antonio Sira Gal\u00edndez<\/td><td class=\"column-4\">26\/2\/2021<\/td><td class=\"column-5\">Venezuela<\/td>\n<\/tr>\n<tr class=\"row-23\">\n\t<td class=\"column-1\">I-022<\/td><td class=\"column-2\">Laboratorio de Calibracion Dosim\u00e9trica<\/td><td class=\"column-3\">Sergio Vinicius Ortiz  Aguilar<\/td><td class=\"column-4\">03\/3\/2021<\/td><td class=\"column-5\">Guatemala<\/td>\n<\/tr>\n<tr class=\"row-24\">\n\t<td class=\"column-1\">I-023<\/td><td class=\"column-2\">Inprocolombia SAS (metrologia)<\/td><td class=\"column-3\">Edwin Orlando Bol\u00edvar G\u00f3mez<\/td><td class=\"column-4\">30\/3\/2021<\/td><td class=\"column-5\">Colombia<\/td>\n<\/tr>\n<tr class=\"row-25\">\n\t<td class=\"column-1\">I-024<\/td><td class=\"column-2\">SOCIEDAD PERUANA DE RADIOPROTECCION<\/td><td class=\"column-3\">JOSE MANUEL OSORES<\/td><td class=\"column-4\">30\/3\/2023<\/td><td class=\"column-5\">Per\u00fa<\/td>\n<\/tr>\n<tr class=\"row-26\">\n\t<td class=\"column-1\">I-025<\/td><td class=\"column-2\">GLP LABORAT\u00d3RIOS LTDA<\/td><td class=\"column-3\">LUCAS GUSTINELLI SILVA<\/td><td class=\"column-4\">15\/5\/2023<\/td><td class=\"column-5\">Brasil<\/td>\n<\/tr>\n<tr class=\"row-27\">\n\t<td class=\"column-1\">I-026<\/td><td class=\"column-2\">SUBSECRETAR\u00cdA DE CONTROL Y APLICACIONES NUCLEARES.<\/td><td class=\"column-3\">Iralda Estela Ramos Altamirano o Ruth Graciela Ayabaca Cazar.<\/td><td class=\"column-4\">23\/5\/2023<\/td><td class=\"column-5\">Ecuador<\/td>\n<\/tr>\n<\/tbody>\n<\/table>\n<!-- #tablepress-22 from cache -->\n<\/div>\n<\/div><\/div><\/div><\/div><\/div><\/div><\/div>\n\n\n<p><\/p>\n","protected":false},"excerpt":{"rendered":"<p>Profesionales que trabajan o tienen inter\u00e9s en protecci\u00f3n radiol\u00f3gica o \u00e1reas similares.<\/p>\n","protected":false},"author":1,"featured_media":481,"parent":64,"menu_order":0,"comment_status":"closed","ping_status":"closed","template":"page-templates\/page-builder.php","meta":{"footnotes":""},"_links":{"self":[{"href":"http:\/\/www.reprolam.com\/index.php?rest_route=\/wp\/v2\/pages\/1137"}],"collection":[{"href":"http:\/\/www.reprolam.com\/index.php?rest_route=\/wp\/v2\/pages"}],"about":[{"href":"http:\/\/www.reprolam.com\/index.php?rest_route=\/wp\/v2\/types\/page"}],"author":[{"embeddable":true,"href":"http:\/\/www.reprolam.com\/index.php?rest_route=\/wp\/v2\/users\/1"}],"replies":[{"embeddable":true,"href":"http:\/\/www.reprolam.com\/index.php?rest_route=%2Fwp%2Fv2%2Fcomments&post=1137"}],"version-history":[{"count":12,"href":"http:\/\/www.reprolam.com\/index.php?rest_route=\/wp\/v2\/pages\/1137\/revisions"}],"predecessor-version":[{"id":4573,"href":"http:\/\/www.reprolam.com\/index.php?rest_route=\/wp\/v2\/pages\/1137\/revisions\/4573"}],"up":[{"embeddable":true,"href":"http:\/\/www.reprolam.com\/index.php?rest_route=\/wp\/v2\/pages\/64"}],"wp:featuredmedia":[{"embeddable":true,"href":"http:\/\/www.reprolam.com\/index.php?rest_route=\/wp\/v2\/media\/481"}],"wp:attachment":[{"href":"http:\/\/www.reprolam.com\/index.php?rest_route=%2Fwp%2Fv2%2Fmedia&parent=1137"}],"curies":[{"name":"wp","href":"https:\/\/api.w.org\/{rel}","templated":true}]}}