{"id":13,"date":"2020-09-21T18:02:17","date_gmt":"2020-09-21T18:02:17","guid":{"rendered":"http:\/\/www.reprolam.com\/?page_id=13"},"modified":"2020-09-22T17:42:27","modified_gmt":"2020-09-22T17:42:27","slug":"index","status":"publish","type":"page","link":"http:\/\/www.reprolam.com\/","title":{"rendered":""},"content":{"rendered":"<div id=\"pl-gb13-69e3a8915ce75\"  class=\"panel-layout\" ><div id=\"pg-gb13-69e3a8915ce75-0\"  class=\"panel-grid panel-no-style\" ><div id=\"pgc-gb13-69e3a8915ce75-0-0\"  class=\"panel-grid-cell\" ><div id=\"panel-gb13-69e3a8915ce75-0-0-0\" class=\"so-panel widget widget_sow-hero panel-first-child panel-last-child\" data-index=\"0\" ><div\n\t\t\t\n\t\t\tclass=\"so-widget-sow-hero so-widget-sow-hero-default-6e283e92799f-13 so-widget-fittext-wrapper\"\n\t\t\t data-fit-text-compressor=\"0.85\"\n\t\t>\t\t\t\t<div class=\"sow-slider-base\" style=\"display: none\" tabindex=\"0\">\n\t\t\t\t\t<ul\n\t\t\t\t\tclass=\"sow-slider-images\"\n\t\t\t\t\tdata-settings=\"{&quot;pagination&quot;:true,&quot;speed&quot;:800,&quot;timeout&quot;:8000,&quot;paused&quot;:false,&quot;pause_on_hover&quot;:false,&quot;swipe&quot;:true,&quot;nav_always_show_desktop&quot;:&quot;&quot;,&quot;nav_always_show_mobile&quot;:&quot;&quot;,&quot;breakpoint&quot;:&quot;780px&quot;,&quot;unmute&quot;:false,&quot;anchor&quot;:null}\"\n\t\t\t\t\t\t\t\t\t\tdata-anchor-id=\"\"\n\t\t\t\t>\t\t<li class=\"sow-slider-image  sow-slider-image-cover\" style=\"visibility: visible;;background-color: #333333;background-image: url(http:\/\/www.reprolam.com\/wp-content\/uploads\/2020\/09\/radiotherapy030214200x200.jpg)\" >\n\t\t\t\t\t<div class=\"sow-slider-image-container\">\n\t\t\t<div class=\"sow-slider-image-wrapper\">\n\t\t\t\t<p>Esto es una prueba a ver como sale<\/p>\n\t\t\t<\/div>\n\t\t<\/div>\n\t\t\t\t<\/li>\n\t\t<\/ul>\t\t\t\t<ol class=\"sow-slider-pagination\">\n\t\t\t\t\t\t\t\t\t\t\t<li><a href=\"#\" data-goto=\"0\" aria-label=\"mostrar diapositiva 1\"><\/a><\/li>\n\t\t\t\t\t\t\t\t\t<\/ol>\n\n\t\t\t\t<div class=\"sow-slide-nav sow-slide-nav-next\">\n\t\t\t\t\t<a href=\"#\" data-goto=\"next\" aria-label=\"diapositiva siguiente\" data-action=\"next\">\n\t\t\t\t\t\t<em class=\"sow-sld-icon-thin-right\"><\/em>\n\t\t\t\t\t<\/a>\n\t\t\t\t<\/div>\n\n\t\t\t\t<div class=\"sow-slide-nav sow-slide-nav-prev\">\n\t\t\t\t\t<a href=\"#\" data-goto=\"previous\" aria-label=\"diapositiva anterior\" data-action=\"prev\">\n\t\t\t\t\t\t<em class=\"sow-sld-icon-thin-left\"><\/em>\n\t\t\t\t\t<\/a>\n\t\t\t\t<\/div>\n\t\t\t\t<\/div><\/div><\/div><\/div><\/div><div id=\"pg-gb13-69e3a8915ce75-1\"  class=\"panel-grid panel-no-style\" ><div id=\"pgc-gb13-69e3a8915ce75-1-0\"  class=\"panel-grid-cell\" ><div id=\"panel-gb13-69e3a8915ce75-1-0-0\" class=\"so-panel widget widget_sow-editor panel-first-child panel-last-child\" data-index=\"1\" ><div class=\"panel-widget-style panel-widget-style-for-gb13-69e3a8915ce75-1-0-0\" ><div\n\t\t\t\n\t\t\tclass=\"so-widget-sow-editor so-widget-sow-editor-base\"\n\t\t\t\n\t\t>\n<div class=\"siteorigin-widget-tinymce textwidget\">\n\t<p><strong>\u00a1Bienvenido al sitio web de REPROLAM<\/strong><\/p>\n<p style=\"text-align: justify;\">La exposici\u00f3n de los trabajadores a la radiaci\u00f3n puede ocurrir como resultado de diversas actividades humanas, entre otras, las tareas relacionadas con el ciclo del combustible nuclear, el uso de fuentes radiactivas y aparatos de rayos X en la medicina, la investigaci\u00f3n cient\u00edfica, la agricultura y la industria. Tambi\u00e9n pueden verse expuestos los trabajadores que manipulan materiales con altas concentraciones de radion\u00faclidos de origen natural. <strong><em>Es fundamental que la protecci\u00f3n radiol\u00f3gica de los trabajadores sea adecuada<\/em><\/strong>.<\/p>\n<p style=\"text-align: justify;\">Los principios fundamentales de seguridad y las normas de seguridad radiol\u00f3gica del OIEA proporcionan un marco s\u00f3lido para la seguridad nuclear y radiol\u00f3gica a nivel mundial y sirven como punto de referencia internacional para proteger a los trabajadores, al p\u00fablico \u00a0y al medio ambiente de los efectos nocivos de las radiaciones ionizantes.<\/p>\n<p style=\"text-align: justify;\">La actualizaci\u00f3n de la situaci\u00f3n actual de la Protecci\u00f3n Radiol\u00f3gica Ocupacional en los pa\u00edses de la regi\u00f3n latinoamericana y caribe\u00f1a permite confirmar que se han obtenido importantes logros en la implementaci\u00f3n de los principios y requisitos establecidos en las Normas B\u00e1sicas de Seguridad del <strong>OIEA<\/strong>. \u00a0Es necesario sin embrago encontrar soluciones a las lagunas detectadas y promover la creaci\u00f3n de redes entre los Estados Miembros para complementar y apoyar el programa de cooperaci\u00f3n t\u00e9cnica que se implementa en esta \u00e1rea tem\u00e1tica en la regi\u00f3n.<\/p>\n<p style=\"text-align: justify;\">Considerando que los pa\u00edses de Am\u00e9rica Latina y el Caribe tienen intereses comunes para la aplicaci\u00f3n pr\u00e1ctica del principio de optimizaci\u00f3n y que las redes existentes en otras regiones del mundo estaban contribuyendo al mejoramiento de las infraestructuras de protecci\u00f3n radiol\u00f3gica ocupacional, se acord\u00f3 crear la Red de Optimizaci\u00f3n de Protecci\u00f3n<\/p>\n<p style=\"text-align: justify;\">Radiol\u00f3gica Ocupacional en Latino Am\u00e9rica (REPROLAM). Esta iniciativa fue impulsada en el marco de la implementaci\u00f3n del Plan de Acci\u00f3n Internacional de Protecci\u00f3n Radiol\u00f3gica Ocupacional &#8211; IAPORP &#8211; desarrollado por el OIEA y la Organizaci\u00f3n Internacional del Trabajo.<\/p>\n<p style=\"text-align: justify;\">REPROLAM nace bajo el Proyecto de Cooperaci\u00f3n T\u00e9cnica del OIEA <strong>RLA\/9\/066<\/strong> \u00abFortalecimiento y actualizaci\u00f3n de las competencias t\u00e9cnicas para la protecci\u00f3n de la salud y seguridad de los trabajadores expuestos ocupacionalmente a las radiaciones ionizantes\u00bb. Su creaci\u00f3n tuvo lugar en el Instituto de Radioprotecci\u00f3n y Dosimetr\u00eda (IRD), R\u00edo de Janeiro, Brasil, consider\u00e1ndose el <strong>29 de Junio de 2011<\/strong>, \u00a0la fecha de creaci\u00f3n de REPROLAM.\u00a0 REPROLAM se define como una red regional ALARA en la plataforma de ORPNET, la red que tiene el objetivo de promover la optimizaci\u00f3n de la protecci\u00f3n radiol\u00f3gica ocupacional.<\/p>\n<p style=\"text-align: justify;\">En un entorno din\u00e1mico de desarrollo de tecnolog\u00edas de la informaci\u00f3n y las redes sociales, los especialistas en protecci\u00f3n radiol\u00f3gica ocupacional se han propuesto la revitalizaci\u00f3n de REPROLAM.<\/p>\n<p style=\"text-align: justify;\"><strong>Le damos la bienvenida a REPROLAM e invitamos a los especialistas y entidades interesadas a que participe en sus actividades e iniciativas.<\/strong><\/p>\n<p style=\"text-align: justify;\"><strong>Juntos continuaremos compartiendo el compromiso de la protecci\u00f3n del hombre y el medio ambiente.<\/strong><\/p>\n<\/div>\n<\/div><\/div><\/div><\/div><\/div><\/div>","protected":false},"excerpt":{"rendered":"<p>\u00a1Bienvenido al sitio web de REPROLAM La exposici\u00f3n de los trabajadores a la radiaci\u00f3n puede ocurrir como resultado de diversas actividades humanas, entre otras, las tareas relacionadas con el ciclo del combustible nuclear, el uso de fuentes radiactivas y aparatos<\/p>\n","protected":false},"author":1,"featured_media":0,"parent":0,"menu_order":0,"comment_status":"closed","ping_status":"closed","template":"page-templates\/business.php","meta":{"footnotes":""},"_links":{"self":[{"href":"http:\/\/www.reprolam.com\/index.php?rest_route=\/wp\/v2\/pages\/13"}],"collection":[{"href":"http:\/\/www.reprolam.com\/index.php?rest_route=\/wp\/v2\/pages"}],"about":[{"href":"http:\/\/www.reprolam.com\/index.php?rest_route=\/wp\/v2\/types\/page"}],"author":[{"embeddable":true,"href":"http:\/\/www.reprolam.com\/index.php?rest_route=\/wp\/v2\/users\/1"}],"replies":[{"embeddable":true,"href":"http:\/\/www.reprolam.com\/index.php?rest_route=%2Fwp%2Fv2%2Fcomments&post=13"}],"version-history":[{"count":12,"href":"http:\/\/www.reprolam.com\/index.php?rest_route=\/wp\/v2\/pages\/13\/revisions"}],"predecessor-version":[{"id":1170,"href":"http:\/\/www.reprolam.com\/index.php?rest_route=\/wp\/v2\/pages\/13\/revisions\/1170"}],"wp:attachment":[{"href":"http:\/\/www.reprolam.com\/index.php?rest_route=%2Fwp%2Fv2%2Fmedia&parent=13"}],"curies":[{"name":"wp","href":"https:\/\/api.w.org\/{rel}","templated":true}]}}