{"id":1746,"date":"2020-11-25T16:09:01","date_gmt":"2020-11-25T16:09:01","guid":{"rendered":"http:\/\/www.reprolam.com\/?page_id=1746"},"modified":"2020-11-25T17:46:26","modified_gmt":"2020-11-25T17:46:26","slug":"enlaces-de-interes-asociados-a-la-actividad-de-reprolam","status":"publish","type":"page","link":"http:\/\/www.reprolam.com\/?page_id=1746","title":{"rendered":"Enlaces de Inter\u00e9s asociados a la actividad de REPROLAM"},"content":{"rendered":"<div id=\"pl-gb1746-69e3c726a946f\"  class=\"panel-layout\" ><div id=\"pg-gb1746-69e3c726a946f-0\"  class=\"panel-grid panel-no-style\" ><div id=\"pgc-gb1746-69e3c726a946f-0-0\"  class=\"panel-grid-cell\" ><div id=\"panel-gb1746-69e3c726a946f-0-0-0\" class=\"so-panel widget widget_sow-editor panel-first-child panel-last-child\" data-index=\"0\" ><div class=\"panel-widget-style panel-widget-style-for-gb1746-69e3c726a946f-0-0-0\" ><div\n\t\t\t\n\t\t\tclass=\"so-widget-sow-editor so-widget-sow-editor-base\"\n\t\t\t\n\t\t>\n<div class=\"siteorigin-widget-tinymce textwidget\">\n\t<h4 style=\"text-align: center;\"><span style=\"color: #0000ff;\"><strong>Occupational<\/strong> <strong>Radiation<\/strong> <strong>Protection<\/strong><strong> NETworks<\/strong><\/span><\/h4>\n<p><img loading=\"lazy\" decoding=\"async\" class=\"aligncenter size-full wp-image-1748\" src=\"http:\/\/www.reprolam.com\/wp-content\/uploads\/2020\/11\/ORPNET2.jpg\" alt=\"\" width=\"935\" height=\"269\" srcset=\"http:\/\/www.reprolam.com\/wp-content\/uploads\/2020\/11\/ORPNET2.jpg 935w, http:\/\/www.reprolam.com\/wp-content\/uploads\/2020\/11\/ORPNET2-300x86.jpg 300w, http:\/\/www.reprolam.com\/wp-content\/uploads\/2020\/11\/ORPNET2-768x221.jpg 768w\" sizes=\"(max-width: 935px) 100vw, 935px\" \/><\/p>\n<p style=\"text-align: center;\"><a href=\"https:\/\/nucleus.iaea.org\/sites\/orpnet\/home\/SitePages\/Home.aspx\" target=\"_blank\" rel=\"noopener noreferrer\">https:\/\/nucleus.iaea.org\/sites\/orpnet\/home\/SitePages\/Home.aspx<\/a><\/p>\n<\/div>\n<\/div><\/div><\/div><\/div><\/div><div id=\"pg-gb1746-69e3c726a946f-1\"  class=\"panel-grid panel-no-style\" ><div id=\"pgc-gb1746-69e3c726a946f-1-0\"  class=\"panel-grid-cell\" ><div id=\"panel-gb1746-69e3c726a946f-1-0-0\" class=\"so-panel widget widget_sow-editor panel-first-child panel-last-child\" data-index=\"1\" ><div class=\"panel-widget-style panel-widget-style-for-gb1746-69e3c726a946f-1-0-0\" ><div\n\t\t\t\n\t\t\tclass=\"so-widget-sow-editor so-widget-sow-editor-base\"\n\t\t\t\n\t\t>\n<div class=\"siteorigin-widget-tinymce textwidget\">\n\t<h4 style=\"text-align: center;\"><strong>European Radiation Dosimetry Group (EURADOS)<\/strong><\/h4>\n<p><img loading=\"lazy\" decoding=\"async\" class=\"aligncenter size-full wp-image-1738\" src=\"http:\/\/www.reprolam.com\/wp-content\/uploads\/2020\/11\/eurados_banner_breed.jpg\" alt=\"\" width=\"272\" height=\"64\" srcset=\"http:\/\/www.reprolam.com\/wp-content\/uploads\/2020\/11\/eurados_banner_breed.jpg 272w, http:\/\/www.reprolam.com\/wp-content\/uploads\/2020\/11\/eurados_banner_breed-270x64.jpg 270w\" sizes=\"(max-width: 272px) 100vw, 272px\" \/><\/p>\n<p style=\"text-align: center;\"><a href=\"https:\/\/eurados.sckcen.be\/\" target=\"_blank\" rel=\"noopener noreferrer\">https:\/\/eurados.sckcen.be\/<\/a><\/p>\n<\/div>\n<\/div><\/div><\/div><\/div><div id=\"pgc-gb1746-69e3c726a946f-1-1\"  class=\"panel-grid-cell\" ><div id=\"panel-gb1746-69e3c726a946f-1-1-0\" class=\"so-panel widget widget_sow-editor panel-first-child panel-last-child\" data-index=\"2\" ><div class=\"panel-widget-style panel-widget-style-for-gb1746-69e3c726a946f-1-1-0\" ><div\n\t\t\t\n\t\t\tclass=\"so-widget-sow-editor so-widget-sow-editor-base\"\n\t\t\t\n\t\t>\n<div class=\"siteorigin-widget-tinymce textwidget\">\n\t<h4 style=\"text-align: center;\"><strong>Asian Radiation Dosimetry Group (ARADOS)<\/strong><\/h4>\n<p><img loading=\"lazy\" decoding=\"async\" class=\"aligncenter wp-image-1739 size-full\" src=\"http:\/\/www.reprolam.com\/wp-content\/uploads\/2020\/11\/arados-logo-80px.png\" alt=\"\" width=\"258\" height=\"80\" \/><\/p>\n<p style=\"text-align: center;\"><a href=\"https:\/\/www.nirs.qst.go.jp\/usr\/ARADOS\/index.php\" target=\"_blank\" rel=\"noopener noreferrer\">https:\/\/www.nirs.qst.go.jp\/usr\/ARADOS\/index.php<\/a><\/p>\n<\/div>\n<\/div><\/div><\/div><\/div><\/div><div id=\"pg-gb1746-69e3c726a946f-2\"  class=\"panel-grid panel-no-style\" ><div id=\"pgc-gb1746-69e3c726a946f-2-0\"  class=\"panel-grid-cell\" ><div id=\"panel-gb1746-69e3c726a946f-2-0-0\" class=\"so-panel widget widget_sow-editor panel-first-child panel-last-child\" data-index=\"3\" ><div class=\"panel-widget-style panel-widget-style-for-gb1746-69e3c726a946f-2-0-0\" ><div\n\t\t\t\n\t\t\tclass=\"so-widget-sow-editor so-widget-sow-editor-base\"\n\t\t\t\n\t\t>\n<div class=\"siteorigin-widget-tinymce textwidget\">\n\t<h4 style=\"text-align: center;\"><strong>International Atomic Energy Agency (IAEA)<\/strong><\/h4>\n<p><img loading=\"lazy\" decoding=\"async\" class=\"aligncenter wp-image-111 \" src=\"http:\/\/www.reprolam.com\/wp-content\/uploads\/2020\/09\/IAEA-logo2-small-300x227.gif\" alt=\"\" width=\"212\" height=\"160\" \/><\/p>\n<p style=\"text-align: center;\"><a href=\"https:\/\/www.iaea.org\/es\/\" target=\"_blank\" rel=\"noopener noreferrer\">https:\/\/www.iaea.org\/es\/<\/a><\/p>\n<\/div>\n<\/div><\/div><\/div><\/div><div id=\"pgc-gb1746-69e3c726a946f-2-1\"  class=\"panel-grid-cell\" ><div id=\"panel-gb1746-69e3c726a946f-2-1-0\" class=\"so-panel widget widget_sow-editor panel-first-child panel-last-child\" data-index=\"4\" ><div class=\"panel-widget-style panel-widget-style-for-gb1746-69e3c726a946f-2-1-0\" ><div\n\t\t\t\n\t\t\tclass=\"so-widget-sow-editor so-widget-sow-editor-base\"\n\t\t\t\n\t\t>\n<div class=\"siteorigin-widget-tinymce textwidget\">\n\t<h4 style=\"text-align: center;\"><strong>International Radiation Protection Association (IRPA)<\/strong><\/h4>\n<p><img loading=\"lazy\" decoding=\"async\" class=\"aligncenter wp-image-113 size-full\" src=\"http:\/\/www.reprolam.com\/wp-content\/uploads\/2020\/09\/logo-IRPA.jpg\" alt=\"\" width=\"120\" height=\"112\" \/><\/p>\n<p style=\"text-align: center;\"><a href=\"http:\/\/www.irpa.net\" target=\"_blank\" rel=\"noopener noreferrer\">http:\/\/www.irpa.net<\/a><\/p>\n<\/div>\n<\/div><\/div><\/div><\/div><\/div><div id=\"pg-gb1746-69e3c726a946f-3\"  class=\"panel-grid panel-no-style\" ><div id=\"pgc-gb1746-69e3c726a946f-3-0\"  class=\"panel-grid-cell\" ><div id=\"panel-gb1746-69e3c726a946f-3-0-0\" class=\"so-panel widget widget_sow-editor panel-first-child panel-last-child\" data-index=\"5\" ><div class=\"panel-widget-style panel-widget-style-for-gb1746-69e3c726a946f-3-0-0\" ><div\n\t\t\t\n\t\t\tclass=\"so-widget-sow-editor so-widget-sow-editor-base\"\n\t\t\t\n\t\t>\n<div class=\"siteorigin-widget-tinymce textwidget\">\n\t<h4 style=\"text-align: center;\"><strong>International Commission on Radiological Protection (ICRP)<\/strong><\/h4>\n<p><img loading=\"lazy\" decoding=\"async\" class=\"aligncenter wp-image-119 \" src=\"http:\/\/www.reprolam.com\/wp-content\/uploads\/2020\/09\/LOGO-ICRP.jpg\" alt=\"\" width=\"155\" height=\"92\" \/><\/p>\n<p style=\"text-align: center;\"><a href=\"http:\/\/www.icrp.org\" target=\"_blank\" rel=\"noopener noreferrer\">http:\/\/www.icrp.org<\/a><\/p>\n<\/div>\n<\/div><\/div><\/div><\/div><div id=\"pgc-gb1746-69e3c726a946f-3-1\"  class=\"panel-grid-cell\" ><div id=\"panel-gb1746-69e3c726a946f-3-1-0\" class=\"so-panel widget widget_sow-editor panel-first-child panel-last-child\" data-index=\"6\" ><div class=\"panel-widget-style panel-widget-style-for-gb1746-69e3c726a946f-3-1-0\" ><div\n\t\t\t\n\t\t\tclass=\"so-widget-sow-editor so-widget-sow-editor-base\"\n\t\t\t\n\t\t>\n<div class=\"siteorigin-widget-tinymce textwidget\">\n\t<h4 style=\"text-align: center;\"><strong>International Commission on Radiation Units (ICRU)<\/strong><\/h4>\n<p><img loading=\"lazy\" decoding=\"async\" class=\"aligncenter wp-image-120 size-full\" src=\"http:\/\/www.reprolam.com\/wp-content\/uploads\/2020\/09\/logo-ICRU.jpg\" alt=\"\" width=\"197\" height=\"114\" \/><\/p>\n<p style=\"text-align: center;\"><a href=\"https:\/\/icru.org\" target=\"_blank\" rel=\"noopener noreferrer\">https:\/\/icru.org<\/a><\/p>\n<\/div>\n<\/div><\/div><\/div><\/div><\/div><div id=\"pg-gb1746-69e3c726a946f-4\"  class=\"panel-grid panel-no-style\" ><div id=\"pgc-gb1746-69e3c726a946f-4-0\"  class=\"panel-grid-cell\" ><div id=\"panel-gb1746-69e3c726a946f-4-0-0\" class=\"so-panel widget widget_sow-editor panel-first-child panel-last-child\" data-index=\"7\" ><div class=\"panel-widget-style panel-widget-style-for-gb1746-69e3c726a946f-4-0-0\" ><div\n\t\t\t\n\t\t\tclass=\"so-widget-sow-editor so-widget-sow-editor-base\"\n\t\t\t\n\t\t>\n<div class=\"siteorigin-widget-tinymce textwidget\">\n\t<h4 style=\"text-align: center;\"><strong>United Nations Scientific Committee on the Effects of Atomic Radiation<\/strong><\/h4>\n<p><img loading=\"lazy\" decoding=\"async\" class=\"aligncenter wp-image-122 size-full\" src=\"http:\/\/www.reprolam.com\/wp-content\/uploads\/2020\/09\/logo-unscear.gif\" alt=\"\" width=\"320\" height=\"70\" \/><\/p>\n<p style=\"text-align: center;\"><a href=\"https:\/\/www.unscear.org\" target=\"_blank\" rel=\"noopener noreferrer\">https:\/\/www.unscear.org<\/a><\/p>\n<\/div>\n<\/div><\/div><\/div><\/div><div id=\"pgc-gb1746-69e3c726a946f-4-1\"  class=\"panel-grid-cell\" ><div id=\"panel-gb1746-69e3c726a946f-4-1-0\" class=\"so-panel widget widget_sow-editor panel-first-child panel-last-child\" data-index=\"8\" ><div class=\"panel-widget-style panel-widget-style-for-gb1746-69e3c726a946f-4-1-0\" ><div\n\t\t\t\n\t\t\tclass=\"so-widget-sow-editor so-widget-sow-editor-base\"\n\t\t\t\n\t\t>\n<div class=\"siteorigin-widget-tinymce textwidget\">\n\t<h4 style=\"text-align: center;\"><strong>FORO Iberoamericano de Organismos Reguladores Radiol\u00f3gicos y Nucleares<\/strong><\/h4>\n<p><img loading=\"lazy\" decoding=\"async\" class=\"aligncenter wp-image-1737 size-full\" src=\"http:\/\/www.reprolam.com\/wp-content\/uploads\/2020\/11\/LOGO-FORO.gif\" alt=\"\" width=\"364\" height=\"74\" \/><\/p>\n<p style=\"text-align: center;\"><a href=\"https:\/\/www.foroiberam.org\" target=\"_blank\" rel=\"noopener noreferrer\">https:\/\/www.foroiberam.org<\/a><\/p>\n<\/div>\n<\/div><\/div><\/div><\/div><\/div><div id=\"pg-gb1746-69e3c726a946f-5\"  class=\"panel-grid panel-no-style\" ><div id=\"pgc-gb1746-69e3c726a946f-5-0\"  class=\"panel-grid-cell\" ><div id=\"panel-gb1746-69e3c726a946f-5-0-0\" class=\"so-panel widget widget_sow-editor panel-first-child panel-last-child\" data-index=\"9\" ><div class=\"panel-widget-style panel-widget-style-for-gb1746-69e3c726a946f-5-0-0\" ><div\n\t\t\t\n\t\t\tclass=\"so-widget-sow-editor so-widget-sow-editor-base\"\n\t\t\t\n\t\t>\n<div class=\"siteorigin-widget-tinymce textwidget\">\n\t<h4 style=\"text-align: center;\"><strong>Acuerdo Regional de Cooperaci\u00f3n para la Promoci\u00f3n de la Ciencia y Tecnolog\u00eda Nucleares en Am\u00e9rica Latina y el Caribe<\/strong><\/h4>\n<p><img loading=\"lazy\" decoding=\"async\" class=\"aligncenter wp-image-125 size-full\" src=\"http:\/\/www.reprolam.com\/wp-content\/uploads\/2020\/09\/logo-arcal.png\" alt=\"\" width=\"373\" height=\"112\" srcset=\"http:\/\/www.reprolam.com\/wp-content\/uploads\/2020\/09\/logo-arcal.png 373w, http:\/\/www.reprolam.com\/wp-content\/uploads\/2020\/09\/logo-arcal-300x90.png 300w\" sizes=\"(max-width: 373px) 100vw, 373px\" \/><\/p>\n<p style=\"text-align: center;\"><a href=\"https:\/\/www.arcal-lac.org\" target=\"_blank\" rel=\"noopener noreferrer\">https:\/\/www.arcal-lac.org<\/a><\/p>\n<\/div>\n<\/div><\/div><\/div><\/div><div id=\"pgc-gb1746-69e3c726a946f-5-1\"  class=\"panel-grid-cell\" ><div id=\"panel-gb1746-69e3c726a946f-5-1-0\" class=\"so-panel widget widget_sow-editor panel-first-child panel-last-child\" data-index=\"10\" ><div class=\"panel-widget-style panel-widget-style-for-gb1746-69e3c726a946f-5-1-0\" ><div\n\t\t\t\n\t\t\tclass=\"so-widget-sow-editor so-widget-sow-editor-base\"\n\t\t\t\n\t\t>\n<div class=\"siteorigin-widget-tinymce textwidget\">\n\t<h4 style=\"text-align: center;\"><strong>Red Latinoamericana para la Educaci\u00f3n y la Capacitaci\u00f3n en Tecnolog\u00eda Nuclear<\/strong><\/h4>\n<p><img loading=\"lazy\" decoding=\"async\" class=\"aligncenter wp-image-127 size-full\" src=\"http:\/\/www.reprolam.com\/wp-content\/uploads\/2020\/09\/logo-lanet.png\" alt=\"\" width=\"141\" height=\"117\" \/><\/p>\n<p style=\"text-align: center;\"><a href=\"https:\/\/www.lanentweb.org\/es\" target=\"_blank\" rel=\"noopener noreferrer\">https:\/\/www.lanentweb.org\/es<\/a><\/p>\n<\/div>\n<\/div><\/div><\/div><\/div><\/div><div id=\"pg-gb1746-69e3c726a946f-6\"  class=\"panel-grid panel-no-style\" ><div id=\"pgc-gb1746-69e3c726a946f-6-0\"  class=\"panel-grid-cell\" ><div id=\"panel-gb1746-69e3c726a946f-6-0-0\" class=\"so-panel widget widget_sow-editor panel-first-child panel-last-child\" data-index=\"11\" ><div class=\"panel-widget-style panel-widget-style-for-gb1746-69e3c726a946f-6-0-0\" ><div\n\t\t\t\n\t\t\tclass=\"so-widget-sow-editor so-widget-sow-editor-base\"\n\t\t\t\n\t\t>\n<div class=\"siteorigin-widget-tinymce textwidget\">\n\t<h4 style=\"text-align: center;\"><strong>IEC TC 45B on Radiation Protection Instrumentation<\/strong><\/h4>\n<p><img loading=\"lazy\" decoding=\"async\" class=\"aligncenter wp-image-1775 size-medium\" src=\"http:\/\/www.reprolam.com\/wp-content\/uploads\/2020\/11\/IEC-TC-45B--300x152.jpg\" alt=\"\" width=\"300\" height=\"152\" srcset=\"http:\/\/www.reprolam.com\/wp-content\/uploads\/2020\/11\/IEC-TC-45B--300x152.jpg 300w, http:\/\/www.reprolam.com\/wp-content\/uploads\/2020\/11\/IEC-TC-45B-.jpg 520w\" sizes=\"(max-width: 300px) 100vw, 300px\" \/><\/p>\n<p style=\"text-align: center;\"><a href=\"https:\/\/www.iec.ch\/dyn\/www\/f?p=103:7:0::::FSP_ORG_ID,FSP_LANG_ID:1360,25\" target=\"_blank\" rel=\"noopener noreferrer\">https:\/\/www.iec.ch\/dyn\/www\/f?p=103:7:0::::FSP_ORG_ID,FSP_LANG_ID:1360,25<\/a><\/p>\n<\/div>\n<\/div><\/div><\/div><\/div><div id=\"pgc-gb1746-69e3c726a946f-6-1\"  class=\"panel-grid-cell\" ><div id=\"panel-gb1746-69e3c726a946f-6-1-0\" class=\"so-panel widget widget_sow-editor panel-first-child panel-last-child\" data-index=\"12\" ><div class=\"panel-widget-style panel-widget-style-for-gb1746-69e3c726a946f-6-1-0\" ><div\n\t\t\t\n\t\t\tclass=\"so-widget-sow-editor so-widget-sow-editor-base\"\n\t\t\t\n\t\t>\n<div class=\"siteorigin-widget-tinymce textwidget\">\n\t<h4 style=\"text-align: center;\"><strong>ISO TC 85 \/SC 2 &#8211; Radiological Protection<\/strong><\/h4>\n<p><img loading=\"lazy\" decoding=\"async\" class=\"aligncenter wp-image-1778 \" src=\"http:\/\/www.reprolam.com\/wp-content\/uploads\/2020\/11\/ISP-TC85.jpg\" alt=\"\" width=\"155\" height=\"204\" \/><\/p>\n<p style=\"text-align: center;\"><a href=\"https:\/\/www.iso.org\/committee\/50280.html\" target=\"_blank\" rel=\"noopener noreferrer\">https:\/\/www.iso.org\/committee\/50280.html<\/a><\/p>\n<\/div>\n<\/div><\/div><\/div><\/div><\/div><div id=\"pg-gb1746-69e3c726a946f-7\"  class=\"panel-grid panel-no-style\" ><div id=\"pgc-gb1746-69e3c726a946f-7-0\"  class=\"panel-grid-cell\" ><div id=\"panel-gb1746-69e3c726a946f-7-0-0\" class=\"so-panel widget widget_sow-editor panel-first-child panel-last-child\" data-index=\"13\" ><div class=\"panel-widget-style panel-widget-style-for-gb1746-69e3c726a946f-7-0-0\" ><div\n\t\t\t\n\t\t\tclass=\"so-widget-sow-editor so-widget-sow-editor-base\"\n\t\t\t\n\t\t>\n<div class=\"siteorigin-widget-tinymce textwidget\">\n\t<h4 style=\"text-align: center;\"><strong>ORPAS COLLABORATION PLATFORM FOR MEMBER STATES<\/strong><\/h4>\n<p><img loading=\"lazy\" decoding=\"async\" class=\"aligncenter wp-image-1784 \" src=\"http:\/\/www.reprolam.com\/wp-content\/uploads\/2020\/11\/ORPAS-300x241.jpg\" alt=\"\" width=\"268\" height=\"215\" srcset=\"http:\/\/www.reprolam.com\/wp-content\/uploads\/2020\/11\/ORPAS-300x241.jpg 300w, http:\/\/www.reprolam.com\/wp-content\/uploads\/2020\/11\/ORPAS.jpg 446w\" sizes=\"(max-width: 268px) 100vw, 268px\" \/><\/p>\n<p style=\"text-align: center;\"><a href=\"https:\/\/gnssn.iaea.org\/main\/ORPAS\/SitePages\/Home.aspx\" target=\"_blank\" rel=\"noopener noreferrer\">https:\/\/gnssn.iaea.org\/main\/ORPAS\/SitePages\/Home.aspx<\/a><\/p>\n<\/div>\n<\/div><\/div><\/div><\/div><div id=\"pgc-gb1746-69e3c726a946f-7-1\"  class=\"panel-grid-cell\" ><div id=\"panel-gb1746-69e3c726a946f-7-1-0\" class=\"so-panel widget widget_sow-editor panel-first-child panel-last-child\" data-index=\"14\" ><div class=\"panel-widget-style panel-widget-style-for-gb1746-69e3c726a946f-7-1-0\" ><div\n\t\t\t\n\t\t\tclass=\"so-widget-sow-editor so-widget-sow-editor-base\"\n\t\t\t\n\t\t>\n<div class=\"siteorigin-widget-tinymce textwidget\">\n\t<h4 style=\"text-align: center;\"><strong>Global nuclear safety and security network (GNSSN)<\/strong><\/h4>\n<p><img loading=\"lazy\" decoding=\"async\" class=\"aligncenter wp-image-1786 size-full\" src=\"http:\/\/www.reprolam.com\/wp-content\/uploads\/2020\/11\/GNSSNLogoblue.jpg\" alt=\"\" width=\"263\" height=\"141\" \/><\/p>\n<p style=\"text-align: center;\"><a href=\"https:\/\/gnssn.iaea.org\/main\/pages\/default.aspx\" target=\"_blank\" rel=\"noopener noreferrer\">https:\/\/gnssn.iaea.org\/main\/pages\/default.aspx<\/a><\/p>\n<\/div>\n<\/div><\/div><\/div><\/div><\/div><div id=\"pg-gb1746-69e3c726a946f-8\"  class=\"panel-grid panel-no-style\" ><div id=\"pgc-gb1746-69e3c726a946f-8-0\"  class=\"panel-grid-cell panel-grid-cell-mobile-last\" ><div id=\"panel-gb1746-69e3c726a946f-8-0-0\" class=\"so-panel widget widget_sow-editor panel-first-child panel-last-child\" data-index=\"15\" ><div class=\"panel-widget-style panel-widget-style-for-gb1746-69e3c726a946f-8-0-0\" ><div\n\t\t\t\n\t\t\tclass=\"so-widget-sow-editor so-widget-sow-editor-base\"\n\t\t\t\n\t\t>\n<div class=\"siteorigin-widget-tinymce textwidget\">\n\t<h4 style=\"text-align: center;\"><strong>Sociedad espa\u00f1ola de Protecci\u00f3n Radiol\u00f3gica<\/strong><\/h4>\n<p><img loading=\"lazy\" decoding=\"async\" class=\"aligncenter wp-image-123\" src=\"http:\/\/www.reprolam.com\/wp-content\/uploads\/2020\/09\/LOGO-espana.jpg\" alt=\"\" width=\"144\" height=\"118\" \/><\/p>\n<p style=\"text-align: center;\"><a href=\"https:\/\/www.sepr.es\" target=\"_blank\" rel=\"noopener noreferrer\">https:\/\/www.sepr.es<\/a><\/p>\n<\/div>\n<\/div><\/div><\/div><\/div><div id=\"pgc-gb1746-69e3c726a946f-8-1\"  class=\"panel-grid-cell panel-grid-cell-empty\" ><\/div><\/div><\/div>\n\n\n<p><\/p>\n","protected":false},"excerpt":{"rendered":"<p>Occupational Radiation Protection NETworks https:\/\/nucleus.iaea.org\/sites\/orpnet\/home\/SitePages\/Home.aspx European Radiation Dosimetry Group (EURADOS) https:\/\/eurados.sckcen.be\/ Asian Radiation Dosimetry Group (ARADOS) https:\/\/www.nirs.qst.go.jp\/usr\/ARADOS\/index.php<\/p>\n","protected":false},"author":1,"featured_media":0,"parent":13,"menu_order":0,"comment_status":"closed","ping_status":"closed","template":"page-templates\/page-builder.php","meta":{"footnotes":""},"_links":{"self":[{"href":"http:\/\/www.reprolam.com\/index.php?rest_route=\/wp\/v2\/pages\/1746"}],"collection":[{"href":"http:\/\/www.reprolam.com\/index.php?rest_route=\/wp\/v2\/pages"}],"about":[{"href":"http:\/\/www.reprolam.com\/index.php?rest_route=\/wp\/v2\/types\/page"}],"author":[{"embeddable":true,"href":"http:\/\/www.reprolam.com\/index.php?rest_route=\/wp\/v2\/users\/1"}],"replies":[{"embeddable":true,"href":"http:\/\/www.reprolam.com\/index.php?rest_route=%2Fwp%2Fv2%2Fcomments&post=1746"}],"version-history":[{"count":29,"href":"http:\/\/www.reprolam.com\/index.php?rest_route=\/wp\/v2\/pages\/1746\/revisions"}],"predecessor-version":[{"id":1792,"href":"http:\/\/www.reprolam.com\/index.php?rest_route=\/wp\/v2\/pages\/1746\/revisions\/1792"}],"up":[{"embeddable":true,"href":"http:\/\/www.reprolam.com\/index.php?rest_route=\/wp\/v2\/pages\/13"}],"wp:attachment":[{"href":"http:\/\/www.reprolam.com\/index.php?rest_route=%2Fwp%2Fv2%2Fmedia&parent=1746"}],"curies":[{"name":"wp","href":"https:\/\/api.w.org\/{rel}","templated":true}]}}