{"id":2381,"date":"2021-08-30T19:42:43","date_gmt":"2021-08-30T19:42:43","guid":{"rendered":"http:\/\/www.reprolam.com\/?page_id=2381"},"modified":"2021-11-22T19:58:30","modified_gmt":"2021-11-22T19:58:30","slug":"directorio-regional-de-america-latina-servicios-de-dosimetria-externa","status":"publish","type":"page","link":"http:\/\/www.reprolam.com\/?page_id=2381","title":{"rendered":"DIRECTORIO REGIONAL DE AM\u00c9RICA LATINA DE SERVICIOS DE DOSIMETR\u00cdA EXTERNA (LDE-REPROLAM)"},"content":{"rendered":"<div id=\"pl-gb2381-69f8097c1c0dc\"  class=\"panel-layout\" ><div id=\"pg-gb2381-69f8097c1c0dc-0\"  class=\"panel-grid panel-has-style\" ><div class=\"panel-row-style panel-row-style-for-gb2381-69f8097c1c0dc-0\" ><div id=\"pgc-gb2381-69f8097c1c0dc-0-0\"  class=\"panel-grid-cell\" ><div id=\"panel-gb2381-69f8097c1c0dc-0-0-0\" class=\"so-panel widget widget_sow-editor panel-first-child panel-last-child\" data-index=\"0\" ><div class=\"panel-widget-style panel-widget-style-for-gb2381-69f8097c1c0dc-0-0-0\" ><div\n\t\t\t\n\t\t\tclass=\"so-widget-sow-editor so-widget-sow-editor-base\"\n\t\t\t\n\t\t>\n<div class=\"siteorigin-widget-tinymce textwidget\">\n\t<p><img loading=\"lazy\" decoding=\"async\" class=\"aligncenter wp-image-2389 size-full\" src=\"http:\/\/www.reprolam.com\/wp-content\/uploads\/2021\/08\/BANNER-DIR-DOS-EXT-scaled.jpg\" alt=\"\" width=\"2560\" height=\"312\" srcset=\"http:\/\/www.reprolam.com\/wp-content\/uploads\/2021\/08\/BANNER-DIR-DOS-EXT-scaled.jpg 2560w, http:\/\/www.reprolam.com\/wp-content\/uploads\/2021\/08\/BANNER-DIR-DOS-EXT-300x37.jpg 300w, http:\/\/www.reprolam.com\/wp-content\/uploads\/2021\/08\/BANNER-DIR-DOS-EXT-1024x125.jpg 1024w, http:\/\/www.reprolam.com\/wp-content\/uploads\/2021\/08\/BANNER-DIR-DOS-EXT-768x94.jpg 768w, http:\/\/www.reprolam.com\/wp-content\/uploads\/2021\/08\/BANNER-DIR-DOS-EXT-1536x187.jpg 1536w, http:\/\/www.reprolam.com\/wp-content\/uploads\/2021\/08\/BANNER-DIR-DOS-EXT-2048x250.jpg 2048w\" sizes=\"(max-width: 2560px) 100vw, 2560px\" \/><\/p>\n<\/div>\n<\/div><\/div><\/div><\/div><\/div><\/div><div id=\"pg-gb2381-69f8097c1c0dc-1\"  class=\"panel-grid panel-has-style\" ><div class=\"panel-row-style panel-row-style-for-gb2381-69f8097c1c0dc-1\" ><div id=\"pgc-gb2381-69f8097c1c0dc-1-0\"  class=\"panel-grid-cell\" ><div id=\"panel-gb2381-69f8097c1c0dc-1-0-0\" class=\"so-panel widget widget_sow-editor panel-first-child panel-last-child\" data-index=\"1\" ><div class=\"panel-widget-style panel-widget-style-for-gb2381-69f8097c1c0dc-1-0-0\" ><div\n\t\t\t\n\t\t\tclass=\"so-widget-sow-editor so-widget-sow-editor-base\"\n\t\t\t\n\t\t>\n<div class=\"siteorigin-widget-tinymce textwidget\">\n\t<p style=\"text-align: justify;\">Uno de los objetivos de REPROLAM es contribuir a la integraci\u00f3n y cooperaci\u00f3n en relaci\u00f3n con los conocimientos y servicios especializados en protecci\u00f3n radiol\u00f3gica ocupacional con que cuentan los pa\u00edses participantes y la organizaci\u00f3n y apoyo a la realizaci\u00f3n de ejercicios de intercomparaciones regional en las tem\u00e1ticas de inter\u00e9s<\/p>\n<p style=\"text-align: justify;\">Por esta raz\u00f3n se ha trabajado para crear el \u201cDirectorio Regional de Servicios de Dosimetr\u00eda Externa\u201d.<\/p>\n<p style=\"text-align: justify;\">El objetivo es que el Directorio contenga toda la informaci\u00f3n sobre las caracter\u00edsticas y capacidades de los Laboratorios o Servicios de Dosimetr\u00eda Externa que se utilizan en la regi\u00f3n de Am\u00e9rica Latina.<\/p>\n<p style=\"text-align: justify;\">Disponer de este Directorio Regional facilitar\u00e1 la cooperaci\u00f3n e intercambio entre los Laboratorios de la regi\u00f3n, as\u00ed como la organizaci\u00f3n de las intercomparaciones y otras actividades t\u00e9cnicas requeridas.<\/p>\n<\/div>\n<\/div><\/div><\/div><\/div><div id=\"pgc-gb2381-69f8097c1c0dc-1-1\"  class=\"panel-grid-cell\" ><div id=\"panel-gb2381-69f8097c1c0dc-1-1-0\" class=\"so-panel widget widget_sow-image panel-first-child panel-last-child\" data-index=\"2\" ><div class=\"panel-widget-style panel-widget-style-for-gb2381-69f8097c1c0dc-1-1-0\" ><div\n\t\t\t\n\t\t\tclass=\"so-widget-sow-image so-widget-sow-image-default-dbf295114b96-2381\"\n\t\t\t\n\t\t>\n<div class=\"sow-image-container\">\n\t\t<img \n\tsrc=\"http:\/\/www.reprolam.com\/wp-content\/uploads\/2021\/08\/DIRECTORIO-LDE-REPROLAM.png\" width=\"674\" height=\"564\" srcset=\"http:\/\/www.reprolam.com\/wp-content\/uploads\/2021\/08\/DIRECTORIO-LDE-REPROLAM.png 674w, http:\/\/www.reprolam.com\/wp-content\/uploads\/2021\/08\/DIRECTORIO-LDE-REPROLAM-300x251.png 300w\" sizes=\"(max-width: 674px) 100vw, 674px\" alt=\"\" \t\tclass=\"so-widget-image\"\/>\n\t<\/div>\n\n<\/div><\/div><\/div><\/div><\/div><\/div><div id=\"pg-gb2381-69f8097c1c0dc-2\"  class=\"panel-grid panel-has-style\" ><div class=\"panel-row-style panel-row-style-for-gb2381-69f8097c1c0dc-2\" ><div id=\"pgc-gb2381-69f8097c1c0dc-2-0\"  class=\"panel-grid-cell\" ><div id=\"panel-gb2381-69f8097c1c0dc-2-0-0\" class=\"so-panel widget widget_siteorigin-panels-builder panel-first-child\" data-index=\"3\" ><div class=\"panel-widget-style panel-widget-style-for-gb2381-69f8097c1c0dc-2-0-0\" ><div id=\"pl-w6151d1ecf24ca\"  class=\"panel-layout\" ><div id=\"pg-w6151d1ecf24ca-0\"  class=\"panel-grid panel-no-style\" ><div id=\"pgc-w6151d1ecf24ca-0-0\"  class=\"panel-grid-cell\" ><div id=\"panel-w6151d1ecf24ca-0-0-0\" class=\"so-panel widget widget_sow-editor panel-first-child panel-last-child\" data-index=\"0\" ><div class=\"panel-widget-style panel-widget-style-for-w6151d1ecf24ca-0-0-0\" ><div\n\t\t\t\n\t\t\tclass=\"so-widget-sow-editor so-widget-sow-editor-base\"\n\t\t\t\n\t\t>\n<div class=\"siteorigin-widget-tinymce textwidget\">\n\t<h5 style=\"text-align: center;\"><span style=\"color: #000080;\"><strong>DATOS GENERALES Y SERVICIOS DISPONIBLES.<\/strong><\/span><\/h5>\n<table style=\"width: 100%; border-collapse: collapse; border-style: hidden;\" border=\"1\">\n<tbody>\n<tr style=\"height: 30px;\">\n<td style=\"width: 4.71698%; border-style: hidden; height: 30px;\"><img loading=\"lazy\" decoding=\"async\" class=\"aligncenter size-full wp-image-653\" src=\"http:\/\/www.reprolam.com\/wp-content\/uploads\/2020\/10\/3313576-24.png\" alt=\"\" width=\"24\" height=\"24\" \/><\/td>\n<td style=\"width: 95.283%; border-style: hidden; height: 30px; vertical-align: top;\">Registro de Centros Proveedores de Servicios de Dosimetr\u00eda Externa inscritos en el Directorio LDE-REPROLAM. <a href=\"http:\/\/www.reprolam.com\/?page_id=2391\">(Ver Reporte&#8230;)<\/a><\/td>\n<\/tr>\n<tr style=\"height: 10px;\">\n<td style=\"width: 4.71698%; border-style: hidden; height: 10px;\"><img loading=\"lazy\" decoding=\"async\" class=\"aligncenter size-full wp-image-653\" src=\"http:\/\/www.reprolam.com\/wp-content\/uploads\/2020\/10\/3313576-24.png\" alt=\"\" width=\"24\" height=\"24\" \/><\/td>\n<td style=\"width: 95.283%; border-style: hidden; height: 10px; vertical-align: top;\">Servicios disponibles por cada Centro Proveedor de Servicios de Dosimetr\u00eda Externa (Cuerpo Entero, Anillo, Mu\u00f1eca, Cristalino) <a href=\"http:\/\/www.reprolam.com\/?page_id=2414\">(Ver Reporte&#8230;)<\/a><\/td>\n<\/tr>\n<tr style=\"height: 24px;\">\n<td style=\"width: 4.71698%; border-style: hidden; height: 24px;\"><img loading=\"lazy\" decoding=\"async\" class=\"aligncenter size-full wp-image-653\" src=\"http:\/\/www.reprolam.com\/wp-content\/uploads\/2020\/10\/3313576-24.png\" alt=\"\" width=\"24\" height=\"24\" \/><\/td>\n<td style=\"width: 95.283%; border-style: hidden; height: 24px; vertical-align: top;\">Caracterizaci\u00f3n de los Servicios de Dosimetr\u00eda Externa \u2013 CUERPO ENTERO. <a href=\"http:\/\/www.reprolam.com\/?page_id=2430\">(Ver Reporte&#8230;)<\/a><\/td>\n<\/tr>\n<tr style=\"height: 29px;\">\n<td style=\"width: 4.71698%; border-style: hidden; height: 10px;\"><a href=\"http:\/\/www.reprolam.com\/?page_id=2512\"><img loading=\"lazy\" decoding=\"async\" class=\"aligncenter size-full wp-image-653\" src=\"http:\/\/www.reprolam.com\/wp-content\/uploads\/2020\/10\/3313576-24.png\" alt=\"\" width=\"24\" height=\"24\" \/><\/a><\/td>\n<td style=\"width: 95.283%; border-style: hidden; height: 10px; vertical-align: top;\">Caracterizaci\u00f3n de los Servicios de Dosimetr\u00eda Externa \u2013 ANILLO. <a href=\"http:\/\/www.reprolam.com\/?page_id=2512\">(Ver Reporte&#8230;) <\/a><\/td>\n<\/tr>\n<tr style=\"height: 24px;\">\n<td style=\"width: 4.71698%; border-style: hidden; height: 24px;\"><img loading=\"lazy\" decoding=\"async\" class=\"aligncenter size-full wp-image-653\" src=\"http:\/\/www.reprolam.com\/wp-content\/uploads\/2020\/10\/3313576-24.png\" alt=\"\" width=\"24\" height=\"24\" \/><\/td>\n<td style=\"width: 95.283%; border-style: hidden; height: 24px; vertical-align: top;\">Caracterizaci\u00f3n de los Servicios de Dosimetr\u00eda Externa \u2013 MU\u00d1ECA. <a href=\"http:\/\/www.reprolam.com\/?page_id=2451\">(Ver Reporte&#8230;)<\/a><\/td>\n<\/tr>\n<tr style=\"height: 39px;\">\n<td style=\"width: 4.71698%; border-style: hidden; height: 39px;\"><img loading=\"lazy\" decoding=\"async\" class=\"aligncenter size-full wp-image-653\" src=\"http:\/\/www.reprolam.com\/wp-content\/uploads\/2020\/10\/3313576-24.png\" alt=\"\" width=\"24\" height=\"24\" \/><\/td>\n<td style=\"width: 95.283%; border-style: hidden; height: 39px; vertical-align: top;\">Caracterizaci\u00f3n de los Servicios de Dosimetr\u00eda Externa \u2013 CRISTALINO. <a href=\"http:\/\/www.reprolam.com\/?page_id=2479\">(Ver reporte&#8230;)<\/a><\/td>\n<\/tr>\n<tr style=\"height: 10px;\">\n<td style=\"width: 4.71698%; border-style: hidden; vertical-align: top; height: 10px;\"><img loading=\"lazy\" decoding=\"async\" class=\"aligncenter size-full wp-image-653\" src=\"http:\/\/www.reprolam.com\/wp-content\/uploads\/2020\/10\/3313576-24.png\" alt=\"\" width=\"24\" height=\"24\" \/><\/td>\n<td style=\"width: 95.283%; border-style: hidden; vertical-align: top; height: 10px;\">Marca de los Dos\u00edmetros usados por los Centros Proveedores de Servicios de Dosimetr\u00eda Externa. <a href=\"http:\/\/www.reprolam.com\/?page_id=2489\">(Ver Reporte&#8230;)<\/a><\/td>\n<\/tr>\n<\/tbody>\n<\/table>\n<\/div>\n<\/div><\/div><\/div><\/div><\/div><\/div><\/div><\/div><div id=\"panel-gb2381-69f8097c1c0dc-2-0-1\" class=\"so-panel widget widget_siteorigin-panels-builder\" data-index=\"4\" ><div class=\"panel-widget-style panel-widget-style-for-gb2381-69f8097c1c0dc-2-0-1\" ><div id=\"pl-w6151d1ecf2e95\"  class=\"panel-layout\" ><div id=\"pg-w6151d1ecf2e95-0\"  class=\"panel-grid panel-no-style\" ><div id=\"pgc-w6151d1ecf2e95-0-0\"  class=\"panel-grid-cell\" ><div id=\"panel-w6151d1ecf2e95-0-0-0\" class=\"so-panel widget widget_sow-editor panel-first-child panel-last-child\" data-index=\"0\" ><div class=\"panel-widget-style panel-widget-style-for-w6151d1ecf2e95-0-0-0\" ><div\n\t\t\t\n\t\t\tclass=\"so-widget-sow-editor so-widget-sow-editor-base\"\n\t\t\t\n\t\t>\n<div class=\"siteorigin-widget-tinymce textwidget\">\n\t<h5 style=\"text-align: center;\"><span style=\"color: #000080;\"><strong>GRADO DE COBERTURA.<\/strong><\/span><\/h5>\n<table style=\"border-collapse: collapse; width: 100%;\" border=\"1\">\n<tbody>\n<tr>\n<td style=\"width: 4.29714%; border-style: hidden; vertical-align: top;\"><img loading=\"lazy\" decoding=\"async\" class=\"aligncenter size-full wp-image-653\" src=\"http:\/\/www.reprolam.com\/wp-content\/uploads\/2020\/10\/3313576-24.png\" alt=\"\" width=\"24\" height=\"24\" \/><\/td>\n<td style=\"width: 95.7029%; border-style: hidden; vertical-align: top;\">Cantidad de TOEs monitoreados por Servicios de Dosimetr\u00eda Externa <a href=\"http:\/\/www.reprolam.com\/?page_id=2519\">(Ver Reportes&#8230;)<\/a><\/td>\n<\/tr>\n<tr>\n<td style=\"width: 4.29714%; border-style: hidden; vertical-align: top;\"><img loading=\"lazy\" decoding=\"async\" class=\"aligncenter size-full wp-image-653\" src=\"http:\/\/www.reprolam.com\/wp-content\/uploads\/2020\/10\/3313576-24.png\" alt=\"\" width=\"24\" height=\"24\" \/><\/td>\n<td style=\"width: 95.7029%; border-style: hidden; vertical-align: top;\">Cantidad de TOEs monitoreados por Servicios de Dosimetr\u00eda Externa y por Sector de Aplicaci\u00f3n. (<a href=\"http:\/\/www.reprolam.com\/?page_id=2784\">Ver Reportes&#8230;<\/a>)<strong><br \/>\n<\/strong><\/td>\n<\/tr>\n<tr>\n<td style=\"width: 4.29714%; border-style: hidden; vertical-align: top;\"><img loading=\"lazy\" decoding=\"async\" class=\"aligncenter size-full wp-image-653\" src=\"http:\/\/www.reprolam.com\/wp-content\/uploads\/2020\/10\/3313576-24.png\" alt=\"\" width=\"24\" height=\"24\" \/><\/td>\n<td style=\"width: 95.7029%; border-style: hidden; vertical-align: top;\">Cantidad de TOEs de las Pr\u00e1cticas M\u00e9dicas monitoreados por Servicios de Dosimetr\u00eda Externa. <a href=\"http:\/\/www.reprolam.com\/?page_id=2551\">(Ver Reportes&#8230;)<\/a><\/td>\n<\/tr>\n<\/tbody>\n<\/table>\n<\/div>\n<\/div><\/div><\/div><\/div><\/div><\/div><\/div><\/div><div id=\"panel-gb2381-69f8097c1c0dc-2-0-2\" class=\"so-panel widget widget_siteorigin-panels-builder panel-last-child\" data-index=\"5\" ><div class=\"panel-widget-style panel-widget-style-for-gb2381-69f8097c1c0dc-2-0-2\" ><div id=\"pl-w6151d1ecf36ec\"  class=\"panel-layout\" ><div id=\"pg-w6151d1ecf36ec-0\"  class=\"panel-grid panel-no-style\" ><div id=\"pgc-w6151d1ecf36ec-0-0\"  class=\"panel-grid-cell\" ><div id=\"panel-w6151d1ecf36ec-0-0-0\" class=\"so-panel widget widget_sow-editor panel-first-child panel-last-child\" data-index=\"0\" ><div class=\"panel-widget-style panel-widget-style-for-w6151d1ecf36ec-0-0-0\" ><div\n\t\t\t\n\t\t\tclass=\"so-widget-sow-editor so-widget-sow-editor-base\"\n\t\t\t\n\t\t>\n<div class=\"siteorigin-widget-tinymce textwidget\">\n\t<h5 style=\"text-align: center;\"><span style=\"color: #000080;\"><strong>ESPECIFICACIONES DOSIM\u00c9TRICAS Y REQUISITOS T\u00c9CNICOS<\/strong><\/span><\/h5>\n<table style=\"height: 404px; width: 100%; border-collapse: collapse; border-style: hidden;\" border=\"1\">\n<tbody>\n<tr style=\"height: 48px;\">\n<td style=\"width: 5.16131%; height: 48px; border-style: hidden; vertical-align: top;\"><img loading=\"lazy\" decoding=\"async\" class=\"aligncenter size-full wp-image-653\" src=\"http:\/\/www.reprolam.com\/wp-content\/uploads\/2020\/10\/3313576-24.png\" alt=\"\" width=\"24\" height=\"24\" \/><\/td>\n<td style=\"width: 94.8387%; height: 48px; border-style: hidden; vertical-align: top;\">Nivel de referencias utilizados por los Laboratorios de Dosimetr\u00eda Externa de la regi\u00f3n para registrar las dosis (nivel de registro) por Servicios de Dosimetr\u00eda Externa. (<a href=\"http:\/\/www.reprolam.com\/?page_id=2829\">Ver Reportes&#8230;<\/a>)<\/td>\n<\/tr>\n<tr style=\"height: 48px;\">\n<td style=\"width: 5.16131%; height: 48px; border-style: hidden; vertical-align: top;\"><img loading=\"lazy\" decoding=\"async\" class=\"aligncenter size-full wp-image-653\" src=\"http:\/\/www.reprolam.com\/wp-content\/uploads\/2020\/10\/3313576-24.png\" alt=\"\" width=\"24\" height=\"24\" \/><\/td>\n<td style=\"width: 94.8387%; height: 48px; border-style: hidden; vertical-align: top;\">Valores de Dosis reportados por los Laboratorios de Dosimetr\u00eda Externa de la regi\u00f3n para dos\u00edmetros da\u00f1ados o perdidos. (<a href=\"http:\/\/www.reprolam.com\/?page_id=2839\">Ver Reportes..<\/a>.)<\/td>\n<\/tr>\n<tr style=\"height: 24px;\">\n<td style=\"width: 5.16131%; height: 24px; border-style: hidden; vertical-align: top;\"><img loading=\"lazy\" decoding=\"async\" class=\"aligncenter size-full wp-image-653\" src=\"http:\/\/www.reprolam.com\/wp-content\/uploads\/2020\/10\/3313576-24.png\" alt=\"\" width=\"24\" height=\"24\" \/><\/td>\n<td style=\"width: 94.8387%; height: 24px; border-style: hidden; vertical-align: top;\">Facilidades de calibraci\u00f3n utilizadas por los Laboratorios de Dosimetr\u00eda Externa de la Regi\u00f3n. (<a href=\"http:\/\/www.reprolam.com\/?page_id=2845\">Ver Reportes&#8230;<\/a>)<\/td>\n<\/tr>\n<tr style=\"height: 48px;\">\n<td style=\"width: 5.16131%; height: 48px; border-style: hidden; vertical-align: top;\"><img loading=\"lazy\" decoding=\"async\" class=\"aligncenter size-full wp-image-653\" src=\"http:\/\/www.reprolam.com\/wp-content\/uploads\/2020\/10\/3313576-24.png\" alt=\"\" width=\"24\" height=\"24\" \/><\/td>\n<td style=\"width: 94.8387%; height: 48px; border-style: hidden; vertical-align: top;\">Calidad de radiaci\u00f3n que se utiliza para la Calibraci\u00f3n por los Laboratorios de Dosimetr\u00eda Externa de la Regi\u00f3n. (<a href=\"http:\/\/www.reprolam.com\/?page_id=2863\">Ver Reportes&#8230;<\/a>)<\/td>\n<\/tr>\n<tr style=\"height: 24px;\">\n<td style=\"width: 5.16131%; height: 24px; border-style: hidden; vertical-align: top;\"><img loading=\"lazy\" decoding=\"async\" class=\"aligncenter size-full wp-image-653\" src=\"http:\/\/www.reprolam.com\/wp-content\/uploads\/2020\/10\/3313576-24.png\" alt=\"\" width=\"24\" height=\"24\" \/><\/td>\n<td style=\"width: 94.8387%; height: 24px; border-style: hidden; vertical-align: top;\">Normas utilizadas para las pruebas tipo por los Laboratorios de Dosimetr\u00eda Externa de la Regi\u00f3n. (<a href=\"http:\/\/www.reprolam.com\/?page_id=2871\">Ver Reportes&#8230;<\/a>)<\/td>\n<\/tr>\n<tr style=\"height: 48px;\">\n<td style=\"width: 5.16131%; height: 48px; border-style: hidden; vertical-align: top;\"><img loading=\"lazy\" decoding=\"async\" class=\"aligncenter size-full wp-image-653\" src=\"http:\/\/www.reprolam.com\/wp-content\/uploads\/2020\/10\/3313576-24.png\" alt=\"\" width=\"24\" height=\"24\" \/><\/td>\n<td style=\"width: 94.8387%; height: 48px; border-style: hidden; vertical-align: top;\">Normas utilizadas para las pruebas de funcionamiento o desempe\u00f1o por los Laboratorios de Dosimetr\u00eda Externa de la Regi\u00f3n. (<a href=\"http:\/\/www.reprolam.com\/?page_id=2879\">Ver Reportes&#8230;<\/a>)<\/td>\n<\/tr>\n<tr style=\"height: 44px;\">\n<td style=\"width: 5.16131%; height: 44px; border-style: hidden; vertical-align: top;\"><img loading=\"lazy\" decoding=\"async\" class=\"aligncenter size-full wp-image-653\" src=\"http:\/\/www.reprolam.com\/wp-content\/uploads\/2020\/10\/3313576-24.png\" alt=\"\" width=\"24\" height=\"24\" \/><\/td>\n<td style=\"width: 94.8387%; height: 44px; border-style: hidden; vertical-align: top;\">Normas utilizadas para la estimaci\u00f3n de las incertidumbres por los Laboratorios de Dosimetr\u00eda Externa de la Regi\u00f3n. (<a href=\"http:\/\/www.reprolam.com\/?page_id=2883\">Ver Reportes&#8230;<\/a>)<\/td>\n<\/tr>\n<tr style=\"height: 24px;\">\n<td style=\"width: 5.16131%; height: 24px; border-style: hidden; vertical-align: top;\"><img loading=\"lazy\" decoding=\"async\" class=\"aligncenter size-full wp-image-653\" src=\"http:\/\/www.reprolam.com\/wp-content\/uploads\/2020\/10\/3313576-24.png\" alt=\"\" width=\"24\" height=\"24\" \/><\/td>\n<td style=\"width: 94.8387%; height: 24px; border-style: hidden; vertical-align: top;\">Servicios de Dosimetr\u00eda Externa autorizados por la Autoridad Nacional competente. (<a href=\"http:\/\/www.reprolam.com\/?page_id=2891\">Ver Reportes&#8230;<\/a>)<\/td>\n<\/tr>\n<tr style=\"height: 48px;\">\n<td style=\"width: 5.16131%; height: 48px; border-style: hidden; vertical-align: top;\"><img loading=\"lazy\" decoding=\"async\" class=\"aligncenter size-full wp-image-653\" src=\"http:\/\/www.reprolam.com\/wp-content\/uploads\/2020\/10\/3313576-24.png\" alt=\"\" width=\"24\" height=\"24\" \/><\/td>\n<td style=\"width: 94.8387%; height: 48px; border-style: hidden; vertical-align: top;\">Servicios de Dosimetr\u00eda Externa con Sistemas de Gesti\u00f3n de Calidad implementados y Acreditados por la Autoridad Nacional competente. (<a href=\"http:\/\/www.reprolam.com\/?page_id=2897\">Ver Reportes&#8230;<\/a>)<\/td>\n<\/tr>\n<tr style=\"height: 48px;\">\n<td style=\"width: 5.16131%; height: 48px; border-style: hidden; vertical-align: top;\"><img loading=\"lazy\" decoding=\"async\" class=\"aligncenter size-full wp-image-653\" src=\"http:\/\/www.reprolam.com\/wp-content\/uploads\/2020\/10\/3313576-24.png\" alt=\"\" width=\"24\" height=\"24\" \/><\/td>\n<td style=\"width: 94.8387%; height: 48px; border-style: hidden; vertical-align: top;\">Participaci\u00f3n en intercomparaciones e intereses de organizaci\u00f3n de intercomparaciones por los Laboratorios de Dosimetr\u00eda Externa de la Regi\u00f3n. (<a href=\"http:\/\/www.reprolam.com\/?page_id=2904\">Ver Reportes&#8230;<\/a>)<\/td>\n<\/tr>\n<\/tbody>\n<\/table>\n<\/div>\n<\/div><\/div><\/div><\/div><\/div><\/div><\/div><\/div><\/div><div id=\"pgc-gb2381-69f8097c1c0dc-2-1\"  class=\"panel-grid-cell\" ><div id=\"panel-gb2381-69f8097c1c0dc-2-1-0\" class=\"so-panel widget widget_text panel-first-child\" data-index=\"6\" >\t\t\t<div class=\"textwidget\"><\/div>\n\t\t<\/div><div id=\"panel-gb2381-69f8097c1c0dc-2-1-1\" class=\"so-panel widget widget_sow-image\" data-index=\"7\" ><div class=\"panel-widget-style panel-widget-style-for-gb2381-69f8097c1c0dc-2-1-1\" ><div\n\t\t\t\n\t\t\tclass=\"so-widget-sow-image so-widget-sow-image-default-dbf295114b96-2381\"\n\t\t\t\n\t\t>\n<div class=\"sow-image-container\">\n\t\t<img \n\tsrc=\"http:\/\/www.reprolam.com\/wp-content\/uploads\/2021\/09\/principal1.jpg\" width=\"150\" height=\"121\" srcset=\"http:\/\/www.reprolam.com\/wp-content\/uploads\/2021\/09\/principal1.jpg 747w, http:\/\/www.reprolam.com\/wp-content\/uploads\/2021\/09\/principal1-300x242.jpg 300w\" sizes=\"(max-width: 150px) 100vw, 150px\" alt=\"\" \t\tclass=\"so-widget-image\"\/>\n\t<\/div>\n\n<\/div><\/div><\/div><div id=\"panel-gb2381-69f8097c1c0dc-2-1-2\" class=\"so-panel widget widget_sow-image\" data-index=\"8\" ><div class=\"panel-widget-style panel-widget-style-for-gb2381-69f8097c1c0dc-2-1-2\" ><div\n\t\t\t\n\t\t\tclass=\"so-widget-sow-image so-widget-sow-image-default-dbf295114b96-2381\"\n\t\t\t\n\t\t>\n<div class=\"sow-image-container\">\n\t\t<img \n\tsrc=\"http:\/\/www.reprolam.com\/wp-content\/uploads\/2021\/09\/dosimetro.png\" width=\"150\" height=\"124\" srcset=\"http:\/\/www.reprolam.com\/wp-content\/uploads\/2021\/09\/dosimetro.png 461w, http:\/\/www.reprolam.com\/wp-content\/uploads\/2021\/09\/dosimetro-300x247.png 300w\" sizes=\"(max-width: 150px) 100vw, 150px\" alt=\"\" \t\tclass=\"so-widget-image\"\/>\n\t<\/div>\n\n<\/div><\/div><\/div><div id=\"panel-gb2381-69f8097c1c0dc-2-1-3\" class=\"so-panel widget widget_sow-image\" data-index=\"9\" ><div class=\"panel-widget-style panel-widget-style-for-gb2381-69f8097c1c0dc-2-1-3\" ><div\n\t\t\t\n\t\t\tclass=\"so-widget-sow-image so-widget-sow-image-default-dbf295114b96-2381\"\n\t\t\t\n\t\t>\n<div class=\"sow-image-container\">\n\t\t<img \n\tsrc=\"http:\/\/www.reprolam.com\/wp-content\/uploads\/2021\/09\/principal2.jpg\" width=\"150\" height=\"75\" srcset=\"http:\/\/www.reprolam.com\/wp-content\/uploads\/2021\/09\/principal2.jpg 803w, http:\/\/www.reprolam.com\/wp-content\/uploads\/2021\/09\/principal2-300x150.jpg 300w, http:\/\/www.reprolam.com\/wp-content\/uploads\/2021\/09\/principal2-768x384.jpg 768w\" sizes=\"(max-width: 150px) 100vw, 150px\" alt=\"\" \t\tclass=\"so-widget-image\"\/>\n\t<\/div>\n\n<\/div><\/div><\/div><div id=\"panel-gb2381-69f8097c1c0dc-2-1-4\" class=\"so-panel widget widget_sow-image\" data-index=\"10\" ><div class=\"panel-widget-style panel-widget-style-for-gb2381-69f8097c1c0dc-2-1-4\" ><div\n\t\t\t\n\t\t\tclass=\"so-widget-sow-image so-widget-sow-image-default-dbf295114b96-2381\"\n\t\t\t\n\t\t>\n<div class=\"sow-image-container\">\n\t\t<img \n\tsrc=\"http:\/\/www.reprolam.com\/wp-content\/uploads\/2021\/09\/principal3.jpg\" width=\"150\" height=\"111\" srcset=\"http:\/\/www.reprolam.com\/wp-content\/uploads\/2021\/09\/principal3.jpg 516w, http:\/\/www.reprolam.com\/wp-content\/uploads\/2021\/09\/principal3-300x222.jpg 300w\" sizes=\"(max-width: 150px) 100vw, 150px\" alt=\"\" \t\tclass=\"so-widget-image\"\/>\n\t<\/div>\n\n<\/div><\/div><\/div><div id=\"panel-gb2381-69f8097c1c0dc-2-1-5\" class=\"so-panel widget widget_sow-image panel-last-child\" data-index=\"11\" ><div class=\"panel-widget-style panel-widget-style-for-gb2381-69f8097c1c0dc-2-1-5\" ><div\n\t\t\t\n\t\t\tclass=\"so-widget-sow-image so-widget-sow-image-default-dbf295114b96-2381\"\n\t\t\t\n\t\t>\n<div class=\"sow-image-container\">\n\t\t<img \n\tsrc=\"http:\/\/www.reprolam.com\/wp-content\/uploads\/2021\/09\/principal4.png\" width=\"124\" height=\"150\" srcset=\"http:\/\/www.reprolam.com\/wp-content\/uploads\/2021\/09\/principal4.png 329w, http:\/\/www.reprolam.com\/wp-content\/uploads\/2021\/09\/principal4-247x300.png 247w\" sizes=\"(max-width: 124px) 100vw, 124px\" alt=\"\" \t\tclass=\"so-widget-image\"\/>\n\t<\/div>\n\n<\/div><\/div><\/div><\/div><\/div><\/div><\/div>\n\n\n<p><\/p>\n","protected":false},"excerpt":{"rendered":"<p>Uno de los objetivos de REPROLAM es contribuir a la integraci\u00f3n y cooperaci\u00f3n en relaci\u00f3n con los conocimientos y servicios especializados en protecci\u00f3n radiol\u00f3gica ocupacional con que cuentan los pa\u00edses participantes y la organizaci\u00f3n y apoyo a la realizaci\u00f3n de<\/p>\n","protected":false},"author":1,"featured_media":2382,"parent":0,"menu_order":0,"comment_status":"closed","ping_status":"closed","template":"page-templates\/page-builder.php","meta":{"footnotes":""},"_links":{"self":[{"href":"http:\/\/www.reprolam.com\/index.php?rest_route=\/wp\/v2\/pages\/2381"}],"collection":[{"href":"http:\/\/www.reprolam.com\/index.php?rest_route=\/wp\/v2\/pages"}],"about":[{"href":"http:\/\/www.reprolam.com\/index.php?rest_route=\/wp\/v2\/types\/page"}],"author":[{"embeddable":true,"href":"http:\/\/www.reprolam.com\/index.php?rest_route=\/wp\/v2\/users\/1"}],"replies":[{"embeddable":true,"href":"http:\/\/www.reprolam.com\/index.php?rest_route=%2Fwp%2Fv2%2Fcomments&post=2381"}],"version-history":[{"count":85,"href":"http:\/\/www.reprolam.com\/index.php?rest_route=\/wp\/v2\/pages\/2381\/revisions"}],"predecessor-version":[{"id":3318,"href":"http:\/\/www.reprolam.com\/index.php?rest_route=\/wp\/v2\/pages\/2381\/revisions\/3318"}],"wp:featuredmedia":[{"embeddable":true,"href":"http:\/\/www.reprolam.com\/index.php?rest_route=\/wp\/v2\/media\/2382"}],"wp:attachment":[{"href":"http:\/\/www.reprolam.com\/index.php?rest_route=%2Fwp%2Fv2%2Fmedia&parent=2381"}],"curies":[{"name":"wp","href":"https:\/\/api.w.org\/{rel}","templated":true}]}}