{"id":2391,"date":"2021-08-30T19:46:59","date_gmt":"2021-08-30T19:46:59","guid":{"rendered":"http:\/\/www.reprolam.com\/?page_id=2391"},"modified":"2021-10-06T14:47:40","modified_gmt":"2021-10-06T14:47:40","slug":"directorio-regional-de-america-latina-servicios-de-dosimetria-externa-2","status":"publish","type":"page","link":"http:\/\/www.reprolam.com\/?page_id=2391","title":{"rendered":"Registro de Centros Proveedores de Servicios de Dosimetr\u00eda Externa inscritos en el Directorio LDE-REPROLAM"},"content":{"rendered":"<div id=\"pl-gb2391-69f81fbb5f7a1\"  class=\"panel-layout\" ><div id=\"pg-gb2391-69f81fbb5f7a1-0\"  class=\"panel-grid panel-has-style\" ><div class=\"panel-row-style panel-row-style-for-gb2391-69f81fbb5f7a1-0\" ><div id=\"pgc-gb2391-69f81fbb5f7a1-0-0\"  class=\"panel-grid-cell\" ><div id=\"panel-gb2391-69f81fbb5f7a1-0-0-0\" class=\"so-panel widget widget_siteorigin-panels-builder panel-first-child panel-last-child\" data-index=\"0\" ><div class=\"panel-widget-style panel-widget-style-for-gb2391-69f81fbb5f7a1-0-0-0\" ><div id=\"pl-w615db6b056d06\"  class=\"panel-layout\" ><div id=\"pg-w615db6b056d06-0\"  class=\"panel-grid panel-no-style\" ><div id=\"pgc-w615db6b056d06-0-0\"  class=\"panel-grid-cell\" ><div id=\"panel-w615db6b056d06-0-0-0\" class=\"so-panel widget widget_sow-editor panel-first-child panel-last-child\" data-index=\"0\" ><div\n\t\t\t\n\t\t\tclass=\"so-widget-sow-editor so-widget-sow-editor-base\"\n\t\t\t\n\t\t>\n<div class=\"siteorigin-widget-tinymce textwidget\">\n\t<p><img loading=\"lazy\" decoding=\"async\" class=\"aligncenter size-large wp-image-2392\" src=\"http:\/\/www.reprolam.com\/wp-content\/uploads\/2021\/08\/REPORTE-1-G1-1024x642.png\" alt=\"\" width=\"750\" height=\"470\" srcset=\"http:\/\/www.reprolam.com\/wp-content\/uploads\/2021\/08\/REPORTE-1-G1-1024x642.png 1024w, http:\/\/www.reprolam.com\/wp-content\/uploads\/2021\/08\/REPORTE-1-G1-300x188.png 300w, http:\/\/www.reprolam.com\/wp-content\/uploads\/2021\/08\/REPORTE-1-G1-768x481.png 768w, http:\/\/www.reprolam.com\/wp-content\/uploads\/2021\/08\/REPORTE-1-G1.png 1344w\" sizes=\"(max-width: 750px) 100vw, 750px\" \/><br \/>\n<img loading=\"lazy\" decoding=\"async\" class=\"aligncenter size-large wp-image-2393\" src=\"http:\/\/www.reprolam.com\/wp-content\/uploads\/2021\/08\/REPORTE-1-G2-1024x453.png\" alt=\"\" width=\"750\" height=\"332\" srcset=\"http:\/\/www.reprolam.com\/wp-content\/uploads\/2021\/08\/REPORTE-1-G2-1024x453.png 1024w, http:\/\/www.reprolam.com\/wp-content\/uploads\/2021\/08\/REPORTE-1-G2-300x133.png 300w, http:\/\/www.reprolam.com\/wp-content\/uploads\/2021\/08\/REPORTE-1-G2-768x340.png 768w, http:\/\/www.reprolam.com\/wp-content\/uploads\/2021\/08\/REPORTE-1-G2.png 1260w\" sizes=\"(max-width: 750px) 100vw, 750px\" \/><\/p>\n<\/div>\n<\/div><\/div><\/div><\/div><\/div><\/div><\/div><\/div><div id=\"pgc-gb2391-69f81fbb5f7a1-0-1\"  class=\"panel-grid-cell\" ><div id=\"panel-gb2391-69f81fbb5f7a1-0-1-0\" class=\"so-panel widget widget_sow-editor panel-first-child panel-last-child\" data-index=\"1\" ><div class=\"panel-widget-style panel-widget-style-for-gb2391-69f81fbb5f7a1-0-1-0\" ><div\n\t\t\t\n\t\t\tclass=\"so-widget-sow-editor so-widget-sow-editor-base\"\n\t\t\t\n\t\t>\n<div class=\"siteorigin-widget-tinymce textwidget\">\n\t<p><img loading=\"lazy\" decoding=\"async\" class=\"aligncenter size-full wp-image-157\" src=\"http:\/\/www.reprolam.com\/wp-content\/uploads\/2020\/09\/mapaal.png\" alt=\"\" width=\"498\" height=\"560\" srcset=\"http:\/\/www.reprolam.com\/wp-content\/uploads\/2020\/09\/mapaal.png 498w, http:\/\/www.reprolam.com\/wp-content\/uploads\/2020\/09\/mapaal-267x300.png 267w\" sizes=\"(max-width: 498px) 100vw, 498px\" \/><\/p>\n<\/div>\n<\/div><\/div><\/div><\/div><\/div><\/div><div id=\"pg-gb2391-69f81fbb5f7a1-1\"  class=\"panel-grid panel-has-style\" ><div class=\"panel-row-style panel-row-style-for-gb2391-69f81fbb5f7a1-1\" ><div id=\"pgc-gb2391-69f81fbb5f7a1-1-0\"  class=\"panel-grid-cell\" ><div id=\"panel-gb2391-69f81fbb5f7a1-1-0-0\" class=\"so-panel widget widget_sow-editor panel-first-child panel-last-child\" data-index=\"2\" ><div class=\"panel-widget-style panel-widget-style-for-gb2391-69f81fbb5f7a1-1-0-0\" ><div\n\t\t\t\n\t\t\tclass=\"so-widget-sow-editor so-widget-sow-editor-base\"\n\t\t\t\n\t\t>\n<div class=\"siteorigin-widget-tinymce textwidget\">\n\t\n<table id=\"tablepress-25\" class=\"tablepress tablepress-id-25\">\n<thead>\n<tr class=\"row-1\">\n\t<td class=\"column-1\"><\/td><th class=\"column-2\">COD. REG.<\/th><th class=\"column-3\">CENTROS PROVEEDORES<\/th><th class=\"column-4\">PA\u00cdS<\/th><th class=\"column-5\">CIUDAD<\/th><th class=\"column-6\">TIPO<\/th><th class=\"column-7\">DIRECCI\u00d3N<\/th><th class=\"column-8\">LABORATORIOS<\/th><th class=\"column-9\">E mail DE CONTACTO<\/th>\n<\/tr>\n<\/thead>\n<tbody class=\"row-striping row-hover\">\n<tr class=\"row-2\">\n\t<td class=\"column-1\"><\/td><td class=\"column-2\">LDE-001<\/td><td class=\"column-3\">Instituto de Salud P\u00fablica de Chile<\/td><td class=\"column-4\">Chile<\/td><td class=\"column-5\">Santiago<\/td><td class=\"column-6\">P\u00fablica<\/td><td class=\"column-7\">AV MARATHON N\u00b0 1000 \u00d1U\u00d1OA SANTIAGO<\/td><td class=\"column-8\">Laboratorio de Dosimetria ISP<\/td><td class=\"column-9\">oedding@ispch.cl<\/td>\n<\/tr>\n<tr class=\"row-3\">\n\t<td class=\"column-1\"><\/td><td class=\"column-2\">LDE-002<\/td><td class=\"column-3\">DOSIMET CHILE<\/td><td class=\"column-4\">Chile<\/td><td class=\"column-5\">Santiago<\/td><td class=\"column-6\">Privada<\/td><td class=\"column-7\">AVENIDA LA DEHESA 1201, OFICINA 311, TORRE NORTE, LO BARNECHEA<\/td><td class=\"column-8\">DOSIMET CHILE<\/td><td class=\"column-9\">contacto@dosimet.cl<\/td>\n<\/tr>\n<tr class=\"row-4\">\n\t<td class=\"column-1\"><\/td><td class=\"column-2\">LDE-003<\/td><td class=\"column-3\">Tecnof\u00edsica, S.A. de C.V.<\/td><td class=\"column-4\">M\u00e9xico<\/td><td class=\"column-5\">Monterrey<\/td><td class=\"column-6\">Privada<\/td><td class=\"column-7\">Reforma Ote. 2220, Col. Modelo<\/td><td class=\"column-8\">Tecnof\u00edsica<\/td><td class=\"column-9\">david.alberto.espejo@tecnofisica.com<\/td>\n<\/tr>\n<tr class=\"row-5\">\n\t<td class=\"column-1\"><\/td><td class=\"column-2\">LDE-004<\/td><td class=\"column-3\">Sievert SAS<\/td><td class=\"column-4\">Colombia<\/td><td class=\"column-5\">Medellin<\/td><td class=\"column-6\">Privada<\/td><td class=\"column-7\">Carrera 50 FF # 8 sur 27. Oficina 512. Centro Empresarial 808, Guayabal &#8211; Medell\u00edn &#8211; Antioquia<\/td><td class=\"column-8\">Sievert SAS<\/td><td class=\"column-9\">diana@sievert.com.co<\/td>\n<\/tr>\n<tr class=\"row-6\">\n\t<td class=\"column-1\"><\/td><td class=\"column-2\">LDE-005<\/td><td class=\"column-3\">Comisi\u00f3n Nacional de Energ\u00eda At\u00f3mica<\/td><td class=\"column-4\">Argentina<\/td><td class=\"column-5\">Buenos Aires<\/td><td class=\"column-6\">P\u00fablica<\/td><td class=\"column-7\">Av. Gral Paz 1499<\/td><td class=\"column-8\">Monitoreo de la Radiaci\u00f3n Externa<\/td><td class=\"column-9\">monitoreo_radext@cnea.gov.ar<\/td>\n<\/tr>\n<tr class=\"row-7\">\n\t<td class=\"column-1\"><\/td><td class=\"column-2\">LDE-006<\/td><td class=\"column-3\">Centro de Proteccion e Higiene de las Radiaciones (CPHR)<\/td><td class=\"column-4\">Cuba<\/td><td class=\"column-5\">La Habana<\/td><td class=\"column-6\">P\u00fablica<\/td><td class=\"column-7\">Calle 20 No. 4113 e\/ 18A y 47, Playa<\/td><td class=\"column-8\">Laboratorio de Dosimetria Externa (LDE)<\/td><td class=\"column-9\">daniel@cphr.edu.cu<\/td>\n<\/tr>\n<tr class=\"row-8\">\n\t<td class=\"column-1\"><\/td><td class=\"column-2\">LDE-007<\/td><td class=\"column-3\">Universidad Nacional Aut\u00f3noma de Honduras<\/td><td class=\"column-4\">Honduras<\/td><td class=\"column-5\">Tegucigalpa<\/td><td class=\"column-6\">P\u00fablica<\/td><td class=\"column-7\">BOULEVARD SUYAPA, TEGUCIGALPA, M.D.C<\/td><td class=\"column-8\">Laboratorio de Dosimetria UNAH<\/td><td class=\"column-9\">lab.dosimetria@unah.edu.hn <\/td>\n<\/tr>\n<tr class=\"row-9\">\n\t<td class=\"column-1\"><\/td><td class=\"column-2\">LDE-008<\/td><td class=\"column-3\">OSL Control Chile S.A<\/td><td class=\"column-4\">Chile<\/td><td class=\"column-5\">Santiago <\/td><td class=\"column-6\">Privada<\/td><td class=\"column-7\">Av. Pr\u00edncipe de Gales N\u00b05921 of 1402, Comuna de La Reina<\/td><td class=\"column-8\">OSL Control Chile S.A<\/td><td class=\"column-9\">jfarredondo@oslcontrol.cl<\/td>\n<\/tr>\n<tr class=\"row-10\">\n\t<td class=\"column-1\"><\/td><td class=\"column-2\">LDE-009<\/td><td class=\"column-3\">Dosimetr\u00eda Personal S.A.S.<\/td><td class=\"column-4\">Colombia<\/td><td class=\"column-5\">Medell\u00edn<\/td><td class=\"column-6\">Privada<\/td><td class=\"column-7\">Carrera 43 No 50 &#8211; 51<\/td><td class=\"column-8\">Laboratorio de Dosimetr\u00eda TLD<\/td><td class=\"column-9\">director@dosimetriapersonal.com<\/td>\n<\/tr>\n<tr class=\"row-11\">\n\t<td class=\"column-1\"><\/td><td class=\"column-2\">LDE-010<\/td><td class=\"column-3\">Universidad Nacional Aut\u00f3noma de Nicaragua.Laboratorio de F\u00edsica de Radiaciones y Metrolog\u00eda (LAF-RAM).<\/td><td class=\"column-4\">Nicaragua<\/td><td class=\"column-5\">Managua<\/td><td class=\"column-6\">P\u00fablica<\/td><td class=\"column-7\">Rotonda Universitaria Rigoberto L\u00f3pez P\u00e9rez 150 metros al este, Managua. C\u00f3digo postal: 663<\/td><td class=\"column-8\">Laboratorio de Dosimetria Externa LDE, LAF-RAM<\/td><td class=\"column-9\">acastillos@unan.edu.ni<\/td>\n<\/tr>\n<tr class=\"row-12\">\n\t<td class=\"column-1\"><\/td><td class=\"column-2\">LDE-011<\/td><td class=\"column-3\">Comisi\u00f3n Nacional de Seguridad Nuclear y Salvaguardias (CNSNS)<\/td><td class=\"column-4\">M\u00e9xico<\/td><td class=\"column-5\">Ciudad de M\u00e9xico<\/td><td class=\"column-6\">P\u00fablica<\/td><td class=\"column-7\">Dr. Barrag\u00e1n 779,  Col. Narvarte, Alcald\u00eda Benito Juarez<\/td><td class=\"column-8\">Laboratorio de Dosimetr\u00eda de la CNSNS<\/td><td class=\"column-9\">rfabian@cnsns.gob.mx<\/td>\n<\/tr>\n<tr class=\"row-13\">\n\t<td class=\"column-1\"><\/td><td class=\"column-2\">LDE-012<\/td><td class=\"column-3\">Universidad Federal de Pernambuco <\/td><td class=\"column-4\">Brasil<\/td><td class=\"column-5\">Recife <\/td><td class=\"column-6\">P\u00fablica<\/td><td class=\"column-7\">Av. Prof. Luiz Freire, 1000 \u2013 &#8211; CEP: 50.740-545 \u2013 Recife &#8211; PE<\/td><td class=\"column-8\">Laborat\u00f3rio de Prote\u00e7\u00e3o Radiol\u00f3gica <\/td><td class=\"column-9\">vinicius.mbarros@ufpe.br<\/td>\n<\/tr>\n<tr class=\"row-14\">\n\t<td class=\"column-1\"><\/td><td class=\"column-2\">LDE-013<\/td><td class=\"column-3\">Sapra Landauer servi\u00e7o de Assessoria e Prote\u00e7\u00e3o Radiol\u00f3gica <\/td><td class=\"column-4\">Brasil<\/td><td class=\"column-5\">S\u00e3o Carlos <\/td><td class=\"column-6\">Privada<\/td><td class=\"column-7\">Rua Cid Silva Cesar, 600  S\u00e3o Carlos &#8211; SP  <\/td><td class=\"column-8\">Sapra Landauer <\/td><td class=\"column-9\">yvone@sapra.com.br<\/td>\n<\/tr>\n<tr class=\"row-15\">\n\t<td class=\"column-1\"><\/td><td class=\"column-2\">LDE-014<\/td><td class=\"column-3\">Instituto de F\u00edsica &#8211; Universidade S. Paulo<\/td><td class=\"column-4\">Brasil<\/td><td class=\"column-5\">Sao Paulo<\/td><td class=\"column-6\">P\u00fablica<\/td><td class=\"column-7\">Rua do Mat\u00e3o 1371, Cidade Universit\u00e1ria, CEP 05508-090<\/td><td class=\"column-8\">Laborat\u00f3rio de Dosimetria &#8211; IFUSP<\/td><td class=\"column-9\">labdosi@if.usp.br,    numisedo@if.usp.br<\/td>\n<\/tr>\n<tr class=\"row-16\">\n\t<td class=\"column-1\"><\/td><td class=\"column-2\">LDE-015<\/td><td class=\"column-3\">Instituto de Radioprote\u00e7\u00e3o e Dosimetria<\/td><td class=\"column-4\">Brasil<\/td><td class=\"column-5\">Rio de Janeiro<\/td><td class=\"column-6\">P\u00fablica<\/td><td class=\"column-7\">Av. Salvador Allende, 3773. Rio de Janeiro, RJ. CEP 22783-127. Divis\u00e3o de Dosimetria<\/td><td class=\"column-8\">Laborat\u00f3rio de Dosimetria de N\u00eautrons<\/td><td class=\"column-9\">santosd@ird.gov.br<\/td>\n<\/tr>\n<tr class=\"row-17\">\n\t<td class=\"column-1\"><\/td><td class=\"column-2\">LDE-016<\/td><td class=\"column-3\">TEC-RAD<\/td><td class=\"column-4\">Brasil<\/td><td class=\"column-5\">Carapicuiba<\/td><td class=\"column-6\">Privada<\/td><td class=\"column-7\">EDSON B MARCOS<\/td><td class=\"column-8\">TEC-RAD<\/td><td class=\"column-9\">marcos@tec-rad.com.br<\/td>\n<\/tr>\n<tr class=\"row-18\">\n\t<td class=\"column-1\"><\/td><td class=\"column-2\">LDE-017<\/td><td class=\"column-3\">Eletrobras Eletronuclear<\/td><td class=\"column-4\">Brasil<\/td><td class=\"column-5\">Angra dos Reis<\/td><td class=\"column-6\">P\u00fablica<\/td><td class=\"column-7\">Rodovia Procurador Haroldo Fernandes Duarte &#8211; BR-101\/RJ, S\/N \u2013 KM 521,56 \u2013 Itaorna CEP 23948-000 \u2013 Angra dos Reis \u2013 RJ &#8211; Brasil<\/td><td class=\"column-8\">Servi\u00e7o de Monitora\u00e7\u00e3o Individual Externa da Eletronuclear<\/td><td class=\"column-9\">fcruz@eletronuclear.gov.br<\/td>\n<\/tr>\n<tr class=\"row-19\">\n\t<td class=\"column-1\"><\/td><td class=\"column-2\">LDE-018<\/td><td class=\"column-3\">Pro-Rad Consultores em Radioprote\u00e7\u00e3o<\/td><td class=\"column-4\">Brasil<\/td><td class=\"column-5\">Cachoeirinha, RS<\/td><td class=\"column-6\">Privada<\/td><td class=\"column-7\">Rua Ruy Barbosa, 118, edif\u00edcio Michalski, t\u00e9rreo<\/td><td class=\"column-8\">Pro-Rad Consultores em Radioprote\u00e7\u00e3o<\/td><td class=\"column-9\">lab@prorad.com.br<\/td>\n<\/tr>\n<tr class=\"row-20\">\n\t<td class=\"column-1\"><\/td><td class=\"column-2\">LDE-019<\/td><td class=\"column-3\">MKS Protecci\u00f3n Radiol\u00f3gica<\/td><td class=\"column-4\">Argentina<\/td><td class=\"column-5\">C\u00f3rdoba<\/td><td class=\"column-6\">Privada<\/td><td class=\"column-7\">La Cordillera 3610<\/td><td class=\"column-8\">MKS Protecci\u00f3n Radiol\u00f3gica<\/td><td class=\"column-9\">luzfernandez@mksargentina.com, info@mksargentina.com<\/td>\n<\/tr>\n<tr class=\"row-21\">\n\t<td class=\"column-1\"><\/td><td class=\"column-2\">LDE-020<\/td><td class=\"column-3\">Centro de Investigaciones y Aplicaciones Nucleares<\/td><td class=\"column-4\">El Salvador<\/td><td class=\"column-5\">San Salvador<\/td><td class=\"column-6\">P\u00fablica<\/td><td class=\"column-7\">Final 25 Avenida Norte Ciudad Universitaria, Facultad de Ingenier\u00eda y Arquitectura, Universidad de El Salvador, San Salvador<\/td><td class=\"column-8\">Laboratorio de dosimetr\u00eda personal externa<\/td><td class=\"column-9\">serviciodosimetriacianfia@gmail.com<\/td>\n<\/tr>\n<tr class=\"row-22\">\n\t<td class=\"column-1\"><\/td><td class=\"column-2\">LDE-021<\/td><td class=\"column-3\">Centro At\u00f3mico Bariloche &#8211; Comisi\u00f3n Nacional de Energ\u00eda At\u00f3mica<\/td><td class=\"column-4\">Argentina<\/td><td class=\"column-5\">San Carlos de Bariloche<\/td><td class=\"column-6\">P\u00fablica<\/td><td class=\"column-7\">Av. E. Bustillo 9500<\/td><td class=\"column-8\">Laboratorio de Dosimetr\u00eda y Calibraciones<\/td><td class=\"column-9\">andresp@cab.cnea.gov.ar<\/td>\n<\/tr>\n<tr class=\"row-23\">\n\t<td class=\"column-1\"><\/td><td class=\"column-2\">LDE-022<\/td><td class=\"column-3\">RADMEDICAL S DE RL DE CV<\/td><td class=\"column-4\">M\u00e9xico<\/td><td class=\"column-5\">Guadalajara<\/td><td class=\"column-6\">Privada<\/td><td class=\"column-7\">LAZARO PEREZ 1463-3 COL. MODERNA 44190<\/td><td class=\"column-8\">BeOSL<\/td><td class=\"column-9\">orlandoolmedo@radmedical.com.mx<\/td>\n<\/tr>\n<tr class=\"row-24\">\n\t<td class=\"column-1\"><\/td><td class=\"column-2\">LDE-023<\/td><td class=\"column-3\">Fundacion Escuela de Medicina Nuclear<\/td><td class=\"column-4\">Argentina<\/td><td class=\"column-5\">Mendoza<\/td><td class=\"column-6\">P\u00fablica<\/td><td class=\"column-7\">Garibaldi 405 Ciudad de Mendoza<\/td><td class=\"column-8\">Radiofisica Sanitaria FUESMEN<\/td><td class=\"column-9\">rfs@fuesmen.edu.ar<\/td>\n<\/tr>\n<tr class=\"row-25\">\n\t<td class=\"column-1\"><\/td><td class=\"column-2\">LDE-024<\/td><td class=\"column-3\">Nuclear Control Argentina<\/td><td class=\"column-4\">Argentina<\/td><td class=\"column-5\">Mor\u00f3n<\/td><td class=\"column-6\">Privada<\/td><td class=\"column-7\">Bme. Mitre 631 &#8211; 4to. piso <\/td><td class=\"column-8\">Nuclear Control Argentina<\/td><td class=\"column-9\">info@nuclearcontrol.com.ar<\/td>\n<\/tr>\n<tr class=\"row-26\">\n\t<td class=\"column-1\"><\/td><td class=\"column-2\">LDE-025<\/td><td class=\"column-3\">CICANUM-Universidad de Costa Rica<\/td><td class=\"column-4\">Costa Rica<\/td><td class=\"column-5\">San Jos\u00e9<\/td><td class=\"column-6\">P\u00fablica<\/td><td class=\"column-7\">gerardo.noguera@ucr.ac.cr<\/td><td class=\"column-8\">Laboratorio de Termoluminiscencia<\/td><td class=\"column-9\">gerardo.nogueravega@ucr.ac.cr<\/td>\n<\/tr>\n<tr class=\"row-27\">\n\t<td class=\"column-1\"><\/td><td class=\"column-2\">LDE-026<\/td><td class=\"column-3\">Autoridad Regulatoria Nuclear<\/td><td class=\"column-4\">Argentina<\/td><td class=\"column-5\">Buenos Aires<\/td><td class=\"column-6\">P\u00fablica<\/td><td class=\"column-7\">Camino Real Presb\u00edtero Gonz\u00e1lez y Arag\u00f3n 15, Ezeiza B1802AYA<\/td><td class=\"column-8\">Laboratorio de Dosimetr\u00eda por Termoluminiscencia<\/td><td class=\"column-9\">labdosimetriatld@arn.gob.ar<\/td>\n<\/tr>\n<tr class=\"row-28\">\n\t<td class=\"column-1\"><\/td><td class=\"column-2\">LDE-027<\/td><td class=\"column-3\">NASA Atucha<\/td><td class=\"column-4\">Argentina<\/td><td class=\"column-5\">Buenos Aires<\/td><td class=\"column-6\">P\u00fablica<\/td><td class=\"column-7\">Calle s\/n camino Atucha, Lima, Zarate<\/td><td class=\"column-8\">Dosimetria y Monitoreo Ambiental Radiologico<\/td><td class=\"column-9\">spoletti@na-sa.com.ar<\/td>\n<\/tr>\n<tr class=\"row-29\">\n\t<td class=\"column-1\"><\/td><td class=\"column-2\">LDE-028<\/td><td class=\"column-3\">Dosicontrol<\/td><td class=\"column-4\">Ecuador<\/td><td class=\"column-5\">Quito<\/td><td class=\"column-6\">Privada<\/td><td class=\"column-7\">Av. De los Shyris N41-218 y Tomas de Berlanga<\/td><td class=\"column-8\">Dosicontrol<\/td><td class=\"column-9\">fisico@dosicontrol.com<\/td>\n<\/tr>\n<tr class=\"row-30\">\n\t<td class=\"column-1\"><\/td><td class=\"column-2\">LDE-029<\/td><td class=\"column-3\">Pontificia Universidad Cat\u00f3lica de Chile<\/td><td class=\"column-4\">Chile<\/td><td class=\"column-5\">Santiago<\/td><td class=\"column-6\">Privada<\/td><td class=\"column-7\">Avenida vicu\u00f1a Mackenna 4860, Macul, Santiago de Chile<\/td><td class=\"column-8\">Laboratorio de Radiactividad y Termoluminiscencia<\/td><td class=\"column-9\">dosimetria@fis.puc.cl<\/td>\n<\/tr>\n<tr class=\"row-31\">\n\t<td class=\"column-1\"><\/td><td class=\"column-2\">LDE-030<\/td><td class=\"column-3\">Minist erio de Industria, Energ\u00eda y Miner\u00eda<\/td><td class=\"column-4\">Uruguay<\/td><td class=\"column-5\">Montevideo<\/td><td class=\"column-6\">P\u00fablica<\/td><td class=\"column-7\">Hervidero 2861<\/td><td class=\"column-8\">Laboratorio de Dosimetr\u00eda Personal Externa<\/td><td class=\"column-9\">dosimetria@miem.gub.uy<\/td>\n<\/tr>\n<tr class=\"row-32\">\n\t<td class=\"column-1\"><\/td><td class=\"column-2\">LDE-031<\/td><td class=\"column-3\">Hospital de Especialidades Carlos Andrade Mar\u00edn<\/td><td class=\"column-4\">Ecuador<\/td><td class=\"column-5\">Quito<\/td><td class=\"column-6\">P\u00fablica<\/td><td class=\"column-7\">Av 18 de Septiembre y Ayacucho<\/td><td class=\"column-8\">Laboratorio de Dosimetr\u00eda Personal<\/td><td class=\"column-9\">yulmaris@gmail.com<\/td>\n<\/tr>\n<\/tbody>\n<\/table>\n<!-- #tablepress-25 from cache -->\n<\/div>\n<\/div><\/div><\/div><\/div><\/div><\/div><\/div>\n\n\n<p><\/p>\n","protected":false},"excerpt":{"rendered":"","protected":false},"author":1,"featured_media":0,"parent":2381,"menu_order":0,"comment_status":"closed","ping_status":"closed","template":"page-templates\/page-builder.php","meta":{"footnotes":""},"_links":{"self":[{"href":"http:\/\/www.reprolam.com\/index.php?rest_route=\/wp\/v2\/pages\/2391"}],"collection":[{"href":"http:\/\/www.reprolam.com\/index.php?rest_route=\/wp\/v2\/pages"}],"about":[{"href":"http:\/\/www.reprolam.com\/index.php?rest_route=\/wp\/v2\/types\/page"}],"author":[{"embeddable":true,"href":"http:\/\/www.reprolam.com\/index.php?rest_route=\/wp\/v2\/users\/1"}],"replies":[{"embeddable":true,"href":"http:\/\/www.reprolam.com\/index.php?rest_route=%2Fwp%2Fv2%2Fcomments&post=2391"}],"version-history":[{"count":14,"href":"http:\/\/www.reprolam.com\/index.php?rest_route=\/wp\/v2\/pages\/2391\/revisions"}],"predecessor-version":[{"id":3121,"href":"http:\/\/www.reprolam.com\/index.php?rest_route=\/wp\/v2\/pages\/2391\/revisions\/3121"}],"up":[{"embeddable":true,"href":"http:\/\/www.reprolam.com\/index.php?rest_route=\/wp\/v2\/pages\/2381"}],"wp:attachment":[{"href":"http:\/\/www.reprolam.com\/index.php?rest_route=%2Fwp%2Fv2%2Fmedia&parent=2391"}],"curies":[{"name":"wp","href":"https:\/\/api.w.org\/{rel}","templated":true}]}}