{"id":2414,"date":"2021-09-07T15:30:56","date_gmt":"2021-09-07T15:30:56","guid":{"rendered":"http:\/\/www.reprolam.com\/?page_id=2414"},"modified":"2021-10-06T14:56:27","modified_gmt":"2021-10-06T14:56:27","slug":"servicios-disponibles-por-cada-centro-proveedor-de-servicios-de-dosimetria-externa","status":"publish","type":"page","link":"http:\/\/www.reprolam.com\/?page_id=2414","title":{"rendered":"Servicios disponibles por cada Centro Proveedor de Servicios de Dosimetr\u00eda Externa (Cuerpo Entero, Anillo, Mu\u00f1eca, Cristalino) ."},"content":{"rendered":"<div id=\"pl-gb2414-69f81f445ddc3\"  class=\"panel-layout\" ><div id=\"pg-gb2414-69f81f445ddc3-0\"  class=\"panel-grid panel-has-style\" ><div class=\"panel-row-style panel-row-style-for-gb2414-69f81f445ddc3-0\" ><div id=\"pgc-gb2414-69f81f445ddc3-0-0\"  class=\"panel-grid-cell\" ><div id=\"panel-gb2414-69f81f445ddc3-0-0-0\" class=\"so-panel widget widget_sow-editor panel-first-child panel-last-child\" data-index=\"0\" ><div class=\"panel-widget-style panel-widget-style-for-gb2414-69f81f445ddc3-0-0-0\" ><div\n\t\t\t\n\t\t\tclass=\"so-widget-sow-editor so-widget-sow-editor-base\"\n\t\t\t\n\t\t>\n<div class=\"siteorigin-widget-tinymce textwidget\">\n\t<p><img loading=\"lazy\" decoding=\"async\" class=\"aligncenter size-large wp-image-2645\" src=\"http:\/\/www.reprolam.com\/wp-content\/uploads\/2021\/09\/repo1g1-1024x455.png\" alt=\"\" width=\"750\" height=\"333\" srcset=\"http:\/\/www.reprolam.com\/wp-content\/uploads\/2021\/09\/repo1g1-1024x455.png 1024w, http:\/\/www.reprolam.com\/wp-content\/uploads\/2021\/09\/repo1g1-300x133.png 300w, http:\/\/www.reprolam.com\/wp-content\/uploads\/2021\/09\/repo1g1-768x341.png 768w, http:\/\/www.reprolam.com\/wp-content\/uploads\/2021\/09\/repo1g1.png 1260w\" sizes=\"(max-width: 750px) 100vw, 750px\" \/><\/p>\n<\/div>\n<\/div><\/div><\/div><\/div><div id=\"pgc-gb2414-69f81f445ddc3-0-1\"  class=\"panel-grid-cell\" ><div id=\"panel-gb2414-69f81f445ddc3-0-1-0\" class=\"so-panel widget widget_sow-editor panel-first-child panel-last-child\" data-index=\"1\" ><div class=\"panel-widget-style panel-widget-style-for-gb2414-69f81f445ddc3-0-1-0\" ><div\n\t\t\t\n\t\t\tclass=\"so-widget-sow-editor so-widget-sow-editor-base\"\n\t\t\t\n\t\t>\n<div class=\"siteorigin-widget-tinymce textwidget\">\n\t<p><img loading=\"lazy\" decoding=\"async\" class=\"aligncenter  wp-image-2623\" src=\"http:\/\/www.reprolam.com\/wp-content\/uploads\/2021\/09\/principal1.jpg\" alt=\"\" width=\"350\" height=\"282\" srcset=\"http:\/\/www.reprolam.com\/wp-content\/uploads\/2021\/09\/principal1.jpg 747w, http:\/\/www.reprolam.com\/wp-content\/uploads\/2021\/09\/principal1-300x242.jpg 300w\" sizes=\"(max-width: 350px) 100vw, 350px\" \/><\/p>\n<\/div>\n<\/div><\/div><\/div><\/div><\/div><\/div><div id=\"pg-gb2414-69f81f445ddc3-1\"  class=\"panel-grid panel-has-style\" ><div class=\"panel-row-style panel-row-style-for-gb2414-69f81f445ddc3-1\" ><div id=\"pgc-gb2414-69f81f445ddc3-1-0\"  class=\"panel-grid-cell\" ><div id=\"panel-gb2414-69f81f445ddc3-1-0-0\" class=\"so-panel widget widget_sow-editor panel-first-child panel-last-child\" data-index=\"2\" ><div class=\"panel-widget-style panel-widget-style-for-gb2414-69f81f445ddc3-1-0-0\" ><div\n\t\t\t\n\t\t\tclass=\"so-widget-sow-editor so-widget-sow-editor-base\"\n\t\t\t\n\t\t>\n<div class=\"siteorigin-widget-tinymce textwidget\">\n\t<p><img loading=\"lazy\" decoding=\"async\" class=\"aligncenter wp-image-3123 size-large\" src=\"http:\/\/www.reprolam.com\/wp-content\/uploads\/2021\/10\/REPORTE-2-G2-modifi-1024x678.png\" alt=\"\" width=\"750\" height=\"497\" srcset=\"http:\/\/www.reprolam.com\/wp-content\/uploads\/2021\/10\/REPORTE-2-G2-modifi-1024x678.png 1024w, http:\/\/www.reprolam.com\/wp-content\/uploads\/2021\/10\/REPORTE-2-G2-modifi-300x199.png 300w, http:\/\/www.reprolam.com\/wp-content\/uploads\/2021\/10\/REPORTE-2-G2-modifi-768x508.png 768w, http:\/\/www.reprolam.com\/wp-content\/uploads\/2021\/10\/REPORTE-2-G2-modifi-1536x1017.png 1536w, http:\/\/www.reprolam.com\/wp-content\/uploads\/2021\/10\/REPORTE-2-G2-modifi.png 1721w\" sizes=\"(max-width: 750px) 100vw, 750px\" \/><\/p>\n<\/div>\n<\/div><\/div><\/div><\/div><div id=\"pgc-gb2414-69f81f445ddc3-1-1\"  class=\"panel-grid-cell\" ><div id=\"panel-gb2414-69f81f445ddc3-1-1-0\" class=\"so-panel widget widget_sow-editor panel-first-child panel-last-child\" data-index=\"3\" ><div class=\"panel-widget-style panel-widget-style-for-gb2414-69f81f445ddc3-1-1-0\" ><div\n\t\t\t\n\t\t\tclass=\"so-widget-sow-editor so-widget-sow-editor-base\"\n\t\t\t\n\t\t>\n<div class=\"siteorigin-widget-tinymce textwidget\">\n\t\n<table id=\"tablepress-26\" class=\"tablepress tablepress-id-26\">\n<thead>\n<tr class=\"row-1\">\n\t<th class=\"column-1\">PA\u00cdS<\/th><th class=\"column-2\">CUERPO ENTERO<\/th><th class=\"column-3\">ANILLO<\/th><th class=\"column-4\">MU\u00d1ECA<\/th><th class=\"column-5\">CRISTALINO<\/th>\n<\/tr>\n<\/thead>\n<tbody class=\"row-striping row-hover\">\n<tr class=\"row-2\">\n\t<td class=\"column-1\">Argentina<\/td><td class=\"column-2\">7<\/td><td class=\"column-3\">5<\/td><td class=\"column-4\">6<\/td><td class=\"column-5\">4<\/td>\n<\/tr>\n<tr class=\"row-3\">\n\t<td class=\"column-1\">Brasil<\/td><td class=\"column-2\">7<\/td><td class=\"column-3\">3<\/td><td class=\"column-4\">4<\/td><td class=\"column-5\">3<\/td>\n<\/tr>\n<tr class=\"row-4\">\n\t<td class=\"column-1\">Chile<\/td><td class=\"column-2\">4<\/td><td class=\"column-3\">2<\/td><td class=\"column-4\">1<\/td><td class=\"column-5\">1<\/td>\n<\/tr>\n<tr class=\"row-5\">\n\t<td class=\"column-1\">Colombia<\/td><td class=\"column-2\">2<\/td><td class=\"column-3\">1<\/td><td class=\"column-4\">0<\/td><td class=\"column-5\">1<\/td>\n<\/tr>\n<tr class=\"row-6\">\n\t<td class=\"column-1\">Costa Rica<\/td><td class=\"column-2\">1<\/td><td class=\"column-3\">1<\/td><td class=\"column-4\">1<\/td><td class=\"column-5\">1<\/td>\n<\/tr>\n<tr class=\"row-7\">\n\t<td class=\"column-1\">Cuba<\/td><td class=\"column-2\">1<\/td><td class=\"column-3\">1<\/td><td class=\"column-4\">0<\/td><td class=\"column-5\">1<\/td>\n<\/tr>\n<tr class=\"row-8\">\n\t<td class=\"column-1\">Ecuador<\/td><td class=\"column-2\">2<\/td><td class=\"column-3\">2<\/td><td class=\"column-4\">1<\/td><td class=\"column-5\">1<\/td>\n<\/tr>\n<tr class=\"row-9\">\n\t<td class=\"column-1\">El Salvador<\/td><td class=\"column-2\">1<\/td><td class=\"column-3\">1<\/td><td class=\"column-4\">0<\/td><td class=\"column-5\">0<\/td>\n<\/tr>\n<tr class=\"row-10\">\n\t<td class=\"column-1\">Honduras<\/td><td class=\"column-2\">1<\/td><td class=\"column-3\">0<\/td><td class=\"column-4\">0<\/td><td class=\"column-5\">0<\/td>\n<\/tr>\n<tr class=\"row-11\">\n\t<td class=\"column-1\">M\u00e9xico<\/td><td class=\"column-2\">3<\/td><td class=\"column-3\">2<\/td><td class=\"column-4\">0<\/td><td class=\"column-5\">1<\/td>\n<\/tr>\n<tr class=\"row-12\">\n\t<td class=\"column-1\">Nicaragua<\/td><td class=\"column-2\">1<\/td><td class=\"column-3\">1<\/td><td class=\"column-4\">0<\/td><td class=\"column-5\">1<\/td>\n<\/tr>\n<tr class=\"row-13\">\n\t<td class=\"column-1\">Uruguay<\/td><td class=\"column-2\">1<\/td><td class=\"column-3\">1<\/td><td class=\"column-4\">1<\/td><td class=\"column-5\">1<\/td>\n<\/tr>\n<\/tbody>\n<\/table>\n<!-- #tablepress-26 from cache -->\n<\/div>\n<\/div><\/div><\/div><\/div><\/div><\/div><div id=\"pg-gb2414-69f81f445ddc3-2\"  class=\"panel-grid panel-has-style\" ><div class=\"panel-row-style panel-row-style-for-gb2414-69f81f445ddc3-2\" ><div id=\"pgc-gb2414-69f81f445ddc3-2-0\"  class=\"panel-grid-cell panel-grid-cell-empty panel-grid-cell-mobile-last\" ><\/div><div id=\"pgc-gb2414-69f81f445ddc3-2-1\"  class=\"panel-grid-cell panel-grid-cell-empty\" ><\/div><\/div><\/div><div id=\"pg-gb2414-69f81f445ddc3-3\"  class=\"panel-grid panel-has-style\" ><div class=\"panel-row-style panel-row-style-for-gb2414-69f81f445ddc3-3\" ><div id=\"pgc-gb2414-69f81f445ddc3-3-0\"  class=\"panel-grid-cell panel-grid-cell-empty\" ><\/div><div id=\"pgc-gb2414-69f81f445ddc3-3-1\"  class=\"panel-grid-cell panel-grid-cell-empty panel-grid-cell-mobile-last\" ><\/div><div id=\"pgc-gb2414-69f81f445ddc3-3-2\"  class=\"panel-grid-cell panel-grid-cell-empty\" ><\/div><\/div><\/div><div id=\"pg-gb2414-69f81f445ddc3-4\"  class=\"panel-grid panel-has-style\" ><div class=\"panel-row-style panel-row-style-for-gb2414-69f81f445ddc3-4\" ><div id=\"pgc-gb2414-69f81f445ddc3-4-0\"  class=\"panel-grid-cell\" ><div id=\"panel-gb2414-69f81f445ddc3-4-0-0\" class=\"so-panel widget widget_sow-editor panel-first-child panel-last-child\" data-index=\"4\" ><div class=\"panel-widget-style panel-widget-style-for-gb2414-69f81f445ddc3-4-0-0\" ><div\n\t\t\t\n\t\t\tclass=\"so-widget-sow-editor so-widget-sow-editor-base\"\n\t\t\t\n\t\t>\n<div class=\"siteorigin-widget-tinymce textwidget\">\n\t\n<table id=\"tablepress-27\" class=\"tablepress tablepress-id-27\">\n<thead>\n<tr class=\"row-1\">\n\t<th class=\"column-1\">COD. REG.<\/th><th class=\"column-2\">CENTROS PROVEEDORES<\/th><th class=\"column-3\">PA\u00cdS<\/th><th class=\"column-4\">LABORATORIOS<\/th><th class=\"column-5\">CUERPO ENTERO<\/th><th class=\"column-6\">ANILLO<\/th><th class=\"column-7\">MU\u00d1ECA<\/th><th class=\"column-8\">CRISTALINO<\/th>\n<\/tr>\n<\/thead>\n<tbody class=\"row-striping row-hover\">\n<tr class=\"row-2\">\n\t<td class=\"column-1\">LDE-001<\/td><td class=\"column-2\">Instituto de Salud P\u00fablica de Chile<\/td><td class=\"column-3\">Chile<\/td><td class=\"column-4\">Laboratorio de Dosimetria ISP<\/td><td class=\"column-5\">X<\/td><td class=\"column-6\">\u2026<\/td><td class=\"column-7\">\u2026<\/td><td class=\"column-8\">\u2026<\/td>\n<\/tr>\n<tr class=\"row-3\">\n\t<td class=\"column-1\">LDE-002<\/td><td class=\"column-2\">DOSIMET CHILE<\/td><td class=\"column-3\">Chile<\/td><td class=\"column-4\">DOSIMET CHILE<\/td><td class=\"column-5\">X<\/td><td class=\"column-6\">\u2026<\/td><td class=\"column-7\">\u2026<\/td><td class=\"column-8\">\u2026<\/td>\n<\/tr>\n<tr class=\"row-4\">\n\t<td class=\"column-1\">LDE-003<\/td><td class=\"column-2\">Tecnof\u00edsica, S.A. de C.V.<\/td><td class=\"column-3\">M\u00e9xico<\/td><td class=\"column-4\">Tecnof\u00edsica<\/td><td class=\"column-5\">X<\/td><td class=\"column-6\">X<\/td><td class=\"column-7\">\u2026<\/td><td class=\"column-8\">\u2026<\/td>\n<\/tr>\n<tr class=\"row-5\">\n\t<td class=\"column-1\">LDE-004<\/td><td class=\"column-2\">Sievert SAS<\/td><td class=\"column-3\">Colombia<\/td><td class=\"column-4\">Sievert SAS<\/td><td class=\"column-5\">X<\/td><td class=\"column-6\">\u2026<\/td><td class=\"column-7\">\u2026<\/td><td class=\"column-8\">\u2026<\/td>\n<\/tr>\n<tr class=\"row-6\">\n\t<td class=\"column-1\">LDE-005<\/td><td class=\"column-2\">Comisi\u00f3n Nacional de Energ\u00eda At\u00f3mica<\/td><td class=\"column-3\">Argentina<\/td><td class=\"column-4\">Monitoreo de la Radiaci\u00f3n Externa<\/td><td class=\"column-5\">X<\/td><td class=\"column-6\">X<\/td><td class=\"column-7\">X<\/td><td class=\"column-8\">X<\/td>\n<\/tr>\n<tr class=\"row-7\">\n\t<td class=\"column-1\">LDE-006<\/td><td class=\"column-2\">Centro de Proteccion e Higiene de las Radiaciones (CPHR)<\/td><td class=\"column-3\">Cuba<\/td><td class=\"column-4\">Laboratorio de Dosimetria Externa (LDE)<\/td><td class=\"column-5\">X<\/td><td class=\"column-6\">X<\/td><td class=\"column-7\">\u2026<\/td><td class=\"column-8\">X<\/td>\n<\/tr>\n<tr class=\"row-8\">\n\t<td class=\"column-1\">LDE-007<\/td><td class=\"column-2\">Universidad Nacional Aut\u00f3noma de Honduras<\/td><td class=\"column-3\">Honduras<\/td><td class=\"column-4\">Laboratorio de Dosimetria UNAH<\/td><td class=\"column-5\">X<\/td><td class=\"column-6\">\u2026<\/td><td class=\"column-7\">\u2026<\/td><td class=\"column-8\">\u2026<\/td>\n<\/tr>\n<tr class=\"row-9\">\n\t<td class=\"column-1\">LDE-008<\/td><td class=\"column-2\">OSL Control Chile S.A<\/td><td class=\"column-3\">Chile<\/td><td class=\"column-4\">OSL Control Chile S.A<\/td><td class=\"column-5\">X<\/td><td class=\"column-6\">X<\/td><td class=\"column-7\">X<\/td><td class=\"column-8\">X<\/td>\n<\/tr>\n<tr class=\"row-10\">\n\t<td class=\"column-1\">LDE-009<\/td><td class=\"column-2\">Dosimetr\u00eda Personal S.A.S.<\/td><td class=\"column-3\">Colombia<\/td><td class=\"column-4\">Laboratorio de Dosimetr\u00eda TLD<\/td><td class=\"column-5\">X<\/td><td class=\"column-6\">X<\/td><td class=\"column-7\">\u2026<\/td><td class=\"column-8\">X<\/td>\n<\/tr>\n<tr class=\"row-11\">\n\t<td class=\"column-1\">LDE-010<\/td><td class=\"column-2\">Universidad Nacional Aut\u00f3noma de Nicaragua.Laboratorio de F\u00edsica de Radiaciones y Metrolog\u00eda (LAF-RAM).<\/td><td class=\"column-3\">Nicaragua<\/td><td class=\"column-4\">Laboratorio de Dosimetria Externa LDE, LAF-RAM<\/td><td class=\"column-5\">X<\/td><td class=\"column-6\">X<\/td><td class=\"column-7\">\u2026<\/td><td class=\"column-8\">X<\/td>\n<\/tr>\n<tr class=\"row-12\">\n\t<td class=\"column-1\">LDE-011<\/td><td class=\"column-2\">Comisi\u00f3n Nacional de Seguridad Nuclear y Salvaguardias (CNSNS)<\/td><td class=\"column-3\">M\u00e9xico<\/td><td class=\"column-4\">Laboratorio de Dosimetr\u00eda de la CNSNS<\/td><td class=\"column-5\">X<\/td><td class=\"column-6\">\u2026<\/td><td class=\"column-7\">\u2026<\/td><td class=\"column-8\">\u2026<\/td>\n<\/tr>\n<tr class=\"row-13\">\n\t<td class=\"column-1\">LDE-012<\/td><td class=\"column-2\">Universidad Federal de Pernambuco <\/td><td class=\"column-3\">Brasil<\/td><td class=\"column-4\">Laborat\u00f3rio de Prote\u00e7\u00e3o Radiol\u00f3gica <\/td><td class=\"column-5\">X<\/td><td class=\"column-6\">X<\/td><td class=\"column-7\">X<\/td><td class=\"column-8\">X<\/td>\n<\/tr>\n<tr class=\"row-14\">\n\t<td class=\"column-1\">LDE-013<\/td><td class=\"column-2\">Sapra Landauer servi\u00e7o de Assessoria e Prote\u00e7\u00e3o Radiol\u00f3gica <\/td><td class=\"column-3\">Brasil<\/td><td class=\"column-4\">Sapra Landauer <\/td><td class=\"column-5\">X<\/td><td class=\"column-6\">X<\/td><td class=\"column-7\">X<\/td><td class=\"column-8\">X<\/td>\n<\/tr>\n<tr class=\"row-15\">\n\t<td class=\"column-1\">LDE-014<\/td><td class=\"column-2\">Instituto de F\u00edsica &#8211; Universidade S. Paulo<\/td><td class=\"column-3\">Brasil<\/td><td class=\"column-4\">Laborat\u00f3rio de Dosimetria &#8211; IFUSP<\/td><td class=\"column-5\">X<\/td><td class=\"column-6\">\u2026<\/td><td class=\"column-7\">\u2026<\/td><td class=\"column-8\">\u2026<\/td>\n<\/tr>\n<tr class=\"row-16\">\n\t<td class=\"column-1\">LDE-015<\/td><td class=\"column-2\">Instituto de Radioprote\u00e7\u00e3o e Dosimetria<\/td><td class=\"column-3\">Brasil<\/td><td class=\"column-4\">Laborat\u00f3rio de Dosimetria de N\u00eautrons<\/td><td class=\"column-5\">X<\/td><td class=\"column-6\">\u2026<\/td><td class=\"column-7\">\u2026<\/td><td class=\"column-8\">\u2026<\/td>\n<\/tr>\n<tr class=\"row-17\">\n\t<td class=\"column-1\">LDE-016<\/td><td class=\"column-2\">TEC-RAD<\/td><td class=\"column-3\">Brasil<\/td><td class=\"column-4\">TEC-RAD<\/td><td class=\"column-5\">X<\/td><td class=\"column-6\">\u2026<\/td><td class=\"column-7\">X<\/td><td class=\"column-8\">\u2026<\/td>\n<\/tr>\n<tr class=\"row-18\">\n\t<td class=\"column-1\">LDE-017<\/td><td class=\"column-2\">Eletrobras Eletronuclear<\/td><td class=\"column-3\">Brasil<\/td><td class=\"column-4\">Servi\u00e7o de Monitora\u00e7\u00e3o Individual Externa da Eletronuclear<\/td><td class=\"column-5\">X<\/td><td class=\"column-6\">X<\/td><td class=\"column-7\">X<\/td><td class=\"column-8\">X<\/td>\n<\/tr>\n<tr class=\"row-19\">\n\t<td class=\"column-1\">LDE-018<\/td><td class=\"column-2\">Pro-Rad Consultores em Radioprote\u00e7\u00e3o<\/td><td class=\"column-3\">Brasil<\/td><td class=\"column-4\">Pro-Rad Consultores em Radioprote\u00e7\u00e3o<\/td><td class=\"column-5\">X<\/td><td class=\"column-6\">\u2026<\/td><td class=\"column-7\">\u2026<\/td><td class=\"column-8\">\u2026<\/td>\n<\/tr>\n<tr class=\"row-20\">\n\t<td class=\"column-1\">LDE-019<\/td><td class=\"column-2\">MKS Protecci\u00f3n Radiol\u00f3gica<\/td><td class=\"column-3\">Argentina<\/td><td class=\"column-4\">MKS Protecci\u00f3n Radiol\u00f3gica<\/td><td class=\"column-5\">X<\/td><td class=\"column-6\">X<\/td><td class=\"column-7\">X<\/td><td class=\"column-8\">X<\/td>\n<\/tr>\n<tr class=\"row-21\">\n\t<td class=\"column-1\">LDE-020<\/td><td class=\"column-2\">Centro de Investigaciones y Aplicaciones Nucleares<\/td><td class=\"column-3\">El Salvador<\/td><td class=\"column-4\">Laboratorio de dosimetr\u00eda personal externa<\/td><td class=\"column-5\">X<\/td><td class=\"column-6\">X<\/td><td class=\"column-7\">\u2026<\/td><td class=\"column-8\">\u2026<\/td>\n<\/tr>\n<tr class=\"row-22\">\n\t<td class=\"column-1\">LDE-021<\/td><td class=\"column-2\">Centro At\u00f3mico Bariloche &#8211; Comisi\u00f3n Nacional de Energ\u00eda At\u00f3mica<\/td><td class=\"column-3\">Argentina<\/td><td class=\"column-4\">Laboratorio de Dosimetr\u00eda y Calibraciones<\/td><td class=\"column-5\">X<\/td><td class=\"column-6\">\u2026<\/td><td class=\"column-7\">X<\/td><td class=\"column-8\">\u2026<\/td>\n<\/tr>\n<tr class=\"row-23\">\n\t<td class=\"column-1\">LDE-022<\/td><td class=\"column-2\">RADMEDICAL S DE RL DE CV<\/td><td class=\"column-3\">M\u00e9xico<\/td><td class=\"column-4\">BeOSL<\/td><td class=\"column-5\">X<\/td><td class=\"column-6\">X<\/td><td class=\"column-7\">\u2026<\/td><td class=\"column-8\">X<\/td>\n<\/tr>\n<tr class=\"row-24\">\n\t<td class=\"column-1\">LDE-023<\/td><td class=\"column-2\">Fundacion Escuela de Medicina Nuclear<\/td><td class=\"column-3\">Argentina<\/td><td class=\"column-4\">Radiofisica Sanitaria FUESMEN<\/td><td class=\"column-5\">X<\/td><td class=\"column-6\">X<\/td><td class=\"column-7\">X<\/td><td class=\"column-8\">X<\/td>\n<\/tr>\n<tr class=\"row-25\">\n\t<td class=\"column-1\">LDE-024<\/td><td class=\"column-2\">Nuclear Control Argentina<\/td><td class=\"column-3\">Argentina<\/td><td class=\"column-4\">Nuclear Control Argentina<\/td><td class=\"column-5\">X<\/td><td class=\"column-6\">\u2026<\/td><td class=\"column-7\">X<\/td><td class=\"column-8\">\u2026<\/td>\n<\/tr>\n<tr class=\"row-26\">\n\t<td class=\"column-1\">LDE-025<\/td><td class=\"column-2\">CICANUM-Universidad de Costa Rica<\/td><td class=\"column-3\">Costa Rica<\/td><td class=\"column-4\">Laboratorio de Termoluminiscencia<\/td><td class=\"column-5\">X<\/td><td class=\"column-6\">X<\/td><td class=\"column-7\">X<\/td><td class=\"column-8\">X<\/td>\n<\/tr>\n<tr class=\"row-27\">\n\t<td class=\"column-1\">LDE-026<\/td><td class=\"column-2\">Autoridad Regulatoria Nuclear<\/td><td class=\"column-3\">Argentina<\/td><td class=\"column-4\">Laboratorio de dosimetr\u00eda por termoluminiscencia<\/td><td class=\"column-5\">X<\/td><td class=\"column-6\">X<\/td><td class=\"column-7\">\u2026<\/td><td class=\"column-8\">\u2026<\/td>\n<\/tr>\n<tr class=\"row-28\">\n\t<td class=\"column-1\">LDE-027<\/td><td class=\"column-2\">NASA Atucha<\/td><td class=\"column-3\">Argentina<\/td><td class=\"column-4\">Dosimetria y Monitoreo Ambiental Radiologico<\/td><td class=\"column-5\">X<\/td><td class=\"column-6\">X<\/td><td class=\"column-7\">X<\/td><td class=\"column-8\">X<\/td>\n<\/tr>\n<tr class=\"row-29\">\n\t<td class=\"column-1\">LDE-028<\/td><td class=\"column-2\">Dosicontrol<\/td><td class=\"column-3\">Ecuador<\/td><td class=\"column-4\">Dosicontrol<\/td><td class=\"column-5\">X<\/td><td class=\"column-6\">X<\/td><td class=\"column-7\">X<\/td><td class=\"column-8\">X<\/td>\n<\/tr>\n<tr class=\"row-30\">\n\t<td class=\"column-1\">LDE-029<\/td><td class=\"column-2\">Pontificia Universidad Cat\u00f3lica de Chile<\/td><td class=\"column-3\">Chile<\/td><td class=\"column-4\">Laboratorio de Radiactividad y Termoluminiscencia<\/td><td class=\"column-5\">X<\/td><td class=\"column-6\">X<\/td><td class=\"column-7\">\u2026<\/td><td class=\"column-8\">\u2026<\/td>\n<\/tr>\n<tr class=\"row-31\">\n\t<td class=\"column-1\">LDE-030<\/td><td class=\"column-2\">Minist erio de Industria, Energ\u00eda y Miner\u00eda<\/td><td class=\"column-3\">Uruguay<\/td><td class=\"column-4\">Laboratorio de Dosimetr\u00eda Personal Externa<\/td><td class=\"column-5\">X<\/td><td class=\"column-6\">X<\/td><td class=\"column-7\">X<\/td><td class=\"column-8\">X<\/td>\n<\/tr>\n<tr class=\"row-32\">\n\t<td class=\"column-1\">LDE-031<\/td><td class=\"column-2\">Hospital de Especialidades Carlos Andrade Mar\u00edn<\/td><td class=\"column-3\">Ecuador<\/td><td class=\"column-4\">Laboratorio de Dosimetr\u00eda Personal<\/td><td class=\"column-5\">X<\/td><td class=\"column-6\">X<\/td><td class=\"column-7\">\u2026<\/td><td class=\"column-8\">\u2026<\/td>\n<\/tr>\n<\/tbody>\n<\/table>\n<!-- #tablepress-27 from cache -->\n<\/div>\n<\/div><\/div><\/div><\/div><\/div><\/div><\/div>\n\n\n<p><\/p>\n","protected":false},"excerpt":{"rendered":"","protected":false},"author":1,"featured_media":0,"parent":2381,"menu_order":0,"comment_status":"closed","ping_status":"closed","template":"page-templates\/page-builder.php","meta":{"footnotes":""},"_links":{"self":[{"href":"http:\/\/www.reprolam.com\/index.php?rest_route=\/wp\/v2\/pages\/2414"}],"collection":[{"href":"http:\/\/www.reprolam.com\/index.php?rest_route=\/wp\/v2\/pages"}],"about":[{"href":"http:\/\/www.reprolam.com\/index.php?rest_route=\/wp\/v2\/types\/page"}],"author":[{"embeddable":true,"href":"http:\/\/www.reprolam.com\/index.php?rest_route=\/wp\/v2\/users\/1"}],"replies":[{"embeddable":true,"href":"http:\/\/www.reprolam.com\/index.php?rest_route=%2Fwp%2Fv2%2Fcomments&post=2414"}],"version-history":[{"count":44,"href":"http:\/\/www.reprolam.com\/index.php?rest_route=\/wp\/v2\/pages\/2414\/revisions"}],"predecessor-version":[{"id":3129,"href":"http:\/\/www.reprolam.com\/index.php?rest_route=\/wp\/v2\/pages\/2414\/revisions\/3129"}],"up":[{"embeddable":true,"href":"http:\/\/www.reprolam.com\/index.php?rest_route=\/wp\/v2\/pages\/2381"}],"wp:attachment":[{"href":"http:\/\/www.reprolam.com\/index.php?rest_route=%2Fwp%2Fv2%2Fmedia&parent=2414"}],"curies":[{"name":"wp","href":"https:\/\/api.w.org\/{rel}","templated":true}]}}