{"id":2451,"date":"2021-09-07T19:01:47","date_gmt":"2021-09-07T19:01:47","guid":{"rendered":"http:\/\/www.reprolam.com\/?page_id=2451"},"modified":"2021-09-29T15:26:10","modified_gmt":"2021-09-29T15:26:10","slug":"caracterizacion-de-los-servicios-de-dosimetria-externa-anillo","status":"publish","type":"page","link":"http:\/\/www.reprolam.com\/?page_id=2451","title":{"rendered":"Caracterizaci\u00f3n de los Servicios de Dosimetr\u00eda Externa &#8211; MU\u00d1ECA."},"content":{"rendered":"<div id=\"pl-gb2451-69f820c5b50db\"  class=\"panel-layout\" ><div id=\"pg-gb2451-69f820c5b50db-0\"  class=\"panel-grid panel-has-style\" ><div class=\"panel-row-style panel-row-style-for-gb2451-69f820c5b50db-0\" ><div id=\"pgc-gb2451-69f820c5b50db-0-0\"  class=\"panel-grid-cell\" ><div id=\"panel-gb2451-69f820c5b50db-0-0-0\" class=\"so-panel widget widget_sow-editor panel-first-child\" data-index=\"0\" ><div class=\"panel-widget-style panel-widget-style-for-gb2451-69f820c5b50db-0-0-0\" ><div\n\t\t\t\n\t\t\tclass=\"so-widget-sow-editor so-widget-sow-editor-base\"\n\t\t\t\n\t\t>\n<div class=\"siteorigin-widget-tinymce textwidget\">\n\t<p style=\"text-align: center;\"><span style=\"color: #ff6600;\"><strong><img loading=\"lazy\" decoding=\"async\" class=\"aligncenter size-large wp-image-2467\" src=\"http:\/\/www.reprolam.com\/wp-content\/uploads\/2021\/09\/caractMuneca-1024x644.png\" alt=\"\" width=\"750\" height=\"472\" srcset=\"http:\/\/www.reprolam.com\/wp-content\/uploads\/2021\/09\/caractMuneca-1024x644.png 1024w, http:\/\/www.reprolam.com\/wp-content\/uploads\/2021\/09\/caractMuneca-300x189.png 300w, http:\/\/www.reprolam.com\/wp-content\/uploads\/2021\/09\/caractMuneca-768x483.png 768w, http:\/\/www.reprolam.com\/wp-content\/uploads\/2021\/09\/caractMuneca.png 1342w\" sizes=\"(max-width: 750px) 100vw, 750px\" \/><\/strong><\/span><\/p>\n<p>&nbsp;<\/p>\n<\/div>\n<\/div><\/div><\/div><div id=\"panel-gb2451-69f820c5b50db-0-0-1\" class=\"so-panel widget widget_sow-tabs panel-last-child\" data-index=\"1\" ><div class=\"panel-widget-style panel-widget-style-for-gb2451-69f820c5b50db-0-0-1\" ><div\n\t\t\t\n\t\t\tclass=\"so-widget-sow-tabs so-widget-sow-tabs-default-d463abb4eeea-2451\"\n\t\t\t\n\t\t><div class=\"sow-tabs\">\n\t<div class=\"sow-tabs-tab-container\" role=\"tablist\">\n\t\t\t<div\n\t\t\tclass=\"sow-tabs-tab\n\t\t\t sow-tabs-tab-selected\t\t\t\"\n\t\t\trole=\"tab\"\n\t\t\tdata-anchor-id=\"magnitud\"\n\t\t\taria-selected=\"true\"\n\t\t\ttabindex=\"0\"\n\t\t>\n\t\t\t<div class=\"sow-tabs-title sow-tabs-title-icon-left\">\n\t\t\t\t\t\t\t\tMagnitud\t\t\t\t\t\t\t<\/div>\n\t\t<\/div>\n\t\t\t<div\n\t\t\tclass=\"sow-tabs-tab\n\t\t\t\t\t\t\"\n\t\t\trole=\"tab\"\n\t\t\tdata-anchor-id=\"frecuencia\"\n\t\t\taria-selected=\"false\"\n\t\t\ttabindex=\"0\"\n\t\t>\n\t\t\t<div class=\"sow-tabs-title sow-tabs-title-icon-left\">\n\t\t\t\t\t\t\t\tFrecuencia\t\t\t\t\t\t\t<\/div>\n\t\t<\/div>\n\t\t\t<div\n\t\t\tclass=\"sow-tabs-tab\n\t\t\t\t\t\t\"\n\t\t\trole=\"tab\"\n\t\t\tdata-anchor-id=\"metodo\"\n\t\t\taria-selected=\"false\"\n\t\t\ttabindex=\"0\"\n\t\t>\n\t\t\t<div class=\"sow-tabs-title sow-tabs-title-icon-left\">\n\t\t\t\t\t\t\t\tM\u00e9todo\t\t\t\t\t\t\t<\/div>\n\t\t<\/div>\n\t\t\t<div\n\t\t\tclass=\"sow-tabs-tab\n\t\t\t\t\t\t\"\n\t\t\trole=\"tab\"\n\t\t\tdata-anchor-id=\"tipo-de-radiacion\"\n\t\t\taria-selected=\"false\"\n\t\t\ttabindex=\"0\"\n\t\t>\n\t\t\t<div class=\"sow-tabs-title sow-tabs-title-icon-left\">\n\t\t\t\t\t\t\t\tTipo de Radiaci\u00f3n\t\t\t\t\t\t\t<\/div>\n\t\t<\/div>\n\t\t<\/div>\n\n\t<div class=\"sow-tabs-panel-container\">\n\t\t\t<div class=\"sow-tabs-panel\">\n\t\t\t<div\n\t\t\t\tclass=\"sow-tabs-panel-content\"\n\t\t\t\trole=\"tabpanel\"\n\t\t\t\taria-hidden=\"false\"\n\t\t\t>\n\t\t\t\t<p><img loading=\"lazy\" decoding=\"async\" class=\"aligncenter size-large wp-image-2710\" src=\"http:\/\/www.reprolam.com\/wp-content\/uploads\/2021\/09\/reporte5-1-1024x534.png\" alt=\"\" width=\"750\" height=\"391\" srcset=\"http:\/\/www.reprolam.com\/wp-content\/uploads\/2021\/09\/reporte5-1-1024x534.png 1024w, http:\/\/www.reprolam.com\/wp-content\/uploads\/2021\/09\/reporte5-1-300x156.png 300w, http:\/\/www.reprolam.com\/wp-content\/uploads\/2021\/09\/reporte5-1-768x400.png 768w, http:\/\/www.reprolam.com\/wp-content\/uploads\/2021\/09\/reporte5-1.png 1358w\" sizes=\"(max-width: 750px) 100vw, 750px\" \/><\/p>\n\t\t\t<\/div>\n\t\t<\/div>\n\t\t\t<div class=\"sow-tabs-panel\">\n\t\t\t<div\n\t\t\t\tclass=\"sow-tabs-panel-content\"\n\t\t\t\trole=\"tabpanel\"\n\t\t\t\taria-hidden=\"true\"\n\t\t\t>\n\t\t\t\t<p><img loading=\"lazy\" decoding=\"async\" class=\"aligncenter size-large wp-image-2712\" src=\"http:\/\/www.reprolam.com\/wp-content\/uploads\/2021\/09\/reporte5-2-1-1024x537.png\" alt=\"\" width=\"750\" height=\"393\" srcset=\"http:\/\/www.reprolam.com\/wp-content\/uploads\/2021\/09\/reporte5-2-1-1024x537.png 1024w, http:\/\/www.reprolam.com\/wp-content\/uploads\/2021\/09\/reporte5-2-1-300x157.png 300w, http:\/\/www.reprolam.com\/wp-content\/uploads\/2021\/09\/reporte5-2-1-768x402.png 768w, http:\/\/www.reprolam.com\/wp-content\/uploads\/2021\/09\/reporte5-2-1.png 1357w\" sizes=\"(max-width: 750px) 100vw, 750px\" \/><\/p>\n\t\t\t<\/div>\n\t\t<\/div>\n\t\t\t<div class=\"sow-tabs-panel\">\n\t\t\t<div\n\t\t\t\tclass=\"sow-tabs-panel-content\"\n\t\t\t\trole=\"tabpanel\"\n\t\t\t\taria-hidden=\"true\"\n\t\t\t>\n\t\t\t\t<p><img loading=\"lazy\" decoding=\"async\" class=\"aligncenter size-large wp-image-2713\" src=\"http:\/\/www.reprolam.com\/wp-content\/uploads\/2021\/09\/reporte5-3-1024x618.png\" alt=\"\" width=\"750\" height=\"453\" srcset=\"http:\/\/www.reprolam.com\/wp-content\/uploads\/2021\/09\/reporte5-3-1024x618.png 1024w, http:\/\/www.reprolam.com\/wp-content\/uploads\/2021\/09\/reporte5-3-300x181.png 300w, http:\/\/www.reprolam.com\/wp-content\/uploads\/2021\/09\/reporte5-3-768x464.png 768w, http:\/\/www.reprolam.com\/wp-content\/uploads\/2021\/09\/reporte5-3.png 1358w\" sizes=\"(max-width: 750px) 100vw, 750px\" \/><\/p>\n\t\t\t<\/div>\n\t\t<\/div>\n\t\t\t<div class=\"sow-tabs-panel\">\n\t\t\t<div\n\t\t\t\tclass=\"sow-tabs-panel-content\"\n\t\t\t\trole=\"tabpanel\"\n\t\t\t\taria-hidden=\"true\"\n\t\t\t>\n\t\t\t\t<p><img loading=\"lazy\" decoding=\"async\" class=\"aligncenter size-large wp-image-2714\" src=\"http:\/\/www.reprolam.com\/wp-content\/uploads\/2021\/09\/reporte5-4-1024x581.png\" alt=\"\" width=\"750\" height=\"426\" srcset=\"http:\/\/www.reprolam.com\/wp-content\/uploads\/2021\/09\/reporte5-4-1024x581.png 1024w, http:\/\/www.reprolam.com\/wp-content\/uploads\/2021\/09\/reporte5-4-300x170.png 300w, http:\/\/www.reprolam.com\/wp-content\/uploads\/2021\/09\/reporte5-4-768x436.png 768w, http:\/\/www.reprolam.com\/wp-content\/uploads\/2021\/09\/reporte5-4.png 1363w\" sizes=\"(max-width: 750px) 100vw, 750px\" \/><\/p>\n\t\t\t<\/div>\n\t\t<\/div>\n\t\t<\/div>\n<\/div>\n<\/div><\/div><\/div><\/div><div id=\"pgc-gb2451-69f820c5b50db-0-1\"  class=\"panel-grid-cell\" ><div id=\"panel-gb2451-69f820c5b50db-0-1-0\" class=\"so-panel widget widget_sow-editor panel-first-child panel-last-child\" data-index=\"2\" ><div class=\"panel-widget-style panel-widget-style-for-gb2451-69f820c5b50db-0-1-0\" ><div\n\t\t\t\n\t\t\tclass=\"so-widget-sow-editor so-widget-sow-editor-base\"\n\t\t\t\n\t\t>\n<div class=\"siteorigin-widget-tinymce textwidget\">\n\t<p><img loading=\"lazy\" decoding=\"async\" class=\"aligncenter  wp-image-2718\" src=\"http:\/\/www.reprolam.com\/wp-content\/uploads\/2021\/09\/muneca2.png\" alt=\"\" width=\"304\" height=\"171\" \/><\/p>\n<p><img loading=\"lazy\" decoding=\"async\" class=\"aligncenter  wp-image-2720\" src=\"http:\/\/www.reprolam.com\/wp-content\/uploads\/2021\/09\/muneca3.png\" alt=\"\" width=\"304\" height=\"290\" srcset=\"http:\/\/www.reprolam.com\/wp-content\/uploads\/2021\/09\/muneca3.png 307w, http:\/\/www.reprolam.com\/wp-content\/uploads\/2021\/09\/muneca3-300x286.png 300w\" sizes=\"(max-width: 304px) 100vw, 304px\" \/><\/p>\n<p><img loading=\"lazy\" decoding=\"async\" class=\"aligncenter  wp-image-2469\" src=\"http:\/\/www.reprolam.com\/wp-content\/uploads\/2021\/09\/muneca.png\" alt=\"\" width=\"304\" height=\"330\" srcset=\"http:\/\/www.reprolam.com\/wp-content\/uploads\/2021\/09\/muneca.png 354w, http:\/\/www.reprolam.com\/wp-content\/uploads\/2021\/09\/muneca-277x300.png 277w\" sizes=\"(max-width: 304px) 100vw, 304px\" \/><\/p>\n<\/div>\n<\/div><\/div><\/div><\/div><\/div><\/div><div id=\"pg-gb2451-69f820c5b50db-1\"  class=\"panel-grid panel-has-style\" ><div class=\"panel-row-style panel-row-style-for-gb2451-69f820c5b50db-1\" ><div id=\"pgc-gb2451-69f820c5b50db-1-0\"  class=\"panel-grid-cell\" ><div id=\"panel-gb2451-69f820c5b50db-1-0-0\" class=\"so-panel widget widget_sow-editor panel-first-child panel-last-child\" data-index=\"3\" ><div class=\"panel-widget-style panel-widget-style-for-gb2451-69f820c5b50db-1-0-0\" ><div\n\t\t\t\n\t\t\tclass=\"so-widget-sow-editor so-widget-sow-editor-base\"\n\t\t\t\n\t\t>\n<div class=\"siteorigin-widget-tinymce textwidget\">\n\t\n<table id=\"tablepress-30\" class=\"tablepress tablepress-id-30\">\n<thead>\n<tr class=\"row-1\">\n\t<th class=\"column-1\">COD. REG.<\/th><th class=\"column-2\">CENTROS PROVEEDORES<\/th><th class=\"column-3\">LABORATORIOS<\/th><th class=\"column-4\">PA\u00cdS<\/th><th class=\"column-5\">MAGNITUD DOSIM\u00c9TRICA<\/th><th class=\"column-6\">M\u00c9TODO UTILIZADO<\/th><th class=\"column-7\">PER\u00cdODO DE USO<\/th><th class=\"column-8\">TIPO DE RADIACI\u00d3N<\/th>\n<\/tr>\n<\/thead>\n<tbody class=\"row-striping row-hover\">\n<tr class=\"row-2\">\n\t<td class=\"column-1\">LDE-5<\/td><td class=\"column-2\">Comisi\u00f3n Nacional de Energ\u00eda At\u00f3mica<\/td><td class=\"column-3\">Monitoreo de la Radiaci\u00f3n Externa<\/td><td class=\"column-4\">Argentina<\/td><td class=\"column-5\">Hp(0.07) para radiaci\u00f3n d\u00e9bilmente penetrante<\/td><td class=\"column-6\">Termoluminiscente (TLD)<\/td><td class=\"column-7\">Mensual<\/td><td class=\"column-8\">Fotones<\/td>\n<\/tr>\n<tr class=\"row-3\">\n\t<td class=\"column-1\">LDE-8<\/td><td class=\"column-2\">OSL Control Chile S.A<\/td><td class=\"column-3\">OSL Control Chile S.A<\/td><td class=\"column-4\">Chile<\/td><td class=\"column-5\">Hp(0.07) para radiaci\u00f3n d\u00e9bilmente penetrante<\/td><td class=\"column-6\">Luminiscencia \u00f3pticamente estimulada (OSL)<\/td><td class=\"column-7\">Mensual, Bimestral, Trimestral<\/td><td class=\"column-8\">Fotones, Beta<\/td>\n<\/tr>\n<tr class=\"row-4\">\n\t<td class=\"column-1\">LDE-12<\/td><td class=\"column-2\">Universidade federal de Pernambuco <\/td><td class=\"column-3\">Laborat\u00f3rio de Prote\u00e7\u00e3o Radiol\u00f3gica <\/td><td class=\"column-4\">Brasil<\/td><td class=\"column-5\">Hp(0.07) para radiaci\u00f3n d\u00e9bilmente penetrante<\/td><td class=\"column-6\">Termoluminiscente (TLD), Luminiscencia \u00f3pticamente estimulada (OSL)<\/td><td class=\"column-7\">Mensual<\/td><td class=\"column-8\">Fotones<\/td>\n<\/tr>\n<tr class=\"row-5\">\n\t<td class=\"column-1\">LDE-13<\/td><td class=\"column-2\">Sapra Landauer servi\u00e7o de Assessoria e Prote\u00e7\u00e3o Radiol\u00f3gica <\/td><td class=\"column-3\">Sapra Landauer <\/td><td class=\"column-4\">Brasil<\/td><td class=\"column-5\">Hp(0.07) para radiaci\u00f3n d\u00e9bilmente penetrante<\/td><td class=\"column-6\">Luminiscencia \u00f3pticamente estimulada (OSL)<\/td><td class=\"column-7\">Mensual<\/td><td class=\"column-8\">Fotones<\/td>\n<\/tr>\n<tr class=\"row-6\">\n\t<td class=\"column-1\">LDE-16<\/td><td class=\"column-2\">TEC-RAD<\/td><td class=\"column-3\">TEC-RAD<\/td><td class=\"column-4\">Brasil<\/td><td class=\"column-5\">Hp(10) para radiaci\u00f3n fuertemente penetrante, Hp(0.07) para radiaci\u00f3n d\u00e9bilmente penetrante<\/td><td class=\"column-6\">Termoluminiscente (TLD)<\/td><td class=\"column-7\">Mensual<\/td><td class=\"column-8\">Fotones<\/td>\n<\/tr>\n<tr class=\"row-7\">\n\t<td class=\"column-1\">LDE-17<\/td><td class=\"column-2\">Eletrobras Eletronuclear<\/td><td class=\"column-3\">Servi\u00e7o de Monitora\u00e7\u00e3o Individual Externa da Eletronuclear<\/td><td class=\"column-4\">Brasil<\/td><td class=\"column-5\">Hp(10) para radiaci\u00f3n fuertemente penetrante, Hp(0.07) para radiaci\u00f3n d\u00e9bilmente penetrante<\/td><td class=\"column-6\">Termoluminiscente (TLD), TLD albedo<\/td><td class=\"column-7\">Mensual<\/td><td class=\"column-8\">Fotones, Beta, Neutrones r\u00e1pidos, Neutrones intermedios, Neutrones t\u00e9rmicos<\/td>\n<\/tr>\n<tr class=\"row-8\">\n\t<td class=\"column-1\">LDE-19<\/td><td class=\"column-2\">MKS Protecci\u00f3n Radiol\u00f3gica<\/td><td class=\"column-3\">MKS Protecci\u00f3n Radiol\u00f3gica<\/td><td class=\"column-4\">Argentina<\/td><td class=\"column-5\">Hp(0.07) para radiaci\u00f3n d\u00e9bilmente penetrante<\/td><td class=\"column-6\">Pel\u00edcula fotogr\u00e1fica (Film), Luminiscencia \u00f3pticamente estimulada (OSL)<\/td><td class=\"column-7\">Mensual, Bimestral, Trimestral<\/td><td class=\"column-8\">Fotones, Beta<\/td>\n<\/tr>\n<tr class=\"row-9\">\n\t<td class=\"column-1\">LDE-21<\/td><td class=\"column-2\">Centro At\u00f3mico Bariloche &#8211; Comisi\u00f3n Nacional de Energ\u00eda At\u00f3mica<\/td><td class=\"column-3\">Laboratorio de Dosimetr\u00eda y Calibraciones &#8211; Divisi\u00f3n Protecci\u00f3n Radiol\u00f3gica<\/td><td class=\"column-4\">Argentina<\/td><td class=\"column-5\">Hp(0.07) para radiaci\u00f3n d\u00e9bilmente penetrante<\/td><td class=\"column-6\">Termoluminiscente (TLD)<\/td><td class=\"column-7\">Bimestral<\/td><td class=\"column-8\">Fotones<\/td>\n<\/tr>\n<tr class=\"row-10\">\n\t<td class=\"column-1\">LDE-23<\/td><td class=\"column-2\">Fundacion Escuela de Medicina Nuclear<\/td><td class=\"column-3\">Radiofisica Sanitaria FUESMEN<\/td><td class=\"column-4\">Argentina<\/td><td class=\"column-5\">Hp(10) para radiaci\u00f3n fuertemente penetrante, Hp(0.07) para radiaci\u00f3n d\u00e9bilmente penetrante<\/td><td class=\"column-6\">Termoluminiscente (TLD)<\/td><td class=\"column-7\">Mensual<\/td><td class=\"column-8\">Fotones, Beta<\/td>\n<\/tr>\n<tr class=\"row-11\">\n\t<td class=\"column-1\">LDE-24<\/td><td class=\"column-2\">Nuclear Control Argentina<\/td><td class=\"column-3\">Nuclear Control Argentina<\/td><td class=\"column-4\">Argentina<\/td><td class=\"column-5\">Hp(10) para radiaci\u00f3n fuertemente penetrante, Hp(0.07) para radiaci\u00f3n d\u00e9bilmente penetrante<\/td><td class=\"column-6\">Luminiscencia \u00f3pticamente estimulada (OSL)<\/td><td class=\"column-7\">Mensual<\/td><td class=\"column-8\">Fotones, Beta<\/td>\n<\/tr>\n<tr class=\"row-12\">\n\t<td class=\"column-1\">LDE-25<\/td><td class=\"column-2\">CICANUM-Universidad de Costa Rica<\/td><td class=\"column-3\">Laboratorio de Termoluminiscencia<\/td><td class=\"column-4\">Costa Rica<\/td><td class=\"column-5\">Hp(0.07) para radiaci\u00f3n d\u00e9bilmente penetrante<\/td><td class=\"column-6\">Termoluminiscente (TLD)<\/td><td class=\"column-7\">Mensual<\/td><td class=\"column-8\">Fotones<\/td>\n<\/tr>\n<tr class=\"row-13\">\n\t<td class=\"column-1\">LDE-27<\/td><td class=\"column-2\">NASA Atucha<\/td><td class=\"column-3\">Dosimetria y Monitoreo Ambiental Radiologico<\/td><td class=\"column-4\">Argentina<\/td><td class=\"column-5\">Hp(10) para radiaci\u00f3n fuertemente penetrante, Hp(0.07) para radiaci\u00f3n d\u00e9bilmente penetrante<\/td><td class=\"column-6\">Termoluminiscente (TLD)<\/td><td class=\"column-7\">Mensual, Bimestral, Trimestral<\/td><td class=\"column-8\">Fotones, Beta, Neutrones t\u00e9rmicos<\/td>\n<\/tr>\n<tr class=\"row-14\">\n\t<td class=\"column-1\">LDE-28<\/td><td class=\"column-2\">Dosicontrol<\/td><td class=\"column-3\">Dosicontrol<\/td><td class=\"column-4\">Ecuador<\/td><td class=\"column-5\">Hp(10) para radiaci\u00f3n fuertemente penetrante, Hp(0.07) para radiaci\u00f3n d\u00e9bilmente penetrante<\/td><td class=\"column-6\">Luminiscencia \u00f3pticamente estimulada (OSL)<\/td><td class=\"column-7\">Bimestral<\/td><td class=\"column-8\">Fotones, Beta<\/td>\n<\/tr>\n<tr class=\"row-15\">\n\t<td class=\"column-1\">LDE-30<\/td><td class=\"column-2\">Minist erio de Industria, Energ\u00eda y Miner\u00eda<\/td><td class=\"column-3\">Laboratorio de Dosimetr\u00eda Personal Externa<\/td><td class=\"column-4\">Uruguay<\/td><td class=\"column-5\">Hp(0.07) para radiaci\u00f3n d\u00e9bilmente penetrante<\/td><td class=\"column-6\">Termoluminiscente (TLD)<\/td><td class=\"column-7\">Mensual<\/td><td class=\"column-8\">Fotones<\/td>\n<\/tr>\n<\/tbody>\n<\/table>\n<!-- #tablepress-30 from cache -->\n<\/div>\n<\/div><\/div><\/div><\/div><\/div><\/div><\/div>\n\n\n<p><\/p>\n","protected":false},"excerpt":{"rendered":"<p>&nbsp;<\/p>\n","protected":false},"author":1,"featured_media":0,"parent":2381,"menu_order":0,"comment_status":"closed","ping_status":"closed","template":"page-templates\/page-builder.php","meta":{"footnotes":""},"_links":{"self":[{"href":"http:\/\/www.reprolam.com\/index.php?rest_route=\/wp\/v2\/pages\/2451"}],"collection":[{"href":"http:\/\/www.reprolam.com\/index.php?rest_route=\/wp\/v2\/pages"}],"about":[{"href":"http:\/\/www.reprolam.com\/index.php?rest_route=\/wp\/v2\/types\/page"}],"author":[{"embeddable":true,"href":"http:\/\/www.reprolam.com\/index.php?rest_route=\/wp\/v2\/users\/1"}],"replies":[{"embeddable":true,"href":"http:\/\/www.reprolam.com\/index.php?rest_route=%2Fwp%2Fv2%2Fcomments&post=2451"}],"version-history":[{"count":16,"href":"http:\/\/www.reprolam.com\/index.php?rest_route=\/wp\/v2\/pages\/2451\/revisions"}],"predecessor-version":[{"id":2996,"href":"http:\/\/www.reprolam.com\/index.php?rest_route=\/wp\/v2\/pages\/2451\/revisions\/2996"}],"up":[{"embeddable":true,"href":"http:\/\/www.reprolam.com\/index.php?rest_route=\/wp\/v2\/pages\/2381"}],"wp:attachment":[{"href":"http:\/\/www.reprolam.com\/index.php?rest_route=%2Fwp%2Fv2%2Fmedia&parent=2451"}],"curies":[{"name":"wp","href":"https:\/\/api.w.org\/{rel}","templated":true}]}}