{"id":2489,"date":"2021-09-08T16:15:09","date_gmt":"2021-09-08T16:15:09","guid":{"rendered":"http:\/\/www.reprolam.com\/?page_id=2489"},"modified":"2021-09-17T16:14:34","modified_gmt":"2021-09-17T16:14:34","slug":"marca-de-los-dosimetros-usados-por-los-centros-proveedores-de-servicios-de-dosimetria-externa","status":"publish","type":"page","link":"http:\/\/www.reprolam.com\/?page_id=2489","title":{"rendered":"Marca de los Dos\u00edmetros usados por los Centros Proveedores de Servicios de Dosimetr\u00eda Externa."},"content":{"rendered":"<div id=\"pl-gb2489-69f82095f077e\"  class=\"panel-layout\" ><div id=\"pg-gb2489-69f82095f077e-0\"  class=\"panel-grid panel-has-style\" ><div class=\"panel-row-style panel-row-style-for-gb2489-69f82095f077e-0\" ><div id=\"pgc-gb2489-69f82095f077e-0-0\"  class=\"panel-grid-cell\" ><div id=\"panel-gb2489-69f82095f077e-0-0-0\" class=\"so-panel widget widget_siteorigin-panels-builder panel-first-child panel-last-child\" data-index=\"0\" ><div class=\"panel-widget-style panel-widget-style-for-gb2489-69f82095f077e-0-0-0\" ><div id=\"pl-w6144bce1584b2\"  class=\"panel-layout\" ><div id=\"pg-w6144bce1584b2-0\"  class=\"panel-grid panel-no-style\" ><div id=\"pgc-w6144bce1584b2-0-0\"  class=\"panel-grid-cell\" ><div id=\"panel-w6144bce1584b2-0-0-0\" class=\"so-panel widget widget_media_gallery panel-first-child panel-last-child\" data-index=\"0\" ><div class=\"panel-widget-style panel-widget-style-for-w6144bce1584b2-0-0-0\" ><div id='gallery-1' class='gallery galleryid-2489 gallery-columns-6 gallery-size-medium'><figure class='gallery-item'>\n\t\t\t<div class='gallery-icon landscape'>\n\t\t\t\t<img loading=\"lazy\" decoding=\"async\" width=\"200\" height=\"134\" src=\"http:\/\/www.reprolam.com\/wp-content\/uploads\/2021\/09\/dosim1.jpg\" class=\"attachment-medium size-medium\" alt=\"\" \/>\n\t\t\t<\/div><\/figure><figure class='gallery-item'>\n\t\t\t<div class='gallery-icon portrait'>\n\t\t\t\t<img loading=\"lazy\" decoding=\"async\" width=\"236\" height=\"253\" src=\"http:\/\/www.reprolam.com\/wp-content\/uploads\/2021\/09\/dosis2.jpg\" class=\"attachment-medium size-medium\" alt=\"\" \/>\n\t\t\t<\/div><\/figure><figure class='gallery-item'>\n\t\t\t<div class='gallery-icon portrait'>\n\t\t\t\t<img loading=\"lazy\" decoding=\"async\" width=\"243\" height=\"300\" src=\"http:\/\/www.reprolam.com\/wp-content\/uploads\/2021\/09\/dosim3-243x300.jpg\" class=\"attachment-medium size-medium\" alt=\"\" srcset=\"http:\/\/www.reprolam.com\/wp-content\/uploads\/2021\/09\/dosim3-243x300.jpg 243w, http:\/\/www.reprolam.com\/wp-content\/uploads\/2021\/09\/dosim3.jpg 251w\" sizes=\"(max-width: 243px) 100vw, 243px\" \/>\n\t\t\t<\/div><\/figure><figure class='gallery-item'>\n\t\t\t<div class='gallery-icon landscape'>\n\t\t\t\t<img loading=\"lazy\" decoding=\"async\" width=\"300\" height=\"197\" src=\"http:\/\/www.reprolam.com\/wp-content\/uploads\/2021\/09\/dosim4-300x197.jpg\" class=\"attachment-medium size-medium\" alt=\"\" srcset=\"http:\/\/www.reprolam.com\/wp-content\/uploads\/2021\/09\/dosim4-300x197.jpg 300w, http:\/\/www.reprolam.com\/wp-content\/uploads\/2021\/09\/dosim4.jpg 538w\" sizes=\"(max-width: 300px) 100vw, 300px\" \/>\n\t\t\t<\/div><\/figure><figure class='gallery-item'>\n\t\t\t<div class='gallery-icon landscape'>\n\t\t\t\t<img loading=\"lazy\" decoding=\"async\" width=\"300\" height=\"278\" src=\"http:\/\/www.reprolam.com\/wp-content\/uploads\/2021\/09\/dosim5-300x278.jpg\" class=\"attachment-medium size-medium\" alt=\"\" srcset=\"http:\/\/www.reprolam.com\/wp-content\/uploads\/2021\/09\/dosim5-300x278.jpg 300w, http:\/\/www.reprolam.com\/wp-content\/uploads\/2021\/09\/dosim5.jpg 428w\" sizes=\"(max-width: 300px) 100vw, 300px\" \/>\n\t\t\t<\/div><\/figure><figure class='gallery-item'>\n\t\t\t<div class='gallery-icon portrait'>\n\t\t\t\t<img loading=\"lazy\" decoding=\"async\" width=\"238\" height=\"300\" src=\"http:\/\/www.reprolam.com\/wp-content\/uploads\/2021\/09\/dosism6-238x300.jpg\" class=\"attachment-medium size-medium\" alt=\"\" srcset=\"http:\/\/www.reprolam.com\/wp-content\/uploads\/2021\/09\/dosism6-238x300.jpg 238w, http:\/\/www.reprolam.com\/wp-content\/uploads\/2021\/09\/dosism6.jpg 301w\" sizes=\"(max-width: 238px) 100vw, 238px\" \/>\n\t\t\t<\/div><\/figure><figure class='gallery-item'>\n\t\t\t<div class='gallery-icon landscape'>\n\t\t\t\t<img loading=\"lazy\" decoding=\"async\" width=\"289\" height=\"222\" src=\"http:\/\/www.reprolam.com\/wp-content\/uploads\/2021\/09\/dosim7.jpg\" class=\"attachment-medium size-medium\" alt=\"\" \/>\n\t\t\t<\/div><\/figure><figure class='gallery-item'>\n\t\t\t<div class='gallery-icon landscape'>\n\t\t\t\t<img loading=\"lazy\" decoding=\"async\" width=\"300\" height=\"182\" src=\"http:\/\/www.reprolam.com\/wp-content\/uploads\/2021\/09\/dosim8-300x182.jpg\" class=\"attachment-medium size-medium\" alt=\"\" srcset=\"http:\/\/www.reprolam.com\/wp-content\/uploads\/2021\/09\/dosim8-300x182.jpg 300w, http:\/\/www.reprolam.com\/wp-content\/uploads\/2021\/09\/dosim8.jpg 431w\" sizes=\"(max-width: 300px) 100vw, 300px\" \/>\n\t\t\t<\/div><\/figure><figure class='gallery-item'>\n\t\t\t<div class='gallery-icon landscape'>\n\t\t\t\t<img loading=\"lazy\" decoding=\"async\" width=\"238\" height=\"212\" src=\"http:\/\/www.reprolam.com\/wp-content\/uploads\/2021\/09\/dosim9.jpg\" class=\"attachment-medium size-medium\" alt=\"\" \/>\n\t\t\t<\/div><\/figure><figure class='gallery-item'>\n\t\t\t<div class='gallery-icon portrait'>\n\t\t\t\t<img loading=\"lazy\" decoding=\"async\" width=\"289\" height=\"300\" src=\"http:\/\/www.reprolam.com\/wp-content\/uploads\/2021\/09\/dosim10-289x300.jpg\" class=\"attachment-medium size-medium\" alt=\"\" srcset=\"http:\/\/www.reprolam.com\/wp-content\/uploads\/2021\/09\/dosim10-289x300.jpg 289w, http:\/\/www.reprolam.com\/wp-content\/uploads\/2021\/09\/dosim10.jpg 357w\" sizes=\"(max-width: 289px) 100vw, 289px\" \/>\n\t\t\t<\/div><\/figure><figure class='gallery-item'>\n\t\t\t<div class='gallery-icon landscape'>\n\t\t\t\t<img loading=\"lazy\" decoding=\"async\" width=\"280\" height=\"99\" src=\"http:\/\/www.reprolam.com\/wp-content\/uploads\/2021\/09\/dosim11.jpg\" class=\"attachment-medium size-medium\" alt=\"\" \/>\n\t\t\t<\/div><\/figure><figure class='gallery-item'>\n\t\t\t<div class='gallery-icon landscape'>\n\t\t\t\t<img loading=\"lazy\" decoding=\"async\" width=\"300\" height=\"141\" src=\"http:\/\/www.reprolam.com\/wp-content\/uploads\/2021\/09\/dosim12-300x141.jpg\" class=\"attachment-medium size-medium\" alt=\"\" srcset=\"http:\/\/www.reprolam.com\/wp-content\/uploads\/2021\/09\/dosim12-300x141.jpg 300w, http:\/\/www.reprolam.com\/wp-content\/uploads\/2021\/09\/dosim12.jpg 518w\" sizes=\"(max-width: 300px) 100vw, 300px\" \/>\n\t\t\t<\/div><\/figure>\n\t\t<\/div>\n<\/div><\/div><\/div><\/div><\/div><\/div><\/div><\/div><\/div><\/div><div id=\"pg-gb2489-69f82095f077e-1\"  class=\"panel-grid panel-has-style\" ><div class=\"panel-row-style panel-row-style-for-gb2489-69f82095f077e-1\" ><div id=\"pgc-gb2489-69f82095f077e-1-0\"  class=\"panel-grid-cell\" ><div id=\"panel-gb2489-69f82095f077e-1-0-0\" class=\"so-panel widget widget_sow-editor panel-first-child panel-last-child\" data-index=\"1\" ><div class=\"panel-widget-style panel-widget-style-for-gb2489-69f82095f077e-1-0-0\" ><div\n\t\t\t\n\t\t\tclass=\"so-widget-sow-editor so-widget-sow-editor-base\"\n\t\t\t\n\t\t>\n<div class=\"siteorigin-widget-tinymce textwidget\">\n\t\n<table id=\"tablepress-32\" class=\"tablepress tablepress-id-32\">\n<thead>\n<tr class=\"row-1\">\n\t<th class=\"column-1\">COD. REG.<\/th><th class=\"column-2\">CENTROS PROVEEDORES<\/th><th class=\"column-3\">DOSIMETRO &#8211; CUERPO ENTERO<\/th><th class=\"column-4\">DOSIMETRO &#8211; ANILLO<\/th><th class=\"column-5\">DOSIMETRO &#8211; MU\u00f1ECA<\/th><th class=\"column-6\">DOSIMETRO &#8211; CRISTALINOS<\/th>\n<\/tr>\n<\/thead>\n<tbody class=\"row-striping row-hover\">\n<tr class=\"row-2\">\n\t<td class=\"column-1\">LDE-001<\/td><td class=\"column-2\">Instituto de Salud P\u00fablica de Chile<\/td><td class=\"column-3\">FOMMA FILM y PANASONIC TLD<\/td><td class=\"column-4\">\u2026<\/td><td class=\"column-5\">\u2026<\/td><td class=\"column-6\">\u2026<\/td>\n<\/tr>\n<tr class=\"row-3\">\n\t<td class=\"column-1\">LDE-002<\/td><td class=\"column-2\">DOSIMET CHILE<\/td><td class=\"column-3\">PANASONIC<\/td><td class=\"column-4\">\u2026<\/td><td class=\"column-5\">\u2026<\/td><td class=\"column-6\">\u2026<\/td>\n<\/tr>\n<tr class=\"row-4\">\n\t<td class=\"column-1\">LDE-003<\/td><td class=\"column-2\">Tecnof\u00edsica, S.A. de C.V.<\/td><td class=\"column-3\">MIRION TECHNOLOGIES<\/td><td class=\"column-4\">MIRION TECHNOLOGIES<\/td><td class=\"column-5\">\u2026<\/td><td class=\"column-6\">\u2026<\/td>\n<\/tr>\n<tr class=\"row-5\">\n\t<td class=\"column-1\">LDE-004<\/td><td class=\"column-2\">Sievert SAS<\/td><td class=\"column-3\">PANASONIC<\/td><td class=\"column-4\">\u2026<\/td><td class=\"column-5\">\u2026<\/td><td class=\"column-6\">\u2026<\/td>\n<\/tr>\n<tr class=\"row-6\">\n\t<td class=\"column-1\">LDE-005<\/td><td class=\"column-2\">Comisi\u00f3n Nacional de Energ\u00eda At\u00f3mica<\/td><td class=\"column-3\">HARSHAW  y THERMO FISHER<\/td><td class=\"column-4\">DISE\u00d1O PROPIO &#8211; CON CRISTALES THERMO<\/td><td class=\"column-5\">THERMO FISHER<\/td><td class=\"column-6\">THERMO FISHER<\/td>\n<\/tr>\n<tr class=\"row-7\">\n\t<td class=\"column-1\">LDE-006<\/td><td class=\"column-2\">Centro de Proteccion e Higiene de las Radiaciones (CPHR)<\/td><td class=\"column-3\">RADOS<\/td><td class=\"column-4\">CPHR y RADOS<\/td><td class=\"column-5\">\u2026<\/td><td class=\"column-6\">CPHR y RADOS<\/td>\n<\/tr>\n<tr class=\"row-8\">\n\t<td class=\"column-1\">LDE-007<\/td><td class=\"column-2\">Universidad Nacional Aut\u00f3noma de Honduras<\/td><td class=\"column-3\">THERMO FISHER SCIENTIFIC <\/td><td class=\"column-4\">\u2026<\/td><td class=\"column-5\">\u2026<\/td><td class=\"column-6\">\u2026<\/td>\n<\/tr>\n<tr class=\"row-9\">\n\t<td class=\"column-1\">LDE-008<\/td><td class=\"column-2\">OSL Control Chile S.A<\/td><td class=\"column-3\">BeOSL DOSIMETRICS<\/td><td class=\"column-4\">BeOSL DOSIMETRICS<\/td><td class=\"column-5\">BeOSL DOSIMETRICS<\/td><td class=\"column-6\">BeOSL DOSIMETRICS<\/td>\n<\/tr>\n<tr class=\"row-10\">\n\t<td class=\"column-1\">LDE-009<\/td><td class=\"column-2\">Dosimetr\u00eda Personal S.A.S.<\/td><td class=\"column-3\">PANASONIC<\/td><td class=\"column-4\">PANASONIC<\/td><td class=\"column-5\">\u2026<\/td><td class=\"column-6\">PANASONIC<\/td>\n<\/tr>\n<tr class=\"row-11\">\n\t<td class=\"column-1\">LDE-010<\/td><td class=\"column-2\">Universidad Nacional Aut\u00f3noma de Nicaragua.Laboratorio de F\u00edsica de Radiaciones y Metrolog\u00eda (LAF-RAM).<\/td><td class=\"column-3\">RADCARD<\/td><td class=\"column-4\">RADCARD<\/td><td class=\"column-5\">\u2026<\/td><td class=\"column-6\">RADCARD<\/td>\n<\/tr>\n<tr class=\"row-12\">\n\t<td class=\"column-1\">LDE-011<\/td><td class=\"column-2\">Comisi\u00f3n Nacional de Seguridad Nuclear y Salvaguardias (CNSNS)<\/td><td class=\"column-3\">PANASONIC<\/td><td class=\"column-4\">\u2026<\/td><td class=\"column-5\">\u2026<\/td><td class=\"column-6\">\u2026<\/td>\n<\/tr>\n<tr class=\"row-13\">\n\t<td class=\"column-1\">LDE-012<\/td><td class=\"column-2\">Universidad Federal de Pernambuco <\/td><td class=\"column-3\">DOSIMETRICS<\/td><td class=\"column-4\">DOSIMETRICS \/ RADPRO<\/td><td class=\"column-5\">DOSIMETRICS \/ RADPRO<\/td><td class=\"column-6\">DOSIMETRICS<\/td>\n<\/tr>\n<tr class=\"row-14\">\n\t<td class=\"column-1\">LDE-013<\/td><td class=\"column-2\">Sapra Landauer servi\u00e7o de Assessoria e Prote\u00e7\u00e3o Radiol\u00f3gica <\/td><td class=\"column-3\">INLIGHT<\/td><td class=\"column-4\">SAPRA ( TLD &#8211; Harshaw)<\/td><td class=\"column-5\">LANDAUER<\/td><td class=\"column-6\">HARSHAW<\/td>\n<\/tr>\n<tr class=\"row-15\">\n\t<td class=\"column-1\">LDE-014<\/td><td class=\"column-2\">Instituto de F\u00edsica &#8211; Universidade S. Paulo<\/td><td class=\"column-3\">DISE\u00d1O PROPIO &#8211;  (TLD-100 + CaF2 natural)<\/td><td class=\"column-4\">\u2026<\/td><td class=\"column-5\">\u2026<\/td><td class=\"column-6\">\u2026<\/td>\n<\/tr>\n<tr class=\"row-16\">\n\t<td class=\"column-1\">LDE-015<\/td><td class=\"column-2\">Instituto de Radioprote\u00e7\u00e3o e Dosimetria<\/td><td class=\"column-3\">IRD<\/td><td class=\"column-4\">\u2026<\/td><td class=\"column-5\">\u2026<\/td><td class=\"column-6\">\u2026<\/td>\n<\/tr>\n<tr class=\"row-17\">\n\t<td class=\"column-1\">LDE-016<\/td><td class=\"column-2\">TEC-RAD<\/td><td class=\"column-3\">TEC-RAD<\/td><td class=\"column-4\">\u2026<\/td><td class=\"column-5\">TEC-TAD<\/td><td class=\"column-6\">\u2026<\/td>\n<\/tr>\n<tr class=\"row-18\">\n\t<td class=\"column-1\">LDE-017<\/td><td class=\"column-2\">Eletrobras Eletronuclear<\/td><td class=\"column-3\">PANASONIC<\/td><td class=\"column-4\">PANASONIC<\/td><td class=\"column-5\">PANASONIC<\/td><td class=\"column-6\">PANASONIC<\/td>\n<\/tr>\n<tr class=\"row-19\">\n\t<td class=\"column-1\">LDE-018<\/td><td class=\"column-2\">Pro-Rad Consultores em Radioprote\u00e7\u00e3o<\/td><td class=\"column-3\">PRO-RAD<\/td><td class=\"column-4\">\u2026<\/td><td class=\"column-5\">\u2026<\/td><td class=\"column-6\">\u2026<\/td>\n<\/tr>\n<tr class=\"row-20\">\n\t<td class=\"column-1\">LDE-019<\/td><td class=\"column-2\">MKS Protecci\u00f3n Radiol\u00f3gica<\/td><td class=\"column-3\">SISTEMA FILM MKS-DUS\u00ae y BeOSL de Dosimetrics<\/td><td class=\"column-4\">DOSIMETRICS BeOSL<\/td><td class=\"column-5\">DOSIMETRICS BeOSL y FILM MKS-DUS\u00ae<\/td><td class=\"column-6\">DOSIMETRICS BeOSL<\/td>\n<\/tr>\n<tr class=\"row-21\">\n\t<td class=\"column-1\">LDE-020<\/td><td class=\"column-2\">Centro de Investigaciones y Aplicaciones Nucleares<\/td><td class=\"column-3\">HARSHAW<\/td><td class=\"column-4\">HARSHAW<\/td><td class=\"column-5\">\u2026<\/td><td class=\"column-6\">\u2026<\/td>\n<\/tr>\n<tr class=\"row-22\">\n\t<td class=\"column-1\">LDE-021<\/td><td class=\"column-2\">Centro At\u00f3mico Bariloche &#8211; Comisi\u00f3n Nacional de Energ\u00eda At\u00f3mica<\/td><td class=\"column-3\">HARSHAW<\/td><td class=\"column-4\">\u2026<\/td><td class=\"column-5\">HARSHAW<\/td><td class=\"column-6\">\u2026<\/td>\n<\/tr>\n<tr class=\"row-23\">\n\t<td class=\"column-1\">LDE-022<\/td><td class=\"column-2\">RADMEDICAL S DE RL DE CV<\/td><td class=\"column-3\">DOSIMETRICS GMBH<\/td><td class=\"column-4\">DOSIMETRICS GMBH<\/td><td class=\"column-5\">\u2026<\/td><td class=\"column-6\">DOSIMETRICS GMBH<\/td>\n<\/tr>\n<tr class=\"row-24\">\n\t<td class=\"column-1\">LDE-023<\/td><td class=\"column-2\">Fundacion Escuela de Medicina Nuclear<\/td><td class=\"column-3\">PANASONIC<\/td><td class=\"column-4\">PANASONIC<\/td><td class=\"column-5\">PANASONIC<\/td><td class=\"column-6\">PANASONIC<\/td>\n<\/tr>\n<tr class=\"row-25\">\n\t<td class=\"column-1\">LDE-024<\/td><td class=\"column-2\">Nuclear Control Argentina<\/td><td class=\"column-3\">LANDAUER<\/td><td class=\"column-4\">\u2026<\/td><td class=\"column-5\">LANDAUER<\/td><td class=\"column-6\">\u2026<\/td>\n<\/tr>\n<tr class=\"row-26\">\n\t<td class=\"column-1\">LDE-025<\/td><td class=\"column-2\">CICANUM-Universidad de Costa Rica<\/td><td class=\"column-3\">HARSHAW<\/td><td class=\"column-4\">HARSHAW<\/td><td class=\"column-5\">HARSHAW<\/td><td class=\"column-6\">HARSHAW<\/td>\n<\/tr>\n<tr class=\"row-27\">\n\t<td class=\"column-1\">LDE-026<\/td><td class=\"column-2\">Autoridad Regulatoria Nuclear<\/td><td class=\"column-3\">NA<\/td><td class=\"column-4\">NA<\/td><td class=\"column-5\">\u2026<\/td><td class=\"column-6\">\u2026<\/td>\n<\/tr>\n<tr class=\"row-28\">\n\t<td class=\"column-1\">LDE-027<\/td><td class=\"column-2\">NASA Atucha<\/td><td class=\"column-3\">HARSHAW<\/td><td class=\"column-4\">HARSHAW<\/td><td class=\"column-5\">HARSHAW<\/td><td class=\"column-6\">HARSHAW<\/td>\n<\/tr>\n<tr class=\"row-29\">\n\t<td class=\"column-1\">LDE-028<\/td><td class=\"column-2\">Dosicontrol<\/td><td class=\"column-3\">DOSIMETRICS<\/td><td class=\"column-4\">DOSIMETRICS<\/td><td class=\"column-5\">DOSIMETRICS<\/td><td class=\"column-6\">DOSIMETRICS<\/td>\n<\/tr>\n<tr class=\"row-30\">\n\t<td class=\"column-1\">LDE-029<\/td><td class=\"column-2\">Pontificia Universidad Cat\u00f3lica de Chile<\/td><td class=\"column-3\">HARSHAW<\/td><td class=\"column-4\">HARSHAW<\/td><td class=\"column-5\">\u2026<\/td><td class=\"column-6\">\u2026<\/td>\n<\/tr>\n<tr class=\"row-31\">\n\t<td class=\"column-1\">LDE-030<\/td><td class=\"column-2\">Minist erio de Industria, Energ\u00eda y Miner\u00eda<\/td><td class=\"column-3\">HARSHAW<\/td><td class=\"column-4\">HARSHAW<\/td><td class=\"column-5\">HARSHAW<\/td><td class=\"column-6\">HARSHAW<\/td>\n<\/tr>\n<tr class=\"row-32\">\n\t<td class=\"column-1\">LDE-031<\/td><td class=\"column-2\">Hospital de Especialidades Carlos Andrade Mar\u00edn<\/td><td class=\"column-3\">THERMO SCIENTIFIC<\/td><td class=\"column-4\">THERMO SCIENTIFIC<\/td><td class=\"column-5\">\u2026<\/td><td class=\"column-6\">\u2026<\/td>\n<\/tr>\n<\/tbody>\n<\/table>\n<!-- #tablepress-32 from cache -->\n<\/div>\n<\/div><\/div><\/div><\/div><\/div><\/div><\/div>\n\n\n<p><\/p>\n","protected":false},"excerpt":{"rendered":"","protected":false},"author":1,"featured_media":0,"parent":2381,"menu_order":0,"comment_status":"closed","ping_status":"closed","template":"page-templates\/page-builder.php","meta":{"footnotes":""},"_links":{"self":[{"href":"http:\/\/www.reprolam.com\/index.php?rest_route=\/wp\/v2\/pages\/2489"}],"collection":[{"href":"http:\/\/www.reprolam.com\/index.php?rest_route=\/wp\/v2\/pages"}],"about":[{"href":"http:\/\/www.reprolam.com\/index.php?rest_route=\/wp\/v2\/types\/page"}],"author":[{"embeddable":true,"href":"http:\/\/www.reprolam.com\/index.php?rest_route=\/wp\/v2\/users\/1"}],"replies":[{"embeddable":true,"href":"http:\/\/www.reprolam.com\/index.php?rest_route=%2Fwp%2Fv2%2Fcomments&post=2489"}],"version-history":[{"count":10,"href":"http:\/\/www.reprolam.com\/index.php?rest_route=\/wp\/v2\/pages\/2489\/revisions"}],"predecessor-version":[{"id":2757,"href":"http:\/\/www.reprolam.com\/index.php?rest_route=\/wp\/v2\/pages\/2489\/revisions\/2757"}],"up":[{"embeddable":true,"href":"http:\/\/www.reprolam.com\/index.php?rest_route=\/wp\/v2\/pages\/2381"}],"wp:attachment":[{"href":"http:\/\/www.reprolam.com\/index.php?rest_route=%2Fwp%2Fv2%2Fmedia&parent=2489"}],"curies":[{"name":"wp","href":"https:\/\/api.w.org\/{rel}","templated":true}]}}