{"id":2551,"date":"2021-09-09T15:47:56","date_gmt":"2021-09-09T15:47:56","guid":{"rendered":"http:\/\/www.reprolam.com\/?page_id=2551"},"modified":"2021-10-06T19:56:16","modified_gmt":"2021-10-06T19:56:16","slug":"cantidad-de-toes-de-las-practicas-medicas-monitoreados-por-servicios-de-dosimetria-externa","status":"publish","type":"page","link":"http:\/\/www.reprolam.com\/?page_id=2551","title":{"rendered":"Cantidad de TOEs  de las Pr\u00e1cticas M\u00e9dicas monitoreados por Servicios de Dosimetr\u00eda Externa."},"content":{"rendered":"<div id=\"pl-gb2551-69f820fd7a78b\"  class=\"panel-layout\" ><div id=\"pg-gb2551-69f820fd7a78b-0\"  class=\"panel-grid panel-has-style\" ><div class=\"panel-row-style panel-row-style-for-gb2551-69f820fd7a78b-0\" ><div id=\"pgc-gb2551-69f820fd7a78b-0-0\"  class=\"panel-grid-cell\" ><div id=\"panel-gb2551-69f820fd7a78b-0-0-0\" class=\"so-panel widget widget_sow-editor panel-first-child panel-last-child\" data-index=\"0\" ><div class=\"panel-widget-style panel-widget-style-for-gb2551-69f820fd7a78b-0-0-0\" ><div\n\t\t\t\n\t\t\tclass=\"so-widget-sow-editor so-widget-sow-editor-base\"\n\t\t\t\n\t\t>\n<div class=\"siteorigin-widget-tinymce textwidget\">\n\t<p><img loading=\"lazy\" decoding=\"async\" class=\"aligncenter size-large wp-image-2553\" src=\"http:\/\/www.reprolam.com\/wp-content\/uploads\/2021\/09\/radioterap-1024x480.png\" alt=\"\" width=\"750\" height=\"352\" srcset=\"http:\/\/www.reprolam.com\/wp-content\/uploads\/2021\/09\/radioterap-1024x480.png 1024w, http:\/\/www.reprolam.com\/wp-content\/uploads\/2021\/09\/radioterap-300x141.png 300w, http:\/\/www.reprolam.com\/wp-content\/uploads\/2021\/09\/radioterap-768x360.png 768w, http:\/\/www.reprolam.com\/wp-content\/uploads\/2021\/09\/radioterap-642x300.png 642w, http:\/\/www.reprolam.com\/wp-content\/uploads\/2021\/09\/radioterap.png 1364w\" sizes=\"(max-width: 750px) 100vw, 750px\" \/><\/p>\n<p>&nbsp;<\/p>\n<\/div>\n<\/div><\/div><\/div><\/div><div id=\"pgc-gb2551-69f820fd7a78b-0-1\"  class=\"panel-grid-cell\" ><div id=\"panel-gb2551-69f820fd7a78b-0-1-0\" class=\"so-panel widget widget_sow-editor panel-first-child panel-last-child\" data-index=\"1\" ><div class=\"panel-widget-style panel-widget-style-for-gb2551-69f820fd7a78b-0-1-0\" ><div\n\t\t\t\n\t\t\tclass=\"so-widget-sow-editor so-widget-sow-editor-base\"\n\t\t\t\n\t\t>\n<div class=\"siteorigin-widget-tinymce textwidget\">\n\t<p><span style=\"color: #0000ff;\"><strong>RADIOTERAPIA<\/strong><\/span><\/p>\n\n<table id=\"tablepress-37\" class=\"tablepress tablepress-id-37\">\n<thead>\n<tr class=\"row-1\">\n\t<th class=\"column-1\">SERVICIOS DOSIM\u00c9TRICOS<\/th><th class=\"column-2\">TOTAL DE TOES MONITOREADOS<\/th>\n<\/tr>\n<\/thead>\n<tbody class=\"row-striping row-hover\">\n<tr class=\"row-2\">\n\t<td class=\"column-1\">CUERPO ENTERO<\/td><td class=\"column-2\">7220<\/td>\n<\/tr>\n<tr class=\"row-3\">\n\t<td class=\"column-1\">ANILLO<\/td><td class=\"column-2\">250<\/td>\n<\/tr>\n<tr class=\"row-4\">\n\t<td class=\"column-1\">MU\u00d1ECA<\/td><td class=\"column-2\">240<\/td>\n<\/tr>\n<tr class=\"row-5\">\n\t<td class=\"column-1\">CRISTALINO<\/td><td class=\"column-2\">2<\/td>\n<\/tr>\n<\/tbody>\n<\/table>\n<!-- #tablepress-37 from cache -->\n<\/div>\n<\/div><\/div><\/div><\/div><\/div><\/div><div id=\"pg-gb2551-69f820fd7a78b-1\"  class=\"panel-grid panel-has-style\" ><div class=\"panel-row-style panel-row-style-for-gb2551-69f820fd7a78b-1\" ><div id=\"pgc-gb2551-69f820fd7a78b-1-0\"  class=\"panel-grid-cell\" ><div id=\"panel-gb2551-69f820fd7a78b-1-0-0\" class=\"so-panel widget widget_sow-editor panel-first-child panel-last-child\" data-index=\"2\" ><div class=\"panel-widget-style panel-widget-style-for-gb2551-69f820fd7a78b-1-0-0\" ><div\n\t\t\t\n\t\t\tclass=\"so-widget-sow-editor so-widget-sow-editor-base\"\n\t\t\t\n\t\t>\n<div class=\"siteorigin-widget-tinymce textwidget\">\n\t<p><img loading=\"lazy\" decoding=\"async\" class=\"aligncenter size-large wp-image-2564\" src=\"http:\/\/www.reprolam.com\/wp-content\/uploads\/2021\/09\/radioterap2-1024x493.png\" alt=\"\" width=\"750\" height=\"361\" srcset=\"http:\/\/www.reprolam.com\/wp-content\/uploads\/2021\/09\/radioterap2-1024x493.png 1024w, http:\/\/www.reprolam.com\/wp-content\/uploads\/2021\/09\/radioterap2-300x144.png 300w, http:\/\/www.reprolam.com\/wp-content\/uploads\/2021\/09\/radioterap2-768x369.png 768w, http:\/\/www.reprolam.com\/wp-content\/uploads\/2021\/09\/radioterap2.png 1393w\" sizes=\"(max-width: 750px) 100vw, 750px\" \/><\/p>\n<\/div>\n<\/div><\/div><\/div><\/div><div id=\"pgc-gb2551-69f820fd7a78b-1-1\"  class=\"panel-grid-cell\" ><div id=\"panel-gb2551-69f820fd7a78b-1-1-0\" class=\"so-panel widget widget_sow-editor panel-first-child panel-last-child\" data-index=\"3\" ><div class=\"panel-widget-style panel-widget-style-for-gb2551-69f820fd7a78b-1-1-0\" ><div\n\t\t\t\n\t\t\tclass=\"so-widget-sow-editor so-widget-sow-editor-base\"\n\t\t\t\n\t\t>\n<div class=\"siteorigin-widget-tinymce textwidget\">\n\t<p><span style=\"color: #0000ff;\"><strong>RADIOTERAPIA<\/strong><\/span><\/p>\n\n<table id=\"tablepress-38\" class=\"tablepress tablepress-id-38\">\n<thead>\n<tr class=\"row-1\">\n\t<th class=\"column-1\">SERVICIOS DOSIM\u00c9TRICOS<\/th><th class=\"column-2\">FOTONES<\/th><th class=\"column-3\">BETA<\/th><th class=\"column-4\">NEUTRONES<\/th>\n<\/tr>\n<\/thead>\n<tbody class=\"row-striping row-hover\">\n<tr class=\"row-2\">\n\t<td class=\"column-1\">CUERPO ENTERO<\/td><td class=\"column-2\">5747<\/td><td class=\"column-3\">1373<\/td><td class=\"column-4\">100<\/td>\n<\/tr>\n<tr class=\"row-3\">\n\t<td class=\"column-1\">ANILLO<\/td><td class=\"column-2\">250<\/td><td class=\"column-3\">0<\/td><td class=\"column-4\">0<\/td>\n<\/tr>\n<tr class=\"row-4\">\n\t<td class=\"column-1\">MU\u00d1ECA<\/td><td class=\"column-2\">120<\/td><td class=\"column-3\">120<\/td><td class=\"column-4\">0<\/td>\n<\/tr>\n<tr class=\"row-5\">\n\t<td class=\"column-1\">CRISTALINO<\/td><td class=\"column-2\">2<\/td><td class=\"column-3\">0<\/td><td class=\"column-4\">0<\/td>\n<\/tr>\n<\/tbody>\n<\/table>\n<!-- #tablepress-38 from cache -->\n<\/div>\n<\/div><\/div><\/div><\/div><\/div><\/div><div id=\"pg-gb2551-69f820fd7a78b-2\"  class=\"panel-grid panel-has-style\" ><div class=\"panel-row-style panel-row-style-for-gb2551-69f820fd7a78b-2\" ><div id=\"pgc-gb2551-69f820fd7a78b-2-0\"  class=\"panel-grid-cell\" ><div id=\"panel-gb2551-69f820fd7a78b-2-0-0\" class=\"so-panel widget widget_sow-editor panel-first-child panel-last-child\" data-index=\"4\" ><div class=\"panel-widget-style panel-widget-style-for-gb2551-69f820fd7a78b-2-0-0\" ><div\n\t\t\t\n\t\t\tclass=\"so-widget-sow-editor so-widget-sow-editor-base\"\n\t\t\t\n\t\t>\n<div class=\"siteorigin-widget-tinymce textwidget\">\n\t<p><img loading=\"lazy\" decoding=\"async\" class=\"aligncenter size-large wp-image-2571\" src=\"http:\/\/www.reprolam.com\/wp-content\/uploads\/2021\/09\/mednuclear-1024x476.png\" alt=\"\" width=\"750\" height=\"349\" srcset=\"http:\/\/www.reprolam.com\/wp-content\/uploads\/2021\/09\/mednuclear-1024x476.png 1024w, http:\/\/www.reprolam.com\/wp-content\/uploads\/2021\/09\/mednuclear-300x139.png 300w, http:\/\/www.reprolam.com\/wp-content\/uploads\/2021\/09\/mednuclear-768x357.png 768w, http:\/\/www.reprolam.com\/wp-content\/uploads\/2021\/09\/mednuclear-750x350.png 750w, http:\/\/www.reprolam.com\/wp-content\/uploads\/2021\/09\/mednuclear-642x300.png 642w, http:\/\/www.reprolam.com\/wp-content\/uploads\/2021\/09\/mednuclear.png 1364w\" sizes=\"(max-width: 750px) 100vw, 750px\" \/><\/p>\n<\/div>\n<\/div><\/div><\/div><\/div><div id=\"pgc-gb2551-69f820fd7a78b-2-1\"  class=\"panel-grid-cell\" ><div id=\"panel-gb2551-69f820fd7a78b-2-1-0\" class=\"so-panel widget widget_sow-editor panel-first-child panel-last-child\" data-index=\"5\" ><div class=\"panel-widget-style panel-widget-style-for-gb2551-69f820fd7a78b-2-1-0\" ><div\n\t\t\t\n\t\t\tclass=\"so-widget-sow-editor so-widget-sow-editor-base\"\n\t\t\t\n\t\t>\n<div class=\"siteorigin-widget-tinymce textwidget\">\n\t<p><span style=\"color: #0000ff;\"><strong>MEDICINA NUCLEAR<\/strong><\/span><\/p>\n\n<table id=\"tablepress-39\" class=\"tablepress tablepress-id-39\">\n<thead>\n<tr class=\"row-1\">\n\t<th class=\"column-1\">SERVICIOS DOSIM\u00c9TRICOS<\/th><th class=\"column-2\">TOTAL DE TOES MONITOREADOS<\/th><td class=\"column-3\"><\/td>\n<\/tr>\n<\/thead>\n<tbody class=\"row-striping row-hover\">\n<tr class=\"row-2\">\n\t<td class=\"column-1\">CUERPO ENTERO<\/td><td class=\"column-2\">8788<\/td><td class=\"column-3\"><\/td>\n<\/tr>\n<tr class=\"row-3\">\n\t<td class=\"column-1\">ANILLO<\/td><td class=\"column-2\">456<\/td><td class=\"column-3\"><\/td>\n<\/tr>\n<tr class=\"row-4\">\n\t<td class=\"column-1\">MU\u00d1ECA<\/td><td class=\"column-2\">2103<\/td><td class=\"column-3\"><\/td>\n<\/tr>\n<tr class=\"row-5\">\n\t<td class=\"column-1\">CRISTALINO<\/td><td class=\"column-2\">23<\/td><td class=\"column-3\"><\/td>\n<\/tr>\n<\/tbody>\n<\/table>\n<!-- #tablepress-39 from cache -->\n<\/div>\n<\/div><\/div><\/div><\/div><\/div><\/div><div id=\"pg-gb2551-69f820fd7a78b-3\"  class=\"panel-grid panel-has-style\" ><div class=\"panel-row-style panel-row-style-for-gb2551-69f820fd7a78b-3\" ><div id=\"pgc-gb2551-69f820fd7a78b-3-0\"  class=\"panel-grid-cell\" ><div id=\"panel-gb2551-69f820fd7a78b-3-0-0\" class=\"so-panel widget widget_sow-editor panel-first-child panel-last-child\" data-index=\"6\" ><div class=\"panel-widget-style panel-widget-style-for-gb2551-69f820fd7a78b-3-0-0\" ><div\n\t\t\t\n\t\t\tclass=\"so-widget-sow-editor so-widget-sow-editor-base\"\n\t\t\t\n\t\t>\n<div class=\"siteorigin-widget-tinymce textwidget\">\n\t<p><img loading=\"lazy\" decoding=\"async\" class=\"aligncenter size-large wp-image-2572\" src=\"http:\/\/www.reprolam.com\/wp-content\/uploads\/2021\/09\/mednuclear2-1024x492.png\" alt=\"\" width=\"750\" height=\"360\" srcset=\"http:\/\/www.reprolam.com\/wp-content\/uploads\/2021\/09\/mednuclear2-1024x492.png 1024w, http:\/\/www.reprolam.com\/wp-content\/uploads\/2021\/09\/mednuclear2-300x144.png 300w, http:\/\/www.reprolam.com\/wp-content\/uploads\/2021\/09\/mednuclear2-768x369.png 768w, http:\/\/www.reprolam.com\/wp-content\/uploads\/2021\/09\/mednuclear2.png 1393w\" sizes=\"(max-width: 750px) 100vw, 750px\" \/><\/p>\n<\/div>\n<\/div><\/div><\/div><\/div><div id=\"pgc-gb2551-69f820fd7a78b-3-1\"  class=\"panel-grid-cell\" ><div id=\"panel-gb2551-69f820fd7a78b-3-1-0\" class=\"so-panel widget widget_sow-editor panel-first-child panel-last-child\" data-index=\"7\" ><div class=\"panel-widget-style panel-widget-style-for-gb2551-69f820fd7a78b-3-1-0\" ><div\n\t\t\t\n\t\t\tclass=\"so-widget-sow-editor so-widget-sow-editor-base\"\n\t\t\t\n\t\t>\n<div class=\"siteorigin-widget-tinymce textwidget\">\n\t<p><span style=\"color: #0000ff;\"><strong>MEDICINA NUCLEAR<\/strong><\/span><\/p>\n\n<table id=\"tablepress-40\" class=\"tablepress tablepress-id-40\">\n<thead>\n<tr class=\"row-1\">\n\t<th class=\"column-1\">SERVICIOS DOSIM\u00c9TRICOS<\/th><th class=\"column-2\">FOTONES<\/th><th class=\"column-3\">BETA<\/th><th class=\"column-4\">NEUTRONES<\/th>\n<\/tr>\n<\/thead>\n<tbody class=\"row-striping row-hover\">\n<tr class=\"row-2\">\n\t<td class=\"column-1\">CUERPO ENTERO<\/td><td class=\"column-2\">7593<\/td><td class=\"column-3\">1171<\/td><td class=\"column-4\">24<\/td>\n<\/tr>\n<tr class=\"row-3\">\n\t<td class=\"column-1\">ANILLO<\/td><td class=\"column-2\">404<\/td><td class=\"column-3\">31<\/td><td class=\"column-4\">21<\/td>\n<\/tr>\n<tr class=\"row-4\">\n\t<td class=\"column-1\">MU\u00d1ECA<\/td><td class=\"column-2\">1803<\/td><td class=\"column-3\">300<\/td><td class=\"column-4\">0<\/td>\n<\/tr>\n<tr class=\"row-5\">\n\t<td class=\"column-1\">CRISTALINO<\/td><td class=\"column-2\">13<\/td><td class=\"column-3\">10<\/td><td class=\"column-4\">0<\/td>\n<\/tr>\n<\/tbody>\n<\/table>\n<!-- #tablepress-40 from cache -->\n<\/div>\n<\/div><\/div><\/div><\/div><\/div><\/div><div id=\"pg-gb2551-69f820fd7a78b-4\"  class=\"panel-grid panel-has-style\" ><div class=\"panel-row-style panel-row-style-for-gb2551-69f820fd7a78b-4\" ><div id=\"pgc-gb2551-69f820fd7a78b-4-0\"  class=\"panel-grid-cell\" ><div id=\"panel-gb2551-69f820fd7a78b-4-0-0\" class=\"so-panel widget widget_sow-editor panel-first-child panel-last-child\" data-index=\"8\" ><div class=\"panel-widget-style panel-widget-style-for-gb2551-69f820fd7a78b-4-0-0\" ><div\n\t\t\t\n\t\t\tclass=\"so-widget-sow-editor so-widget-sow-editor-base\"\n\t\t\t\n\t\t>\n<div class=\"siteorigin-widget-tinymce textwidget\">\n\t<p><img loading=\"lazy\" decoding=\"async\" class=\"aligncenter size-large wp-image-2574\" src=\"http:\/\/www.reprolam.com\/wp-content\/uploads\/2021\/09\/radiologia-1024x476.png\" alt=\"\" width=\"750\" height=\"349\" srcset=\"http:\/\/www.reprolam.com\/wp-content\/uploads\/2021\/09\/radiologia-1024x476.png 1024w, http:\/\/www.reprolam.com\/wp-content\/uploads\/2021\/09\/radiologia-300x139.png 300w, http:\/\/www.reprolam.com\/wp-content\/uploads\/2021\/09\/radiologia-768x357.png 768w, http:\/\/www.reprolam.com\/wp-content\/uploads\/2021\/09\/radiologia-750x350.png 750w, http:\/\/www.reprolam.com\/wp-content\/uploads\/2021\/09\/radiologia-642x300.png 642w, http:\/\/www.reprolam.com\/wp-content\/uploads\/2021\/09\/radiologia.png 1364w\" sizes=\"(max-width: 750px) 100vw, 750px\" \/><\/p>\n<p>&nbsp;<\/p>\n<\/div>\n<\/div><\/div><\/div><\/div><div id=\"pgc-gb2551-69f820fd7a78b-4-1\"  class=\"panel-grid-cell\" ><div id=\"panel-gb2551-69f820fd7a78b-4-1-0\" class=\"so-panel widget widget_sow-editor panel-first-child panel-last-child\" data-index=\"9\" ><div class=\"panel-widget-style panel-widget-style-for-gb2551-69f820fd7a78b-4-1-0\" ><div\n\t\t\t\n\t\t\tclass=\"so-widget-sow-editor so-widget-sow-editor-base\"\n\t\t\t\n\t\t>\n<div class=\"siteorigin-widget-tinymce textwidget\">\n\t<p><span style=\"color: #0000ff;\"><strong>RADIOLOG\u00cdA<\/strong><\/span><\/p>\n\n<table id=\"tablepress-42\" class=\"tablepress tablepress-id-42\">\n<thead>\n<tr class=\"row-1\">\n\t<th class=\"column-1\">SERVICIOS DOSIM\u00c9TRICOS<\/th><th class=\"column-2\">TOTAL DE TOES MONITOREADOS<\/th><td class=\"column-3\"><\/td>\n<\/tr>\n<\/thead>\n<tbody class=\"row-striping row-hover\">\n<tr class=\"row-2\">\n\t<td class=\"column-1\">CUERPO ENTERO<\/td><td class=\"column-2\">109295<\/td><td class=\"column-3\"><\/td>\n<\/tr>\n<tr class=\"row-3\">\n\t<td class=\"column-1\">ANILLO<\/td><td class=\"column-2\">109<\/td><td class=\"column-3\"><\/td>\n<\/tr>\n<tr class=\"row-4\">\n\t<td class=\"column-1\">MU\u00d1ECA<\/td><td class=\"column-2\">903<\/td><td class=\"column-3\"><\/td>\n<\/tr>\n<tr class=\"row-5\">\n\t<td class=\"column-1\">CRISTALINO<\/td><td class=\"column-2\">75<\/td><td class=\"column-3\"><\/td>\n<\/tr>\n<\/tbody>\n<\/table>\n<!-- #tablepress-42 from cache -->\n<\/div>\n<\/div><\/div><\/div><\/div><\/div><\/div><div id=\"pg-gb2551-69f820fd7a78b-5\"  class=\"panel-grid panel-has-style\" ><div class=\"panel-row-style panel-row-style-for-gb2551-69f820fd7a78b-5\" ><div id=\"pgc-gb2551-69f820fd7a78b-5-0\"  class=\"panel-grid-cell\" ><div id=\"panel-gb2551-69f820fd7a78b-5-0-0\" class=\"so-panel widget widget_sow-editor panel-first-child panel-last-child\" data-index=\"10\" ><div class=\"panel-widget-style panel-widget-style-for-gb2551-69f820fd7a78b-5-0-0\" ><div\n\t\t\t\n\t\t\tclass=\"so-widget-sow-editor so-widget-sow-editor-base\"\n\t\t\t\n\t\t>\n<div class=\"siteorigin-widget-tinymce textwidget\">\n\t<p><img loading=\"lazy\" decoding=\"async\" class=\"aligncenter wp-image-2576 size-large\" src=\"http:\/\/www.reprolam.com\/wp-content\/uploads\/2021\/09\/radiologia2-1024x493.png\" alt=\"\" width=\"750\" height=\"361\" srcset=\"http:\/\/www.reprolam.com\/wp-content\/uploads\/2021\/09\/radiologia2-1024x493.png 1024w, http:\/\/www.reprolam.com\/wp-content\/uploads\/2021\/09\/radiologia2-300x144.png 300w, http:\/\/www.reprolam.com\/wp-content\/uploads\/2021\/09\/radiologia2-768x369.png 768w, http:\/\/www.reprolam.com\/wp-content\/uploads\/2021\/09\/radiologia2.png 1393w\" sizes=\"(max-width: 750px) 100vw, 750px\" \/><\/p>\n<p>&nbsp;<\/p>\n<\/div>\n<\/div><\/div><\/div><\/div><div id=\"pgc-gb2551-69f820fd7a78b-5-1\"  class=\"panel-grid-cell\" ><div id=\"panel-gb2551-69f820fd7a78b-5-1-0\" class=\"so-panel widget widget_sow-editor panel-first-child panel-last-child\" data-index=\"11\" ><div class=\"panel-widget-style panel-widget-style-for-gb2551-69f820fd7a78b-5-1-0\" ><div\n\t\t\t\n\t\t\tclass=\"so-widget-sow-editor so-widget-sow-editor-base\"\n\t\t\t\n\t\t>\n<div class=\"siteorigin-widget-tinymce textwidget\">\n\t<p><span style=\"color: #0000ff;\"><strong>RADIOLOG\u00cdA<\/strong><\/span><\/p>\n\n<table id=\"tablepress-43\" class=\"tablepress tablepress-id-43\">\n<thead>\n<tr class=\"row-1\">\n\t<th class=\"column-1\">SERVICIOS DOSIM\u00c9TRICOS<\/th><th class=\"column-2\">FOTONES<\/th><th class=\"column-3\">BETA<\/th><th class=\"column-4\">NEUTRONES<\/th>\n<\/tr>\n<\/thead>\n<tbody class=\"row-striping row-hover\">\n<tr class=\"row-2\">\n\t<td class=\"column-1\"><\/td><td class=\"column-2\"><\/td><td class=\"column-3\"><\/td><td class=\"column-4\"><\/td>\n<\/tr>\n<tr class=\"row-3\">\n\t<td class=\"column-1\">CUERPO ENTERO<\/td><td class=\"column-2\">101615<\/td><td class=\"column-3\">7680<\/td><td class=\"column-4\">0<\/td>\n<\/tr>\n<tr class=\"row-4\">\n\t<td class=\"column-1\">ANILLO<\/td><td class=\"column-2\">108<\/td><td class=\"column-3\">0<\/td><td class=\"column-4\">1<\/td>\n<\/tr>\n<tr class=\"row-5\">\n\t<td class=\"column-1\">MU\u00d1ECA<\/td><td class=\"column-2\">703<\/td><td class=\"column-3\">200<\/td><td class=\"column-4\">0<\/td>\n<\/tr>\n<tr class=\"row-6\">\n\t<td class=\"column-1\">CRISTALINO<\/td><td class=\"column-2\">55<\/td><td class=\"column-3\">20<\/td><td class=\"column-4\">0<\/td>\n<\/tr>\n<\/tbody>\n<\/table>\n<!-- #tablepress-43 from cache -->\n<\/div>\n<\/div><\/div><\/div><\/div><\/div><\/div><\/div>\n\n\n<p><\/p>\n","protected":false},"excerpt":{"rendered":"<p>&nbsp; RADIOTERAPIA RADIOTERAPIA<\/p>\n","protected":false},"author":1,"featured_media":0,"parent":2381,"menu_order":0,"comment_status":"closed","ping_status":"closed","template":"page-templates\/page-builder.php","meta":{"footnotes":""},"_links":{"self":[{"href":"http:\/\/www.reprolam.com\/index.php?rest_route=\/wp\/v2\/pages\/2551"}],"collection":[{"href":"http:\/\/www.reprolam.com\/index.php?rest_route=\/wp\/v2\/pages"}],"about":[{"href":"http:\/\/www.reprolam.com\/index.php?rest_route=\/wp\/v2\/types\/page"}],"author":[{"embeddable":true,"href":"http:\/\/www.reprolam.com\/index.php?rest_route=\/wp\/v2\/users\/1"}],"replies":[{"embeddable":true,"href":"http:\/\/www.reprolam.com\/index.php?rest_route=%2Fwp%2Fv2%2Fcomments&post=2551"}],"version-history":[{"count":24,"href":"http:\/\/www.reprolam.com\/index.php?rest_route=\/wp\/v2\/pages\/2551\/revisions"}],"predecessor-version":[{"id":3161,"href":"http:\/\/www.reprolam.com\/index.php?rest_route=\/wp\/v2\/pages\/2551\/revisions\/3161"}],"up":[{"embeddable":true,"href":"http:\/\/www.reprolam.com\/index.php?rest_route=\/wp\/v2\/pages\/2381"}],"wp:attachment":[{"href":"http:\/\/www.reprolam.com\/index.php?rest_route=%2Fwp%2Fv2%2Fmedia&parent=2551"}],"curies":[{"name":"wp","href":"https:\/\/api.w.org\/{rel}","templated":true}]}}