{"id":2897,"date":"2021-09-21T23:54:28","date_gmt":"2021-09-21T23:54:28","guid":{"rendered":"http:\/\/www.reprolam.com\/?page_id=2897"},"modified":"2021-10-13T14:27:17","modified_gmt":"2021-10-13T14:27:17","slug":"servicios-de-dosimetria-externa-con-sistemas-de-gestion-de-calidad-implementados-y-acreditados-por-la-autoridad-nacional-competente","status":"publish","type":"page","link":"http:\/\/www.reprolam.com\/?page_id=2897","title":{"rendered":"Servicios de Dosimetr\u00eda Externa con Sistemas de Gesti\u00f3n de Calidad implementados y Acreditados por la Autoridad Nacional competente."},"content":{"rendered":"<div id=\"pl-gb2897-69f821093d621\"  class=\"panel-layout\" ><div id=\"pg-gb2897-69f821093d621-0\"  class=\"panel-grid panel-has-style\" ><div class=\"panel-row-style panel-row-style-for-gb2897-69f821093d621-0\" ><div id=\"pgc-gb2897-69f821093d621-0-0\"  class=\"panel-grid-cell\" ><div id=\"panel-gb2897-69f821093d621-0-0-0\" class=\"so-panel widget widget_siteorigin-panels-builder panel-first-child panel-last-child\" data-index=\"0\" ><div class=\"panel-widget-style panel-widget-style-for-gb2897-69f821093d621-0-0-0\" ><div id=\"pl-w6166ecb41830d\"  class=\"panel-layout\" ><div id=\"pg-w6166ecb41830d-0\"  class=\"panel-grid panel-no-style\" ><div id=\"pgc-w6166ecb41830d-0-0\"  class=\"panel-grid-cell\" ><div id=\"panel-w6166ecb41830d-0-0-0\" class=\"so-panel widget widget_sow-editor panel-first-child panel-last-child\" data-index=\"0\" ><div\n\t\t\t\n\t\t\tclass=\"so-widget-sow-editor so-widget-sow-editor-base\"\n\t\t\t\n\t\t>\n<div class=\"siteorigin-widget-tinymce textwidget\">\n\t<p><img loading=\"lazy\" decoding=\"async\" class=\"aligncenter wp-image-2898 size-large\" src=\"http:\/\/www.reprolam.com\/wp-content\/uploads\/2021\/09\/chart1rep19-1024x482.png\" alt=\"\" width=\"750\" height=\"353\" srcset=\"http:\/\/www.reprolam.com\/wp-content\/uploads\/2021\/09\/chart1rep19-1024x482.png 1024w, http:\/\/www.reprolam.com\/wp-content\/uploads\/2021\/09\/chart1rep19-300x141.png 300w, http:\/\/www.reprolam.com\/wp-content\/uploads\/2021\/09\/chart1rep19-768x362.png 768w, http:\/\/www.reprolam.com\/wp-content\/uploads\/2021\/09\/chart1rep19.png 1293w\" sizes=\"(max-width: 750px) 100vw, 750px\" \/><\/p>\n<\/div>\n<\/div><\/div><\/div><div id=\"pgc-w6166ecb41830d-0-1\"  class=\"panel-grid-cell\" ><div id=\"panel-w6166ecb41830d-0-1-0\" class=\"so-panel widget widget_sow-editor panel-first-child panel-last-child\" data-index=\"1\" ><div class=\"panel-widget-style panel-widget-style-for-w6166ecb41830d-0-1-0\" ><div\n\t\t\t\n\t\t\tclass=\"so-widget-sow-editor so-widget-sow-editor-base\"\n\t\t\t\n\t\t>\n<div class=\"siteorigin-widget-tinymce textwidget\">\n\t<p><img loading=\"lazy\" decoding=\"async\" class=\"aligncenter wp-image-2899 size-full\" src=\"http:\/\/www.reprolam.com\/wp-content\/uploads\/2021\/09\/img1rep19.jpg\" alt=\"\" width=\"512\" height=\"288\" srcset=\"http:\/\/www.reprolam.com\/wp-content\/uploads\/2021\/09\/img1rep19.jpg 512w, http:\/\/www.reprolam.com\/wp-content\/uploads\/2021\/09\/img1rep19-300x169.jpg 300w\" sizes=\"(max-width: 512px) 100vw, 512px\" \/><\/p>\n<\/div>\n<\/div><\/div><\/div><\/div><\/div><\/div><\/div><\/div><\/div><\/div><\/div><div id=\"pg-gb2897-69f821093d621-1\"  class=\"panel-grid panel-has-style\" ><div class=\"panel-row-style panel-row-style-for-gb2897-69f821093d621-1\" ><div id=\"pgc-gb2897-69f821093d621-1-0\"  class=\"panel-grid-cell\" ><div id=\"panel-gb2897-69f821093d621-1-0-0\" class=\"so-panel widget widget_siteorigin-panels-builder panel-first-child panel-last-child\" data-index=\"1\" ><div class=\"panel-widget-style panel-widget-style-for-gb2897-69f821093d621-1-0-0\" ><div id=\"pl-w6166ecb41cc8a\"  class=\"panel-layout\" ><div id=\"pg-w6166ecb41cc8a-0\"  class=\"panel-grid panel-no-style\" ><div id=\"pgc-w6166ecb41cc8a-0-0\"  class=\"panel-grid-cell\" ><div id=\"panel-w6166ecb41cc8a-0-0-0\" class=\"so-panel widget widget_sow-editor panel-first-child panel-last-child\" data-index=\"0\" ><div\n\t\t\t\n\t\t\tclass=\"so-widget-sow-editor so-widget-sow-editor-base\"\n\t\t\t\n\t\t>\n<div class=\"siteorigin-widget-tinymce textwidget\">\n\t<p><img loading=\"lazy\" decoding=\"async\" class=\"aligncenter wp-image-2900 size-large\" src=\"http:\/\/www.reprolam.com\/wp-content\/uploads\/2021\/09\/chart2img19-1024x483.png\" alt=\"\" width=\"750\" height=\"354\" srcset=\"http:\/\/www.reprolam.com\/wp-content\/uploads\/2021\/09\/chart2img19-1024x483.png 1024w, http:\/\/www.reprolam.com\/wp-content\/uploads\/2021\/09\/chart2img19-300x141.png 300w, http:\/\/www.reprolam.com\/wp-content\/uploads\/2021\/09\/chart2img19-768x362.png 768w, http:\/\/www.reprolam.com\/wp-content\/uploads\/2021\/09\/chart2img19.png 1294w\" sizes=\"(max-width: 750px) 100vw, 750px\" \/><\/p>\n<\/div>\n<\/div><\/div><\/div><div id=\"pgc-w6166ecb41cc8a-0-1\"  class=\"panel-grid-cell\" ><div id=\"panel-w6166ecb41cc8a-0-1-0\" class=\"so-panel widget widget_sow-editor panel-first-child panel-last-child\" data-index=\"1\" ><div class=\"panel-widget-style panel-widget-style-for-w6166ecb41cc8a-0-1-0\" ><div\n\t\t\t\n\t\t\tclass=\"so-widget-sow-editor so-widget-sow-editor-base\"\n\t\t\t\n\t\t>\n<div class=\"siteorigin-widget-tinymce textwidget\">\n\t<p><img loading=\"lazy\" decoding=\"async\" class=\"aligncenter wp-image-2901 \" src=\"http:\/\/www.reprolam.com\/wp-content\/uploads\/2021\/09\/img2rep19.jpg\" alt=\"\" width=\"294\" height=\"357\" srcset=\"http:\/\/www.reprolam.com\/wp-content\/uploads\/2021\/09\/img2rep19.jpg 329w, http:\/\/www.reprolam.com\/wp-content\/uploads\/2021\/09\/img2rep19-247x300.jpg 247w\" sizes=\"(max-width: 294px) 100vw, 294px\" \/><\/p>\n<\/div>\n<\/div><\/div><\/div><\/div><\/div><\/div><\/div><\/div><\/div><\/div><\/div><div id=\"pg-gb2897-69f821093d621-2\"  class=\"panel-grid panel-has-style\" ><div class=\"panel-row-style panel-row-style-for-gb2897-69f821093d621-2\" ><div id=\"pgc-gb2897-69f821093d621-2-0\"  class=\"panel-grid-cell\" ><div id=\"panel-gb2897-69f821093d621-2-0-0\" class=\"so-panel widget widget_sow-editor panel-first-child panel-last-child\" data-index=\"2\" ><div class=\"panel-widget-style panel-widget-style-for-gb2897-69f821093d621-2-0-0\" ><div\n\t\t\t\n\t\t\tclass=\"so-widget-sow-editor so-widget-sow-editor-base\"\n\t\t\t\n\t\t>\n<div class=\"siteorigin-widget-tinymce textwidget\">\n\t\n<table id=\"tablepress-58\" class=\"tablepress tablepress-id-58\">\n<thead>\n<tr class=\"row-1\">\n\t<th class=\"column-1\">LABORATORIOS<\/th><th class=\"column-2\">PA\u00cdS<\/th><th class=\"column-3\">\u00bfTienen un SGC implementado?<\/th><th class=\"column-4\">Norma Utilizada<\/th><th class=\"column-5\">\u00bfEst\u00e1n Acreditados?<\/th><th class=\"column-6\">Autoridad que emite la Acreditaci\u00f3n<\/th><th class=\"column-7\">Servicios o ensayos est\u00e1n Acreditados<\/th>\n<\/tr>\n<\/thead>\n<tbody class=\"row-striping row-hover\">\n<tr class=\"row-2\">\n\t<td class=\"column-1\">Laboratorio de Dosimetria Externa (LDE) &#8211; CPHR<\/td><td class=\"column-2\">Cuba<\/td><td class=\"column-3\">Si<\/td><td class=\"column-4\">ISO 17205: 2017 (versi\u00f3n vigente)<\/td><td class=\"column-5\">No<\/td><td class=\"column-6\">Organo Nacional de Acreditacion (ONARC)<\/td><td class=\"column-7\">Cuerpo entero, Anillo<\/td>\n<\/tr>\n<tr class=\"row-3\">\n\t<td class=\"column-1\">Sapra Landauer Servi\u00e7o de Assessoria e Prote\u00e7\u00e3o Radiol\u00f3gica<\/td><td class=\"column-2\">Brasil<\/td><td class=\"column-3\">Si<\/td><td class=\"column-4\">ISO 17205: 2006 (versi\u00f3n anterior)<\/td><td class=\"column-5\">Si<\/td><td class=\"column-6\">CASEC\/IRD\/CNEN<\/td><td class=\"column-7\">Cuerpo entero<\/td>\n<\/tr>\n<tr class=\"row-4\">\n\t<td class=\"column-1\">Laborat\u00f3rio de Dosimetria de F\u00f3tons &#8211; IRD<\/td><td class=\"column-2\">Brasil<\/td><td class=\"column-3\">Si<\/td><td class=\"column-4\">ISO 17205: 2017 (versi\u00f3n vigente)<\/td><td class=\"column-5\">No<\/td><td class=\"column-6\">No tenemos acreditaci\u00f3n por Autoridad<\/td><td class=\"column-7\">Ninguno<\/td>\n<\/tr>\n<tr class=\"row-5\">\n\t<td class=\"column-1\">TEC-RAD<\/td><td class=\"column-2\">Brasil<\/td><td class=\"column-3\">Si<\/td><td class=\"column-4\">ISO 17205: 2017 (versi\u00f3n vigente)<\/td><td class=\"column-5\">No<\/td><td class=\"column-6\">INMETRO<\/td><td class=\"column-7\">Ninguno<\/td>\n<\/tr>\n<tr class=\"row-6\">\n\t<td class=\"column-1\">Pro-Rad Consultores em Radioprote\u00e7\u00e3o<\/td><td class=\"column-2\">Brasil<\/td><td class=\"column-3\">Si<\/td><td class=\"column-4\">ISO 17205: 2006 (versi\u00f3n anterior)<\/td><td class=\"column-5\">No<\/td><td class=\"column-6\">INMETRO<\/td><td class=\"column-7\">Ninguno<\/td>\n<\/tr>\n<tr class=\"row-7\">\n\t<td class=\"column-1\">Dosimetr\u00eda Personal S.A.S.<\/td><td class=\"column-2\">Colombia<\/td><td class=\"column-3\">No<\/td><td class=\"column-4\">ISO 17205: 2006 (versi\u00f3n anterior)<\/td><td class=\"column-5\">No<\/td><td class=\"column-6\">ONAC<\/td><td class=\"column-7\">Ninguno<\/td>\n<\/tr>\n<tr class=\"row-8\">\n\t<td class=\"column-1\">Laboratorio de Dosimetr\u00eda &#8211; CNSNS<\/td><td class=\"column-2\">M\u00e9xico<\/td><td class=\"column-3\">No<\/td><td class=\"column-4\">ISO 17205: 2006 (versi\u00f3n anterior)<\/td><td class=\"column-5\">No<\/td><td class=\"column-6\">&#8212;<\/td><td class=\"column-7\">Ninguno<\/td>\n<\/tr>\n<tr class=\"row-9\">\n\t<td class=\"column-1\">MKS Protecci\u00f3n Radiol\u00f3gica<\/td><td class=\"column-2\">Argentina<\/td><td class=\"column-3\">Si<\/td><td class=\"column-4\">ISO 17205: 2017 (versi\u00f3n vigente)<\/td><td class=\"column-5\">No<\/td><td class=\"column-6\">Certificaci\u00f3n T\u00dcV Rheinland Argentina<\/td><td class=\"column-7\">Ninguno<\/td>\n<\/tr>\n<tr class=\"row-10\">\n\t<td class=\"column-1\">Laboratorio de Dosimetria Externa LDE, LAF-RAM<\/td><td class=\"column-2\">Nicaragua<\/td><td class=\"column-3\">Si<\/td><td class=\"column-4\">ISO 17205: 2017 (versi\u00f3n vigente)<\/td><td class=\"column-5\">No<\/td><td class=\"column-6\">Oficina Nacional de Acreditaci\u00f3n &#8211; ONA<\/td><td class=\"column-7\">Ninguno<\/td>\n<\/tr>\n<tr class=\"row-11\">\n\t<td class=\"column-1\">Tecnof\u00edsica, S.A. de C.V.<\/td><td class=\"column-2\">M\u00e9xico<\/td><td class=\"column-3\">No<\/td><td class=\"column-4\">ISO 17205: 2017 (versi\u00f3n vigente)<\/td><td class=\"column-5\">No<\/td><td class=\"column-6\">No existe<\/td><td class=\"column-7\">Ninguno<\/td>\n<\/tr>\n<tr class=\"row-12\">\n\t<td class=\"column-1\">Radiofisica Sanitaria &#8211; FUESMEN<\/td><td class=\"column-2\">Argentina<\/td><td class=\"column-3\">No<\/td><td class=\"column-4\">ISO 17205: 2006 (versi\u00f3n anterior)<\/td><td class=\"column-5\">No<\/td><td class=\"column-6\">no acreditado<\/td><td class=\"column-7\">Cuerpo entero<\/td>\n<\/tr>\n<tr class=\"row-13\">\n\t<td class=\"column-1\">Laboratorio de Dosimetria &#8211; ISP DE CHILE<\/td><td class=\"column-2\">Chile<\/td><td class=\"column-3\">Si<\/td><td class=\"column-4\">ISO 17205: 2006 (versi\u00f3n anterior)<\/td><td class=\"column-5\">Si<\/td><td class=\"column-6\">NO LO SE<\/td><td class=\"column-7\">Cuerpo entero<\/td>\n<\/tr>\n<tr class=\"row-14\">\n\t<td class=\"column-1\">Nuclear Control Argentina<\/td><td class=\"column-2\">Argentina<\/td><td class=\"column-3\">No<\/td><td class=\"column-4\">ISO 17205: 2006 (versi\u00f3n anterior)<\/td><td class=\"column-5\">No<\/td><td class=\"column-6\">Ministerio de Salud<\/td><td class=\"column-7\">Cuerpo entero, Mu\u00f1eca<\/td>\n<\/tr>\n<tr class=\"row-15\">\n\t<td class=\"column-1\">Laboratorio de dosimetr\u00eda por termoluminiscencia &#8211; ARN<\/td><td class=\"column-2\">Argentina<\/td><td class=\"column-3\">Si<\/td><td class=\"column-4\">ISO 17205: 2017 (versi\u00f3n vigente)<\/td><td class=\"column-5\">Si<\/td><td class=\"column-6\">Organismo Argentino de Acreditaci\u00f3n<\/td><td class=\"column-7\">Cuerpo entero<\/td>\n<\/tr>\n<tr class=\"row-16\">\n\t<td class=\"column-1\">Laboratorio de dosimetr\u00eda personal externa &#8211; CIAN<\/td><td class=\"column-2\">El Salvador<\/td><td class=\"column-3\">No<\/td><td class=\"column-4\">ISO 17205: 2017 (versi\u00f3n vigente)<\/td><td class=\"column-5\">No<\/td><td class=\"column-6\">No aplica<\/td><td class=\"column-7\">Ninguno<\/td>\n<\/tr>\n<tr class=\"row-17\">\n\t<td class=\"column-1\">Laboratorio de Dosimetr\u00eda Personal &#8211; Hospital de Esp. Carlos Andrade Mar\u00edn<\/td><td class=\"column-2\">Ecuador<\/td><td class=\"column-3\">Si<\/td><td class=\"column-4\">ISO 17205: 2006 (versi\u00f3n anterior)<\/td><td class=\"column-5\">No<\/td><td class=\"column-6\">No est\u00e1 acreditado<\/td><td class=\"column-7\">Ninguno<\/td>\n<\/tr>\n<tr class=\"row-18\">\n\t<td class=\"column-1\">Laboratorio de Termoluminiscencia &#8211; CICANUM<\/td><td class=\"column-2\">Costa Rica<\/td><td class=\"column-3\">Si<\/td><td class=\"column-4\">ISO 17205: 2017 (versi\u00f3n vigente)<\/td><td class=\"column-5\">Si<\/td><td class=\"column-6\">Ente Costarricense de Acreditaci\u00f3n<\/td><td class=\"column-7\">Cuerpo entero, Anillo, Mu\u00f1eca, Cristalino<\/td>\n<\/tr>\n<tr class=\"row-19\">\n\t<td class=\"column-1\">Laboratorio de dosimetr\u00eda personal externa &#8211; MIEM<\/td><td class=\"column-2\">Uruguay<\/td><td class=\"column-3\">Si<\/td><td class=\"column-4\">ISO 17205: 2017 (versi\u00f3n vigente)<\/td><td class=\"column-5\">No<\/td><td class=\"column-6\">na<\/td><td class=\"column-7\">Ninguno<\/td>\n<\/tr>\n<\/tbody>\n<\/table>\n<!-- #tablepress-58 from cache -->\n<\/div>\n<\/div><\/div><\/div><\/div><\/div><\/div><\/div>\n\n\n<p><\/p>\n","protected":false},"excerpt":{"rendered":"","protected":false},"author":1,"featured_media":0,"parent":2381,"menu_order":0,"comment_status":"closed","ping_status":"closed","template":"page-templates\/page-builder.php","meta":{"footnotes":""},"_links":{"self":[{"href":"http:\/\/www.reprolam.com\/index.php?rest_route=\/wp\/v2\/pages\/2897"}],"collection":[{"href":"http:\/\/www.reprolam.com\/index.php?rest_route=\/wp\/v2\/pages"}],"about":[{"href":"http:\/\/www.reprolam.com\/index.php?rest_route=\/wp\/v2\/types\/page"}],"author":[{"embeddable":true,"href":"http:\/\/www.reprolam.com\/index.php?rest_route=\/wp\/v2\/users\/1"}],"replies":[{"embeddable":true,"href":"http:\/\/www.reprolam.com\/index.php?rest_route=%2Fwp%2Fv2%2Fcomments&post=2897"}],"version-history":[{"count":3,"href":"http:\/\/www.reprolam.com\/index.php?rest_route=\/wp\/v2\/pages\/2897\/revisions"}],"predecessor-version":[{"id":3198,"href":"http:\/\/www.reprolam.com\/index.php?rest_route=\/wp\/v2\/pages\/2897\/revisions\/3198"}],"up":[{"embeddable":true,"href":"http:\/\/www.reprolam.com\/index.php?rest_route=\/wp\/v2\/pages\/2381"}],"wp:attachment":[{"href":"http:\/\/www.reprolam.com\/index.php?rest_route=%2Fwp%2Fv2%2Fmedia&parent=2897"}],"curies":[{"name":"wp","href":"https:\/\/api.w.org\/{rel}","templated":true}]}}