{"id":2904,"date":"2021-09-21T23:58:06","date_gmt":"2021-09-21T23:58:06","guid":{"rendered":"http:\/\/www.reprolam.com\/?page_id=2904"},"modified":"2021-09-22T00:05:55","modified_gmt":"2021-09-22T00:05:55","slug":"participacion-en-intercomparaciones-e-intereses-de-organizacion-de-intercomparaciones-por-los-laboratorios-de-dosimetria-externa-de-la-region","status":"publish","type":"page","link":"http:\/\/www.reprolam.com\/?page_id=2904","title":{"rendered":"Participaci\u00f3n en intercomparaciones e intereses de organizaci\u00f3n de intercomparaciones por los Laboratorios de Dosimetr\u00eda Externa de la Regi\u00f3n."},"content":{"rendered":"<div id=\"pl-gb2904-69f820227efda\"  class=\"panel-layout\" ><div id=\"pg-gb2904-69f820227efda-0\"  class=\"panel-grid panel-has-style\" ><div class=\"panel-row-style panel-row-style-for-gb2904-69f820227efda-0\" ><div id=\"pgc-gb2904-69f820227efda-0-0\"  class=\"panel-grid-cell\" ><div id=\"panel-gb2904-69f820227efda-0-0-0\" class=\"so-panel widget widget_siteorigin-panels-builder panel-first-child panel-last-child\" data-index=\"0\" ><div class=\"panel-widget-style panel-widget-style-for-gb2904-69f820227efda-0-0-0\" ><div id=\"pl-w614a735da443d\"  class=\"panel-layout\" ><div id=\"pg-w614a735da443d-0\"  class=\"panel-grid panel-no-style\" ><div id=\"pgc-w614a735da443d-0-0\"  class=\"panel-grid-cell\" ><div id=\"panel-w614a735da443d-0-0-0\" class=\"so-panel widget widget_sow-editor panel-first-child panel-last-child\" data-index=\"0\" ><div\n\t\t\t\n\t\t\tclass=\"so-widget-sow-editor so-widget-sow-editor-base\"\n\t\t\t\n\t\t>\n<div class=\"siteorigin-widget-tinymce textwidget\">\n\t<p><img loading=\"lazy\" decoding=\"async\" class=\"aligncenter  wp-image-2906\" src=\"http:\/\/www.reprolam.com\/wp-content\/uploads\/2021\/09\/rep20img1.png\" alt=\"\" width=\"119\" height=\"259\" srcset=\"http:\/\/www.reprolam.com\/wp-content\/uploads\/2021\/09\/rep20img1.png 208w, http:\/\/www.reprolam.com\/wp-content\/uploads\/2021\/09\/rep20img1-138x300.png 138w\" sizes=\"(max-width: 119px) 100vw, 119px\" \/><\/p>\n<\/div>\n<\/div><\/div><\/div><div id=\"pgc-w614a735da443d-0-1\"  class=\"panel-grid-cell\" ><div id=\"panel-w614a735da443d-0-1-0\" class=\"so-panel widget widget_sow-editor panel-first-child panel-last-child\" data-index=\"1\" ><div\n\t\t\t\n\t\t\tclass=\"so-widget-sow-editor so-widget-sow-editor-base\"\n\t\t\t\n\t\t>\n<div class=\"siteorigin-widget-tinymce textwidget\">\n\t<p><img loading=\"lazy\" decoding=\"async\" class=\"aligncenter  wp-image-2907\" src=\"http:\/\/www.reprolam.com\/wp-content\/uploads\/2021\/09\/rep20img2.jpg\" alt=\"\" width=\"383\" height=\"286\" srcset=\"http:\/\/www.reprolam.com\/wp-content\/uploads\/2021\/09\/rep20img2.jpg 390w, http:\/\/www.reprolam.com\/wp-content\/uploads\/2021\/09\/rep20img2-300x224.jpg 300w\" sizes=\"(max-width: 383px) 100vw, 383px\" \/><\/p>\n<\/div>\n<\/div><\/div><\/div><div id=\"pgc-w614a735da443d-0-2\"  class=\"panel-grid-cell\" ><div id=\"panel-w614a735da443d-0-2-0\" class=\"so-panel widget widget_sow-editor panel-first-child panel-last-child\" data-index=\"2\" ><div\n\t\t\t\n\t\t\tclass=\"so-widget-sow-editor so-widget-sow-editor-base\"\n\t\t\t\n\t\t>\n<div class=\"siteorigin-widget-tinymce textwidget\">\n\t<p><img loading=\"lazy\" decoding=\"async\" class=\"aligncenter  wp-image-2908\" src=\"http:\/\/www.reprolam.com\/wp-content\/uploads\/2021\/09\/rep20img3.jpg\" alt=\"\" width=\"328\" height=\"260\" srcset=\"http:\/\/www.reprolam.com\/wp-content\/uploads\/2021\/09\/rep20img3.jpg 378w, http:\/\/www.reprolam.com\/wp-content\/uploads\/2021\/09\/rep20img3-300x238.jpg 300w\" sizes=\"(max-width: 328px) 100vw, 328px\" \/><\/p>\n<\/div>\n<\/div><\/div><\/div><div id=\"pgc-w614a735da443d-0-3\"  class=\"panel-grid-cell\" ><div id=\"panel-w614a735da443d-0-3-0\" class=\"so-panel widget widget_sow-editor panel-first-child panel-last-child\" data-index=\"3\" ><div\n\t\t\t\n\t\t\tclass=\"so-widget-sow-editor so-widget-sow-editor-base\"\n\t\t\t\n\t\t>\n<div class=\"siteorigin-widget-tinymce textwidget\">\n\t<p><img loading=\"lazy\" decoding=\"async\" class=\"aligncenter  wp-image-2909\" src=\"http:\/\/www.reprolam.com\/wp-content\/uploads\/2021\/09\/rep20img4.png\" alt=\"\" width=\"180\" height=\"259\" \/><\/p>\n<\/div>\n<\/div><\/div><\/div><\/div><\/div><\/div><\/div><\/div><\/div><\/div><div id=\"pg-gb2904-69f820227efda-1\"  class=\"panel-grid panel-has-style\" ><div class=\"panel-row-style panel-row-style-for-gb2904-69f820227efda-1\" ><div id=\"pgc-gb2904-69f820227efda-1-0\"  class=\"panel-grid-cell\" ><div id=\"panel-gb2904-69f820227efda-1-0-0\" class=\"so-panel widget widget_sow-editor panel-first-child panel-last-child\" data-index=\"1\" ><div class=\"panel-widget-style panel-widget-style-for-gb2904-69f820227efda-1-0-0\" ><div\n\t\t\t\n\t\t\tclass=\"so-widget-sow-editor so-widget-sow-editor-base\"\n\t\t\t\n\t\t>\n<div class=\"siteorigin-widget-tinymce textwidget\">\n\t\n<table id=\"tablepress-59\" class=\"tablepress tablepress-id-59\">\n<thead>\n<tr class=\"row-1\">\n\t<th class=\"column-1\">LABORATORIOS<\/th><th class=\"column-2\">PA\u00cdS<\/th><th class=\"column-3\">Intercomparaciones en los \u00faltimos 2 a\u00f1os<\/th><th class=\"column-4\">Intercomparaciones que desear\u00eda fueran organizadas &#8211; Hp(10)<\/th><th class=\"column-5\">Intercomparaciones que desear\u00eda fueran organizadas &#8211; Hp(0.07)<\/th><th class=\"column-6\">Intercomparaciones que desear\u00eda fueran organizadas &#8211; Hp(3)<\/th><td class=\"column-7\"><\/td>\n<\/tr>\n<\/thead>\n<tbody class=\"row-striping row-hover\">\n<tr class=\"row-2\">\n\t<td class=\"column-1\">Laboratorio de Dosimetria Externa (LDE) &#8211; CPHR<\/td><td class=\"column-2\">Cuba<\/td><td class=\"column-3\">No<\/td><td class=\"column-4\">\u2026<\/td><td class=\"column-5\">\u2026<\/td><td class=\"column-6\">\u2026<\/td><td class=\"column-7\"><\/td>\n<\/tr>\n<tr class=\"row-3\">\n\t<td class=\"column-1\">Sapra Landauer Servi\u00e7o de Assessoria e Prote\u00e7\u00e3o Radiol\u00f3gica<\/td><td class=\"column-2\">Brasil<\/td><td class=\"column-3\">CASEC<\/td><td class=\"column-4\">2021<\/td><td class=\"column-5\">2022<\/td><td class=\"column-6\">1905-07-14 00:00:00<\/td><td class=\"column-7\"><\/td>\n<\/tr>\n<tr class=\"row-4\">\n\t<td class=\"column-1\">Laborat\u00f3rio de Dosimetria de F\u00f3tons &#8211; IRD<\/td><td class=\"column-2\">Brasil<\/td><td class=\"column-3\">Hp(10), 31\/10\/2020, EURADOS: Intercomparison 2020 for whole body dosemeters (IC2020ph)<\/td><td class=\"column-4\">2022, Fotones<\/td><td class=\"column-5\">\u2026<\/td><td class=\"column-6\">\u2026<\/td><td class=\"column-7\"><\/td>\n<\/tr>\n<tr class=\"row-5\">\n\t<td class=\"column-1\">TEC-RAD<\/td><td class=\"column-2\">Brasil<\/td><td class=\"column-3\">Hp(10), 01\/10\/2018, CNEN<\/td><td class=\"column-4\">2022, Fotones<\/td><td class=\"column-5\">2022, Fotones, Neutrones<\/td><td class=\"column-6\">\u2026<\/td><td class=\"column-7\"><\/td>\n<\/tr>\n<tr class=\"row-6\">\n\t<td class=\"column-1\">Pro-Rad Consultores em Radioprote\u00e7\u00e3o<\/td><td class=\"column-2\">Brasil<\/td><td class=\"column-3\">METRORADI 2017<\/td><td class=\"column-4\">2021, Fotones<\/td><td class=\"column-5\">2022, Fotones<\/td><td class=\"column-6\">2022, Fotones<\/td><td class=\"column-7\"><\/td>\n<\/tr>\n<tr class=\"row-7\">\n\t<td class=\"column-1\">Dosimetr\u00eda Personal S.A.S.<\/td><td class=\"column-2\">Colombia<\/td><td class=\"column-3\">No<\/td><td class=\"column-4\">2022<\/td><td class=\"column-5\">2022<\/td><td class=\"column-6\">\u2026<\/td><td class=\"column-7\"><\/td>\n<\/tr>\n<tr class=\"row-8\">\n\t<td class=\"column-1\">Laboratorio de Dosimetr\u00eda &#8211; CNSNS<\/td><td class=\"column-2\">M\u00e9xico<\/td><td class=\"column-3\">Hp(10), de manera continua 3 periodos al a\u00f1o, CNSNS<\/td><td class=\"column-4\">2021, 2022, 2023, Fotones<\/td><td class=\"column-5\">\u2026<\/td><td class=\"column-6\">\u2026<\/td><td class=\"column-7\"><\/td>\n<\/tr>\n<tr class=\"row-9\">\n\t<td class=\"column-1\">MKS Protecci\u00f3n Radiol\u00f3gica<\/td><td class=\"column-2\">Argentina<\/td><td class=\"column-3\">Hp(10), 2019, ARN<\/td><td class=\"column-4\">2021, 2022, 2023, Fotones<\/td><td class=\"column-5\">2021, 2022, 2023, Fotones<\/td><td class=\"column-6\">\u2026<\/td><td class=\"column-7\"><\/td>\n<\/tr>\n<tr class=\"row-10\">\n\t<td class=\"column-1\">Laboratorio de Dosimetria Externa LDE, LAF-RAM<\/td><td class=\"column-2\">Nicaragua<\/td><td class=\"column-3\">Hp(10) y Hp(0.07)<\/td><td class=\"column-4\">2021, Fotones<\/td><td class=\"column-5\">2021, Fotones<\/td><td class=\"column-6\">2021, Fotones<\/td><td class=\"column-7\"><\/td>\n<\/tr>\n<tr class=\"row-11\">\n\t<td class=\"column-1\">Tecnof\u00edsica, S.A. de C.V.<\/td><td class=\"column-2\">M\u00e9xico<\/td><td class=\"column-3\">Se Irradian dosimetros en K&amp;S Associates en USA cada 2 a\u00f1os para comparar lecturas.<\/td><td class=\"column-4\">2021, Fotones, Neutrones<\/td><td class=\"column-5\">2021, Fotones, Neutrones<\/td><td class=\"column-6\">2021, Fotones<\/td><td class=\"column-7\"><\/td>\n<\/tr>\n<tr class=\"row-12\">\n\t<td class=\"column-1\">Radiofisica Sanitaria &#8211; FUESMEN<\/td><td class=\"column-2\">Argentina<\/td><td class=\"column-3\">100% 2019 Ministerio Salud \/ Autoridad Regulatoria Nuclear<\/td><td class=\"column-4\">2021, 2022, 2023, Fotones, Beta<\/td><td class=\"column-5\">2021, 2022, 2023, Fotones, Beta<\/td><td class=\"column-6\">2021, 2022, 2023, Fotones, Beta<\/td><td class=\"column-7\"><\/td>\n<\/tr>\n<tr class=\"row-13\">\n\t<td class=\"column-1\">Laboratorio de Dosimetria &#8211; ISP DE CHILE<\/td><td class=\"column-2\">Chile<\/td><td class=\"column-3\">2018 HP(10) CUERPO ENTERO<\/td><td class=\"column-4\">2021, Fotones<\/td><td class=\"column-5\">\u2026<\/td><td class=\"column-6\">\u2026<\/td><td class=\"column-7\"><\/td>\n<\/tr>\n<tr class=\"row-14\">\n\t<td class=\"column-1\">Nuclear Control Argentina<\/td><td class=\"column-2\">Argentina<\/td><td class=\"column-3\">Hp(10) &#8211; septiembre 2019 &#8211; Autoridad Regulatoria Nuclear Argentina<\/td><td class=\"column-4\">2021, Fotones, Beta<\/td><td class=\"column-5\">2021, Fotones, Beta<\/td><td class=\"column-6\">\u2026<\/td><td class=\"column-7\"><\/td>\n<\/tr>\n<tr class=\"row-15\">\n\t<td class=\"column-1\">Laboratorio de dosimetr\u00eda por termoluminiscencia &#8211; ARN<\/td><td class=\"column-2\">Argentina<\/td><td class=\"column-3\">Hp(10) gamma. 2020. EURADOS<\/td><td class=\"column-4\">Fotones, Neutrones<\/td><td class=\"column-5\">Fotones, Beta<\/td><td class=\"column-6\">Fotones, Beta<\/td><td class=\"column-7\"><\/td>\n<\/tr>\n<tr class=\"row-16\">\n\t<td class=\"column-1\">Laboratorio de dosimetr\u00eda personal externa &#8211; CIAN<\/td><td class=\"column-2\">El Salvador<\/td><td class=\"column-3\">Para Hp(10),  6\/12\/2019  Departamento de energ\u00eda nuclear  de UFPE<\/td><td class=\"column-4\">2021, 2023, Fotones<\/td><td class=\"column-5\">2021, 2023, Fotones<\/td><td class=\"column-6\">1905-07-14 00:00:00<\/td><td class=\"column-7\"><\/td>\n<\/tr>\n<tr class=\"row-17\">\n\t<td class=\"column-1\">Laboratorio de Dosimetr\u00eda Personal &#8211; Hospital de Esp. Carlos Andrade Mar\u00edn<\/td><td class=\"column-2\">Ecuador<\/td><td class=\"column-3\">No<\/td><td class=\"column-4\">2021, Fotones, Beta, Neutrones<\/td><td class=\"column-5\">2021, Fotones, Beta, Neutrones<\/td><td class=\"column-6\">\u2026<\/td><td class=\"column-7\"><\/td>\n<\/tr>\n<tr class=\"row-18\">\n\t<td class=\"column-1\">Laboratorio de Termoluminiscencia &#8211; CICANUM<\/td><td class=\"column-2\">Costa Rica<\/td><td class=\"column-3\">LTE-MIEM 2019<br \/>\nLTE-LMRI 2019 (Interno)<br \/>\nLTE-Eurados 2020-2021<\/td><td class=\"column-4\">2021, 2022, 2023, Fotones, Beta, Neutrones<\/td><td class=\"column-5\">2021, 2022, 2023, Fotones<\/td><td class=\"column-6\">2021, 2022, 2023, Fotones<\/td><td class=\"column-7\"><\/td>\n<\/tr>\n<tr class=\"row-19\">\n\t<td class=\"column-1\">Laboratorio de dosimetr\u00eda personal externa &#8211; MIEM<\/td><td class=\"column-2\">Uruguay<\/td><td class=\"column-3\">EURADOS<\/td><td class=\"column-4\">\u2026<\/td><td class=\"column-5\">2022, Fotones<\/td><td class=\"column-6\">2021, 2022, Fotones<\/td><td class=\"column-7\"><\/td>\n<\/tr>\n<\/tbody>\n<\/table>\n<!-- #tablepress-59 from cache -->\n<\/div>\n<\/div><\/div><\/div><\/div><\/div><\/div><\/div>\n\n\n<p><\/p>\n","protected":false},"excerpt":{"rendered":"","protected":false},"author":1,"featured_media":0,"parent":2381,"menu_order":0,"comment_status":"closed","ping_status":"closed","template":"page-templates\/page-builder.php","meta":{"footnotes":""},"_links":{"self":[{"href":"http:\/\/www.reprolam.com\/index.php?rest_route=\/wp\/v2\/pages\/2904"}],"collection":[{"href":"http:\/\/www.reprolam.com\/index.php?rest_route=\/wp\/v2\/pages"}],"about":[{"href":"http:\/\/www.reprolam.com\/index.php?rest_route=\/wp\/v2\/types\/page"}],"author":[{"embeddable":true,"href":"http:\/\/www.reprolam.com\/index.php?rest_route=\/wp\/v2\/users\/1"}],"replies":[{"embeddable":true,"href":"http:\/\/www.reprolam.com\/index.php?rest_route=%2Fwp%2Fv2%2Fcomments&post=2904"}],"version-history":[{"count":5,"href":"http:\/\/www.reprolam.com\/index.php?rest_route=\/wp\/v2\/pages\/2904\/revisions"}],"predecessor-version":[{"id":2914,"href":"http:\/\/www.reprolam.com\/index.php?rest_route=\/wp\/v2\/pages\/2904\/revisions\/2914"}],"up":[{"embeddable":true,"href":"http:\/\/www.reprolam.com\/index.php?rest_route=\/wp\/v2\/pages\/2381"}],"wp:attachment":[{"href":"http:\/\/www.reprolam.com\/index.php?rest_route=%2Fwp%2Fv2%2Fmedia&parent=2904"}],"curies":[{"name":"wp","href":"https:\/\/api.w.org\/{rel}","templated":true}]}}