{"id":3066,"date":"2021-10-04T14:45:14","date_gmt":"2021-10-04T14:45:14","guid":{"rendered":"http:\/\/www.reprolam.com\/?page_id=3066"},"modified":"2021-10-04T16:22:25","modified_gmt":"2021-10-04T16:22:25","slug":"reprolam-webinar-kit-de-herramientas-para-la-implementacion-de-las-10-acciones-del-llamado-de-bonn","status":"publish","type":"page","link":"http:\/\/www.reprolam.com\/?page_id=3066","title":{"rendered":"REPROLAM WEBINAR \u2013  \u201cKit de herramientas para la implementaci\u00f3n de las 10 Acciones del Llamado de Bonn\u201d"},"content":{"rendered":"<div id=\"pl-gb3066-69d668a06a0d7\"  class=\"panel-layout\" ><div id=\"pg-gb3066-69d668a06a0d7-0\"  class=\"panel-grid panel-has-style\" ><div class=\"panel-row-style panel-row-style-for-gb3066-69d668a06a0d7-0\" ><div id=\"pgc-gb3066-69d668a06a0d7-0-0\"  class=\"panel-grid-cell\" ><div id=\"panel-gb3066-69d668a06a0d7-0-0-0\" class=\"so-panel widget widget_sow-editor panel-first-child panel-last-child\" data-index=\"0\" ><div class=\"panel-widget-style panel-widget-style-for-gb3066-69d668a06a0d7-0-0-0\" ><div\n\t\t\t\n\t\t\tclass=\"so-widget-sow-editor so-widget-sow-editor-base\"\n\t\t\t\n\t\t>\n<div class=\"siteorigin-widget-tinymce textwidget\">\n\t<p style=\"text-align: right;\">Publicado en Web de REPROLAM: 01\/10\/2021<\/p>\n<p style=\"text-align: center;\"><strong>Fecha: 28 de Octubre 2021\u00a0\u00a0 Hora: 11:00hs &#8211; Brasilia<\/strong><\/p>\n<p><img loading=\"lazy\" decoding=\"async\" class=\"aligncenter wp-image-3067 size-large\" src=\"http:\/\/www.reprolam.com\/wp-content\/uploads\/2021\/10\/banner-1024x176.jpg\" alt=\"\" width=\"750\" height=\"129\" srcset=\"http:\/\/www.reprolam.com\/wp-content\/uploads\/2021\/10\/banner-1024x176.jpg 1024w, http:\/\/www.reprolam.com\/wp-content\/uploads\/2021\/10\/banner-300x52.jpg 300w, http:\/\/www.reprolam.com\/wp-content\/uploads\/2021\/10\/banner-768x132.jpg 768w, http:\/\/www.reprolam.com\/wp-content\/uploads\/2021\/10\/banner-1536x264.jpg 1536w, http:\/\/www.reprolam.com\/wp-content\/uploads\/2021\/10\/banner-2048x352.jpg 2048w\" sizes=\"(max-width: 750px) 100vw, 750px\" \/><\/p>\n<p style=\"text-align: center;\">Enlace: <a href=\"http:\/\/meet.google.com\/vxw-hmpp-ghr\" target=\"_blank\" rel=\"noopener noreferrer\">meet.google.com\/vxw-hmpp-ghr<\/a><\/p>\n<p style=\"text-align: justify;\">El\u00a0 Organismo\u00a0 Internacional\u00a0 de\u00a0 Energ\u00eda\u00a0 At\u00f3mica\u00a0 (OIEA)\u00a0 celebr\u00f3\u00a0 la\u00a0 \u201cConferencia Internacional\u00a0 de\u00a0 Protecci\u00f3n\u00a0 Radiol\u00f3gica\u00a0 en\u00a0 Medicina:\u00a0 Estableciendo\u00a0 el\u00a0 Escenario para\u00a0 la\u00a0 Pr\u00f3xima\u00a0 D\u00e9cada\u201d\u00a0 en\u00a0 Bonn,\u00a0 Alemania,\u00a0 en\u00a0 diciembre\u00a0 del\u00a0 2012,\u00a0 con\u00a0 el prop\u00f3sito\u00a0 espec\u00edfico\u00a0 de\u00a0 identificar\u00a0 y\u00a0 destacar\u00a0 temas\u00a0 surgidos\u00a0 de\u00a0\u00a0\u00a0 la\u00a0 protecci\u00f3n radiol\u00f3gica\u00a0 en\u00a0 medicina.\u00a0 La\u00a0 conferencia\u00a0 fue\u00a0 copatrocinada\u00a0 por\u00a0 la\u00a0 Organizaci\u00f3n Mundial\u00a0 de\u00a0 la\u00a0 Salud\u00a0 (OMS),\u00a0 el\u00a0 anfitri\u00f3n\u00a0 fue\u00a0 el\u00a0 Gobierno\u00a0 de\u00a0 Alemania\u00a0 a\u00a0 trav\u00e9s\u00a0 del Ministerio\u00a0 de\u00a0 Medio\u00a0 Ambiente,\u00a0 Conservaci\u00f3n\u00a0 de\u00a0 la\u00a0 Naturaleza\u00a0 y\u00a0 Seguridad Nuclear,\u00a0 y\u00a0 concurrieron\u00a0 536\u00a0 participantes\u00a0 y\u00a0 observadores\u00a0 de\u00a0 77\u00a0 pa\u00edses\u00a0 y\u00a0 16 organizaciones.\u00a0 Un\u00a0 importante\u00a0 logro\u00a0 de\u00a0 la\u00a0 conferencia\u00a0 fue\u00a0 la\u00a0 identificaci\u00f3n\u00a0 de responsabilidades\u00a0 y\u00a0 una\u00a0 propuesta\u00a0 de\u00a0 prioridades\u00a0 para\u00a0 las\u00a0 partes\u00a0 interesadas en\u00a0 la\u00a0 protecci\u00f3n\u00a0 radiol\u00f3gica\u00a0 en\u00a0 medicina\u00a0 para\u00a0 las\u00a0 siguientes d\u00e9cadas.<\/p>\n<p style=\"text-align: justify;\">El\u00a0 Llamado\u00a0 de\u00a0 Bonn\u00a0 a\u00a0 la\u00a0 Acci\u00f3n\u00a0 estableci\u00f3 10 acciones\u00a0 principales,\u00a0 y\u00a0 las\u00a0 subacciones\u00a0 relacionadas,\u00a0 que\u00a0 fueron\u00a0 identificadas\u00a0 como\u00a0 esenciales\u00a0 para\u00a0 fortalecer la\u00a0 protecci\u00f3n\u00a0 radiol\u00f3gica\u00a0 en\u00a0 medicina\u00a0 en\u00a0 las\u00a0 futuras d\u00e9cadas.<\/p>\n<p style=\"text-align: justify;\">Como una iniciativa de seguimiento de las conclusiones y recomendaciones de la Conferencia Internacional de Protecci\u00f3n\u00a0 Radiol\u00f3gica\u00a0 en\u00a0 Medicina de Viena 2017, el OIEA convoc\u00f3 una reuni\u00f3n en Viena, Austria en marzo de 2018 para acordar el concepto, formato y contenido de un conjunto de herramientas de apoyo para la implementaci\u00f3n del Llamado de Bonn para la Acci\u00f3n.<\/p>\n<p style=\"text-align: justify;\">En esta\u00a0 WEBINAR organizada por REPROLAM se presentar\u00e1 una plataforma en l\u00ednea que ofrece recursos para implementar en la pr\u00e1ctica las referidas 10 Acciones del Llamado de Bonn procurando mejorar la protecci\u00f3n radiol\u00f3gica en medicina a nivel de los usuarios finales.<\/p>\n<p style=\"text-align: justify;\">En este contexto la palabra \u201cherramientas\u201d se refiere a gu\u00edas, manuales, m\u00f3dulos de educaci\u00f3n y entrenamiento, folletos, posters, softwares, listas de chequeo, etc,\u00a0 que contribuyan a implementar un recomendaci\u00f3n o est\u00e1ndar de pr\u00e1ctica.<\/p>\n<\/div>\n<\/div><\/div><\/div><\/div><\/div><\/div><div id=\"pg-gb3066-69d668a06a0d7-1\"  class=\"panel-grid panel-has-style\" ><div class=\"panel-row-style panel-row-style-for-gb3066-69d668a06a0d7-1\" ><div id=\"pgc-gb3066-69d668a06a0d7-1-0\"  class=\"panel-grid-cell\" ><div id=\"panel-gb3066-69d668a06a0d7-1-0-0\" class=\"so-panel widget widget_sow-editor panel-first-child panel-last-child\" data-index=\"1\" ><div class=\"panel-widget-style panel-widget-style-for-gb3066-69d668a06a0d7-1-0-0\" ><div\n\t\t\t\n\t\t\tclass=\"so-widget-sow-editor so-widget-sow-editor-base\"\n\t\t\t\n\t\t>\n<div class=\"siteorigin-widget-tinymce textwidget\">\n\t<h4 style=\"text-align: center;\"><span style=\"color: #000000;\"><strong>PANELISTAS<\/strong><\/span><\/h4>\n<\/div>\n<\/div><\/div><\/div><\/div><\/div><\/div><div id=\"pg-gb3066-69d668a06a0d7-2\"  class=\"panel-grid panel-has-style\" ><div class=\"panel-row-style panel-row-style-for-gb3066-69d668a06a0d7-2\" ><div id=\"pgc-gb3066-69d668a06a0d7-2-0\"  class=\"panel-grid-cell panel-grid-cell-empty\" ><\/div><div id=\"pgc-gb3066-69d668a06a0d7-2-1\"  class=\"panel-grid-cell\" ><div id=\"panel-gb3066-69d668a06a0d7-2-1-0\" class=\"so-panel widget widget_sow-editor panel-first-child panel-last-child\" data-index=\"2\" ><div\n\t\t\t\n\t\t\tclass=\"so-widget-sow-editor so-widget-sow-editor-base\"\n\t\t\t\n\t\t>\n<div class=\"siteorigin-widget-tinymce textwidget\">\n\t<p><img loading=\"lazy\" decoding=\"async\" class=\"aligncenter wp-image-3068 \" src=\"http:\/\/www.reprolam.com\/wp-content\/uploads\/2021\/10\/nader.png\" alt=\"\" width=\"259\" height=\"329\" srcset=\"http:\/\/www.reprolam.com\/wp-content\/uploads\/2021\/10\/nader.png 243w, http:\/\/www.reprolam.com\/wp-content\/uploads\/2021\/10\/nader-236x300.png 236w\" sizes=\"(max-width: 259px) 100vw, 259px\" \/><\/p>\n<p style=\"text-align: center;\"><span style=\"color: #000080;\"><strong>Dr. Alejandro Nader<\/strong><\/span><\/p>\n<p style=\"text-align: center;\">Especialista en Protecci\u00f3n\u00a0 Radiol\u00f3gica en Medicina<\/p>\n<p style=\"text-align: center;\"><strong>OIEA<\/strong><\/p>\n<\/div>\n<\/div><\/div><\/div><div id=\"pgc-gb3066-69d668a06a0d7-2-2\"  class=\"panel-grid-cell panel-grid-cell-empty\" ><\/div><div id=\"pgc-gb3066-69d668a06a0d7-2-3\"  class=\"panel-grid-cell\" ><div id=\"panel-gb3066-69d668a06a0d7-2-3-0\" class=\"so-panel widget widget_sow-editor panel-first-child panel-last-child\" data-index=\"3\" ><div class=\"panel-widget-style panel-widget-style-for-gb3066-69d668a06a0d7-2-3-0\" ><div\n\t\t\t\n\t\t\tclass=\"so-widget-sow-editor so-widget-sow-editor-base\"\n\t\t\t\n\t\t>\n<div class=\"siteorigin-widget-tinymce textwidget\">\n\t<p style=\"text-align: center;\"><img loading=\"lazy\" decoding=\"async\" class=\"aligncenter wp-image-3069 \" src=\"http:\/\/www.reprolam.com\/wp-content\/uploads\/2021\/10\/maria.png\" alt=\"\" width=\"266\" height=\"310\" srcset=\"http:\/\/www.reprolam.com\/wp-content\/uploads\/2021\/10\/maria.png 492w, http:\/\/www.reprolam.com\/wp-content\/uploads\/2021\/10\/maria-258x300.png 258w\" sizes=\"(max-width: 266px) 100vw, 266px\" \/><\/p>\n<p style=\"text-align: center;\"><span style=\"color: #000080;\"><strong>Dr. Mar\u00eda del Rosario P\u00e9rez<\/strong><\/span><\/p>\n<p style=\"text-align: center;\">Departamento de Salud P\u00fablica y Medio Ambiente de la Organizaci\u00f3n Mundial de la Salud<\/p>\n<p style=\"text-align: center;\"><strong>OMS<\/strong><\/p>\n<\/div>\n<\/div><\/div><\/div><\/div><div id=\"pgc-gb3066-69d668a06a0d7-2-4\"  class=\"panel-grid-cell panel-grid-cell-empty\" ><\/div><div id=\"pgc-gb3066-69d668a06a0d7-2-5\"  class=\"panel-grid-cell\" ><div id=\"panel-gb3066-69d668a06a0d7-2-5-0\" class=\"so-panel widget widget_sow-editor panel-first-child panel-last-child\" data-index=\"4\" ><div\n\t\t\t\n\t\t\tclass=\"so-widget-sow-editor so-widget-sow-editor-base\"\n\t\t\t\n\t\t>\n<div class=\"siteorigin-widget-tinymce textwidget\">\n\t<p><img loading=\"lazy\" decoding=\"async\" class=\"aligncenter wp-image-3070 \" src=\"http:\/\/www.reprolam.com\/wp-content\/uploads\/2021\/10\/cintia.png\" alt=\"\" width=\"248\" height=\"307\" srcset=\"http:\/\/www.reprolam.com\/wp-content\/uploads\/2021\/10\/cintia.png 273w, http:\/\/www.reprolam.com\/wp-content\/uploads\/2021\/10\/cintia-242x300.png 242w\" sizes=\"(max-width: 248px) 100vw, 248px\" \/><\/p>\n<p style=\"text-align: center;\"><span style=\"color: #000080;\"><strong>Cinthia Papp<\/strong><\/span><\/p>\n<p style=\"text-align: center;\">Magister en F\u00edsica M\u00e9dica<\/p>\n<p style=\"text-align: center;\">\u00c1rea de protecci\u00f3n radiol\u00f3gica en radiodiagn\u00f3stico y medicina nuclear<\/p>\n<p style=\"text-align: center;\"><strong>ARGENTINA<\/strong><\/p>\n<\/div>\n<\/div><\/div><\/div><\/div><\/div><\/div>\n\n\n<p><\/p>\n","protected":false},"excerpt":{"rendered":"<p>En esta  WEBINAR organizada por REPROLAM se presentar\u00e1 una plataforma en l\u00ednea que ofrece recursos para implementar en la pr\u00e1ctica las 10 Acciones del Llamado de Bonn &#8230;<\/p>\n","protected":false},"author":1,"featured_media":3089,"parent":0,"menu_order":0,"comment_status":"closed","ping_status":"closed","template":"page-templates\/page-builder.php","meta":{"footnotes":""},"_links":{"self":[{"href":"http:\/\/www.reprolam.com\/index.php?rest_route=\/wp\/v2\/pages\/3066"}],"collection":[{"href":"http:\/\/www.reprolam.com\/index.php?rest_route=\/wp\/v2\/pages"}],"about":[{"href":"http:\/\/www.reprolam.com\/index.php?rest_route=\/wp\/v2\/types\/page"}],"author":[{"embeddable":true,"href":"http:\/\/www.reprolam.com\/index.php?rest_route=\/wp\/v2\/users\/1"}],"replies":[{"embeddable":true,"href":"http:\/\/www.reprolam.com\/index.php?rest_route=%2Fwp%2Fv2%2Fcomments&post=3066"}],"version-history":[{"count":16,"href":"http:\/\/www.reprolam.com\/index.php?rest_route=\/wp\/v2\/pages\/3066\/revisions"}],"predecessor-version":[{"id":3091,"href":"http:\/\/www.reprolam.com\/index.php?rest_route=\/wp\/v2\/pages\/3066\/revisions\/3091"}],"wp:featuredmedia":[{"embeddable":true,"href":"http:\/\/www.reprolam.com\/index.php?rest_route=\/wp\/v2\/media\/3089"}],"wp:attachment":[{"href":"http:\/\/www.reprolam.com\/index.php?rest_route=%2Fwp%2Fv2%2Fmedia&parent=3066"}],"curies":[{"name":"wp","href":"https:\/\/api.w.org\/{rel}","templated":true}]}}