{"id":3226,"date":"2021-11-02T17:41:12","date_gmt":"2021-11-02T17:41:12","guid":{"rendered":"http:\/\/www.reprolam.com\/?page_id=3226"},"modified":"2021-11-03T13:48:01","modified_gmt":"2021-11-03T13:48:01","slug":"reprolam-curso-virtual-control-in-situ-de-la-exposicion-interna-al-i-131-en-los-servicios-de-medicina-nuclear","status":"publish","type":"page","link":"http:\/\/www.reprolam.com\/?page_id=3226","title":{"rendered":"REPROLAM CURSO VIRTUAL \u2013  \u201cCONTROL IN SITU DE LA EXPOSICI\u00d3N INTERNA AL I-131 EN LOS SERVICIOS DE MEDICINA NUCLEAR\u201d"},"content":{"rendered":"<div id=\"pl-gb3226-69f2fa56ba037\"  class=\"panel-layout\" ><div id=\"pg-gb3226-69f2fa56ba037-0\"  class=\"panel-grid panel-has-style\" ><div class=\"panel-row-style panel-row-style-for-gb3226-69f2fa56ba037-0\" ><div id=\"pgc-gb3226-69f2fa56ba037-0-0\"  class=\"panel-grid-cell\" ><div id=\"panel-gb3226-69f2fa56ba037-0-0-0\" class=\"so-panel widget widget_sow-editor panel-first-child panel-last-child\" data-index=\"0\" ><div class=\"panel-widget-style panel-widget-style-for-gb3226-69f2fa56ba037-0-0-0\" ><div\n\t\t\t\n\t\t\tclass=\"so-widget-sow-editor so-widget-sow-editor-base\"\n\t\t\t\n\t\t>\n<div class=\"siteorigin-widget-tinymce textwidget\">\n\t<p style=\"text-align: right;\">Publicado en Web de REPROLAM: 02\/11\/2021<\/p>\n<p style=\"text-align: center;\"><strong>Fecha: 30 de Noviembre &#8211; 3 De Diciembre,\u00a0 Hora: 18\u201320h \u00a0(Hora Argentina)<br \/>\n<\/strong><\/p>\n<p><img loading=\"lazy\" decoding=\"async\" class=\"aligncenter wp-image-3227 size-full\" src=\"http:\/\/www.reprolam.com\/wp-content\/uploads\/2021\/11\/BANNER-CURSO-VIRTUAL-CONTAMIN-INTERNA-scaled.jpg\" alt=\"\" width=\"2560\" height=\"385\" srcset=\"http:\/\/www.reprolam.com\/wp-content\/uploads\/2021\/11\/BANNER-CURSO-VIRTUAL-CONTAMIN-INTERNA-scaled.jpg 2560w, http:\/\/www.reprolam.com\/wp-content\/uploads\/2021\/11\/BANNER-CURSO-VIRTUAL-CONTAMIN-INTERNA-300x45.jpg 300w, http:\/\/www.reprolam.com\/wp-content\/uploads\/2021\/11\/BANNER-CURSO-VIRTUAL-CONTAMIN-INTERNA-1024x154.jpg 1024w, http:\/\/www.reprolam.com\/wp-content\/uploads\/2021\/11\/BANNER-CURSO-VIRTUAL-CONTAMIN-INTERNA-768x116.jpg 768w, http:\/\/www.reprolam.com\/wp-content\/uploads\/2021\/11\/BANNER-CURSO-VIRTUAL-CONTAMIN-INTERNA-1536x231.jpg 1536w, http:\/\/www.reprolam.com\/wp-content\/uploads\/2021\/11\/BANNER-CURSO-VIRTUAL-CONTAMIN-INTERNA-2048x308.jpg 2048w\" sizes=\"(max-width: 2560px) 100vw, 2560px\" \/><\/p>\n<p style=\"text-align: center;\"><strong>INSCRIPCIONES GRATIS HASTA 29 DE NOVIEMBRE:<\/strong> <a href=\"https:\/\/forms.gle\/b1miTTWzXCdfqRV48\">https:\/\/forms.gle\/b1miTTWzXCdfqRV48<\/a><\/p>\n<p style=\"text-align: justify;\">El prop\u00f3sito de este curso es proporcionar las herramientas necesarias para permitir que el m\u00e9dico responsable, t\u00e9cnico de medicina nuclear, f\u00edsico m\u00e9dico u otro profesional id\u00f3neo, empleen los sistemas de detecci\u00f3n disponibles en su servicio: gamma c\u00e1mara o captador de iodo, para investigar si la potencial actividad incorporada de I-131 y la potencial dosis efectiva comprometida de sus Trabajadores Ocupacionalmente Expuestos (TOEs) es \u2265 1 mSv\/a\u00f1o.<\/p>\n<p>&nbsp;<\/p>\n<\/div>\n<\/div><\/div><\/div><\/div><\/div><\/div><div id=\"pg-gb3226-69f2fa56ba037-1\"  class=\"panel-grid panel-has-style\" ><div class=\"panel-row-style panel-row-style-for-gb3226-69f2fa56ba037-1\" ><div id=\"pgc-gb3226-69f2fa56ba037-1-0\"  class=\"panel-grid-cell\" ><div id=\"panel-gb3226-69f2fa56ba037-1-0-0\" class=\"so-panel widget widget_sow-editor panel-first-child panel-last-child\" data-index=\"1\" ><div class=\"panel-widget-style panel-widget-style-for-gb3226-69f2fa56ba037-1-0-0\" ><div\n\t\t\t\n\t\t\tclass=\"so-widget-sow-editor so-widget-sow-editor-base\"\n\t\t\t\n\t\t>\n<div class=\"siteorigin-widget-tinymce textwidget\">\n\t<h4 style=\"text-align: center;\"><span style=\"color: #000000;\"><strong>DOCENTES DEL CURSO:<\/strong><\/span><\/h4>\n<\/div>\n<\/div><\/div><\/div><\/div><\/div><\/div><div id=\"pg-gb3226-69f2fa56ba037-2\"  class=\"panel-grid panel-has-style\" ><div class=\"panel-row-style panel-row-style-for-gb3226-69f2fa56ba037-2\" ><div id=\"pgc-gb3226-69f2fa56ba037-2-0\"  class=\"panel-grid-cell panel-grid-cell-empty\" ><\/div><div id=\"pgc-gb3226-69f2fa56ba037-2-1\"  class=\"panel-grid-cell\" ><div id=\"panel-gb3226-69f2fa56ba037-2-1-0\" class=\"so-panel widget widget_sow-editor panel-first-child panel-last-child\" data-index=\"2\" ><div\n\t\t\t\n\t\t\tclass=\"so-widget-sow-editor so-widget-sow-editor-base\"\n\t\t\t\n\t\t>\n<div class=\"siteorigin-widget-tinymce textwidget\">\n\t<p><img loading=\"lazy\" decoding=\"async\" class=\"aligncenter wp-image-3228 size-full\" src=\"http:\/\/www.reprolam.com\/wp-content\/uploads\/2021\/11\/CURSO-VIRTUAL-PROFE1.png\" alt=\"\" width=\"230\" height=\"234\" \/><\/p>\n<p style=\"text-align: center;\"><strong>Omar Arias<\/strong><br \/>\nCoordinador de Departamento de F\u00edsica M\u00e9dica del<br \/>\nHospital Nuevo de Curazao.<\/p>\n<p style=\"text-align: center;\"><strong>VENEZUELA<\/strong><\/p>\n<p>&nbsp;<\/p>\n<\/div>\n<\/div><\/div><\/div><div id=\"pgc-gb3226-69f2fa56ba037-2-2\"  class=\"panel-grid-cell panel-grid-cell-empty\" ><\/div><div id=\"pgc-gb3226-69f2fa56ba037-2-3\"  class=\"panel-grid-cell\" ><div id=\"panel-gb3226-69f2fa56ba037-2-3-0\" class=\"so-panel widget widget_sow-editor panel-first-child panel-last-child\" data-index=\"3\" ><div class=\"panel-widget-style panel-widget-style-for-gb3226-69f2fa56ba037-2-3-0\" ><div\n\t\t\t\n\t\t\tclass=\"so-widget-sow-editor so-widget-sow-editor-base\"\n\t\t\t\n\t\t>\n<div class=\"siteorigin-widget-tinymce textwidget\">\n\t<p style=\"text-align: center;\"><img loading=\"lazy\" decoding=\"async\" class=\"aligncenter size-full wp-image-3229\" src=\"http:\/\/www.reprolam.com\/wp-content\/uploads\/2021\/11\/CURSO-VIRTUAL-PROFE2.png\" alt=\"\" width=\"233\" height=\"233\" srcset=\"http:\/\/www.reprolam.com\/wp-content\/uploads\/2021\/11\/CURSO-VIRTUAL-PROFE2.png 233w, http:\/\/www.reprolam.com\/wp-content\/uploads\/2021\/11\/CURSO-VIRTUAL-PROFE2-150x150.png 150w, http:\/\/www.reprolam.com\/wp-content\/uploads\/2021\/11\/CURSO-VIRTUAL-PROFE2-230x230.png 230w\" sizes=\"(max-width: 233px) 100vw, 233px\" \/><\/p>\n<p style=\"text-align: center;\"><strong>Dayana Ramos<br \/>\n<\/strong>Responsable T\u00e9cnico del<br \/>\nLaboratorio de Dosimetr\u00eda<br \/>\nInterna del Centro de Protecci\u00f3n e Higiene de las Radiaciones (CPHR)<\/p>\n<p style=\"text-align: center;\"><strong>CUBA<\/strong><\/p>\n<p>&nbsp;<\/p>\n<\/div>\n<\/div><\/div><\/div><\/div><div id=\"pgc-gb3226-69f2fa56ba037-2-4\"  class=\"panel-grid-cell panel-grid-cell-empty\" ><\/div><div id=\"pgc-gb3226-69f2fa56ba037-2-5\"  class=\"panel-grid-cell\" ><div id=\"panel-gb3226-69f2fa56ba037-2-5-0\" class=\"so-panel widget widget_sow-editor panel-first-child panel-last-child\" data-index=\"4\" ><div\n\t\t\t\n\t\t\tclass=\"so-widget-sow-editor so-widget-sow-editor-base\"\n\t\t\t\n\t\t>\n<div class=\"siteorigin-widget-tinymce textwidget\">\n\t<p><img loading=\"lazy\" decoding=\"async\" class=\"aligncenter wp-image-3230 size-full\" src=\"http:\/\/www.reprolam.com\/wp-content\/uploads\/2021\/11\/CURSO-VIRTUAL-PROFE3.png\" alt=\"\" width=\"223\" height=\"233\" \/><\/p>\n<p style=\"text-align: center;\"><strong>Nancy Puerta Yepes<\/strong><br \/>\nJefe de Departamento de<br \/>\nDosimetr\u00eda Interna de la Autoridad Regulatoria Nacional<\/p>\n<p style=\"text-align: center;\"><strong>ARGENTINA<\/strong><\/p>\n<p>&nbsp;<\/p>\n<\/div>\n<\/div><\/div><\/div><\/div><\/div><\/div>\n\n\n<p><\/p>\n","protected":false},"excerpt":{"rendered":"<p>El prop\u00f3sito de este curso es proporcionar las herramientas necesarias para permitir que el m\u00e9dico responsable, t\u00e9cnico de medicina nuclear, f\u00edsico m\u00e9dico u otro profesional id\u00f3neo, empleen los sistemas \u2026<\/p>\n","protected":false},"author":1,"featured_media":3233,"parent":0,"menu_order":0,"comment_status":"closed","ping_status":"closed","template":"page-templates\/page-builder.php","meta":{"footnotes":""},"_links":{"self":[{"href":"http:\/\/www.reprolam.com\/index.php?rest_route=\/wp\/v2\/pages\/3226"}],"collection":[{"href":"http:\/\/www.reprolam.com\/index.php?rest_route=\/wp\/v2\/pages"}],"about":[{"href":"http:\/\/www.reprolam.com\/index.php?rest_route=\/wp\/v2\/types\/page"}],"author":[{"embeddable":true,"href":"http:\/\/www.reprolam.com\/index.php?rest_route=\/wp\/v2\/users\/1"}],"replies":[{"embeddable":true,"href":"http:\/\/www.reprolam.com\/index.php?rest_route=%2Fwp%2Fv2%2Fcomments&post=3226"}],"version-history":[{"count":3,"href":"http:\/\/www.reprolam.com\/index.php?rest_route=\/wp\/v2\/pages\/3226\/revisions"}],"predecessor-version":[{"id":3238,"href":"http:\/\/www.reprolam.com\/index.php?rest_route=\/wp\/v2\/pages\/3226\/revisions\/3238"}],"wp:featuredmedia":[{"embeddable":true,"href":"http:\/\/www.reprolam.com\/index.php?rest_route=\/wp\/v2\/media\/3233"}],"wp:attachment":[{"href":"http:\/\/www.reprolam.com\/index.php?rest_route=%2Fwp%2Fv2%2Fmedia&parent=3226"}],"curies":[{"name":"wp","href":"https:\/\/api.w.org\/{rel}","templated":true}]}}