{"id":3379,"date":"2021-12-15T15:32:41","date_gmt":"2021-12-15T15:32:41","guid":{"rendered":"http:\/\/www.reprolam.com\/?page_id=3379"},"modified":"2021-12-15T16:48:34","modified_gmt":"2021-12-15T16:48:34","slug":"cursos-virtuales","status":"publish","type":"page","link":"http:\/\/www.reprolam.com\/?page_id=3379","title":{"rendered":"CURSOS VIRTUALES"},"content":{"rendered":"<div id=\"pl-gb3379-69f4eda97b3f2\"  class=\"panel-layout\" ><div id=\"pg-gb3379-69f4eda97b3f2-0\"  class=\"panel-grid panel-no-style\" ><div id=\"pgc-gb3379-69f4eda97b3f2-0-0\"  class=\"panel-grid-cell panel-grid-cell-mobile-last\" ><div id=\"panel-gb3379-69f4eda97b3f2-0-0-0\" class=\"so-panel widget widget_sow-editor panel-first-child panel-last-child\" data-index=\"0\" ><div\n\t\t\t\n\t\t\tclass=\"so-widget-sow-editor so-widget-sow-editor-base\"\n\t\t\t\n\t\t>\n<div class=\"siteorigin-widget-tinymce textwidget\">\n\t<\/div>\n<\/div><\/div><\/div><div id=\"pgc-gb3379-69f4eda97b3f2-0-1\"  class=\"panel-grid-cell panel-grid-cell-empty\" ><\/div><\/div><\/div>\n\n<div id=\"pl-gb3379-69f4eda97be62\"  class=\"panel-layout\" ><div id=\"pg-gb3379-69f4eda97be62-0\"  class=\"panel-grid panel-has-style\" ><div class=\"panel-row-style panel-row-style-for-gb3379-69f4eda97be62-0\" ><div id=\"pgc-gb3379-69f4eda97be62-0-0\"  class=\"panel-grid-cell\" ><div id=\"panel-gb3379-69f4eda97be62-0-0-0\" class=\"so-panel widget widget_siteorigin-panels-builder panel-first-child panel-last-child\" data-index=\"0\" ><div class=\"panel-widget-style panel-widget-style-for-gb3379-69f4eda97be62-0-0-0\" ><div id=\"pl-w61ba1c5faefd7\"  class=\"panel-layout\" ><div id=\"pg-w61ba1c5faefd7-0\"  class=\"panel-grid panel-no-style\" ><div id=\"pgc-w61ba1c5faefd7-0-0\"  class=\"panel-grid-cell\" ><div id=\"panel-w61ba1c5faefd7-0-0-0\" class=\"so-panel widget widget_sow-image panel-first-child panel-last-child\" data-index=\"0\" ><div\n\t\t\t\n\t\t\tclass=\"so-widget-sow-image so-widget-sow-image-default-8b5b6f678277\"\n\t\t\t\n\t\t>\n<div class=\"sow-image-container\">\n\t\t<img \n\tsrc=\"http:\/\/www.reprolam.com\/wp-content\/uploads\/2021\/12\/cursovirtual-300x201.jpg\" width=\"300\" height=\"201\" srcset=\"http:\/\/www.reprolam.com\/wp-content\/uploads\/2021\/12\/cursovirtual-300x201.jpg 300w, http:\/\/www.reprolam.com\/wp-content\/uploads\/2021\/12\/cursovirtual-768x516.jpg 768w, http:\/\/www.reprolam.com\/wp-content\/uploads\/2021\/12\/cursovirtual-272x182.jpg 272w, http:\/\/www.reprolam.com\/wp-content\/uploads\/2021\/12\/cursovirtual.jpg 986w\" sizes=\"(max-width: 300px) 100vw, 300px\" alt=\"\" \t\tclass=\"so-widget-image\"\/>\n\t<\/div>\n\n<\/div><\/div><\/div><div id=\"pgc-w61ba1c5faefd7-0-1\"  class=\"panel-grid-cell\" ><div id=\"panel-w61ba1c5faefd7-0-1-0\" class=\"so-panel widget widget_sow-editor panel-first-child panel-last-child\" data-index=\"1\" ><div\n\t\t\t\n\t\t\tclass=\"so-widget-sow-editor so-widget-sow-editor-base\"\n\t\t\t\n\t\t>\n<div class=\"siteorigin-widget-tinymce textwidget\">\n\t<table style=\"border-collapse: collapse; width: 100%;\" border=\"1\">\n<tbody>\n<tr style=\"height: 24px;\">\n<td style=\"width: 6.63874%; border-style: hidden; vertical-align: top; height: 24px;\"><img loading=\"lazy\" decoding=\"async\" class=\"aligncenter size-full wp-image-653\" src=\"http:\/\/www.reprolam.com\/wp-content\/uploads\/2020\/10\/3313576-24.png\" alt=\"\" width=\"24\" height=\"24\" \/><\/td>\n<td style=\"width: 93.3613%; border-style: hidden; vertical-align: top; height: 24px;\"><strong>CURSO VIRTUAL \u2013\u00a0 \u201cCONTROL IN SITU DE LA EXPOSICI\u00d3N INTERNA AL I-131 EN LOS SERVICIOS DE MEDICINA NUCLEAR\u201d<\/strong><\/p>\n<p>PRIMER D\u00cdA (<a href=\"https:\/\/youtu.be\/8ep4pCZSlIQ\" target=\"_blank\" rel=\"noopener noreferrer\"><u>Canal de Yotube<\/u><\/a>)<\/p>\n<p>Actividades del AT de Dosimetr\u00eda Interna de REPROLAM. \/ Introducci\u00f3n a\u00a0 las gu\u00edas\/ Calibraci\u00f3n, Medici\u00f3n de TOEs y Evaluaci\u00f3n de dosis a partir de las mediciones con C\u00e1mara Gamma.<\/p>\n<p><strong>\u00a0<\/strong><strong>CONFERENCISTAS<\/strong>:<\/p>\n<ul>\n<li style=\"list-style-type: none;\">\n<ul>\n<li>Nancy Puertas<\/li>\n<li>Omar Arias<\/li>\n<\/ul>\n<\/li>\n<\/ul>\n<p>&nbsp;<\/p>\n<p>SEGUNDO D\u00cdA (<a href=\"https:\/\/youtu.be\/sk6FJHxE1i0\" target=\"_blank\" rel=\"noopener noreferrer\"><u>Canal de Yotube<\/u><\/a>)<\/p>\n<p>Medici\u00f3n de TOEs y Evaluaci\u00f3n de dosis a partir de las mediciones con Captador de Iodo. \/ C\u00e1lculo y Registro de Dosis,<\/p>\n<p><strong>CONFERENCISTA<\/strong>:<\/p>\n<ul>\n<li style=\"list-style-type: none;\">\n<ul>\n<li>Dayana Ramos<\/li>\n<li>Celeste Galarza<\/li>\n<\/ul>\n<\/li>\n<\/ul>\n<\/td>\n<\/tr>\n<\/tbody>\n<\/table>\n<\/div>\n<\/div><\/div><\/div><\/div><\/div><\/div><\/div><\/div><div id=\"pgc-gb3379-69f4eda97be62-0-1\"  class=\"panel-grid-cell\" ><div id=\"panel-gb3379-69f4eda97be62-0-1-0\" class=\"so-panel widget widget_sow-image panel-first-child panel-last-child\" data-index=\"1\" ><div class=\"panel-widget-style panel-widget-style-for-gb3379-69f4eda97be62-0-1-0\" ><div\n\t\t\t\n\t\t\tclass=\"so-widget-sow-image so-widget-sow-image-default-8b5b6f678277-3379\"\n\t\t\t\n\t\t>\n<div class=\"sow-image-container\">\n\t\t<img \n\tsrc=\"http:\/\/www.reprolam.com\/wp-content\/uploads\/2021\/12\/5e82526c4e0d2.jpeg\" width=\"565\" height=\"440\" srcset=\"http:\/\/www.reprolam.com\/wp-content\/uploads\/2021\/12\/5e82526c4e0d2.jpeg 565w, http:\/\/www.reprolam.com\/wp-content\/uploads\/2021\/12\/5e82526c4e0d2-300x234.jpeg 300w\" sizes=\"(max-width: 565px) 100vw, 565px\" alt=\"\" \t\tclass=\"so-widget-image\"\/>\n\t<\/div>\n\n<\/div><\/div><\/div><\/div><\/div><\/div><\/div>\n\n\n<p><\/p>\n","protected":false},"excerpt":{"rendered":"","protected":false},"author":1,"featured_media":3386,"parent":66,"menu_order":0,"comment_status":"closed","ping_status":"closed","template":"page-templates\/page-builder.php","meta":{"footnotes":""},"_links":{"self":[{"href":"http:\/\/www.reprolam.com\/index.php?rest_route=\/wp\/v2\/pages\/3379"}],"collection":[{"href":"http:\/\/www.reprolam.com\/index.php?rest_route=\/wp\/v2\/pages"}],"about":[{"href":"http:\/\/www.reprolam.com\/index.php?rest_route=\/wp\/v2\/types\/page"}],"author":[{"embeddable":true,"href":"http:\/\/www.reprolam.com\/index.php?rest_route=\/wp\/v2\/users\/1"}],"replies":[{"embeddable":true,"href":"http:\/\/www.reprolam.com\/index.php?rest_route=%2Fwp%2Fv2%2Fcomments&post=3379"}],"version-history":[{"count":10,"href":"http:\/\/www.reprolam.com\/index.php?rest_route=\/wp\/v2\/pages\/3379\/revisions"}],"predecessor-version":[{"id":3399,"href":"http:\/\/www.reprolam.com\/index.php?rest_route=\/wp\/v2\/pages\/3379\/revisions\/3399"}],"up":[{"embeddable":true,"href":"http:\/\/www.reprolam.com\/index.php?rest_route=\/wp\/v2\/pages\/66"}],"wp:featuredmedia":[{"embeddable":true,"href":"http:\/\/www.reprolam.com\/index.php?rest_route=\/wp\/v2\/media\/3386"}],"wp:attachment":[{"href":"http:\/\/www.reprolam.com\/index.php?rest_route=%2Fwp%2Fv2%2Fmedia&parent=3379"}],"curies":[{"name":"wp","href":"https:\/\/api.w.org\/{rel}","templated":true}]}}