{"id":3404,"date":"2022-01-05T15:09:47","date_gmt":"2022-01-05T15:09:47","guid":{"rendered":"http:\/\/www.reprolam.com\/?page_id=3404"},"modified":"2022-01-06T01:42:55","modified_gmt":"2022-01-06T01:42:55","slug":"conferencia-internacional-sobre-proteccion-radiologica-ocupacional-fortalecimiento-de-la-proteccion-radiologica-de-los-trabajadores-veinte-anos-de-progreso-y-el-camino-a-seguir","status":"publish","type":"page","link":"http:\/\/www.reprolam.com\/?page_id=3404","title":{"rendered":"CONFERENCIA INTERNACIONAL SOBRE PROTECCI\u00d3N RADIOL\u00d3GICA OCUPACIONAL &#8211; Fortalecimiento de la protecci\u00f3n radiol\u00f3gica de los trabajadores &#8211; Veinte a\u00f1os de progreso y el camino a seguir."},"content":{"rendered":"<div id=\"pl-gb3404-69e2142bac95a\"  class=\"panel-layout\" ><div id=\"pg-gb3404-69e2142bac95a-0\"  class=\"panel-grid panel-has-style\" ><div class=\"panel-row-style panel-row-style-for-gb3404-69e2142bac95a-0\" ><div id=\"pgc-gb3404-69e2142bac95a-0-0\"  class=\"panel-grid-cell\" ><div id=\"panel-gb3404-69e2142bac95a-0-0-0\" class=\"so-panel widget widget_sow-editor panel-first-child panel-last-child\" data-index=\"0\" ><div class=\"panel-widget-style panel-widget-style-for-gb3404-69e2142bac95a-0-0-0\" ><div\n\t\t\t\n\t\t\tclass=\"so-widget-sow-editor so-widget-sow-editor-base\"\n\t\t\t\n\t\t>\n<div class=\"siteorigin-widget-tinymce textwidget\">\n\t<p style=\"text-align: right;\">Publicado en Web de REPROLAM: 05\/01\/2022<\/p>\n<p style=\"text-align: center;\"><strong>Fecha: Desde el 5 al 9 de septiembre de 2022. Ginebra, Suiza.<br \/>\n<\/strong><\/p>\n<p><img loading=\"lazy\" decoding=\"async\" class=\"aligncenter wp-image-3422 size-full\" src=\"http:\/\/www.reprolam.com\/wp-content\/uploads\/2022\/01\/International-Conference-on-Occupational-Radiation-Protection-\u2013-BANNER.png\" alt=\"\" width=\"1125\" height=\"289\" srcset=\"http:\/\/www.reprolam.com\/wp-content\/uploads\/2022\/01\/International-Conference-on-Occupational-Radiation-Protection-\u2013-BANNER.png 1125w, http:\/\/www.reprolam.com\/wp-content\/uploads\/2022\/01\/International-Conference-on-Occupational-Radiation-Protection-\u2013-BANNER-300x77.png 300w, http:\/\/www.reprolam.com\/wp-content\/uploads\/2022\/01\/International-Conference-on-Occupational-Radiation-Protection-\u2013-BANNER-1024x263.png 1024w, http:\/\/www.reprolam.com\/wp-content\/uploads\/2022\/01\/International-Conference-on-Occupational-Radiation-Protection-\u2013-BANNER-768x197.png 768w\" sizes=\"(max-width: 1125px) 100vw, 1125px\" \/><\/p>\n<p style=\"text-align: justify;\">Los contribuyentes interesados tienen hasta el <u>15 de febrero de 2022<\/u> para enviar res\u00famenes para la Conferencia internacional del OIEA sobre protecci\u00f3n radiol\u00f3gica ocupacional &#8211; Fortalecimiento de la protecci\u00f3n radiol\u00f3gica de los trabajadores &#8211; Veinte a\u00f1os de progreso y el camino a seguir, que se celebrar\u00e1 del 5 al 9 de septiembre de 2022 en Ginebra, Suiza.<\/p>\n<p style=\"text-align: justify;\">Organizada en colaboraci\u00f3n con la Organizaci\u00f3n Internacional del Trabajo, esta conferencia se centrar\u00e1 en los esfuerzos para fortalecer la colaboraci\u00f3n internacional, proporcionar un foro para discutir avances, desaf\u00edos y oportunidades desde la \u00faltima conferencia sobre el tema en 2014. Un objetivo principal de la conferencia es identificar formas de ayudar a los pa\u00edses a mejorar los acuerdos nacionales sobre protecci\u00f3n radiol\u00f3gica ocupacional basados en las normas de seguridad del OIEA.<\/p>\n<p style=\"text-align: justify;\"><strong><span style=\"color: #3366ff;\">\u00abEsta conferencia representa un punto de encuentro esencial para hacer un intercambio, a nivel internacional, sobre el progreso de la protecci\u00f3n radiol\u00f3gica ocupacional en todos los campos de actividades, as\u00ed como los desaf\u00edos que quedan por abordar\u00bb, dijo Caroline Schieber, L\u00edder de Proyecto en Protecci\u00f3n Nuclear Centro de<\/span> <span style=\"color: #3366ff;\">Evaluaci\u00f3n (CEPN). \u201cConstituye un lugar privilegiado para compartir conocimientos y experiencias y para<\/span> <span style=\"color: #3366ff;\">encontrarse con actores clave de la protecci\u00f3n radiol\u00f3gica ocupacional de todo el mundo\u201d.<\/span><br \/>\n<\/strong><\/p>\n<p style=\"text-align: justify;\">La conferencia reunir\u00e1 a representantes de \u00f3rganos reguladores, asociaciones de trabajadores y organizaciones de empleadores que participan en el uso de fuentes de radiaci\u00f3n y en el funcionamiento de instalaciones y actividades que contienen o manipulan material radiactivo, incluido material radiactivo natural, as\u00ed como expertos en protecci\u00f3n radiol\u00f3gica, investigadores, personal de proveedores de servicios t\u00e9cnicos de protecci\u00f3n radiol\u00f3gica ocupacional y fabricantes de aparatos emisores de radiaci\u00f3n y otras fuentes de radiaci\u00f3n.<\/p>\n<p style=\"text-align: justify;\"><strong>Los principales temas de la conferencia incluir\u00e1n:<\/strong><\/p>\n<table style=\"height: 392px; width: 100%; border-collapse: collapse; border-style: hidden;\" border=\"1\">\n<tbody>\n<tr style=\"height: 56px;\">\n<td style=\"width: 3.90836%; height: 36px; border-style: hidden; vertical-align: top;\"><img loading=\"lazy\" decoding=\"async\" class=\"aligncenter size-full wp-image-653\" src=\"http:\/\/www.reprolam.com\/wp-content\/uploads\/2020\/10\/3313576-24.png\" alt=\"\" width=\"24\" height=\"24\" \/><\/td>\n<td style=\"width: 96.0916%; height: 36px; border-style: hidden; vertical-align: top;\">revisi\u00f3n de las normas y recomendaciones internacionales sobre protecci\u00f3n radiol\u00f3gica ocupacional, los avances en los \u00faltimos veinte a\u00f1os y los desaf\u00edos existentes,<\/td>\n<\/tr>\n<tr style=\"height: 56px;\">\n<td style=\"width: 3.90836%; height: 38px; border-style: hidden; vertical-align: top;\"><img loading=\"lazy\" decoding=\"async\" class=\"aligncenter size-full wp-image-653\" src=\"http:\/\/www.reprolam.com\/wp-content\/uploads\/2020\/10\/3313576-24.png\" alt=\"\" width=\"24\" height=\"24\" \/><\/td>\n<td style=\"width: 96.0916%; height: 38px; border-style: hidden; vertical-align: top;\">efectos de la radiaci\u00f3n y riesgos para la salud derivados de la exposici\u00f3n a la radiaci\u00f3n en el lugar de trabajo, seguimiento y evaluaci\u00f3n de la dosis de exposiciones ocupacionales,<\/td>\n<\/tr>\n<tr style=\"height: 56px;\">\n<td style=\"width: 3.90836%; height: 34px; border-style: hidden; vertical-align: top;\"><img loading=\"lazy\" decoding=\"async\" class=\"aligncenter size-full wp-image-653\" src=\"http:\/\/www.reprolam.com\/wp-content\/uploads\/2020\/10\/3313576-24.png\" alt=\"\" width=\"24\" height=\"24\" \/><\/td>\n<td style=\"width: 96.0916%; height: 34px; border-style: hidden; vertical-align: top;\">protecci\u00f3n radiol\u00f3gica ocupacional en medicina,<\/td>\n<\/tr>\n<tr style=\"height: 56px;\">\n<td style=\"width: 3.90836%; height: 38px; border-style: hidden; vertical-align: top;\"><img loading=\"lazy\" decoding=\"async\" class=\"aligncenter size-full wp-image-653\" src=\"http:\/\/www.reprolam.com\/wp-content\/uploads\/2020\/10\/3313576-24.png\" alt=\"\" width=\"24\" height=\"24\" \/><\/td>\n<td style=\"width: 96.0916%; height: 38px; border-style: hidden; vertical-align: top;\">protecci\u00f3n radiol\u00f3gica ocupacional en los lugares de trabajo que implica la exposici\u00f3n a material radiactivo natural, rad\u00f3n y rayos c\u00f3smicos,<\/td>\n<\/tr>\n<tr style=\"height: 56px;\">\n<td style=\"width: 3.90836%; height: 32px; border-style: hidden; vertical-align: top;\"><img loading=\"lazy\" decoding=\"async\" class=\"aligncenter size-full wp-image-653\" src=\"http:\/\/www.reprolam.com\/wp-content\/uploads\/2020\/10\/3313576-24.png\" alt=\"\" width=\"24\" height=\"24\" \/><\/td>\n<td style=\"width: 96.0916%; height: 32px; border-style: hidden; vertical-align: top;\">protecci\u00f3n radiol\u00f3gica ocupacional en instalaciones industriales, de investigaci\u00f3n y educativas,<\/td>\n<\/tr>\n<tr style=\"height: 56px;\">\n<td style=\"width: 3.90836%; height: 35px; border-style: hidden; vertical-align: top;\"><img loading=\"lazy\" decoding=\"async\" class=\"aligncenter size-full wp-image-653\" src=\"http:\/\/www.reprolam.com\/wp-content\/uploads\/2020\/10\/3313576-24.png\" alt=\"\" width=\"24\" height=\"24\" \/><\/td>\n<td style=\"width: 96.0916%; height: 35px; border-style: hidden; vertical-align: top;\">protecci\u00f3n radiol\u00f3gica ocupacional en centrales nucleares e instalaciones del ciclo del combustible nuclear,<\/td>\n<\/tr>\n<tr style=\"height: 56px;\">\n<td style=\"width: 3.90836%; height: 33px; border-style: hidden; vertical-align: top;\"><img loading=\"lazy\" decoding=\"async\" class=\"aligncenter size-full wp-image-653\" src=\"http:\/\/www.reprolam.com\/wp-content\/uploads\/2020\/10\/3313576-24.png\" alt=\"\" width=\"24\" height=\"24\" \/><\/td>\n<td style=\"width: 96.0916%; height: 33px; border-style: hidden; vertical-align: top;\">protecci\u00f3n radiol\u00f3gica ocupacional en situaciones de exposici\u00f3n de emergencia y per\u00edodos de transici\u00f3n posteriores y cultura de la seguridad en la protecci\u00f3n radiol\u00f3gica ocupacional.<\/td>\n<\/tr>\n<\/tbody>\n<\/table>\n<p style=\"text-align: justify;\">Las contribuciones originales sobre estos temas, en forma de presentaciones de carteles, son bienvenidas. Quienes deseen realizar una presentaci\u00f3n deben enviar una sinopsis (una o un m\u00e1ximo de dos p\u00e1ginas A4 impresas, incluidas figuras y referencias) a trav\u00e9s del sistema de presentaci\u00f3n de archivos de la conferencia basado en la web (IAEA-INDICO).<\/p>\n<p style=\"text-align: justify;\"><strong>\u00a0<\/strong>En la p\u00e1gina web de la conferencia se encuentra disponible m\u00e1s informaci\u00f3n, incluido el apoyo financiero para la participaci\u00f3n y las instrucciones detalladas para la presentaci\u00f3n<\/p>\n<p style=\"text-align: justify;\"><strong>\u00a0<\/strong>Enlace: <a href=\"https:\/\/www.iaea.org\/events\/occupational-radiation-protection-2022\" target=\"_blank\" rel=\"noopener noreferrer\">https:\/\/www.iaea.org\/events\/occupational-radiation-protection-2022<\/a><\/p>\n<\/div>\n<\/div><\/div><\/div><\/div><\/div><\/div><\/div>\n\n\n<p><\/p>\n","protected":false},"excerpt":{"rendered":"<p>Los contribuyentes interesados tienen hasta el 15 de febrero de 2022 para enviar res\u00famenes para la Conferencia Internacional del OIEA<\/p>\n","protected":false},"author":1,"featured_media":3426,"parent":0,"menu_order":0,"comment_status":"closed","ping_status":"closed","template":"page-templates\/page-builder.php","meta":{"footnotes":""},"_links":{"self":[{"href":"http:\/\/www.reprolam.com\/index.php?rest_route=\/wp\/v2\/pages\/3404"}],"collection":[{"href":"http:\/\/www.reprolam.com\/index.php?rest_route=\/wp\/v2\/pages"}],"about":[{"href":"http:\/\/www.reprolam.com\/index.php?rest_route=\/wp\/v2\/types\/page"}],"author":[{"embeddable":true,"href":"http:\/\/www.reprolam.com\/index.php?rest_route=\/wp\/v2\/users\/1"}],"replies":[{"embeddable":true,"href":"http:\/\/www.reprolam.com\/index.php?rest_route=%2Fwp%2Fv2%2Fcomments&post=3404"}],"version-history":[{"count":8,"href":"http:\/\/www.reprolam.com\/index.php?rest_route=\/wp\/v2\/pages\/3404\/revisions"}],"predecessor-version":[{"id":3430,"href":"http:\/\/www.reprolam.com\/index.php?rest_route=\/wp\/v2\/pages\/3404\/revisions\/3430"}],"wp:featuredmedia":[{"embeddable":true,"href":"http:\/\/www.reprolam.com\/index.php?rest_route=\/wp\/v2\/media\/3426"}],"wp:attachment":[{"href":"http:\/\/www.reprolam.com\/index.php?rest_route=%2Fwp%2Fv2%2Fmedia&parent=3404"}],"curies":[{"name":"wp","href":"https:\/\/api.w.org\/{rel}","templated":true}]}}