{"id":3440,"date":"2022-02-14T16:06:24","date_gmt":"2022-02-14T16:06:24","guid":{"rendered":"http:\/\/www.reprolam.com\/?page_id=3440"},"modified":"2022-03-02T21:47:26","modified_gmt":"2022-03-02T21:47:26","slug":"reprolam-oiea-encuestas-de-dosimetria-interna-desde-el-03-de-febrero-al-2-de-marzo-del-2022-sin-prorroga","status":"publish","type":"page","link":"http:\/\/www.reprolam.com\/?page_id=3440","title":{"rendered":"REPROLAM-OIEA: ENCUESTAS DE DOSIMETRIA INTERNA. DESDE EL 03 DE FEBRERO AL 2 DE MARZO DEL 2022, SIN PR\u00d3RROGA."},"content":{"rendered":"<div id=\"pl-gb3440-69e3c50e62b24\"  class=\"panel-layout\" ><div id=\"pg-gb3440-69e3c50e62b24-0\"  class=\"panel-grid panel-has-style\" ><div class=\"panel-row-style panel-row-style-for-gb3440-69e3c50e62b24-0\" ><div id=\"pgc-gb3440-69e3c50e62b24-0-0\"  class=\"panel-grid-cell\" ><div id=\"panel-gb3440-69e3c50e62b24-0-0-0\" class=\"so-panel widget widget_sow-editor panel-first-child panel-last-child\" data-index=\"0\" ><div class=\"panel-widget-style panel-widget-style-for-gb3440-69e3c50e62b24-0-0-0\" ><div\n\t\t\t\n\t\t\tclass=\"so-widget-sow-editor so-widget-sow-editor-base\"\n\t\t\t\n\t\t>\n<div class=\"siteorigin-widget-tinymce textwidget\">\n\t<p>Publicado en Web de REPROLAM: 07\/02\/2022<\/p>\n<p><strong><img loading=\"lazy\" decoding=\"async\" class=\"aligncenter wp-image-3441 size-full\" src=\"http:\/\/www.reprolam.com\/wp-content\/uploads\/2022\/02\/NOTICIA-24-BANNER-ENCUESTA-DOS-INTERNA.jpg\" alt=\"\" width=\"2257\" height=\"366\" srcset=\"http:\/\/www.reprolam.com\/wp-content\/uploads\/2022\/02\/NOTICIA-24-BANNER-ENCUESTA-DOS-INTERNA.jpg 2257w, http:\/\/www.reprolam.com\/wp-content\/uploads\/2022\/02\/NOTICIA-24-BANNER-ENCUESTA-DOS-INTERNA-300x49.jpg 300w, http:\/\/www.reprolam.com\/wp-content\/uploads\/2022\/02\/NOTICIA-24-BANNER-ENCUESTA-DOS-INTERNA-1024x166.jpg 1024w, http:\/\/www.reprolam.com\/wp-content\/uploads\/2022\/02\/NOTICIA-24-BANNER-ENCUESTA-DOS-INTERNA-768x125.jpg 768w, http:\/\/www.reprolam.com\/wp-content\/uploads\/2022\/02\/NOTICIA-24-BANNER-ENCUESTA-DOS-INTERNA-1536x249.jpg 1536w, http:\/\/www.reprolam.com\/wp-content\/uploads\/2022\/02\/NOTICIA-24-BANNER-ENCUESTA-DOS-INTERNA-2048x332.jpg 2048w\" sizes=\"(max-width: 2257px) 100vw, 2257px\" \/><\/strong><\/p>\n<p style=\"text-align: justify;\">El OIEA con el apoyo de REPROLAM est\u00e1 organizando encuestas para identificar las capacidades instaladas en la regi\u00f3n Latino Am\u00e9rica y el Caribe para la realizaci\u00f3n de Dosimetr\u00eda Interna. A partir de esta encuesta se busca conocer aspectos relativos a la infraestructura t\u00e9cnica y los recursos humanos dedicados a esta dosimetr\u00eda.<\/p>\n<p style=\"text-align: justify;\">El resultado de la encuesta permitir\u00e1 identificar las fortalezas, necesidades y problemas relativos a las capacidades en el \u00e1mbito de la Dosimetr\u00eda Interna en la regi\u00f3n. Los laboratorios que respondan a las encuestas se considerar\u00e1n en futuras actividades promovidas por el OIEA en proyectos regionales, tales como: participaci\u00f3n en ejercicios de intercomparaci\u00f3n, webinar, entrenamiento en la recogida y an\u00e1lisis de muestras, etc.<\/p>\n<p style=\"text-align: justify;\">Esta encuesta est\u00e1 abierta a todos los servicios de Dosimetr\u00eda Interna de Am\u00e9rica Latina de Caribe. El cuestionario online estar\u00e1 disponible desde el 03 de febrero al 2 de marzo del 2022 sin pr\u00f3rroga. En el caso que una misma instituci\u00f3n realice tanto mediciones directas como indirectas se deber\u00e1 completar el formulario una sola vez con todos los datos.<\/p>\n<p style=\"text-align: justify;\">Se puede completar el mismo en varias etapas sin perder los datos cargados anteriormente en el siguiente enlace:<\/p>\n<p style=\"text-align: center;\"><a href=\"https:\/\/docs.google.com\/forms\/d\/e\/1FAIpQLScFiD01ejhhp7pugFI1TtxEy1xNpCBnRnGOjj69gZvLH2ZOBg\/viewform\">https:\/\/docs.google.com\/forms\/d\/e\/1FAIpQLScFiD01ejhhp7pugFI1TtxEy1xNpCBnRnGOjj69gZvLH2ZOBg\/viewform<\/a><\/p>\n<p>&nbsp;<\/p>\n<\/div>\n<\/div><\/div><\/div><\/div><\/div><\/div><div id=\"pg-gb3440-69e3c50e62b24-1\"  class=\"panel-grid panel-has-style\" ><div class=\"panel-row-style panel-row-style-for-gb3440-69e3c50e62b24-1\" ><div id=\"pgc-gb3440-69e3c50e62b24-1-0\"  class=\"panel-grid-cell panel-grid-cell-empty\" ><\/div><div id=\"pgc-gb3440-69e3c50e62b24-1-1\"  class=\"panel-grid-cell\" ><div id=\"panel-gb3440-69e3c50e62b24-1-1-0\" class=\"so-panel widget widget_sow-editor panel-first-child panel-last-child\" data-index=\"1\" ><div class=\"panel-widget-style panel-widget-style-for-gb3440-69e3c50e62b24-1-1-0\" ><div\n\t\t\t\n\t\t\tclass=\"so-widget-sow-editor so-widget-sow-editor-base\"\n\t\t\t\n\t\t>\n<div class=\"siteorigin-widget-tinymce textwidget\">\n\t<p style=\"text-align: center;\"><strong>Los principales temas de consulta son los siguientes:<\/strong><\/p>\n<p style=\"text-align: left;\">1.- Informaci\u00f3n general de la instituci\u00f3n<br \/>\n2.- Medidas directas<br \/>\n3.- Medidas indirectas<br \/>\n4.- Funciones del servicio<br \/>\n5.- Capacitaci\u00f3n y entrenamiento<br \/>\n6.- Programa de garant\u00eda de calidad<\/p>\n<\/div>\n<\/div><\/div><\/div><\/div><div id=\"pgc-gb3440-69e3c50e62b24-1-2\"  class=\"panel-grid-cell panel-grid-cell-mobile-last\" ><div id=\"panel-gb3440-69e3c50e62b24-1-2-0\" class=\"so-panel widget widget_sow-editor panel-first-child panel-last-child\" data-index=\"2\" ><div class=\"panel-widget-style panel-widget-style-for-gb3440-69e3c50e62b24-1-2-0\" ><div\n\t\t\t\n\t\t\tclass=\"so-widget-sow-editor so-widget-sow-editor-base\"\n\t\t\t\n\t\t>\n<div class=\"siteorigin-widget-tinymce textwidget\">\n\t<p style=\"text-align: center;\"><strong>Video instructivo para completar la encuesta:<\/strong><\/p>\n<p><img loading=\"lazy\" decoding=\"async\" class=\"aligncenter  wp-image-3442\" src=\"http:\/\/www.reprolam.com\/wp-content\/uploads\/2022\/02\/NOTICIA-24-video-instructivo.jpg\" alt=\"\" width=\"371\" height=\"313\" srcset=\"http:\/\/www.reprolam.com\/wp-content\/uploads\/2022\/02\/NOTICIA-24-video-instructivo.jpg 520w, http:\/\/www.reprolam.com\/wp-content\/uploads\/2022\/02\/NOTICIA-24-video-instructivo-300x253.jpg 300w\" sizes=\"(max-width: 371px) 100vw, 371px\" \/><\/p>\n<p style=\"text-align: center;\"><a href=\"https:\/\/youtu.be\/024T8FWrm8k\">https:\/\/youtu.be\/024T8FWrm8k<\/a><\/p>\n<\/div>\n<\/div><\/div><\/div><\/div><div id=\"pgc-gb3440-69e3c50e62b24-1-3\"  class=\"panel-grid-cell panel-grid-cell-empty\" ><\/div><\/div><\/div><div id=\"pg-gb3440-69e3c50e62b24-2\"  class=\"panel-grid panel-has-style\" ><div class=\"panel-row-style panel-row-style-for-gb3440-69e3c50e62b24-2\" ><div id=\"pgc-gb3440-69e3c50e62b24-2-0\"  class=\"panel-grid-cell\" ><div id=\"panel-gb3440-69e3c50e62b24-2-0-0\" class=\"so-panel widget widget_sow-editor panel-first-child panel-last-child\" data-index=\"3\" ><div class=\"panel-widget-style panel-widget-style-for-gb3440-69e3c50e62b24-2-0-0\" ><div\n\t\t\t\n\t\t\tclass=\"so-widget-sow-editor so-widget-sow-editor-base\"\n\t\t\t\n\t\t>\n<div class=\"siteorigin-widget-tinymce textwidget\">\n\t<p style=\"text-align: justify;\">NOTA IMPORTANTE: El objetivo de esta encuesta es colaborar con el desarrollo de la disciplina en la regi\u00f3n, en ese marco se destaca que todos los datos recabados en esta encuesta ser\u00e1n tratados confidencialmente. En ning\u00fan caso se divulgar\u00e1 en nombre del laboratorio ni en los informes que surjan del an\u00e1lisis de los resultados ni en publicaciones que se deriven de los mismos.<\/p>\n<h3 style=\"text-align: center;\"><span style=\"color: #0000ff;\"><strong>\u00a0<\/strong>\u00a1\u00a1\u00a1 Se invita a todos los miembros de REPROLAM a participar de estas encuestas y a divulgarlas en la regi\u00f3n !!!<br \/>\n<\/span><\/h3>\n<p style=\"text-align: center;\">En caso de dudas puede enviar su consulta a Mariella Ter\u00e1n &gt;&gt; <a href=\"mailto:mterangretter@gmail.com\">mterangretter@gmail.com<\/a><\/p>\n<\/div>\n<\/div><\/div><\/div><\/div><\/div><\/div><\/div>\n\n\n<p><\/p>\n","protected":false},"excerpt":{"rendered":"<p>El OIEA con el apoyo de REPROLAM est\u00e1 organizando encuestas para identificar las capacidades instaladas en la regi\u00f3n Latino Am\u00e9rica y el Caribe para la realizaci\u00f3n de Dosimetr\u00eda Interna. <\/p>\n","protected":false},"author":1,"featured_media":3451,"parent":0,"menu_order":0,"comment_status":"closed","ping_status":"closed","template":"page-templates\/page-builder.php","meta":{"footnotes":""},"_links":{"self":[{"href":"http:\/\/www.reprolam.com\/index.php?rest_route=\/wp\/v2\/pages\/3440"}],"collection":[{"href":"http:\/\/www.reprolam.com\/index.php?rest_route=\/wp\/v2\/pages"}],"about":[{"href":"http:\/\/www.reprolam.com\/index.php?rest_route=\/wp\/v2\/types\/page"}],"author":[{"embeddable":true,"href":"http:\/\/www.reprolam.com\/index.php?rest_route=\/wp\/v2\/users\/1"}],"replies":[{"embeddable":true,"href":"http:\/\/www.reprolam.com\/index.php?rest_route=%2Fwp%2Fv2%2Fcomments&post=3440"}],"version-history":[{"count":10,"href":"http:\/\/www.reprolam.com\/index.php?rest_route=\/wp\/v2\/pages\/3440\/revisions"}],"predecessor-version":[{"id":3466,"href":"http:\/\/www.reprolam.com\/index.php?rest_route=\/wp\/v2\/pages\/3440\/revisions\/3466"}],"wp:featuredmedia":[{"embeddable":true,"href":"http:\/\/www.reprolam.com\/index.php?rest_route=\/wp\/v2\/media\/3451"}],"wp:attachment":[{"href":"http:\/\/www.reprolam.com\/index.php?rest_route=%2Fwp%2Fv2%2Fmedia&parent=3440"}],"curies":[{"name":"wp","href":"https:\/\/api.w.org\/{rel}","templated":true}]}}