{"id":3453,"date":"2022-02-14T16:26:17","date_gmt":"2022-02-14T16:26:17","guid":{"rendered":"http:\/\/www.reprolam.com\/?page_id=3453"},"modified":"2022-02-16T03:25:17","modified_gmt":"2022-02-16T03:25:17","slug":"reprolam-oiea-encuestas-de-dosimetria-retrospectiva-desde-el-03-de-febrero-al-2-de-marzo-del-2022-sin-prorroga","status":"publish","type":"page","link":"http:\/\/www.reprolam.com\/?page_id=3453","title":{"rendered":"REPROLAM-OIEA: ENCUESTAS DE DOSIMETRIA RETROSPECTIVA. DESDE EL 03 DE FEBRERO AL 2 DE MARZO DEL 2022 SIN PR\u00d3RROGA"},"content":{"rendered":"<div id=\"pl-gb3453-69e3c661cf516\"  class=\"panel-layout\" ><div id=\"pg-gb3453-69e3c661cf516-0\"  class=\"panel-grid panel-has-style\" ><div class=\"panel-row-style panel-row-style-for-gb3453-69e3c661cf516-0\" ><div id=\"pgc-gb3453-69e3c661cf516-0-0\"  class=\"panel-grid-cell\" ><div id=\"panel-gb3453-69e3c661cf516-0-0-0\" class=\"so-panel widget widget_sow-editor panel-first-child panel-last-child\" data-index=\"0\" ><div class=\"panel-widget-style panel-widget-style-for-gb3453-69e3c661cf516-0-0-0\" ><div\n\t\t\t\n\t\t\tclass=\"so-widget-sow-editor so-widget-sow-editor-base\"\n\t\t\t\n\t\t>\n<div class=\"siteorigin-widget-tinymce textwidget\">\n\t<p style=\"text-align: right;\"><strong>Publicado en Web de REPROLAM<\/strong>: 07\/02\/2022<\/p>\n<p><img loading=\"lazy\" decoding=\"async\" class=\"aligncenter wp-image-3454 size-full\" src=\"http:\/\/www.reprolam.com\/wp-content\/uploads\/2022\/02\/NOTICIA-25-BANNER-ENCUESTA-DOSIMR-RETROS.jpg\" alt=\"\" width=\"2307\" height=\"370\" srcset=\"http:\/\/www.reprolam.com\/wp-content\/uploads\/2022\/02\/NOTICIA-25-BANNER-ENCUESTA-DOSIMR-RETROS.jpg 2307w, http:\/\/www.reprolam.com\/wp-content\/uploads\/2022\/02\/NOTICIA-25-BANNER-ENCUESTA-DOSIMR-RETROS-300x48.jpg 300w, http:\/\/www.reprolam.com\/wp-content\/uploads\/2022\/02\/NOTICIA-25-BANNER-ENCUESTA-DOSIMR-RETROS-1024x164.jpg 1024w, http:\/\/www.reprolam.com\/wp-content\/uploads\/2022\/02\/NOTICIA-25-BANNER-ENCUESTA-DOSIMR-RETROS-768x123.jpg 768w, http:\/\/www.reprolam.com\/wp-content\/uploads\/2022\/02\/NOTICIA-25-BANNER-ENCUESTA-DOSIMR-RETROS-1536x246.jpg 1536w, http:\/\/www.reprolam.com\/wp-content\/uploads\/2022\/02\/NOTICIA-25-BANNER-ENCUESTA-DOSIMR-RETROS-2048x328.jpg 2048w\" sizes=\"(max-width: 2307px) 100vw, 2307px\" \/><\/p>\n<p style=\"text-align: justify;\">El OIEA con el apoyo de REPROLAM est\u00e1 organizando encuestas para identificar las capacidades instaladas en la regi\u00f3n Latino Am\u00e9rica y el Caribe para la realizaci\u00f3n de Dosimetr\u00eda Retrospectiva. A partir de esta encuesta se busca conocer aspectos relativos a la infraestructura t\u00e9cnica y los recursos humanos dedicados a esta dosimetr\u00eda.<\/p>\n<p style=\"text-align: justify;\">El resultado de la encuesta permitir\u00e1 identificar las fortalezas, necesidades y problemas relativos a las capacidades en el \u00e1mbito de la Dosimetr\u00eda Retrospectiva en la regi\u00f3n. Los laboratorios que respondan a las encuestas se considerar\u00e1n en futuras actividades promovidas por el OIEA en proyectos regionales, tales como: participaci\u00f3n en ejercicios de intercomparaci\u00f3n, webinar, entrenamiento en la recogida y an\u00e1lisis de muestras, etc.<\/p>\n<p style=\"text-align: justify;\">Esta encuesta est\u00e1 abierta a todos los servicios de Dosimetr\u00eda Retrospectiva de Am\u00e9rica Latina de Caribe. Esta encuesta est\u00e1 abierta a todos los laboratorios de Am\u00e9rica Latina que empleen t\u00e9cnicas luminiscentes o de EPR.<\/p>\n<p style=\"text-align: justify;\">El cuestionario online estar\u00e1 disponible desde el 03 de febrero al 2 de marzo del 2022 sin pr\u00f3rroga.<\/p>\n<p style=\"text-align: justify;\">Cada laboratorio interesado en participar en la contestaci\u00f3n del cuestionario estar\u00e1 representado por el jefe del laboratorio, independientemente de que cada instituci\u00f3n cuente con m\u00e1s de un laboratorio de estas caracter\u00edsticas.<\/p>\n<p style=\"text-align: justify;\">Se puede completar el mismo en varias etapas sin perder los datos cargados anteriormente en el siguiente enlace:<\/p>\n<p style=\"text-align: center;\"><a href=\"https:\/\/docs.google.com\/forms\/d\/e\/1FAIpQLScCWAEQUBJmD3ix3xJUcr6OGfCgmA8pKuF40VFEVZxd_NB9kQ\/viewform\">https:\/\/docs.google.com\/forms\/d\/e\/1FAIpQLScCWAEQUBJmD3ix3xJUcr6OGfCgmA8pKuF40VFEVZxd_NB9kQ\/viewform<\/a><\/p>\n<p>Los principales temas de consulta son los siguientes:<\/p>\n<p style=\"padding-left: 40px;\">1.- Informaci\u00f3n general con los datos del laboratorio<\/p>\n<p style=\"padding-left: 40px;\">2.- Experiencia del laboratorio<\/p>\n<p style=\"padding-left: 40px;\">3.- Preparaci\u00f3n de las muestras<\/p>\n<p style=\"padding-left: 40px;\">4.- Instrumentaci\u00f3n disponible<\/p>\n<p style=\"padding-left: 40px;\">5.- Capacidades especificas del laboratorio relacionado con la medida de luminiscencia<\/p>\n<p style=\"padding-left: 40px;\">6.- Sistema de irradiaci\u00f3n disponible<\/p>\n<p style=\"padding-left: 40px;\">7.- Procesamiento de los datos<\/p>\n<p style=\"padding-left: 40px;\">8.- Disponibilidad para participaci\u00f3n en actividades vinculadas a la creaci\u00f3n de la red de laboratorios en Latinoam\u00e9rica y el Caribe<\/p>\n<p>NOTA IMPORTANTE: El objetivo de esta encuesta es colaborar con el desarrollo de la disciplina en la regi\u00f3n, en ese marco se destaca que todos los datos recabados en esta encuesta ser\u00e1n tratados confidencialmente. En ning\u00fan caso se divulgar\u00e1 en nombre del laboratorio ni en los informes que surjan del an\u00e1lisis de los resultados ni en publicaciones<br \/>\nque se deriven de los mismos.<\/p>\n<h3 style=\"text-align: center;\"><span style=\"color: #0000ff;\"><strong>\u00a0<\/strong>\u00a1\u00a1\u00a1 Se invita a todos los miembros de REPROLAM a participar de estas encuestas y a divulgarlas en la regi\u00f3n !!!<br \/>\n<\/span><\/h3>\n<p style=\"text-align: center;\">En caso de dudas puede enviar su consulta a \u00a0<a href=\"mailto:vcd160664@gmail.com\">vcd160664@gmail.com<\/a><\/p>\n<\/div>\n<\/div><\/div><\/div><\/div><\/div><\/div><\/div>\n\n\n<p><\/p>\n","protected":false},"excerpt":{"rendered":"<p>El OIEA con el apoyo de REPROLAM est\u00e1 organizando encuestas para identificar las capacidades instaladas en la regi\u00f3n Latino Am\u00e9rica y el Caribe para la realizaci\u00f3n de Dosimetr\u00eda Retrospectiva. <\/p>\n","protected":false},"author":1,"featured_media":3457,"parent":0,"menu_order":0,"comment_status":"closed","ping_status":"closed","template":"page-templates\/page-builder.php","meta":{"footnotes":""},"_links":{"self":[{"href":"http:\/\/www.reprolam.com\/index.php?rest_route=\/wp\/v2\/pages\/3453"}],"collection":[{"href":"http:\/\/www.reprolam.com\/index.php?rest_route=\/wp\/v2\/pages"}],"about":[{"href":"http:\/\/www.reprolam.com\/index.php?rest_route=\/wp\/v2\/types\/page"}],"author":[{"embeddable":true,"href":"http:\/\/www.reprolam.com\/index.php?rest_route=\/wp\/v2\/users\/1"}],"replies":[{"embeddable":true,"href":"http:\/\/www.reprolam.com\/index.php?rest_route=%2Fwp%2Fv2%2Fcomments&post=3453"}],"version-history":[{"count":6,"href":"http:\/\/www.reprolam.com\/index.php?rest_route=\/wp\/v2\/pages\/3453\/revisions"}],"predecessor-version":[{"id":3467,"href":"http:\/\/www.reprolam.com\/index.php?rest_route=\/wp\/v2\/pages\/3453\/revisions\/3467"}],"wp:featuredmedia":[{"embeddable":true,"href":"http:\/\/www.reprolam.com\/index.php?rest_route=\/wp\/v2\/media\/3457"}],"wp:attachment":[{"href":"http:\/\/www.reprolam.com\/index.php?rest_route=%2Fwp%2Fv2%2Fmedia&parent=3453"}],"curies":[{"name":"wp","href":"https:\/\/api.w.org\/{rel}","templated":true}]}}