{"id":3542,"date":"2022-05-13T13:23:09","date_gmt":"2022-05-13T13:23:09","guid":{"rendered":"http:\/\/www.reprolam.com\/?page_id=3542"},"modified":"2022-05-13T13:37:16","modified_gmt":"2022-05-13T13:37:16","slug":"reprolam-oiea-encuestas-de-dosimetria-computacional-hasta-el-31-de-mayo-del-2022","status":"publish","type":"page","link":"http:\/\/www.reprolam.com\/?page_id=3542","title":{"rendered":"REPROLAM-OIEA: ENCUESTAS DE DOSIMETR\u00cdA  COMPUTACIONAL. HASTA EL 31 DE\u00a0 MAYO DEL 2022."},"content":{"rendered":"<div id=\"pl-gb3542-69f76ef87407d\"  class=\"panel-layout\" ><div id=\"pg-gb3542-69f76ef87407d-0\"  class=\"panel-grid panel-has-style\" ><div class=\"panel-row-style panel-row-style-for-gb3542-69f76ef87407d-0\" ><div id=\"pgc-gb3542-69f76ef87407d-0-0\"  class=\"panel-grid-cell\" ><div id=\"panel-gb3542-69f76ef87407d-0-0-0\" class=\"so-panel widget widget_sow-editor panel-first-child panel-last-child\" data-index=\"0\" ><div class=\"panel-widget-style panel-widget-style-for-gb3542-69f76ef87407d-0-0-0\" ><div\n\t\t\t\n\t\t\tclass=\"so-widget-sow-editor so-widget-sow-editor-base\"\n\t\t\t\n\t\t>\n<div class=\"siteorigin-widget-tinymce textwidget\">\n\t<p style=\"text-align: right;\">Publicado en Web de REPROLAM: 02\/04\/2022<\/p>\n<p>&nbsp;<\/p>\n<p><img loading=\"lazy\" decoding=\"async\" class=\"aligncenter wp-image-3543 size-full\" src=\"http:\/\/www.reprolam.com\/wp-content\/uploads\/2022\/05\/NOTICIA-COMPUTACIONAL-MAY-2022-BANNER.jpg\" alt=\"\" width=\"1514\" height=\"280\" srcset=\"http:\/\/www.reprolam.com\/wp-content\/uploads\/2022\/05\/NOTICIA-COMPUTACIONAL-MAY-2022-BANNER.jpg 1514w, http:\/\/www.reprolam.com\/wp-content\/uploads\/2022\/05\/NOTICIA-COMPUTACIONAL-MAY-2022-BANNER-300x55.jpg 300w, http:\/\/www.reprolam.com\/wp-content\/uploads\/2022\/05\/NOTICIA-COMPUTACIONAL-MAY-2022-BANNER-1024x189.jpg 1024w, http:\/\/www.reprolam.com\/wp-content\/uploads\/2022\/05\/NOTICIA-COMPUTACIONAL-MAY-2022-BANNER-768x142.jpg 768w\" sizes=\"(max-width: 1514px) 100vw, 1514px\" \/><\/p>\n<p style=\"text-align: justify;\">La encuesta aqu\u00ed presentada forma parte de una serie de encuestas regionales, promovidas por REPROLAM y apoyadas por el OIEA (bajo el proyecto RLA9088), que tienen como finalidad fortalecer las capacidades regionales para que los usuarios finales y las organizaciones de soporte t\u00e9cnico (TSO) cumplan con los requisitos de protecci\u00f3n radiol\u00f3gica ocupacional. Esta encuesta en concreto busca revelar la situaci\u00f3n actual de la Dosimetr\u00eda Computacional en Am\u00e9rica Latina y el Caribe en cuanto a capacidades y necesidades.<\/p>\n<p style=\"text-align: justify;\">Esta encuesta, preparada online, abarca a todas las personas y grupos que utilizan m\u00e9todos num\u00e9ricos (de Monte Carlo) en el \u00e1rea de la dosimetr\u00eda y la protecci\u00f3n radiol\u00f3gica en los pa\u00edses de la Regi\u00f3n. La encuesta es individual con el fin de facilitar el contacto para futuras capacitaciones, distribuci\u00f3n de software, intercomparaciones, etc.<\/p>\n<p style=\"text-align: justify;\">El producto final de la encuesta ser\u00e1 un reporte que identificara las capacidades y necesidades en el \u00e1mbito de la Dosimetr\u00eda Computacional y la Protecci\u00f3n Radiol\u00f3gica Ocupacional en Latino Am\u00e9rica y el Caribe.<\/p>\n<p style=\"text-align: left;\">El enlace para acceder a la encuesta es:<\/p>\n<p style=\"text-align: center;\"><a href=\"https:\/\/forms.office.com\/r\/R2Mz4ag3ZN\" target=\"_blank\" rel=\"noopener\">https:\/\/forms.office.com\/r\/R2Mz4ag3ZN<\/a><\/p>\n<p>La encuesta consta de las siguientes secciones:<\/p>\n<\/div>\n<\/div><\/div><\/div><\/div><\/div><\/div><div id=\"pg-gb3542-69f76ef87407d-1\"  class=\"panel-grid panel-has-style\" ><div class=\"panel-row-style panel-row-style-for-gb3542-69f76ef87407d-1\" ><div id=\"pgc-gb3542-69f76ef87407d-1-0\"  class=\"panel-grid-cell panel-grid-cell-empty\" ><\/div><div id=\"pgc-gb3542-69f76ef87407d-1-1\"  class=\"panel-grid-cell panel-grid-cell-mobile-last\" ><div id=\"panel-gb3542-69f76ef87407d-1-1-0\" class=\"so-panel widget widget_sow-editor panel-first-child panel-last-child\" data-index=\"1\" ><div class=\"panel-widget-style panel-widget-style-for-gb3542-69f76ef87407d-1-1-0\" ><div\n\t\t\t\n\t\t\tclass=\"so-widget-sow-editor so-widget-sow-editor-base\"\n\t\t\t\n\t\t>\n<div class=\"siteorigin-widget-tinymce textwidget\">\n\t<ol>\n<li>Datos personales<\/li>\n<li>Instituci\u00f3n donde trabaja<\/li>\n<li>Uso de la metodolog\u00eda Monte Carlo<\/li>\n<li>C\u00f3digo Monte Carlo<\/li>\n<li>Intercomparaciones<\/li>\n<li>Cl\u00faster<\/li>\n<li>Capacitaciones<\/li>\n<li>Sugerencias y Comentarios<\/li>\n<\/ol>\n<\/div>\n<\/div><\/div><\/div><\/div><div id=\"pgc-gb3542-69f76ef87407d-1-2\"  class=\"panel-grid-cell panel-grid-cell-empty\" ><\/div><\/div><\/div><div id=\"pg-gb3542-69f76ef87407d-2\"  class=\"panel-grid panel-has-style\" ><div class=\"panel-row-style panel-row-style-for-gb3542-69f76ef87407d-2\" ><div id=\"pgc-gb3542-69f76ef87407d-2-0\"  class=\"panel-grid-cell\" ><div id=\"panel-gb3542-69f76ef87407d-2-0-0\" class=\"so-panel widget widget_sow-editor panel-first-child panel-last-child\" data-index=\"2\" ><div class=\"panel-widget-style panel-widget-style-for-gb3542-69f76ef87407d-2-0-0\" ><div\n\t\t\t\n\t\t\tclass=\"so-widget-sow-editor so-widget-sow-editor-base\"\n\t\t\t\n\t\t>\n<div class=\"siteorigin-widget-tinymce textwidget\">\n\t<p>La encuesta estar\u00e1 disponible a partir del 02 de Abril hasta el reporte se realizar\u00e1 con la informaci\u00f3n recopilada hasta el 31 de Mayo.<\/p>\n<p style=\"text-align: center;\"><span style=\"color: #000080;\"><strong>\u00a1\u00a1\u00a1 Se invita a todos los miembros de REPROLAM a participar de estas encuestas y a divulgarlas en la regi\u00f3n !!!<\/strong><\/span><\/p>\n<p><strong>\u00a0<\/strong>En caso de dudas puede enviar su consulta a Sebastian Gossio : <a href=\"mailto:sebastian.gossio2010@gmail.com\" target=\"_blank\" rel=\"noopener\">sebastian.gossio2010@gmail.com<\/a><\/p>\n<\/div>\n<\/div><\/div><\/div><\/div><\/div><\/div><\/div>\n\n\n<p><\/p>\n","protected":false},"excerpt":{"rendered":"<p>La encuesta aqu\u00ed presentada forma parte de una serie de encuestas regionales, promovidas por REPROLAM y apoyadas por el OIEA (bajo el proyecto RLA9088)<\/p>\n","protected":false},"author":1,"featured_media":3544,"parent":0,"menu_order":0,"comment_status":"closed","ping_status":"closed","template":"page-templates\/page-builder.php","meta":{"footnotes":""},"_links":{"self":[{"href":"http:\/\/www.reprolam.com\/index.php?rest_route=\/wp\/v2\/pages\/3542"}],"collection":[{"href":"http:\/\/www.reprolam.com\/index.php?rest_route=\/wp\/v2\/pages"}],"about":[{"href":"http:\/\/www.reprolam.com\/index.php?rest_route=\/wp\/v2\/types\/page"}],"author":[{"embeddable":true,"href":"http:\/\/www.reprolam.com\/index.php?rest_route=\/wp\/v2\/users\/1"}],"replies":[{"embeddable":true,"href":"http:\/\/www.reprolam.com\/index.php?rest_route=%2Fwp%2Fv2%2Fcomments&post=3542"}],"version-history":[{"count":6,"href":"http:\/\/www.reprolam.com\/index.php?rest_route=\/wp\/v2\/pages\/3542\/revisions"}],"predecessor-version":[{"id":3551,"href":"http:\/\/www.reprolam.com\/index.php?rest_route=\/wp\/v2\/pages\/3542\/revisions\/3551"}],"wp:featuredmedia":[{"embeddable":true,"href":"http:\/\/www.reprolam.com\/index.php?rest_route=\/wp\/v2\/media\/3544"}],"wp:attachment":[{"href":"http:\/\/www.reprolam.com\/index.php?rest_route=%2Fwp%2Fv2%2Fmedia&parent=3542"}],"curies":[{"name":"wp","href":"https:\/\/api.w.org\/{rel}","templated":true}]}}