{"id":3552,"date":"2022-05-30T13:00:10","date_gmt":"2022-05-30T13:00:10","guid":{"rendered":"http:\/\/www.reprolam.com\/?page_id=3552"},"modified":"2022-05-30T15:48:36","modified_gmt":"2022-05-30T15:48:36","slug":"proteccion-y-seguridad-radiologicas-en-los-usos-medicos-de-la-radiacion-ionizante%ef%bf%bc","status":"publish","type":"page","link":"http:\/\/www.reprolam.com\/?page_id=3552","title":{"rendered":"PUBLICADA GU\u00cdA SSG-46 EN ESPA\u00d1OL SOBRE PROTECCI\u00d3N RADIOL\u00d3GICAS EN APLICACIONES M\u00c9DICAS."},"content":{"rendered":"<div id=\"pl-gb3552-69e3cafcb1307\"  class=\"panel-layout\" ><div id=\"pg-gb3552-69e3cafcb1307-0\"  class=\"panel-grid panel-has-style\" ><div class=\"panel-row-style panel-row-style-for-gb3552-69e3cafcb1307-0\" ><div id=\"pgc-gb3552-69e3cafcb1307-0-0\"  class=\"panel-grid-cell\" ><div id=\"panel-gb3552-69e3cafcb1307-0-0-0\" class=\"so-panel widget widget_sow-editor panel-first-child panel-last-child\" data-index=\"0\" ><div class=\"panel-widget-style panel-widget-style-for-gb3552-69e3cafcb1307-0-0-0\" ><div\n\t\t\t\n\t\t\tclass=\"so-widget-sow-editor so-widget-sow-editor-base\"\n\t\t\t\n\t\t>\n<div class=\"siteorigin-widget-tinymce textwidget\">\n\t<p style=\"text-align: right;\"><strong>Publicado en Web de REPROLAM<\/strong>: 27\/05\/2022<br \/>\n<strong>Noticia del Sitio del<\/strong>: OIEA (https:\/\/www.iaea.org\/es\/publicaciones)<\/p>\n<p><img loading=\"lazy\" decoding=\"async\" class=\"aligncenter wp-image-3553 size-full\" src=\"http:\/\/www.reprolam.com\/wp-content\/uploads\/2022\/05\/Publicacion-Medica-PR-BANNER.jpg\" alt=\"\" width=\"1790\" height=\"468\" srcset=\"http:\/\/www.reprolam.com\/wp-content\/uploads\/2022\/05\/Publicacion-Medica-PR-BANNER.jpg 1790w, http:\/\/www.reprolam.com\/wp-content\/uploads\/2022\/05\/Publicacion-Medica-PR-BANNER-300x78.jpg 300w, http:\/\/www.reprolam.com\/wp-content\/uploads\/2022\/05\/Publicacion-Medica-PR-BANNER-1024x268.jpg 1024w, http:\/\/www.reprolam.com\/wp-content\/uploads\/2022\/05\/Publicacion-Medica-PR-BANNER-768x201.jpg 768w, http:\/\/www.reprolam.com\/wp-content\/uploads\/2022\/05\/Publicacion-Medica-PR-BANNER-1536x402.jpg 1536w\" sizes=\"(max-width: 1790px) 100vw, 1790px\" \/><\/p>\n<p>&nbsp;<\/p>\n<p style=\"text-align: justify;\"><img loading=\"lazy\" decoding=\"async\" class=\"size-full wp-image-3554 alignleft\" src=\"http:\/\/www.reprolam.com\/wp-content\/uploads\/2022\/05\/publica.jpg\" alt=\"\" width=\"250\" height=\"375\" srcset=\"http:\/\/www.reprolam.com\/wp-content\/uploads\/2022\/05\/publica.jpg 250w, http:\/\/www.reprolam.com\/wp-content\/uploads\/2022\/05\/publica-200x300.jpg 200w\" sizes=\"(max-width: 250px) 100vw, 250px\" \/>La Gu\u00ed\u00ada SSG-46, sobre PR en aplicaciones m\u00e9dicas, ya est\u00e1 disponible en espa\u00f1ol y se puede acceder por el enlace:<\/p>\n<p style=\"text-align: justify;\"><a href=\"https:\/\/www.iaea.org\/es\/publications\/14822\/proteccion-y-seguridad-radiologicas-en-los-usos-medicos-de-la-radiacion-ionizante\" target=\"_blank\" rel=\"noopener\">https:\/\/www.iaea.org\/es\/publications\/14822\/proteccion-y-seguridad-radiologicas-en-los-usos-medicos-de-la-radiacion-ionizante<\/a><\/p>\n<p style=\"text-align: justify;\">Esta Gu\u00eda de Seguridad ofrece recomendaciones y orientaciones para el cumplimiento de los requisitos establecidos en la publicaci\u00f3n N\u00ba GSR Part 3 de la Colecci\u00f3n de Normas de Seguridad del OIEA con respecto a la protecci\u00f3n radiol\u00f3gica y la seguridad de las fuentes de radiaci\u00f3n en los usos m\u00e9dicos de la radiaci\u00f3n ionizante en relaci\u00f3n con los pacientes, los trabajadores, los cuidadores y confortadores, los voluntarios que participan en investigaciones biom\u00e9dicas y el p\u00fablico. La Gu\u00eda abarca los procedimientos de radiolog\u00eda diagn\u00f3stica (incluidos los odontol\u00f3gicos), los procedimientos intervencionistas guiados por im\u00e1genes, la medicina nuclear y la radioterapia. Tambi\u00e9n contiene recomendaciones y orientaciones sobre la aplicaci\u00f3n de un enfoque sistem\u00e1tico para equilibrar el aprovechamiento de los beneficios que reportan los usos m\u00e9dicos de la radiaci\u00f3n ionizante con el imperativo de reducir al m\u00ednimo el riesgo de efectos radiol\u00f3gicos en las personas.<\/p>\n<\/div>\n<\/div><\/div><\/div><\/div><\/div><\/div><\/div>\n\n\n<p><\/p>\n","protected":false},"excerpt":{"rendered":"<p>Esta Gu\u00eda de Seguridad ofrece recomendaciones y orientaciones para el cumplimiento de los requisitos establecidos en la publicaci\u00f3n N\u00ba GSR Part 3 de la Colecci\u00f3n de Normas de Seguridad del OIEA <\/p>\n","protected":false},"author":1,"featured_media":3557,"parent":0,"menu_order":0,"comment_status":"closed","ping_status":"closed","template":"page-templates\/page-builder.php","meta":{"footnotes":""},"_links":{"self":[{"href":"http:\/\/www.reprolam.com\/index.php?rest_route=\/wp\/v2\/pages\/3552"}],"collection":[{"href":"http:\/\/www.reprolam.com\/index.php?rest_route=\/wp\/v2\/pages"}],"about":[{"href":"http:\/\/www.reprolam.com\/index.php?rest_route=\/wp\/v2\/types\/page"}],"author":[{"embeddable":true,"href":"http:\/\/www.reprolam.com\/index.php?rest_route=\/wp\/v2\/users\/1"}],"replies":[{"embeddable":true,"href":"http:\/\/www.reprolam.com\/index.php?rest_route=%2Fwp%2Fv2%2Fcomments&post=3552"}],"version-history":[{"count":10,"href":"http:\/\/www.reprolam.com\/index.php?rest_route=\/wp\/v2\/pages\/3552\/revisions"}],"predecessor-version":[{"id":3570,"href":"http:\/\/www.reprolam.com\/index.php?rest_route=\/wp\/v2\/pages\/3552\/revisions\/3570"}],"wp:featuredmedia":[{"embeddable":true,"href":"http:\/\/www.reprolam.com\/index.php?rest_route=\/wp\/v2\/media\/3557"}],"wp:attachment":[{"href":"http:\/\/www.reprolam.com\/index.php?rest_route=%2Fwp%2Fv2%2Fmedia&parent=3552"}],"curies":[{"name":"wp","href":"https:\/\/api.w.org\/{rel}","templated":true}]}}