{"id":4199,"date":"2023-03-02T16:54:56","date_gmt":"2023-03-02T16:54:56","guid":{"rendered":"http:\/\/www.reprolam.com\/?page_id=4199"},"modified":"2023-03-04T02:56:45","modified_gmt":"2023-03-04T02:56:45","slug":"primer-proceso-de-elecciones-del-comite-directivo-de-reprolam-para-el-ejercicio-2023-2025","status":"publish","type":"page","link":"http:\/\/www.reprolam.com\/?page_id=4199","title":{"rendered":"PRIMER PROCESO DE&nbsp; ELECCIONES DEL COMIT\u00c9 DIRECTIVO DE REPROLAM PARA EL EJERCICIO 2023-2025."},"content":{"rendered":"<div id=\"pl-gb4199-69e3c942718a2\"  class=\"panel-layout\" ><div id=\"pg-gb4199-69e3c942718a2-0\"  class=\"panel-grid panel-has-style\" ><div class=\"panel-row-style panel-row-style-for-gb4199-69e3c942718a2-0\" ><div id=\"pgc-gb4199-69e3c942718a2-0-0\"  class=\"panel-grid-cell\" ><div id=\"panel-gb4199-69e3c942718a2-0-0-0\" class=\"so-panel widget widget_sow-editor panel-first-child panel-last-child\" data-index=\"0\" ><div class=\"panel-widget-style panel-widget-style-for-gb4199-69e3c942718a2-0-0-0\" ><div\n\t\t\t\n\t\t\tclass=\"so-widget-sow-editor so-widget-sow-editor-base\"\n\t\t\t\n\t\t>\n<div class=\"siteorigin-widget-tinymce textwidget\">\n\t<p style=\"text-align: right;\"><strong>Publicado en Web de REPROLAM<\/strong>: 02\/03\/2023<\/p>\n<p><img loading=\"lazy\" decoding=\"async\" class=\"aligncenter wp-image-4200 size-full\" src=\"http:\/\/www.reprolam.com\/wp-content\/uploads\/2023\/03\/Banner-Elecciones-2023.jpg\" alt=\"\" width=\"1881\" height=\"300\" srcset=\"http:\/\/www.reprolam.com\/wp-content\/uploads\/2023\/03\/Banner-Elecciones-2023.jpg 1881w, http:\/\/www.reprolam.com\/wp-content\/uploads\/2023\/03\/Banner-Elecciones-2023-300x48.jpg 300w, http:\/\/www.reprolam.com\/wp-content\/uploads\/2023\/03\/Banner-Elecciones-2023-1024x163.jpg 1024w, http:\/\/www.reprolam.com\/wp-content\/uploads\/2023\/03\/Banner-Elecciones-2023-768x122.jpg 768w, http:\/\/www.reprolam.com\/wp-content\/uploads\/2023\/03\/Banner-Elecciones-2023-1536x245.jpg 1536w\" sizes=\"(max-width: 1881px) 100vw, 1881px\" \/><\/p>\n<\/div>\n<\/div><\/div><\/div><\/div><\/div><\/div><div id=\"pg-gb4199-69e3c942718a2-1\"  class=\"panel-grid panel-has-style\" ><div class=\"panel-row-style panel-row-style-for-gb4199-69e3c942718a2-1\" ><div id=\"pgc-gb4199-69e3c942718a2-1-0\"  class=\"panel-grid-cell\" ><div id=\"panel-gb4199-69e3c942718a2-1-0-0\" class=\"so-panel widget widget_sow-editor panel-first-child panel-last-child\" data-index=\"1\" ><div class=\"panel-widget-style panel-widget-style-for-gb4199-69e3c942718a2-1-0-0\" ><div\n\t\t\t\n\t\t\tclass=\"so-widget-sow-editor so-widget-sow-editor-base\"\n\t\t\t\n\t\t>\n<div class=\"siteorigin-widget-tinymce textwidget\">\n\t<p><span style=\"color: #000000;\">Como est\u00e1 establecido en los estatutos de <strong>REPROLAM<\/strong> las elecciones del Comit\u00e9 Directivo (CD) se realizan cada 3 a\u00f1os por votaci\u00f3n de los miembros de la red.<\/span><\/p>\n<p><span style=\"color: #000000;\">El pr\u00f3ximo 14 de Marzo es la primera ocasi\u00f3n que se realizar\u00e1 este proceso de elecciones y se ejecutar\u00e1 electr\u00f3nicamente, usando el Sistema de Elecciones Electr\u00f3nicas <strong>BELENIOS<\/strong>.<\/span><\/p>\n<p><span style=\"color: #000000;\">Una comisi\u00f3n formada por 3 miembros asociados fue\u00a0 designada por el Comit\u00e9 Directivo actual para coordinar el proceso de elecci\u00f3n, el\u00a0 18\/01\/2023 y est\u00e1 integrada por Mariella Ter\u00e1n, Maryzury Vald\u00e9s y Guillermo Balay.<\/span><\/p>\n<\/div>\n<\/div><\/div><\/div><\/div><div id=\"pgc-gb4199-69e3c942718a2-1-1\"  class=\"panel-grid-cell\" ><div id=\"panel-gb4199-69e3c942718a2-1-1-0\" class=\"so-panel widget widget_media_image panel-first-child panel-last-child\" data-index=\"2\" ><div class=\"panel-widget-style panel-widget-style-for-gb4199-69e3c942718a2-1-1-0\" ><img loading=\"lazy\" decoding=\"async\" width=\"208\" height=\"176\" src=\"http:\/\/www.reprolam.com\/wp-content\/uploads\/2023\/03\/logo-belenios.png\" class=\"image wp-image-4201  attachment-full size-full\" alt=\"\" style=\"max-width: 100%; height: auto;\" \/><\/div><\/div><\/div><\/div><\/div><div id=\"pg-gb4199-69e3c942718a2-2\"  class=\"panel-grid panel-has-style\" ><div class=\"panel-row-style panel-row-style-for-gb4199-69e3c942718a2-2\" ><div id=\"pgc-gb4199-69e3c942718a2-2-0\"  class=\"panel-grid-cell\" ><div id=\"panel-gb4199-69e3c942718a2-2-0-0\" class=\"so-panel widget widget_media_image panel-first-child panel-last-child\" data-index=\"3\" ><div class=\"panel-widget-style panel-widget-style-for-gb4199-69e3c942718a2-2-0-0\" ><img loading=\"lazy\" decoding=\"async\" width=\"730\" height=\"486\" src=\"http:\/\/www.reprolam.com\/wp-content\/uploads\/2023\/03\/CD1.jpg\" class=\"image wp-image-4202  attachment-full size-full\" alt=\"\" style=\"max-width: 100%; height: auto;\" srcset=\"http:\/\/www.reprolam.com\/wp-content\/uploads\/2023\/03\/CD1.jpg 730w, http:\/\/www.reprolam.com\/wp-content\/uploads\/2023\/03\/CD1-300x200.jpg 300w, http:\/\/www.reprolam.com\/wp-content\/uploads\/2023\/03\/CD1-272x182.jpg 272w\" sizes=\"(max-width: 730px) 100vw, 730px\" \/><\/div><\/div><\/div><div id=\"pgc-gb4199-69e3c942718a2-2-1\"  class=\"panel-grid-cell\" ><div id=\"panel-gb4199-69e3c942718a2-2-1-0\" class=\"so-panel widget widget_sow-editor panel-first-child panel-last-child\" data-index=\"4\" ><div class=\"panel-widget-style panel-widget-style-for-gb4199-69e3c942718a2-2-1-0\" ><div\n\t\t\t\n\t\t\tclass=\"so-widget-sow-editor so-widget-sow-editor-base\"\n\t\t\t\n\t\t>\n<div class=\"siteorigin-widget-tinymce textwidget\">\n\t<p>Los miembros elegidos para el Comit\u00e9 Directivo son nombrados <strong>por un per\u00edodo de 3 a\u00f1os<\/strong> y ning\u00fan miembro del CD puede permanecer <strong>por m\u00e1s de 2 periodos consecutivos<\/strong>.<\/p>\n<p>Tres miembros de la RED son renovados a cada 3 a\u00f1os y 2 se mantienen para mantener la continuidad del trabajo de la Red.<\/p>\n<p>Cualquier miembro efectivo de la red puede ser propuesto para integrar el Comit\u00e9 Directivo.<\/p>\n<p>Los integrantes del Comit\u00e9 Directivo eligen al Coordinador de la Red por consenso.<\/p>\n<\/div>\n<\/div><\/div><\/div><\/div><\/div><\/div><div id=\"pg-gb4199-69e3c942718a2-3\"  class=\"panel-grid panel-has-style\" ><div class=\"panel-row-style panel-row-style-for-gb4199-69e3c942718a2-3\" ><div id=\"pgc-gb4199-69e3c942718a2-3-0\"  class=\"panel-grid-cell\" ><div id=\"panel-gb4199-69e3c942718a2-3-0-0\" class=\"so-panel widget widget_sow-editor panel-first-child panel-last-child\" data-index=\"5\" ><div class=\"panel-widget-style panel-widget-style-for-gb4199-69e3c942718a2-3-0-0\" ><div\n\t\t\t\n\t\t\tclass=\"so-widget-sow-editor so-widget-sow-editor-base\"\n\t\t\t\n\t\t>\n<div class=\"siteorigin-widget-tinymce textwidget\">\n\t<h4 style=\"text-align: center;\">Hasta el 28\/02\/23 se recibieron las propuestas para conformar las listas de candidaturas.<\/h4>\n<h4 style=\"text-align: center;\"><span style=\"color: #000080;\"><strong>Qued\u00f3 conformada la siguiente propuesta de CD<\/strong>.<\/span><\/h4>\n<p><img loading=\"lazy\" decoding=\"async\" class=\"aligncenter wp-image-4203 \" src=\"http:\/\/www.reprolam.com\/wp-content\/uploads\/2023\/03\/CANDIDATUR.jpg\" alt=\"\" width=\"969\" height=\"548\" srcset=\"http:\/\/www.reprolam.com\/wp-content\/uploads\/2023\/03\/CANDIDATUR.jpg 1040w, http:\/\/www.reprolam.com\/wp-content\/uploads\/2023\/03\/CANDIDATUR-300x170.jpg 300w, http:\/\/www.reprolam.com\/wp-content\/uploads\/2023\/03\/CANDIDATUR-1024x579.jpg 1024w, http:\/\/www.reprolam.com\/wp-content\/uploads\/2023\/03\/CANDIDATUR-768x434.jpg 768w\" sizes=\"(max-width: 969px) 100vw, 969px\" \/><\/p>\n<p>48 horas previas al d\u00eda de la elecci\u00f3n, la Comisi\u00f3n Electoral enviar\u00e1 a todos los miembros activos las instrucciones para\u00a0 proceder a votar, a trav\u00e9s del Sistema de Elecciones Electr\u00f3nicas BELENIOS.<\/p>\n<p>La votaci\u00f3n se realizar\u00e1 desde el 14\/3\u00a0 al 15\/3\u00a0 a las 20:00 UTC.<\/p>\n<p>El 16\/03\/2023 se reunir\u00e1 la Comisi\u00f3n Electoral para analizar el resultado y comunicarlo al Comit\u00e9 Directivo.<\/p>\n<h4 style=\"text-align: center;\"><span style=\"color: #000080;\"><strong>!!! Invitamos a todos los miembros de REPROLAM a participar de las elecciones y a afianzar el trabajo de la comunidad en la regi\u00f3n.<\/strong><\/span><\/h4>\n<\/div>\n<\/div><\/div><\/div><\/div><\/div><\/div><\/div>\n\n\n<p><\/p>\n","protected":false},"excerpt":{"rendered":"<p>Como est\u00e1 establecido en los estatutos de REPROLAM las elecciones del Comit\u00e9 Directivo (CD) se realizan cada 3 a\u00f1os por votaci\u00f3n de los miembros de la red.<\/p>\n","protected":false},"author":1,"featured_media":4209,"parent":0,"menu_order":0,"comment_status":"closed","ping_status":"closed","template":"page-templates\/page-builder.php","meta":{"footnotes":""},"_links":{"self":[{"href":"http:\/\/www.reprolam.com\/index.php?rest_route=\/wp\/v2\/pages\/4199"}],"collection":[{"href":"http:\/\/www.reprolam.com\/index.php?rest_route=\/wp\/v2\/pages"}],"about":[{"href":"http:\/\/www.reprolam.com\/index.php?rest_route=\/wp\/v2\/types\/page"}],"author":[{"embeddable":true,"href":"http:\/\/www.reprolam.com\/index.php?rest_route=\/wp\/v2\/users\/1"}],"replies":[{"embeddable":true,"href":"http:\/\/www.reprolam.com\/index.php?rest_route=%2Fwp%2Fv2%2Fcomments&post=4199"}],"version-history":[{"count":32,"href":"http:\/\/www.reprolam.com\/index.php?rest_route=\/wp\/v2\/pages\/4199\/revisions"}],"predecessor-version":[{"id":4257,"href":"http:\/\/www.reprolam.com\/index.php?rest_route=\/wp\/v2\/pages\/4199\/revisions\/4257"}],"wp:featuredmedia":[{"embeddable":true,"href":"http:\/\/www.reprolam.com\/index.php?rest_route=\/wp\/v2\/media\/4209"}],"wp:attachment":[{"href":"http:\/\/www.reprolam.com\/index.php?rest_route=%2Fwp%2Fv2%2Fmedia&parent=4199"}],"curies":[{"name":"wp","href":"https:\/\/api.w.org\/{rel}","templated":true}]}}