{"id":4464,"date":"2023-04-30T02:35:18","date_gmt":"2023-04-30T02:35:18","guid":{"rendered":"http:\/\/www.reprolam.com\/?page_id=4464"},"modified":"2023-05-01T17:30:43","modified_gmt":"2023-05-01T17:30:43","slug":"intercomparacion-de-reprolam-2023-evaluacion-de-dosis-interna-ocupacional-idireprolam2023","status":"publish","type":"page","link":"http:\/\/www.reprolam.com\/?page_id=4464","title":{"rendered":"INTERCOMPARACI\u00d3N DE REPROLAM 2023 \u2013 EVALUACI\u00d3N DE DOSIS INTERNA OCUPACIONAL (IDIReprolam2023)"},"content":{"rendered":"<div id=\"pl-gb4464-69e751fd2f8f6\"  class=\"panel-layout\" ><div id=\"pg-gb4464-69e751fd2f8f6-0\"  class=\"panel-grid panel-has-style\" ><div class=\"panel-row-style panel-row-style-for-gb4464-69e751fd2f8f6-0\" ><div id=\"pgc-gb4464-69e751fd2f8f6-0-0\"  class=\"panel-grid-cell\" ><div id=\"panel-gb4464-69e751fd2f8f6-0-0-0\" class=\"so-panel widget widget_sow-editor panel-first-child panel-last-child\" data-index=\"0\" ><div class=\"panel-widget-style panel-widget-style-for-gb4464-69e751fd2f8f6-0-0-0\" ><div\n\t\t\t\n\t\t\tclass=\"so-widget-sow-editor so-widget-sow-editor-base\"\n\t\t\t\n\t\t>\n<div class=\"siteorigin-widget-tinymce textwidget\">\n\t<p style=\"text-align: right;\"><strong>Publicado en Web de REPROLAM<\/strong>: 28\/04\/2023<\/p>\n<p><img loading=\"lazy\" decoding=\"async\" class=\"aligncenter wp-image-4465 size-full\" src=\"http:\/\/www.reprolam.com\/wp-content\/uploads\/2023\/04\/Intercompar-Int-Banner.jpg\" alt=\"\" width=\"1524\" height=\"253\" srcset=\"http:\/\/www.reprolam.com\/wp-content\/uploads\/2023\/04\/Intercompar-Int-Banner.jpg 1524w, http:\/\/www.reprolam.com\/wp-content\/uploads\/2023\/04\/Intercompar-Int-Banner-300x50.jpg 300w, http:\/\/www.reprolam.com\/wp-content\/uploads\/2023\/04\/Intercompar-Int-Banner-1024x170.jpg 1024w, http:\/\/www.reprolam.com\/wp-content\/uploads\/2023\/04\/Intercompar-Int-Banner-768x127.jpg 768w\" sizes=\"(max-width: 1524px) 100vw, 1524px\" \/><\/p>\n<\/div>\n<\/div><\/div><\/div><\/div><\/div><\/div><div id=\"pg-gb4464-69e751fd2f8f6-1\"  class=\"panel-grid panel-has-style\" ><div class=\"panel-row-style panel-row-style-for-gb4464-69e751fd2f8f6-1\" ><div id=\"pgc-gb4464-69e751fd2f8f6-1-0\"  class=\"panel-grid-cell\" ><div id=\"panel-gb4464-69e751fd2f8f6-1-0-0\" class=\"so-panel widget widget_sow-editor panel-first-child panel-last-child\" data-index=\"1\" ><div class=\"panel-widget-style panel-widget-style-for-gb4464-69e751fd2f8f6-1-0-0\" ><div\n\t\t\t\n\t\t\tclass=\"so-widget-sow-editor so-widget-sow-editor-base\"\n\t\t\t\n\t\t>\n<div class=\"siteorigin-widget-tinymce textwidget\">\n\t<p style=\"text-align: justify;\"><img loading=\"lazy\" decoding=\"async\" class=\" wp-image-4466 alignright\" src=\"http:\/\/www.reprolam.com\/wp-content\/uploads\/2023\/04\/Intercompar-Int2.png\" alt=\"\" width=\"373\" height=\"280\" srcset=\"http:\/\/www.reprolam.com\/wp-content\/uploads\/2023\/04\/Intercompar-Int2.png 533w, http:\/\/www.reprolam.com\/wp-content\/uploads\/2023\/04\/Intercompar-Int2-300x225.png 300w\" sizes=\"(max-width: 373px) 100vw, 373px\" \/>Con la finalidad de contribuir a mejorar el desarrollo t\u00e9cnico de los servicios de dosimetr\u00eda interna y la armonizaci\u00f3n de protocolos de los mismos para la regi\u00f3n, REPROLAM lanza el anuncio del Ejercicio de Intercomparaci\u00f3n de Evaluaci\u00f3n de Dosis Interna Ocupacional 2023 (<strong>IDIReprolam2023<\/strong>).<\/p>\n<p style=\"text-align: justify;\">El objetivo principal de esta intercomparaci\u00f3n es verificar la capacidad de respuesta en la evaluaci\u00f3n de dosis efectiva comprometida debido a escenarios de exposici\u00f3n interna con radionucleidos de inter\u00e9s en el \u00e1rea ocupacional, aplicando los nuevos modelos biocin\u00e9ticos y dosim\u00e9tricos publicados en las series OIR de la ICRP.<\/p>\n<p style=\"text-align: justify;\">La Red de Optimizaci\u00f3n de Protecci\u00f3n Radiol\u00f3gica Ocupacional de Latinoam\u00e9rica y Caribe (REPROLAM), con el apoyo del Organismo Internacional de Energ\u00eda At\u00f3mica (OIEA), con la finalidad de contribuir a mejorar el desarrollo t\u00e9cnico de los servicios de dosimetr\u00eda y la armonizaci\u00f3n de protocolos de los mismos para la regi\u00f3n, en esta ocasi\u00f3n se complace en anunciar el <strong><em>Ejercicio de Intercomparaci\u00f3n de Evaluaci\u00f3n de Dosis Interna Ocupacional 2023 (IDIReprolam2023)<\/em><\/strong>.<\/p>\n<p>La coordinaci\u00f3n del \u00c1rea Tem\u00e1tica de Dosimetr\u00eda Interna estar\u00e1 a cargo de este ejercicio y el mismo, ser\u00e1 realizado esta vez con el apoyo del proyecto de cooperaci\u00f3n t\u00e9cnica del OIEA RLA 9091, actualmente en ejecuci\u00f3n. Esta intercomparaci\u00f3n estar\u00e1 abierta a la participaci\u00f3n de entidades p\u00fablicas y privadas.<\/p>\n<p><span style=\"color: #000080;\"><strong>ALCANCE:<\/strong><\/span><\/p>\n<p style=\"text-align: justify;\"><strong><em>\u00a0<\/em><\/strong>El alcance de esta intercomparaci\u00f3n es verificar la capacidad de respuesta en la evaluaci\u00f3n de dosis efectiva comprometida debido a escenarios de exposici\u00f3n interna con radionucleidos, aplicando los nuevos modelos biocin\u00e9ticos y dosim\u00e9tricos publicados en las series OIR de la ICRP,\u00a0 satisfaciendo los criterios vigentes para la evaluaci\u00f3n de la exposici\u00f3n interna establecidos en la Norma de Seguridad del OIEA: Requisitos de Seguridad Generales, Parte 3: \u201cProtecci\u00f3n radiol\u00f3gica y seguridad de las fuentes de radiaci\u00f3n\u201d y en la Gu\u00eda de Seguridad General GSG-7: \u201cProtecci\u00f3n Radiol\u00f3gica Ocupacional\u201d, disponibles en espa\u00f1ol en la p\u00e1gina del OIEA:<\/p>\n<p><a href=\"https:\/\/www.iaea.org\/es\/publications\/10812\/proteccion-radiologica-y-seguridad-de-las-fuentes-de-radiacion-normas-basicas-internacionales-de-seguridad\">https:\/\/www.iaea.org\/es\/publications\/10812\/proteccion-radiologica-y-seguridad-de-las-fuentes-de-radiacion-normas-basicas-internacionales-de-seguridad<\/a><\/p>\n<p><u><a href=\"https:\/\/www.iaea.org\/es\/publications\/13573\/proteccion-radiologica-ocupacional\">https:\/\/www.iaea.org\/es\/publications\/13573\/proteccion-radiologica-ocupacional<\/a><\/u><\/p>\n<p style=\"text-align: justify;\">En este contexto, los resultados obtenidos podr\u00e1n ser considerados por los servicios\/laboratorios\/grupos de dosimetr\u00eda interna para probar su competencia t\u00e9cnica en la evaluaci\u00f3n de dosis interna ocupacional, identificar oportunidades de mejora y demostrar el cumplimiento del requisito de revisi\u00f3n de su sistema de gesti\u00f3n, necesario para dar cumplimiento a requisitos normativos relativos a la aprobaci\u00f3n o autorizaci\u00f3n del servicio por los \u00f3rganos reguladores de cada pa\u00eds para el control ocupacional individual.<\/p>\n<p style=\"text-align: justify;\"><span style=\"color: #000080;\"><strong>PARTICIPANTES:<\/strong><\/span><\/p>\n<p style=\"text-align: justify;\">La convocatoria a este ejercicio est\u00e1 dirigida a los servicios, laboratorios, grupos o usuarios finales que realicen evaluaciones de dosis interna ocupacional, para el c\u00e1lculo de dosis efectiva comprometida, tanto de entidades p\u00fablicas como privadas.<strong>\u00a0<\/strong><\/p>\n<p><span style=\"color: #000080;\"><strong>PROCEDIMIENTO DE INTERCOMPARACI\u00d3N:<\/strong><\/span><\/p>\n<p style=\"text-align: justify;\"><strong><em>Registro de participaci\u00f3n<\/em><\/strong><strong>: <\/strong>Los Servicios \/ laboratorios \/ usuarios finales \/ Grupos de Dosimetr\u00eda Interna (SDI) que deseen participar en esta Intercomparaci\u00f3n, deben completar el formulario de registro al que puede acceder a trav\u00e9s del sitio web de REPROLAM usando esta direcci\u00f3n:<\/p>\n<p style=\"text-align: center;\"><strong><a href=\"https:\/\/forms.gle\/TP2kSFtDxsDVPsLN8\">https:\/\/forms.gle\/TP2kSFtDxsDVPsLN8<\/a><\/strong><\/p>\n<p style=\"text-align: justify;\">Una vez que se haya realizado el registro de participaci\u00f3n, el SDI solicitante recibir\u00e1 un email de confirmaci\u00f3n de aceptaci\u00f3n de su registro junto con un c\u00f3digo de participaci\u00f3n (para mantener la confidencialidad del SDI) y una proforma para el pago de su participaci\u00f3n y posterior factura de dicho pago.<\/p>\n<p style=\"text-align: justify;\"><strong><em>Costos y Facturaci\u00f3n<\/em><\/strong><strong>: <\/strong>La cuota de participaci\u00f3n en la intercomparaci\u00f3n es de 500 euros (quinientos euros) por cada SDI. Solo podr\u00e1 solicitarse un reembolso en el caso de que la intercomparaci\u00f3n sea cancelada por REPROLAM.<\/p>\n<p><strong>&#8211; ENTIDADES P\u00daBLICAS<\/strong>: El OIEA patrocinar\u00e1 la participaci\u00f3n de servicios \/ laboratorios \/ usuarios finales \/ grupos de dosimetr\u00eda interna que acrediten pertenecer a una entidad p\u00fablica.<\/p>\n<ul>\n<li><strong>ENTIDADES PRIVADAS<\/strong>: Para realizar el pago de la participaci\u00f3n de servicios \/ laboratorios \/ usuarios finales \/ grupos de dosimetr\u00eda deben transferir la el pago de la participaci\u00f3n a la cuenta bancaria de REPROLAM, que ser\u00e1 informada v\u00eda mail en la confirmaci\u00f3n del registro de inscripci\u00f3n de SDI.<\/li>\n<\/ul>\n<p style=\"text-align: justify;\">La no cancelaci\u00f3n de esta cuota en un plazo m\u00e1ximo de 30 d\u00edas despu\u00e9s de recibida la confirmaci\u00f3n de aceptaci\u00f3n por REPROLAM, dejar\u00e1 fuera de participaci\u00f3n al SDI.<\/p>\n<p style=\"text-align: justify;\"><strong><em>Env\u00edo de Protocolo<\/em><\/strong><strong>: <\/strong>Finalizado el periodo de inscripci\u00f3n, los responsables t\u00e9cnicos de la Intercomparaci\u00f3n enviar\u00e1n el protocolo del ejercicio, donde tambi\u00e9n se describir\u00e1n los casos que se solicita evaluar a cada SDI participante. Los casos incluir\u00e1n radionucleidos de inter\u00e9s en el \u00e1rea ocupacional: I-131, Tc-99m, uranio natural y tritio, en situaciones de rutina o de emergencia, para determinar la dosis efectiva comprometida.<\/p>\n<p style=\"text-align: justify;\"><strong><em>Env\u00edo de Resultados<\/em><\/strong><strong>: <\/strong>Los servicios \/ laboratorios \/ usuarios finales \/ grupos de dosimetr\u00eda interna (SDI) participantes deben efectuar los c\u00e1lculos para resolver los casos que forman parte de este ejercicio de Intercomparaci\u00f3n de Evaluaci\u00f3n de Dosis Interna Ocupacional, que estar\u00e1n descritos en un protocolo distribuido de acuerdo el cronograma establecido. Se solicita a los participantes que completen una planilla Excel \u201cIntercomparaci\u00f3n de Dosimetr\u00eda Interna Reprolam 2023\u201d (<strong>IDIReprolam2023.xls<\/strong>) con la informaci\u00f3n solicitada para cada uno de los casos que sean resueltos por el SDI participante. Esta planilla deber\u00e1 ser enviada a los responsables t\u00e9cnicos de la intercomparaci\u00f3n de acuerdo al cronograma acordado.<\/p>\n<p style=\"text-align: justify;\"><strong><em>Informe de intercomparaci\u00f3n<\/em><\/strong><strong>: <\/strong>Los resultados de la intercomparaci\u00f3n ser\u00e1n tratados como datos confidenciales y la identidad de SDI no ser\u00e1 revelada.<\/p>\n<p style=\"text-align: justify;\">Los responsables t\u00e9cnicos de la intercomparaci\u00f3n preparar\u00e1n un informe preliminar de desempe\u00f1o de todos los SDI participantes el que ser\u00e1 socializado con los participantes, previo al informe final. El informe preliminar se presentar\u00e1 en la pr\u00f3xima reuni\u00f3n regional de dosimetr\u00eda interna, donde se discutir\u00e1n los resultados y se definir\u00e1n los resultados de referencia para cada caso. Finalizada la evaluaci\u00f3n de los resultados de cada SDI con los resultados de referencia, cada SDI recibir\u00e1 un certificado de participaci\u00f3n con el an\u00e1lisis estad\u00edstico de sus resultados.<\/p>\n<p style=\"text-align: justify;\">Los SDI participantes recibir\u00e1n, adicionalmente, un informe con el an\u00e1lisis de desempe\u00f1o global. En este informe se incluir\u00e1n los nombres de los SDI que han participado. Los resultados se presentar\u00e1n de forma an\u00f3nima utilizando el c\u00f3digo \u00fanico y confidencial asignado a cada SDI.<\/p>\n<p style=\"text-align: justify;\">Al final de esta intercomparaci\u00f3n, cada participante podr\u00e1 comunicar su resultado, con la finalidad de demostrar su capacidad anal\u00edtica, a organismos de tercera parte, clientes, etc. No est\u00e1 permitido que los participantes publiquen informaci\u00f3n sobre otros participantes del presente ejercicio. Los resultados globales de la intercomparaci\u00f3n, sin identificaci\u00f3n, podr\u00e1n ser divulgados con fines cient\u00edficos en revistas o congresos.<\/p>\n<p><em><span style=\"color: #000080;\"><strong>Cronograma propuesto:<\/strong><\/span><\/em><\/p>\n<\/div>\n<\/div><\/div><\/div><\/div><\/div><\/div><div id=\"pg-gb4464-69e751fd2f8f6-2\"  class=\"panel-grid panel-has-style\" ><div class=\"panel-row-style panel-row-style-for-gb4464-69e751fd2f8f6-2\" ><div id=\"pgc-gb4464-69e751fd2f8f6-2-0\"  class=\"panel-grid-cell panel-grid-cell-empty\" ><\/div><div id=\"pgc-gb4464-69e751fd2f8f6-2-1\"  class=\"panel-grid-cell panel-grid-cell-mobile-last\" ><div id=\"panel-gb4464-69e751fd2f8f6-2-1-0\" class=\"so-panel widget widget_sow-editor panel-first-child panel-last-child\" data-index=\"2\" ><div class=\"panel-widget-style panel-widget-style-for-gb4464-69e751fd2f8f6-2-1-0\" ><div\n\t\t\t\n\t\t\tclass=\"so-widget-sow-editor so-widget-sow-editor-base\"\n\t\t\t\n\t\t>\n<div class=\"siteorigin-widget-tinymce textwidget\">\n\t<table style=\"height: 90px; border-style: solid; border-color: #0f0ff2;\">\n<tbody>\n<tr style=\"height: 10px;\">\n<td style=\"height: 10px; border-style: solid; border-color: #0f0ff2;\" width=\"374\">Anuncio \u2013 convocatoria de participantes<\/td>\n<td style=\"height: 10px; border-style: solid; border-color: #0f0ff2;\" width=\"229\">Mayo 2023<\/td>\n<\/tr>\n<tr style=\"height: 10px;\">\n<td style=\"height: 10px; border-style: solid; border-color: #0f0ff2; background-color: #96ebeb;\" width=\"374\"><strong>Inscripci\u00f3n de los participantes: <\/strong><\/td>\n<td style=\"height: 10px; border-style: solid; border-color: #0f0ff2; background-color: #96ebeb;\" width=\"229\"><strong>Mayo \u2013 Junio 2023 <\/strong><\/td>\n<\/tr>\n<tr style=\"height: 10px;\">\n<td style=\"height: 10px; border-style: solid; border-color: #0f0ff2;\" width=\"374\">Fecha l\u00edmite para inscripci\u00f3n:<\/td>\n<td style=\"height: 10px; border-style: solid; border-color: #0f0ff2;\" width=\"229\">15 Junio 2023<\/td>\n<\/tr>\n<tr style=\"height: 10px;\">\n<td style=\"height: 10px; border-style: solid; border-color: #0f0ff2;\" width=\"374\">Env\u00edo del protocolo:<\/td>\n<td style=\"height: 10px; border-style: solid; border-color: #0f0ff2;\" width=\"229\">16 Junio 2023<\/td>\n<\/tr>\n<tr style=\"height: 10px;\">\n<td style=\"height: 10px; border-style: solid; border-color: #0f0ff2;\" width=\"374\">Env\u00edo de los resultados al Coordinador<\/td>\n<td style=\"height: 10px; border-style: solid; border-color: #0f0ff2;\" width=\"229\">Junio &#8211; Agosto 2023<\/td>\n<\/tr>\n<tr style=\"height: 10px;\">\n<td style=\"height: 10px; border-style: solid; border-color: #0f0ff2; background-color: #96ebeb;\" width=\"374\"><strong>Fecha l\u00edmite para env\u00edo de resultados obtenidos: <\/strong><\/td>\n<td style=\"height: 10px; border-style: solid; border-color: #0f0ff2; background-color: #96ebeb;\" width=\"229\"><strong>15 de Agosto del 2023 <\/strong><\/td>\n<\/tr>\n<tr style=\"height: 10px;\">\n<td style=\"height: 10px; border-style: solid; border-color: #0f0ff2;\" width=\"374\">Discusi\u00f3n de Resultados:<\/td>\n<td style=\"height: 10px; border-style: solid; border-color: #0f0ff2;\" width=\"229\">Octubre 2023<\/td>\n<\/tr>\n<tr style=\"height: 10px;\">\n<td style=\"height: 10px; border-style: solid; border-color: #0f0ff2;\" width=\"374\">Informe Fina:<\/td>\n<td style=\"height: 10px; border-style: solid; border-color: #0f0ff2;\" width=\"229\">Marzo 2024<\/td>\n<\/tr>\n<tr style=\"height: 10px;\">\n<td style=\"height: 10px; border-style: solid; border-color: #0f0ff2;\" width=\"374\">Emisi\u00f3n de Certificados de participaci\u00f3n:<\/td>\n<td style=\"height: 10px; border-style: solid; border-color: #0f0ff2;\" width=\"229\">Abril 2024<\/td>\n<\/tr>\n<\/tbody>\n<\/table>\n<\/div>\n<\/div><\/div><\/div><\/div><div id=\"pgc-gb4464-69e751fd2f8f6-2-2\"  class=\"panel-grid-cell panel-grid-cell-empty\" ><\/div><\/div><\/div><div id=\"pg-gb4464-69e751fd2f8f6-3\"  class=\"panel-grid panel-has-style\" ><div class=\"panel-row-style panel-row-style-for-gb4464-69e751fd2f8f6-3\" ><div id=\"pgc-gb4464-69e751fd2f8f6-3-0\"  class=\"panel-grid-cell\" ><div id=\"panel-gb4464-69e751fd2f8f6-3-0-0\" class=\"so-panel widget widget_sow-editor panel-first-child panel-last-child\" data-index=\"3\" ><div class=\"panel-widget-style panel-widget-style-for-gb4464-69e751fd2f8f6-3-0-0\" ><div\n\t\t\t\n\t\t\tclass=\"so-widget-sow-editor so-widget-sow-editor-base\"\n\t\t\t\n\t\t>\n<div class=\"siteorigin-widget-tinymce textwidget\">\n\t<p><span style=\"color: #000080;\"><strong><em>Coordinaci\u00f3n de la Intercomparaci\u00f3n:<\/em><\/strong><\/span><\/p>\n<\/div>\n<\/div><\/div><\/div><\/div><\/div><\/div><div id=\"pg-gb4464-69e751fd2f8f6-4\"  class=\"panel-grid panel-has-style\" ><div class=\"panel-row-style panel-row-style-for-gb4464-69e751fd2f8f6-4\" ><div id=\"pgc-gb4464-69e751fd2f8f6-4-0\"  class=\"panel-grid-cell panel-grid-cell-empty\" ><\/div><div id=\"pgc-gb4464-69e751fd2f8f6-4-1\"  class=\"panel-grid-cell panel-grid-cell-mobile-last\" ><div id=\"panel-gb4464-69e751fd2f8f6-4-1-0\" class=\"so-panel widget widget_sow-editor panel-first-child panel-last-child\" data-index=\"4\" ><div class=\"panel-widget-style panel-widget-style-for-gb4464-69e751fd2f8f6-4-1-0\" ><div\n\t\t\t\n\t\t\tclass=\"so-widget-sow-editor so-widget-sow-editor-base\"\n\t\t\t\n\t\t>\n<div class=\"siteorigin-widget-tinymce textwidget\">\n\t<table style=\"border-style: solid; border-color: #0f0ff2;\">\n<tbody>\n<tr>\n<td style=\"width: 154px; border-style: solid; border-color: #0f0ff2; background-color: #96ebeb; vertical-align: middle;\" width=\"185\"><strong>Helen Khoury<\/strong><\/td>\n<td style=\"width: 458px; border-style: solid; border-color: #0f0ff2;\" width=\"419\">Presidenta de la Comisi\u00f3n Directiva de REPROLAM,<\/p>\n<p>Universidade Federal de Pernambuco, Brasil<\/p>\n<\/td>\n<\/tr>\n<tr>\n<td style=\"width: 154px; border-style: solid; border-color: #0f0ff2; background-color: #96ebeb; vertical-align: middle;\" width=\"185\"><strong>Leslie Vironneau<\/strong><\/td>\n<td style=\"width: 458px; border-style: solid; border-color: #0f0ff2;\" width=\"419\">Miembro de la Comisi\u00f3n Directiva de REPROLAM,<\/p>\n<p>Tesorera de REPROLAM, Chile<\/p>\n<\/td>\n<\/tr>\n<tr>\n<td style=\"width: 154px; border-style: solid; border-color: #0f0ff2; background-color: #96ebeb; vertical-align: middle;\" width=\"185\"><strong>Mariella Ter\u00e1n<\/strong><\/td>\n<td style=\"width: 458px; border-style: solid; border-color: #0f0ff2;\" width=\"419\">Co-Coordinadora del \u00e1rea de Dosimetr\u00eda Interna de REPROLAM, Uruguay<\/td>\n<\/tr>\n<tr>\n<td style=\"width: 154px; border-style: solid; border-color: #0f0ff2; background-color: #96ebeb; vertical-align: middle;\" width=\"185\"><strong>Nancy Puerta<\/strong><\/td>\n<td style=\"width: 458px; border-style: solid; border-color: #0f0ff2;\" width=\"419\">Miembro de la Comisi\u00f3n Directiva de REPROLAM<\/p>\n<p>Co-Coordinadora del \u00e1rea de Dosimetr\u00eda Interna de REPROLAM, Argentina<\/p>\n<p><strong><em>Responsable T\u00e9cnica de la IDIReprolam2023<\/em><\/strong><\/p>\n<\/td>\n<\/tr>\n<tr>\n<td style=\"width: 154px; border-style: solid; border-color: #0f0ff2; background-color: #96ebeb; vertical-align: middle;\" width=\"185\"><strong>Luiz Bertelli<\/strong><\/td>\n<td style=\"width: 458px; border-style: solid; border-color: #0f0ff2;\" width=\"419\">Miembro ICRP TG 95 Internal Dose Coefficients y TG 2 Emergency Dosimetry, WG-7 de EURADOS,\u00a0 Program Action Committee PAC-6\u00a0 del NCRP, Scientific Advisory Committee de USTUR, USA<\/p>\n<p><strong>Responsable T\u00e9cnico de la IDIReprolam2023<\/strong><\/p>\n<\/td>\n<\/tr>\n<\/tbody>\n<\/table>\n<\/div>\n<\/div><\/div><\/div><\/div><div id=\"pgc-gb4464-69e751fd2f8f6-4-2\"  class=\"panel-grid-cell panel-grid-cell-empty\" ><\/div><\/div><\/div><div id=\"pg-gb4464-69e751fd2f8f6-5\"  class=\"panel-grid panel-has-style\" ><div class=\"panel-row-style panel-row-style-for-gb4464-69e751fd2f8f6-5\" ><div id=\"pgc-gb4464-69e751fd2f8f6-5-0\"  class=\"panel-grid-cell\" ><div id=\"panel-gb4464-69e751fd2f8f6-5-0-0\" class=\"so-panel widget widget_sow-editor panel-first-child panel-last-child\" data-index=\"5\" ><div class=\"panel-widget-style panel-widget-style-for-gb4464-69e751fd2f8f6-5-0-0\" ><div\n\t\t\t\n\t\t\tclass=\"so-widget-sow-editor so-widget-sow-editor-base\"\n\t\t\t\n\t\t>\n<div class=\"siteorigin-widget-tinymce textwidget\">\n\t<p><strong><em><span style=\"color: #000080;\">Inscripci\u00f3n:<\/span> <\/em><\/strong><\/p>\n<p>Completar formulario: \u00a0<strong><a href=\"https:\/\/forms.gle\/TP2kSFtDxsDVPsLN8\">https:\/\/forms.gle\/TP2kSFtDxsDVPsLN8<\/a><\/strong><\/p>\n<p><span style=\"color: #000080;\"><strong><em>M\u00e1s informaci\u00f3n al contacto: <a href=\"mailto:IDIreprolam2023@gmail.com\">IDIreprolam2023@gmail.com<\/a><br \/>\n<\/em><\/strong><\/span><\/p>\n<\/div>\n<\/div><\/div><\/div><\/div><\/div><\/div><\/div>\n\n\n<p><\/p>\n","protected":false},"excerpt":{"rendered":"<p>Con la finalidad de contribuir a mejorar el desarrollo t\u00e9cnico de los servicios de dosimetr\u00eda interna y la armonizaci\u00f3n de protocolos de los mismos para la regi\u00f3n&#8230;<\/p>\n","protected":false},"author":1,"featured_media":4481,"parent":0,"menu_order":0,"comment_status":"closed","ping_status":"closed","template":"page-templates\/page-builder.php","meta":{"footnotes":""},"_links":{"self":[{"href":"http:\/\/www.reprolam.com\/index.php?rest_route=\/wp\/v2\/pages\/4464"}],"collection":[{"href":"http:\/\/www.reprolam.com\/index.php?rest_route=\/wp\/v2\/pages"}],"about":[{"href":"http:\/\/www.reprolam.com\/index.php?rest_route=\/wp\/v2\/types\/page"}],"author":[{"embeddable":true,"href":"http:\/\/www.reprolam.com\/index.php?rest_route=\/wp\/v2\/users\/1"}],"replies":[{"embeddable":true,"href":"http:\/\/www.reprolam.com\/index.php?rest_route=%2Fwp%2Fv2%2Fcomments&post=4464"}],"version-history":[{"count":11,"href":"http:\/\/www.reprolam.com\/index.php?rest_route=\/wp\/v2\/pages\/4464\/revisions"}],"predecessor-version":[{"id":4513,"href":"http:\/\/www.reprolam.com\/index.php?rest_route=\/wp\/v2\/pages\/4464\/revisions\/4513"}],"wp:featuredmedia":[{"embeddable":true,"href":"http:\/\/www.reprolam.com\/index.php?rest_route=\/wp\/v2\/media\/4481"}],"wp:attachment":[{"href":"http:\/\/www.reprolam.com\/index.php?rest_route=%2Fwp%2Fv2%2Fmedia&parent=4464"}],"curies":[{"name":"wp","href":"https:\/\/api.w.org\/{rel}","templated":true}]}}