{"id":4614,"date":"2023-09-14T15:04:33","date_gmt":"2023-09-14T15:04:33","guid":{"rendered":"http:\/\/www.reprolam.com\/?page_id=4614"},"modified":"2023-10-02T14:53:50","modified_gmt":"2023-10-02T14:53:50","slug":"directorio-regional-de-america-latina-de-laboratorios-de-dosimetria-internaldi-reprolam","status":"publish","type":"page","link":"http:\/\/www.reprolam.com\/?page_id=4614","title":{"rendered":"DIRECTORIO REGIONAL DE AM\u00c9RICA LATINA DE LABORATORIOS DE DOSIMETR\u00cdA INTERNA(LDI-REPROLAM)"},"content":{"rendered":"<div id=\"pl-gb4614-69f78451cddc0\"  class=\"panel-layout\" ><div id=\"pg-gb4614-69f78451cddc0-0\"  class=\"panel-grid panel-has-style\" ><div class=\"panel-row-style panel-row-style-for-gb4614-69f78451cddc0-0\" ><div id=\"pgc-gb4614-69f78451cddc0-0-0\"  class=\"panel-grid-cell\" ><div id=\"panel-gb4614-69f78451cddc0-0-0-0\" class=\"so-panel widget widget_sow-editor panel-first-child panel-last-child\" data-index=\"0\" ><div class=\"panel-widget-style panel-widget-style-for-gb4614-69f78451cddc0-0-0-0\" ><div\n\t\t\t\n\t\t\tclass=\"so-widget-sow-editor so-widget-sow-editor-base\"\n\t\t\t\n\t\t>\n<div class=\"siteorigin-widget-tinymce textwidget\">\n\t<p><img loading=\"lazy\" decoding=\"async\" class=\"aligncenter wp-image-4615 size-full\" src=\"http:\/\/www.reprolam.com\/wp-content\/uploads\/2023\/09\/REPORTE0-PAG-PRINCIPAL-BANNER.jpg\" alt=\"\" width=\"2505\" height=\"341\" srcset=\"http:\/\/www.reprolam.com\/wp-content\/uploads\/2023\/09\/REPORTE0-PAG-PRINCIPAL-BANNER.jpg 2505w, http:\/\/www.reprolam.com\/wp-content\/uploads\/2023\/09\/REPORTE0-PAG-PRINCIPAL-BANNER-300x41.jpg 300w, http:\/\/www.reprolam.com\/wp-content\/uploads\/2023\/09\/REPORTE0-PAG-PRINCIPAL-BANNER-1024x139.jpg 1024w, http:\/\/www.reprolam.com\/wp-content\/uploads\/2023\/09\/REPORTE0-PAG-PRINCIPAL-BANNER-768x105.jpg 768w, http:\/\/www.reprolam.com\/wp-content\/uploads\/2023\/09\/REPORTE0-PAG-PRINCIPAL-BANNER-1536x209.jpg 1536w, http:\/\/www.reprolam.com\/wp-content\/uploads\/2023\/09\/REPORTE0-PAG-PRINCIPAL-BANNER-2048x279.jpg 2048w\" sizes=\"(max-width: 2505px) 100vw, 2505px\" \/><\/p>\n<\/div>\n<\/div><\/div><\/div><\/div><\/div><\/div><div id=\"pg-gb4614-69f78451cddc0-1\"  class=\"panel-grid panel-has-style\" ><div class=\"panel-row-style panel-row-style-for-gb4614-69f78451cddc0-1\" ><div id=\"pgc-gb4614-69f78451cddc0-1-0\"  class=\"panel-grid-cell\" ><div id=\"panel-gb4614-69f78451cddc0-1-0-0\" class=\"so-panel widget widget_sow-editor panel-first-child panel-last-child\" data-index=\"1\" ><div class=\"panel-widget-style panel-widget-style-for-gb4614-69f78451cddc0-1-0-0\" ><div\n\t\t\t\n\t\t\tclass=\"so-widget-sow-editor so-widget-sow-editor-base\"\n\t\t\t\n\t\t>\n<div class=\"siteorigin-widget-tinymce textwidget\">\n\t<p style=\"text-align: justify;\">Se realiz\u00f3 una encuesta regional promovida por <strong>REPROLAM<\/strong> con el apoyo del <strong>OIEA<\/strong>, bajo el Proyecto RLA9088, para el fortalecimiento de las capacidades regionales de los usuarios finales y las organizaciones de apoyo t\u00e9cnico de la regi\u00f3n en materia de protecci\u00f3n radiol\u00f3gica, y de preparaci\u00f3n y respuesta para casos de emergencia.<\/p>\n<p style=\"text-align: justify;\">Esta encuesta tuvo el fin de relevar la situaci\u00f3n actual del <strong>monitoreo de la contaminaci\u00f3n interna<\/strong> de trabajadores en la regi\u00f3n, conocer aspectos relativos a la infraestructura t\u00e9cnica y los recursos humanos dedicados a la Dosimetr\u00eda Interna (directa e indirecta) e identificar las fortalezas, principales brechas y problemas relativos al monitoreo de la contaminaci\u00f3n interna de trabajadores en Latino Am\u00e9rica y el Caribe.<\/p>\n<p style=\"text-align: justify;\">Al finalizar la recopilaci\u00f3n de la informaci\u00f3n suministrada, se trabaj\u00f3 en la creaci\u00f3n del \u201c<strong>Directorio Regional de Laboratorios de Dosimetr\u00eda Interna<\/strong>\u201d, a fin de visualizar las capacidades regionales.<\/p>\n<p style=\"text-align: justify;\">El objetivo es que el Directorio contenga toda la informaci\u00f3n sobre las caracter\u00edsticas y capacidades de los Laboratorios o Servicios de Dosimetr\u00eda Interna que se utilizan en la regi\u00f3n de Am\u00e9rica Latina. Disponer de este Directorio Regional facilitar\u00e1 la cooperaci\u00f3n e intercambio entre los Laboratorios de la regi\u00f3n, as\u00ed como la organizaci\u00f3n de las intercomparaciones y otras actividades t\u00e9cnicas requeridas.<\/p>\n<\/div>\n<\/div><\/div><\/div><\/div><div id=\"pgc-gb4614-69f78451cddc0-1-1\"  class=\"panel-grid-cell\" ><div id=\"panel-gb4614-69f78451cddc0-1-1-0\" class=\"so-panel widget widget_sow-image panel-first-child panel-last-child\" data-index=\"2\" ><div class=\"panel-widget-style panel-widget-style-for-gb4614-69f78451cddc0-1-1-0\" ><div\n\t\t\t\n\t\t\tclass=\"so-widget-sow-image so-widget-sow-image-default-dbf295114b96-4614\"\n\t\t\t\n\t\t>\n<div class=\"sow-image-container\">\n\t\t<img \n\tsrc=\"http:\/\/www.reprolam.com\/wp-content\/uploads\/2023\/09\/DIRECTORIO-DOSIM-INT-LOGO.png\" width=\"674\" height=\"564\" srcset=\"http:\/\/www.reprolam.com\/wp-content\/uploads\/2023\/09\/DIRECTORIO-DOSIM-INT-LOGO.png 674w, http:\/\/www.reprolam.com\/wp-content\/uploads\/2023\/09\/DIRECTORIO-DOSIM-INT-LOGO-300x251.png 300w\" sizes=\"(max-width: 674px) 100vw, 674px\" alt=\"\" \t\tclass=\"so-widget-image\"\/>\n\t<\/div>\n\n<\/div><\/div><\/div><\/div><\/div><\/div><div id=\"pg-gb4614-69f78451cddc0-2\"  class=\"panel-grid panel-has-style\" ><div class=\"panel-row-style panel-row-style-for-gb4614-69f78451cddc0-2\" ><div id=\"pgc-gb4614-69f78451cddc0-2-0\"  class=\"panel-grid-cell\" ><div id=\"panel-gb4614-69f78451cddc0-2-0-0\" class=\"so-panel widget widget_siteorigin-panels-builder panel-first-child panel-last-child\" data-index=\"3\" ><div class=\"panel-widget-style panel-widget-style-for-gb4614-69f78451cddc0-2-0-0\" ><div id=\"pl-w6509c97035718\"  class=\"panel-layout\" ><div id=\"pg-w6509c97035718-0\"  class=\"panel-grid panel-no-style\" ><div id=\"pgc-w6509c97035718-0-0\"  class=\"panel-grid-cell\" ><div id=\"panel-w6509c97035718-0-0-0\" class=\"so-panel widget widget_sow-editor panel-first-child panel-last-child\" data-index=\"0\" ><div class=\"panel-widget-style panel-widget-style-for-w6509c97035718-0-0-0\" ><div\n\t\t\t\n\t\t\tclass=\"so-widget-sow-editor so-widget-sow-editor-base\"\n\t\t\t\n\t\t>\n<div class=\"siteorigin-widget-tinymce textwidget\">\n\t<h5 style=\"text-align: center;\"><span style=\"color: #0000ff;\">DATOS GENERALES Y TIPOS DE EVALUACIONES.<\/span><\/h5>\n<table style=\"width: 100%; border-collapse: collapse; border-style: hidden;\" border=\"1\">\n<tbody>\n<tr style=\"height: 30px;\">\n<td style=\"width: 4.71698%; border-style: hidden; height: 10px;\"><img loading=\"lazy\" decoding=\"async\" class=\"aligncenter size-full wp-image-653\" src=\"http:\/\/www.reprolam.com\/wp-content\/uploads\/2020\/10\/3313576-24.png\" alt=\"\" width=\"24\" height=\"24\" \/><\/td>\n<td style=\"width: 95.283%; border-style: hidden; height: 10px; vertical-align: top;\">Registro de Centros Proveedores de Servicios de Dosimetr\u00eda Interna inscritos en el Directorio LDI-REPROLAM. <a href=\"http:\/\/www.reprolam.com\/?page_id=4631\">(Ver Reporte\u2026)<\/a><\/td>\n<\/tr>\n<tr style=\"height: 10px;\">\n<td style=\"width: 4.71698%; border-style: hidden; height: 10px;\"><img loading=\"lazy\" decoding=\"async\" class=\"aligncenter size-full wp-image-653\" src=\"http:\/\/www.reprolam.com\/wp-content\/uploads\/2020\/10\/3313576-24.png\" alt=\"\" width=\"24\" height=\"24\" \/><\/td>\n<td style=\"width: 95.283%; border-style: hidden; height: 10px; vertical-align: top;\">Tipos de evaluaci\u00f3n de dosis interna que realiza cada Laboratorio de Dosimetr\u00eda Interna y Trabajadores monitoreados anualmente. <a href=\"http:\/\/www.reprolam.com\/?page_id=4640\">(Ver Reporte\u2026)<\/a><\/td>\n<\/tr>\n<tr style=\"height: 24px;\">\n<td style=\"width: 4.71698%; border-style: hidden; height: 14px;\"><img loading=\"lazy\" decoding=\"async\" class=\"aligncenter size-full wp-image-653\" src=\"http:\/\/www.reprolam.com\/wp-content\/uploads\/2020\/10\/3313576-24.png\" alt=\"\" width=\"24\" height=\"24\" \/><\/td>\n<td style=\"width: 95.283%; border-style: hidden; height: 14px; vertical-align: top;\">Apoyo del OIEA en Dosimetr\u00eda Interna y participaci\u00f3n en proyectos de este tema, en los \u00faltimos 10 a\u00f1os. Base del sistema de protecci\u00f3n radiol\u00f3gica utilizada. <a href=\"http:\/\/www.reprolam.com\/?page_id=4622\">(Ver Reporte\u2026)<\/a><\/td>\n<\/tr>\n<\/tbody>\n<\/table>\n<\/div>\n<\/div><\/div><\/div><\/div><\/div><\/div><\/div><\/div><\/div><div id=\"pgc-gb4614-69f78451cddc0-2-1\"  class=\"panel-grid-cell\" ><div id=\"panel-gb4614-69f78451cddc0-2-1-0\" class=\"so-panel widget widget_sow-image panel-first-child panel-last-child\" data-index=\"4\" ><div class=\"panel-widget-style panel-widget-style-for-gb4614-69f78451cddc0-2-1-0\" ><div\n\t\t\t\n\t\t\tclass=\"so-widget-sow-image so-widget-sow-image-default-dbf295114b96-4614\"\n\t\t\t\n\t\t>\n<div class=\"sow-image-container\">\n\t\t<img \n\tsrc=\"http:\/\/www.reprolam.com\/wp-content\/uploads\/2023\/09\/REPORTE0-PAg-PRINCIPAL-F1.jpg\" width=\"150\" height=\"113\" srcset=\"http:\/\/www.reprolam.com\/wp-content\/uploads\/2023\/09\/REPORTE0-PAg-PRINCIPAL-F1.jpg 400w, http:\/\/www.reprolam.com\/wp-content\/uploads\/2023\/09\/REPORTE0-PAg-PRINCIPAL-F1-300x227.jpg 300w\" sizes=\"(max-width: 150px) 100vw, 150px\" alt=\"\" \t\tclass=\"so-widget-image\"\/>\n\t<\/div>\n\n<\/div><\/div><\/div><\/div><\/div><\/div><div id=\"pg-gb4614-69f78451cddc0-3\"  class=\"panel-grid panel-has-style\" ><div class=\"panel-row-style panel-row-style-for-gb4614-69f78451cddc0-3\" ><div id=\"pgc-gb4614-69f78451cddc0-3-0\"  class=\"panel-grid-cell\" ><div id=\"panel-gb4614-69f78451cddc0-3-0-0\" class=\"so-panel widget widget_siteorigin-panels-builder panel-first-child panel-last-child\" data-index=\"5\" ><div class=\"panel-widget-style panel-widget-style-for-gb4614-69f78451cddc0-3-0-0\" ><div id=\"pl-w6509c97037bdb\"  class=\"panel-layout\" ><div id=\"pg-w6509c97037bdb-0\"  class=\"panel-grid panel-no-style\" ><div id=\"pgc-w6509c97037bdb-0-0\"  class=\"panel-grid-cell\" ><div id=\"panel-w6509c97037bdb-0-0-0\" class=\"so-panel widget widget_sow-editor panel-first-child panel-last-child\" data-index=\"0\" ><div class=\"panel-widget-style panel-widget-style-for-w6509c97037bdb-0-0-0\" ><div\n\t\t\t\n\t\t\tclass=\"so-widget-sow-editor so-widget-sow-editor-base\"\n\t\t\t\n\t\t>\n<div class=\"siteorigin-widget-tinymce textwidget\">\n\t<h5 style=\"text-align: center;\"><span style=\"color: #0000ff;\">LABORATORIOS &#8211; MEDIDAS DIRECTAS.<\/span><\/h5>\n<table style=\"width: 100%; border-collapse: collapse; border-style: hidden;\" border=\"1\">\n<tbody>\n<tr style=\"height: 30px;\">\n<td style=\"width: 4.71698%; border-style: hidden; height: 10px;\"><img loading=\"lazy\" decoding=\"async\" class=\"aligncenter size-full wp-image-653\" src=\"http:\/\/www.reprolam.com\/wp-content\/uploads\/2020\/10\/3313576-24.png\" alt=\"\" width=\"24\" height=\"24\" \/><\/td>\n<td style=\"width: 95.283%; border-style: hidden; height: 10px; vertical-align: top;\">Caracter\u00edsticas de los locales en los que se realizan las mediciones directas y del blindaje si existiera. <a href=\"http:\/\/www.reprolam.com\/?page_id=4656\">(Ver Reporte\u2026)<\/a><\/td>\n<\/tr>\n<tr style=\"height: 10px;\">\n<td style=\"width: 4.71698%; border-style: hidden; height: 10px;\"><img loading=\"lazy\" decoding=\"async\" class=\"aligncenter size-full wp-image-653\" src=\"http:\/\/www.reprolam.com\/wp-content\/uploads\/2020\/10\/3313576-24.png\" alt=\"\" width=\"24\" height=\"24\" \/><\/td>\n<td style=\"width: 95.283%; border-style: hidden; height: 10px; vertical-align: top;\">Tipo de mediciones rutinarias que realizan con mediciones directas. (<a href=\"http:\/\/www.reprolam.com\/?page_id=4661\">Ver Reporte\u2026<\/a>)<\/td>\n<\/tr>\n<tr style=\"height: 24px;\">\n<td style=\"width: 4.71698%; border-style: hidden; height: 24px;\"><img loading=\"lazy\" decoding=\"async\" class=\"aligncenter size-full wp-image-653\" src=\"http:\/\/www.reprolam.com\/wp-content\/uploads\/2020\/10\/3313576-24.png\" alt=\"\" width=\"24\" height=\"24\" \/><\/td>\n<td style=\"width: 95.283%; border-style: hidden; vertical-align: top; height: 24px;\">Caracter\u00edstica de los detectores y de las calibraciones en los Laboratorios que realizan mediciones directas. (<a href=\"http:\/\/www.reprolam.com\/?page_id=4675\">Ver Reporte\u2026<\/a>)<\/td>\n<\/tr>\n<tr style=\"height: 24px;\">\n<td style=\"width: 4.71698%; border-style: hidden; height: 24px;\"><img loading=\"lazy\" decoding=\"async\" class=\"aligncenter size-full wp-image-653\" src=\"http:\/\/www.reprolam.com\/wp-content\/uploads\/2020\/10\/3313576-24.png\" alt=\"\" width=\"24\" height=\"24\" \/><\/td>\n<td style=\"width: 95.283%; border-style: hidden; vertical-align: top; height: 24px;\">L\u00edmite de detecci\u00f3n, Tiempo de medici\u00f3n, Metodolog\u00edas de c\u00e1lculo y c\u00f3digos empleados en los Laboratorios que realizan mediciones directas. (<a href=\"http:\/\/www.reprolam.com\/?page_id=4682\">Ver Reporte\u2026<\/a>)<\/td>\n<\/tr>\n<tr style=\"height: 24px;\">\n<td style=\"width: 4.71698%; border-style: hidden; height: 24px;\"><img loading=\"lazy\" decoding=\"async\" class=\"aligncenter size-full wp-image-653\" src=\"http:\/\/www.reprolam.com\/wp-content\/uploads\/2020\/10\/3313576-24.png\" alt=\"\" width=\"24\" height=\"24\" \/><\/td>\n<td style=\"width: 95.283%; border-style: hidden; vertical-align: top; height: 24px;\">Participaci\u00f3n de los Laboratorios en Ejercicios de Intercomparaci\u00f3n de mediciones directas. (<a href=\"http:\/\/www.reprolam.com\/?page_id=4722\">Ver Reporte\u2026<\/a>)<\/td>\n<\/tr>\n<\/tbody>\n<\/table>\n<\/div>\n<\/div><\/div><\/div><\/div><\/div><\/div><\/div><\/div><\/div><div id=\"pgc-gb4614-69f78451cddc0-3-1\"  class=\"panel-grid-cell\" ><div id=\"panel-gb4614-69f78451cddc0-3-1-0\" class=\"so-panel widget widget_sow-image panel-first-child panel-last-child\" data-index=\"6\" ><div class=\"panel-widget-style panel-widget-style-for-gb4614-69f78451cddc0-3-1-0\" ><div\n\t\t\t\n\t\t\tclass=\"so-widget-sow-image so-widget-sow-image-default-dbf295114b96-4614\"\n\t\t\t\n\t\t>\n<div class=\"sow-image-container\">\n\t\t<img \n\tsrc=\"http:\/\/www.reprolam.com\/wp-content\/uploads\/2023\/09\/REPORTE0-PAG-PRINCIPAL-F2.jpeg\" width=\"117\" height=\"150\" srcset=\"http:\/\/www.reprolam.com\/wp-content\/uploads\/2023\/09\/REPORTE0-PAG-PRINCIPAL-F2.jpeg 801w, http:\/\/www.reprolam.com\/wp-content\/uploads\/2023\/09\/REPORTE0-PAG-PRINCIPAL-F2-235x300.jpeg 235w, http:\/\/www.reprolam.com\/wp-content\/uploads\/2023\/09\/REPORTE0-PAG-PRINCIPAL-F2-768x982.jpeg 768w\" sizes=\"(max-width: 117px) 100vw, 117px\" alt=\"\" \t\tclass=\"so-widget-image\"\/>\n\t<\/div>\n\n<\/div><\/div><\/div><\/div><\/div><\/div><div id=\"pg-gb4614-69f78451cddc0-4\"  class=\"panel-grid panel-has-style\" ><div class=\"panel-row-style panel-row-style-for-gb4614-69f78451cddc0-4\" ><div id=\"pgc-gb4614-69f78451cddc0-4-0\"  class=\"panel-grid-cell\" ><div id=\"panel-gb4614-69f78451cddc0-4-0-0\" class=\"so-panel widget widget_siteorigin-panels-builder panel-first-child panel-last-child\" data-index=\"7\" ><div class=\"panel-widget-style panel-widget-style-for-gb4614-69f78451cddc0-4-0-0\" ><div id=\"pl-w650dc672730da\"  class=\"panel-layout\" ><div id=\"pg-w650dc672730da-0\"  class=\"panel-grid panel-no-style\" ><div id=\"pgc-w650dc672730da-0-0\"  class=\"panel-grid-cell\" ><div id=\"panel-w650dc672730da-0-0-0\" class=\"so-panel widget widget_sow-editor panel-first-child panel-last-child\" data-index=\"0\" ><div class=\"panel-widget-style panel-widget-style-for-w650dc672730da-0-0-0\" ><div\n\t\t\t\n\t\t\tclass=\"so-widget-sow-editor so-widget-sow-editor-base\"\n\t\t\t\n\t\t>\n<div class=\"siteorigin-widget-tinymce textwidget\">\n\t<h5 style=\"text-align: center;\"><span style=\"color: #0000ff;\">LABORATORIOS &#8211; MEDIDAS INDIRECTAS.<\/span><\/h5>\n<table style=\"width: 100%; border-collapse: collapse; border-style: hidden;\" border=\"1\">\n<tbody>\n<tr style=\"height: 30px;\">\n<td style=\"width: 3.98414%; border-style: hidden; height: 10px;\"><img loading=\"lazy\" decoding=\"async\" class=\"aligncenter size-full wp-image-653\" src=\"http:\/\/www.reprolam.com\/wp-content\/uploads\/2020\/10\/3313576-24.png\" alt=\"\" width=\"24\" height=\"24\" \/><\/td>\n<td style=\"width: 96.0159%; border-style: hidden; height: 10px; vertical-align: top;\">Tipos de mediciones rutinarias que realizan con mediciones indirectas. <a href=\"http:\/\/www.reprolam.com\/?page_id=4738\">(Ver Reporte\u2026)<\/a><\/td>\n<\/tr>\n<tr style=\"height: 10px;\">\n<td style=\"width: 3.98414%; border-style: hidden; height: 10px;\"><img loading=\"lazy\" decoding=\"async\" class=\"aligncenter size-full wp-image-653\" src=\"http:\/\/www.reprolam.com\/wp-content\/uploads\/2020\/10\/3313576-24.png\" alt=\"\" width=\"24\" height=\"24\" \/><\/td>\n<td style=\"width: 96.0159%; border-style: hidden; height: 10px; vertical-align: top;\">Participaci\u00f3n de los Laboratorios en Ejercicios de Intercomparaci\u00f3n de mediciones indirectas <a href=\"http:\/\/www.reprolam.com\/?page_id=4767\">(Ver Reporte\u2026)<\/a><\/td>\n<\/tr>\n<\/tbody>\n<\/table>\n<\/div>\n<\/div><\/div><\/div><\/div><\/div><\/div><\/div><\/div><\/div><div id=\"pgc-gb4614-69f78451cddc0-4-1\"  class=\"panel-grid-cell\" ><div id=\"panel-gb4614-69f78451cddc0-4-1-0\" class=\"so-panel widget widget_sow-image panel-first-child panel-last-child\" data-index=\"8\" ><div class=\"panel-widget-style panel-widget-style-for-gb4614-69f78451cddc0-4-1-0\" ><div\n\t\t\t\n\t\t\tclass=\"so-widget-sow-image so-widget-sow-image-default-dbf295114b96-4614\"\n\t\t\t\n\t\t>\n<div class=\"sow-image-container\">\n\t\t<img \n\tsrc=\"http:\/\/www.reprolam.com\/wp-content\/uploads\/2023\/09\/REPORTE-PAG-PRINCIPAL-F3.jpeg\" width=\"150\" height=\"130\" srcset=\"http:\/\/www.reprolam.com\/wp-content\/uploads\/2023\/09\/REPORTE-PAG-PRINCIPAL-F3.jpeg 549w, http:\/\/www.reprolam.com\/wp-content\/uploads\/2023\/09\/REPORTE-PAG-PRINCIPAL-F3-300x260.jpeg 300w\" sizes=\"(max-width: 150px) 100vw, 150px\" alt=\"\" \t\tclass=\"so-widget-image\"\/>\n\t<\/div>\n\n<\/div><\/div><\/div><\/div><\/div><\/div><div id=\"pg-gb4614-69f78451cddc0-5\"  class=\"panel-grid panel-has-style\" ><div class=\"panel-row-style panel-row-style-for-gb4614-69f78451cddc0-5\" ><div id=\"pgc-gb4614-69f78451cddc0-5-0\"  class=\"panel-grid-cell\" ><div id=\"panel-gb4614-69f78451cddc0-5-0-0\" class=\"so-panel widget widget_siteorigin-panels-builder panel-first-child panel-last-child\" data-index=\"9\" ><div class=\"panel-widget-style panel-widget-style-for-gb4614-69f78451cddc0-5-0-0\" ><div id=\"pl-w650dc672739c8\"  class=\"panel-layout\" ><div id=\"pg-w650dc672739c8-0\"  class=\"panel-grid panel-no-style\" ><div id=\"pgc-w650dc672739c8-0-0\"  class=\"panel-grid-cell\" ><div id=\"panel-w650dc672739c8-0-0-0\" class=\"so-panel widget widget_sow-editor panel-first-child panel-last-child\" data-index=\"0\" ><div class=\"panel-widget-style panel-widget-style-for-w650dc672739c8-0-0-0\" ><div\n\t\t\t\n\t\t\tclass=\"so-widget-sow-editor so-widget-sow-editor-base\"\n\t\t\t\n\t\t>\n<div class=\"siteorigin-widget-tinymce textwidget\">\n\t<h5 style=\"text-align: center;\"><span style=\"color: #0000ff;\">EVALUACI\u00d3N DE DOSIS. CAPACITACI\u00d3N. PROGRAMA DE GARANT\u00cdA DE CALIDAD.<\/span><\/h5>\n<table style=\"width: 100%; border-collapse: collapse; border-style: hidden;\" border=\"1\">\n<tbody>\n<tr style=\"height: 30px;\">\n<td style=\"width: 3.98414%; border-style: hidden; height: 10px;\"><img loading=\"lazy\" decoding=\"async\" class=\"aligncenter size-full wp-image-653\" src=\"http:\/\/www.reprolam.com\/wp-content\/uploads\/2020\/10\/3313576-24.png\" alt=\"\" width=\"24\" height=\"24\" \/><\/td>\n<td style=\"width: 96.0159%; border-style: hidden; height: 10px; vertical-align: top;\">Laboratorio de Dosimetr\u00eda Interna que realizan Evaluaciones de Dosis y Modelos biocin\u00e9ticos. <a href=\"http:\/\/www.reprolam.com\/?page_id=4781\">(Ver Reporte\u2026)<\/a><\/td>\n<\/tr>\n<tr style=\"height: 10px;\">\n<td style=\"width: 3.98414%; border-style: hidden; height: 10px;\"><img loading=\"lazy\" decoding=\"async\" class=\"aligncenter size-full wp-image-653\" src=\"http:\/\/www.reprolam.com\/wp-content\/uploads\/2020\/10\/3313576-24.png\" alt=\"\" width=\"24\" height=\"24\" \/><\/td>\n<td style=\"width: 96.0159%; border-style: hidden; height: 10px; vertical-align: top;\">Software de C\u00e1lculos de Dosis y Coeficiente de dosis utilizados por los Laboratorios de Dosimetr\u00eda Interna inscritos en el Directorio LDI-REPROLAM. <a href=\"http:\/\/www.reprolam.com\/?page_id=4792\">(Ver Reporte\u2026)<\/a><\/td>\n<\/tr>\n<tr>\n<td style=\"width: 3.98414%; border-style: hidden;\"><img loading=\"lazy\" decoding=\"async\" class=\"aligncenter size-full wp-image-653\" src=\"http:\/\/www.reprolam.com\/wp-content\/uploads\/2020\/10\/3313576-24.png\" alt=\"\" width=\"24\" height=\"24\" \/><\/td>\n<td style=\"width: 96.0159%; border-style: hidden; vertical-align: top;\">Estado de la Capacitaci\u00f3n y Entrenamiento (C&amp;E) en materia de dosimetr\u00eda interna en los Laboratorio de Dosimetr\u00eda Interna inscritos en el Directorio LDI-REPROLAM. <a href=\"http:\/\/www.reprolam.com\/?page_id=4798\">(Ver Reporte\u2026)<\/a><\/td>\n<\/tr>\n<tr>\n<td style=\"width: 3.98414%; border-style: hidden;\"><img loading=\"lazy\" decoding=\"async\" class=\"aligncenter size-full wp-image-653\" src=\"http:\/\/www.reprolam.com\/wp-content\/uploads\/2020\/10\/3313576-24.png\" alt=\"\" width=\"24\" height=\"24\" \/><\/td>\n<td style=\"width: 96.0159%; border-style: hidden; vertical-align: top;\">Implementaci\u00f3n del Programa de Garant\u00eda de Calidad (PGC) en los Laboratorio de Dosimetr\u00eda Interna inscritos en el Directorio LDI-REPROLAM. <a href=\"http:\/\/www.reprolam.com\/?page_id=4802\">(Ver Reporte\u2026)<\/a><\/td>\n<\/tr>\n<\/tbody>\n<\/table>\n<\/div>\n<\/div><\/div><\/div><\/div><\/div><\/div><\/div><\/div><\/div><div id=\"pgc-gb4614-69f78451cddc0-5-1\"  class=\"panel-grid-cell\" ><div id=\"panel-gb4614-69f78451cddc0-5-1-0\" class=\"so-panel widget widget_sow-image panel-first-child panel-last-child\" data-index=\"10\" ><div class=\"panel-widget-style panel-widget-style-for-gb4614-69f78451cddc0-5-1-0\" ><div\n\t\t\t\n\t\t\tclass=\"so-widget-sow-image so-widget-sow-image-default-dbf295114b96-4614\"\n\t\t\t\n\t\t>\n<div class=\"sow-image-container\">\n\t\t<img \n\tsrc=\"http:\/\/www.reprolam.com\/wp-content\/uploads\/2023\/09\/REPORTE-PAG-PRINCIPAL-F4.jpg\" width=\"150\" height=\"122\" srcset=\"http:\/\/www.reprolam.com\/wp-content\/uploads\/2023\/09\/REPORTE-PAG-PRINCIPAL-F4.jpg 861w, http:\/\/www.reprolam.com\/wp-content\/uploads\/2023\/09\/REPORTE-PAG-PRINCIPAL-F4-300x245.jpg 300w, http:\/\/www.reprolam.com\/wp-content\/uploads\/2023\/09\/REPORTE-PAG-PRINCIPAL-F4-768x626.jpg 768w\" sizes=\"(max-width: 150px) 100vw, 150px\" alt=\"\" \t\tclass=\"so-widget-image\"\/>\n\t<\/div>\n\n<\/div><\/div><\/div><\/div><\/div><\/div><\/div>\n\n\n<p><\/p>\n","protected":false},"excerpt":{"rendered":"<p>Se realiz\u00f3 una encuesta regional promovida por REPROLAM con el apoyo del OIEA, bajo el Proyecto RLA9088, para el fortalecimiento de las capacidades regionales de los usuarios finales y las organizaciones de apoyo t\u00e9cnico de la regi\u00f3n en materia de<\/p>\n","protected":false},"author":1,"featured_media":2382,"parent":0,"menu_order":0,"comment_status":"closed","ping_status":"closed","template":"page-templates\/page-builder.php","meta":{"footnotes":""},"_links":{"self":[{"href":"http:\/\/www.reprolam.com\/index.php?rest_route=\/wp\/v2\/pages\/4614"}],"collection":[{"href":"http:\/\/www.reprolam.com\/index.php?rest_route=\/wp\/v2\/pages"}],"about":[{"href":"http:\/\/www.reprolam.com\/index.php?rest_route=\/wp\/v2\/types\/page"}],"author":[{"embeddable":true,"href":"http:\/\/www.reprolam.com\/index.php?rest_route=\/wp\/v2\/users\/1"}],"replies":[{"embeddable":true,"href":"http:\/\/www.reprolam.com\/index.php?rest_route=%2Fwp%2Fv2%2Fcomments&post=4614"}],"version-history":[{"count":21,"href":"http:\/\/www.reprolam.com\/index.php?rest_route=\/wp\/v2\/pages\/4614\/revisions"}],"predecessor-version":[{"id":4813,"href":"http:\/\/www.reprolam.com\/index.php?rest_route=\/wp\/v2\/pages\/4614\/revisions\/4813"}],"wp:featuredmedia":[{"embeddable":true,"href":"http:\/\/www.reprolam.com\/index.php?rest_route=\/wp\/v2\/media\/2382"}],"wp:attachment":[{"href":"http:\/\/www.reprolam.com\/index.php?rest_route=%2Fwp%2Fv2%2Fmedia&parent=4614"}],"curies":[{"name":"wp","href":"https:\/\/api.w.org\/{rel}","templated":true}]}}