{"id":4661,"date":"2023-09-14T18:32:03","date_gmt":"2023-09-14T18:32:03","guid":{"rendered":"http:\/\/www.reprolam.com\/?page_id=4661"},"modified":"2023-09-20T16:15:22","modified_gmt":"2023-09-20T16:15:22","slug":"tipo-de-mediciones-rutinarias-que-realizan-con-mediciones-directas","status":"publish","type":"page","link":"http:\/\/www.reprolam.com\/?page_id=4661","title":{"rendered":"Tipo de mediciones rutinarias que realizan con mediciones directas"},"content":{"rendered":"<div id=\"pl-gb4661-69f79ac1a582a\"  class=\"panel-layout\" ><div id=\"pg-gb4661-69f79ac1a582a-0\"  class=\"panel-grid panel-has-style\" ><div class=\"panel-row-style panel-row-style-for-gb4661-69f79ac1a582a-0\" ><div id=\"pgc-gb4661-69f79ac1a582a-0-0\"  class=\"panel-grid-cell\" ><div id=\"panel-gb4661-69f79ac1a582a-0-0-0\" class=\"so-panel widget widget_siteorigin-panels-builder panel-first-child panel-last-child\" data-index=\"0\" ><div class=\"panel-widget-style panel-widget-style-for-gb4661-69f79ac1a582a-0-0-0\" ><div id=\"pl-w6509b9beebf42\"  class=\"panel-layout\" ><div id=\"pg-w6509b9beebf42-0\"  class=\"panel-grid panel-no-style\" ><div id=\"pgc-w6509b9beebf42-0-0\"  class=\"panel-grid-cell\" ><div id=\"panel-w6509b9beebf42-0-0-0\" class=\"so-panel widget widget_sow-editor panel-first-child panel-last-child\" data-index=\"0\" ><div\n\t\t\t\n\t\t\tclass=\"so-widget-sow-editor so-widget-sow-editor-base\"\n\t\t\t\n\t\t>\n<div class=\"siteorigin-widget-tinymce textwidget\">\n\t<p><img loading=\"lazy\" decoding=\"async\" class=\"aligncenter size-large wp-image-4717\" src=\"http:\/\/www.reprolam.com\/wp-content\/uploads\/2023\/09\/REPORTE5-G1-1-1024x674.png\" alt=\"\" width=\"750\" height=\"494\" srcset=\"http:\/\/www.reprolam.com\/wp-content\/uploads\/2023\/09\/REPORTE5-G1-1-1024x674.png 1024w, http:\/\/www.reprolam.com\/wp-content\/uploads\/2023\/09\/REPORTE5-G1-1-300x197.png 300w, http:\/\/www.reprolam.com\/wp-content\/uploads\/2023\/09\/REPORTE5-G1-1-768x505.png 768w, http:\/\/www.reprolam.com\/wp-content\/uploads\/2023\/09\/REPORTE5-G1-1.png 1306w\" sizes=\"(max-width: 750px) 100vw, 750px\" \/><\/p>\n<\/div>\n<\/div><\/div><\/div><\/div><\/div><\/div><\/div><\/div><div id=\"pgc-gb4661-69f79ac1a582a-0-1\"  class=\"panel-grid-cell\" ><div id=\"panel-gb4661-69f79ac1a582a-0-1-0\" class=\"so-panel widget widget_sow-editor panel-first-child panel-last-child\" data-index=\"1\" ><div class=\"panel-widget-style panel-widget-style-for-gb4661-69f79ac1a582a-0-1-0\" ><div\n\t\t\t\n\t\t\tclass=\"so-widget-sow-editor so-widget-sow-editor-base\"\n\t\t\t\n\t\t>\n<div class=\"siteorigin-widget-tinymce textwidget\">\n\t<p><img loading=\"lazy\" decoding=\"async\" class=\"aligncenter wp-image-4663\" src=\"http:\/\/www.reprolam.com\/wp-content\/uploads\/2023\/09\/REPORTE5-F1-1024x848.jpg\" alt=\"\" width=\"436\" height=\"361\" srcset=\"http:\/\/www.reprolam.com\/wp-content\/uploads\/2023\/09\/REPORTE5-F1-1024x848.jpg 1024w, http:\/\/www.reprolam.com\/wp-content\/uploads\/2023\/09\/REPORTE5-F1-300x249.jpg 300w, http:\/\/www.reprolam.com\/wp-content\/uploads\/2023\/09\/REPORTE5-F1-768x636.jpg 768w, http:\/\/www.reprolam.com\/wp-content\/uploads\/2023\/09\/REPORTE5-F1-1536x1272.jpg 1536w, http:\/\/www.reprolam.com\/wp-content\/uploads\/2023\/09\/REPORTE5-F1.jpg 1684w\" sizes=\"(max-width: 436px) 100vw, 436px\" \/><\/p>\n<\/div>\n<\/div><\/div><\/div><\/div><\/div><\/div><div id=\"pg-gb4661-69f79ac1a582a-1\"  class=\"panel-grid panel-has-style\" ><div class=\"panel-row-style panel-row-style-for-gb4661-69f79ac1a582a-1\" ><div id=\"pgc-gb4661-69f79ac1a582a-1-0\"  class=\"panel-grid-cell\" ><div id=\"panel-gb4661-69f79ac1a582a-1-0-0\" class=\"so-panel widget widget_sow-editor panel-first-child panel-last-child\" data-index=\"2\" ><div class=\"panel-widget-style panel-widget-style-for-gb4661-69f79ac1a582a-1-0-0\" ><div\n\t\t\t\n\t\t\tclass=\"so-widget-sow-editor so-widget-sow-editor-base\"\n\t\t\t\n\t\t>\n<div class=\"siteorigin-widget-tinymce textwidget\">\n\t\n<table id=\"tablepress-85\" class=\"tablepress tablepress-id-85\">\n<thead>\n<tr class=\"row-1\">\n\t<th class=\"column-1\">COD. REG.<\/th><th class=\"column-2\">INSTITUCI\u00d3N (siglas)<\/th><th class=\"column-3\">PA\u00cdS<\/th><th class=\"column-4\">LABORATORIO<\/th><th class=\"column-5\"> Tipo de mediciones rutinarias que realizan<\/th><th class=\"column-6\">Mediciones de Cuerpo Entero &#8211; tiempo de medida (segundos)<\/th><th class=\"column-7\">Mediciones de tiroides &#8211; tiempo de medida (segundos)<\/th><th class=\"column-8\">Otro tipo de mediciones directas, geometr\u00eda y tiempo de medida (en segundos)<\/th>\n<\/tr>\n<\/thead>\n<tbody class=\"row-striping row-hover\">\n<tr class=\"row-2\">\n\t<td class=\"column-1\">LDI-002<\/td><td class=\"column-2\">ARN<\/td><td class=\"column-3\">ARGENTINA<\/td><td class=\"column-4\">Laboratorio de Dosimetr\u00eda Interna (LDI)<\/td><td class=\"column-5\">\u2022 Cuerpo entero<br \/>\n\u2022 Tiroides<br \/>\n\u2022 Pulm\u00f3n<\/td><td class=\"column-6\">300<\/td><td class=\"column-7\">300<\/td><td class=\"column-8\">Geometr\u00eda plana (camilla, persona acostada), 3600 s<\/td>\n<\/tr>\n<tr class=\"row-3\">\n\t<td class=\"column-1\">LDI-006<\/td><td class=\"column-2\">CDTN\/CNEN<\/td><td class=\"column-3\">BRASIL<\/td><td class=\"column-4\">Laboratorio de Dosimetr\u00eda Interna &#8211; LDI<\/td><td class=\"column-5\">\u2022 Cuerpo entero<br \/>\n\u2022 Monitoreo de cabeza<\/td><td class=\"column-6\">Depende del is\u00f3topo y la actividad del TOE, oscilando entre 1000 y 1800 s.<\/td><td class=\"column-7\">NA<\/td><td class=\"column-8\">Geometria de cabeza &#8211; 1000 s<\/td>\n<\/tr>\n<tr class=\"row-4\">\n\t<td class=\"column-1\">LDI-007<\/td><td class=\"column-2\">ELETROBRAS SA<\/td><td class=\"column-3\">BRASIL<\/td><td class=\"column-4\">Laboratorio de Monitorizaci\u00f3n Interna (LMI),  Divisi\u00f3n de Protecci\u00f3n Radiol\u00f3gica<\/td><td class=\"column-5\">\u2022 Cuerpo entero<\/td><td class=\"column-6\">120<\/td><td class=\"column-7\">120<\/td><td class=\"column-8\">Geometria gastrintestinal 120 seg.<\/td>\n<\/tr>\n<tr class=\"row-5\">\n\t<td class=\"column-1\">LDI-009<\/td><td class=\"column-2\">IRD<\/td><td class=\"column-3\">BRASIL<\/td><td class=\"column-4\">Dosimetr\u00eda Interna Ocupacional<\/td><td class=\"column-5\">\u2022 Cuerpo entero<br \/>\n\u2022 Tiroides<br \/>\n\u2022 Pulm\u00f3n<br \/>\n\u2022 Hueso<br \/>\n\u2022 H\u00edgado<\/td><td class=\"column-6\">1800<\/td><td class=\"column-7\">900<\/td><td class=\"column-8\">Pulm\u00f3n\/Th-232: 3600; Pulm\u00f3n\/U-NAT: 3600; Pulm\u00f3n\/U-235: 3600; Pulm\u00f3n\/Am-241: 3600; Pulm\u00f3n\/Pb-210: 3600; Cabeza\/Am-241: 3600; Cabeza\/Pb-210: 3600; Rodillas\/Pb-210: 3600;  H\u00cdgado\/Co-60: 1800; H\u00cdgado\/Am-241<\/td>\n<\/tr>\n<tr class=\"row-6\">\n\t<td class=\"column-1\">LDI-010<\/td><td class=\"column-2\">CCHEN<\/td><td class=\"column-3\">CHILE<\/td><td class=\"column-4\">Laboratorio de Dosimetr\u00eda Interna<\/td><td class=\"column-5\">\u2022 Cuerpo entero<br \/>\n\u2022 Tiroides<\/td><td class=\"column-6\">300<\/td><td class=\"column-7\">300<\/td><td class=\"column-8\">NA<\/td>\n<\/tr>\n<tr class=\"row-7\">\n\t<td class=\"column-1\">LDI-011<\/td><td class=\"column-2\">UNAL-EF<\/td><td class=\"column-3\">COLOMBIA<\/td><td class=\"column-4\">Laboratorio de Bioanalisis del Grupo de F\u00edsica Radiol\u00f3gica <\/td><td class=\"column-5\">\u2022 Tiroides<\/td><td class=\"column-6\">0<\/td><td class=\"column-7\">900<\/td><td class=\"column-8\">NA<\/td>\n<\/tr>\n<tr class=\"row-8\">\n\t<td class=\"column-1\">LDI-012<\/td><td class=\"column-2\">CICANUM<\/td><td class=\"column-3\">COSTA RICA<\/td><td class=\"column-4\">Laboratorio Ciclotr\u00f3n PET\/CT.<\/td><td class=\"column-5\">\u2022 Cuerpo entero<br \/>\n\u2022 Tiroides<\/td><td class=\"column-6\">300<\/td><td class=\"column-7\">300<\/td><td class=\"column-8\">NA<\/td>\n<\/tr>\n<tr class=\"row-9\">\n\t<td class=\"column-1\">LDI-013<\/td><td class=\"column-2\">CPHR<\/td><td class=\"column-3\">CUBA<\/td><td class=\"column-4\">Laboratorio de Dosimetr\u00eda Interna (LDI)<\/td><td class=\"column-5\">\u2022 Tiroides<\/td><td class=\"column-6\">NA<\/td><td class=\"column-7\">900<\/td><td class=\"column-8\">NA<\/td>\n<\/tr>\n<tr class=\"row-10\">\n\t<td class=\"column-1\">LDI-014<\/td><td class=\"column-2\">SCAN<\/td><td class=\"column-3\">ECUADOR<\/td><td class=\"column-4\">Laboratorio de Dosimetr\u00eda Personal<\/td><td class=\"column-5\">\u2022 Tiroides<\/td><td class=\"column-6\">NA<\/td><td class=\"column-7\">900<\/td><td class=\"column-8\">NA<\/td>\n<\/tr>\n<tr class=\"row-11\">\n\t<td class=\"column-1\">LDI-015<\/td><td class=\"column-2\">CIAN<\/td><td class=\"column-3\">EL SALVADOR<\/td><td class=\"column-4\">Servicio de Dosimetr\u00eda Interna<\/td><td class=\"column-5\">\u2022 Tiroides<\/td><td class=\"column-6\">NA<\/td><td class=\"column-7\">900<\/td><td class=\"column-8\">NA<\/td>\n<\/tr>\n<tr class=\"row-12\">\n\t<td class=\"column-1\">LDI-016<\/td><td class=\"column-2\">MEM<\/td><td class=\"column-3\">GUATEMALA<\/td><td class=\"column-4\">Laboratorio de Dosimetr\u00eda Interna<\/td><td class=\"column-5\">\u2022 Tiroides<\/td><td class=\"column-6\">NA<\/td><td class=\"column-7\"> ?  30 minutos<\/td><td class=\"column-8\">NA<\/td>\n<\/tr>\n<tr class=\"row-13\">\n\t<td class=\"column-1\">LDI-017<\/td><td class=\"column-2\">ININ<\/td><td class=\"column-3\">M\u00c9XICO<\/td><td class=\"column-4\">Laboratorio de Dosimetr\u00eda Interna del ININ<\/td><td class=\"column-5\">\u2022 Cuerpo entero<br \/>\n\u2022 Tiroides<\/td><td class=\"column-6\">600 s<\/td><td class=\"column-7\">600<\/td><td class=\"column-8\">NA<\/td>\n<\/tr>\n<tr class=\"row-14\">\n\t<td class=\"column-1\">LDI-018<\/td><td class=\"column-2\">LAF-RAM<\/td><td class=\"column-3\">NICARAGUA<\/td><td class=\"column-4\">Laboratorio de Dosimetr\u00eda Interna<\/td><td class=\"column-5\">\u2022 Tiroides<\/td><td class=\"column-6\">NA<\/td><td class=\"column-7\">200<\/td><td class=\"column-8\">NA<\/td>\n<\/tr>\n<tr class=\"row-15\">\n\t<td class=\"column-1\">LDI-019<\/td><td class=\"column-2\">IPEN<\/td><td class=\"column-3\">PER\u00da<\/td><td class=\"column-4\">Laboratorio de Dosimetr\u00eda Interna<\/td><td class=\"column-5\">\u2022 Tiroides<\/td><td class=\"column-6\">NA<\/td><td class=\"column-7\">600<\/td><td class=\"column-8\">NA<\/td>\n<\/tr>\n<tr class=\"row-16\">\n\t<td class=\"column-1\">LDI-020<\/td><td class=\"column-2\">INEN<\/td><td class=\"column-3\">PER\u00da<\/td><td class=\"column-4\">Servicio de Dosimetr\u00eda Personal<\/td><td class=\"column-5\">\u2022 Tiroides<\/td><td class=\"column-6\">NA<\/td><td class=\"column-7\">NA<\/td><td class=\"column-8\">NA<\/td>\n<\/tr>\n<tr class=\"row-17\">\n\t<td class=\"column-1\">LDI-021<\/td><td class=\"column-2\">CNE<\/td><td class=\"column-3\">REP. DOMINICANA<\/td><td class=\"column-4\">Divisi\u00f3n de Investigaciones y Aplicaciones Nucleares<\/td><td class=\"column-5\">\u2022 Tiroides<\/td><td class=\"column-6\">NA<\/td><td class=\"column-7\">600<\/td><td class=\"column-8\">NA<\/td>\n<\/tr>\n<tr class=\"row-18\">\n\t<td class=\"column-1\">LDI-022<\/td><td class=\"column-2\">CMNIM<\/td><td class=\"column-3\">URUGUAY<\/td><td class=\"column-4\">Laboratorio de Dosimetr\u00eda Interna<\/td><td class=\"column-5\">\u2022 Tiroides<\/td><td class=\"column-6\">NA<\/td><td class=\"column-7\">300<\/td><td class=\"column-8\">NA<\/td>\n<\/tr>\n<tr class=\"row-19\">\n\t<td class=\"column-1\">LDI-023<\/td><td class=\"column-2\">IVIC<\/td><td class=\"column-3\">VENEZUELA<\/td><td class=\"column-4\">Servicio de Radiof\u00edsica Sanitaria, Contaminaci\u00f3n Interna.<\/td><td class=\"column-5\">\u2022 Tiroides<\/td><td class=\"column-6\">NA<\/td><td class=\"column-7\">300<\/td><td class=\"column-8\">NA<\/td>\n<\/tr>\n<\/tbody>\n<\/table>\n<!-- #tablepress-85 from cache -->\n<\/div>\n<\/div><\/div><\/div><\/div><\/div><\/div><\/div>\n\n\n<p><\/p>\n","protected":false},"excerpt":{"rendered":"","protected":false},"author":1,"featured_media":0,"parent":2381,"menu_order":0,"comment_status":"closed","ping_status":"closed","template":"page-templates\/page-builder.php","meta":{"footnotes":""},"_links":{"self":[{"href":"http:\/\/www.reprolam.com\/index.php?rest_route=\/wp\/v2\/pages\/4661"}],"collection":[{"href":"http:\/\/www.reprolam.com\/index.php?rest_route=\/wp\/v2\/pages"}],"about":[{"href":"http:\/\/www.reprolam.com\/index.php?rest_route=\/wp\/v2\/types\/page"}],"author":[{"embeddable":true,"href":"http:\/\/www.reprolam.com\/index.php?rest_route=\/wp\/v2\/users\/1"}],"replies":[{"embeddable":true,"href":"http:\/\/www.reprolam.com\/index.php?rest_route=%2Fwp%2Fv2%2Fcomments&post=4661"}],"version-history":[{"count":7,"href":"http:\/\/www.reprolam.com\/index.php?rest_route=\/wp\/v2\/pages\/4661\/revisions"}],"predecessor-version":[{"id":4763,"href":"http:\/\/www.reprolam.com\/index.php?rest_route=\/wp\/v2\/pages\/4661\/revisions\/4763"}],"up":[{"embeddable":true,"href":"http:\/\/www.reprolam.com\/index.php?rest_route=\/wp\/v2\/pages\/2381"}],"wp:attachment":[{"href":"http:\/\/www.reprolam.com\/index.php?rest_route=%2Fwp%2Fv2%2Fmedia&parent=4661"}],"curies":[{"name":"wp","href":"https:\/\/api.w.org\/{rel}","templated":true}]}}