{"id":4767,"date":"2023-09-21T18:30:16","date_gmt":"2023-09-21T18:30:16","guid":{"rendered":"http:\/\/www.reprolam.com\/?page_id=4767"},"modified":"2023-09-21T18:48:09","modified_gmt":"2023-09-21T18:48:09","slug":"participacion-de-los-laboratorios-en-ejercicios-de-intercomparacion-de-mediciones-indirectas","status":"publish","type":"page","link":"http:\/\/www.reprolam.com\/?page_id=4767","title":{"rendered":"Participaci\u00f3n de los Laboratorios en Ejercicios de Intercomparaci\u00f3n de mediciones indirectas"},"content":{"rendered":"<div id=\"pl-gb4767-69f79df2580c4\"  class=\"panel-layout\" ><div id=\"pg-gb4767-69f79df2580c4-0\"  class=\"panel-grid panel-has-style\" ><div class=\"panel-row-style panel-row-style-for-gb4767-69f79df2580c4-0\" ><div id=\"pgc-gb4767-69f79df2580c4-0-0\"  class=\"panel-grid-cell\" ><div id=\"panel-gb4767-69f79df2580c4-0-0-0\" class=\"so-panel widget widget_siteorigin-panels-builder panel-first-child panel-last-child\" data-index=\"0\" ><div class=\"panel-widget-style panel-widget-style-for-gb4767-69f79df2580c4-0-0-0\" ><div id=\"pl-w650c8baf9ad45\"  class=\"panel-layout\" ><div id=\"pg-w650c8baf9ad45-0\"  class=\"panel-grid panel-no-style\" ><div id=\"pgc-w650c8baf9ad45-0-0\"  class=\"panel-grid-cell\" ><div id=\"panel-w650c8baf9ad45-0-0-0\" class=\"so-panel widget widget_sow-editor panel-first-child panel-last-child\" data-index=\"0\" ><div\n\t\t\t\n\t\t\tclass=\"so-widget-sow-editor so-widget-sow-editor-base\"\n\t\t\t\n\t\t>\n<div class=\"siteorigin-widget-tinymce textwidget\">\n\t<p><img loading=\"lazy\" decoding=\"async\" class=\"aligncenter size-large wp-image-4768\" src=\"http:\/\/www.reprolam.com\/wp-content\/uploads\/2023\/09\/REPORTE10-G1-1024x701.png\" alt=\"\" width=\"750\" height=\"513\" srcset=\"http:\/\/www.reprolam.com\/wp-content\/uploads\/2023\/09\/REPORTE10-G1-1024x701.png 1024w, http:\/\/www.reprolam.com\/wp-content\/uploads\/2023\/09\/REPORTE10-G1-300x205.png 300w, http:\/\/www.reprolam.com\/wp-content\/uploads\/2023\/09\/REPORTE10-G1-768x525.png 768w, http:\/\/www.reprolam.com\/wp-content\/uploads\/2023\/09\/REPORTE10-G1.png 1320w\" sizes=\"(max-width: 750px) 100vw, 750px\" \/><\/p>\n<\/div>\n<\/div><\/div><\/div><\/div><\/div><\/div><\/div><\/div><div id=\"pgc-gb4767-69f79df2580c4-0-1\"  class=\"panel-grid-cell\" ><div id=\"panel-gb4767-69f79df2580c4-0-1-0\" class=\"so-panel widget widget_sow-editor panel-first-child panel-last-child\" data-index=\"1\" ><div class=\"panel-widget-style panel-widget-style-for-gb4767-69f79df2580c4-0-1-0\" ><div\n\t\t\t\n\t\t\tclass=\"so-widget-sow-editor so-widget-sow-editor-base\"\n\t\t\t\n\t\t>\n<div class=\"siteorigin-widget-tinymce textwidget\">\n\t<p><img loading=\"lazy\" decoding=\"async\" class=\"aligncenter size-large wp-image-4769\" src=\"http:\/\/www.reprolam.com\/wp-content\/uploads\/2023\/09\/REPORTE10-G2-1024x701.png\" alt=\"\" width=\"750\" height=\"513\" srcset=\"http:\/\/www.reprolam.com\/wp-content\/uploads\/2023\/09\/REPORTE10-G2-1024x701.png 1024w, http:\/\/www.reprolam.com\/wp-content\/uploads\/2023\/09\/REPORTE10-G2-300x205.png 300w, http:\/\/www.reprolam.com\/wp-content\/uploads\/2023\/09\/REPORTE10-G2-768x526.png 768w, http:\/\/www.reprolam.com\/wp-content\/uploads\/2023\/09\/REPORTE10-G2.png 1322w\" sizes=\"(max-width: 750px) 100vw, 750px\" \/><\/p>\n<\/div>\n<\/div><\/div><\/div><\/div><\/div><\/div><div id=\"pg-gb4767-69f79df2580c4-1\"  class=\"panel-grid panel-has-style\" ><div class=\"panel-row-style panel-row-style-for-gb4767-69f79df2580c4-1\" ><div id=\"pgc-gb4767-69f79df2580c4-1-0\"  class=\"panel-grid-cell\" ><div id=\"panel-gb4767-69f79df2580c4-1-0-0\" class=\"so-panel widget widget_siteorigin-panels-builder panel-first-child panel-last-child\" data-index=\"2\" ><div class=\"panel-widget-style panel-widget-style-for-gb4767-69f79df2580c4-1-0-0\" ><div id=\"pl-w650c8bafa01f7\"  class=\"panel-layout\" ><div id=\"pg-w650c8bafa01f7-0\"  class=\"panel-grid panel-no-style\" ><div id=\"pgc-w650c8bafa01f7-0-0\"  class=\"panel-grid-cell\" ><div id=\"panel-w650c8bafa01f7-0-0-0\" class=\"so-panel widget widget_sow-editor panel-first-child panel-last-child\" data-index=\"0\" ><div\n\t\t\t\n\t\t\tclass=\"so-widget-sow-editor so-widget-sow-editor-base\"\n\t\t\t\n\t\t>\n<div class=\"siteorigin-widget-tinymce textwidget\">\n\t<p><img loading=\"lazy\" decoding=\"async\" class=\"aligncenter size-large wp-image-4770\" src=\"http:\/\/www.reprolam.com\/wp-content\/uploads\/2023\/09\/REPORTE10-G3-1024x701.png\" alt=\"\" width=\"750\" height=\"513\" srcset=\"http:\/\/www.reprolam.com\/wp-content\/uploads\/2023\/09\/REPORTE10-G3-1024x701.png 1024w, http:\/\/www.reprolam.com\/wp-content\/uploads\/2023\/09\/REPORTE10-G3-300x205.png 300w, http:\/\/www.reprolam.com\/wp-content\/uploads\/2023\/09\/REPORTE10-G3-768x526.png 768w, http:\/\/www.reprolam.com\/wp-content\/uploads\/2023\/09\/REPORTE10-G3.png 1323w\" sizes=\"(max-width: 750px) 100vw, 750px\" \/><\/p>\n<\/div>\n<\/div><\/div><\/div><\/div><\/div><\/div><\/div><\/div><div id=\"pgc-gb4767-69f79df2580c4-1-1\"  class=\"panel-grid-cell\" ><div id=\"panel-gb4767-69f79df2580c4-1-1-0\" class=\"so-panel widget widget_sow-editor panel-first-child panel-last-child\" data-index=\"3\" ><div class=\"panel-widget-style panel-widget-style-for-gb4767-69f79df2580c4-1-1-0\" ><div\n\t\t\t\n\t\t\tclass=\"so-widget-sow-editor so-widget-sow-editor-base\"\n\t\t\t\n\t\t>\n<div class=\"siteorigin-widget-tinymce textwidget\">\n\t<p><img loading=\"lazy\" decoding=\"async\" class=\"aligncenter size-large wp-image-4771\" src=\"http:\/\/www.reprolam.com\/wp-content\/uploads\/2023\/09\/REPORTE10-G4-1024x700.png\" alt=\"\" width=\"750\" height=\"513\" srcset=\"http:\/\/www.reprolam.com\/wp-content\/uploads\/2023\/09\/REPORTE10-G4-1024x700.png 1024w, http:\/\/www.reprolam.com\/wp-content\/uploads\/2023\/09\/REPORTE10-G4-300x205.png 300w, http:\/\/www.reprolam.com\/wp-content\/uploads\/2023\/09\/REPORTE10-G4-768x525.png 768w, http:\/\/www.reprolam.com\/wp-content\/uploads\/2023\/09\/REPORTE10-G4.png 1322w\" sizes=\"(max-width: 750px) 100vw, 750px\" \/><\/p>\n<\/div>\n<\/div><\/div><\/div><\/div><\/div><\/div><div id=\"pg-gb4767-69f79df2580c4-2\"  class=\"panel-grid panel-has-style\" ><div class=\"panel-row-style panel-row-style-for-gb4767-69f79df2580c4-2\" ><div id=\"pgc-gb4767-69f79df2580c4-2-0\"  class=\"panel-grid-cell\" ><div id=\"panel-gb4767-69f79df2580c4-2-0-0\" class=\"so-panel widget widget_sow-editor panel-first-child panel-last-child\" data-index=\"4\" ><div class=\"panel-widget-style panel-widget-style-for-gb4767-69f79df2580c4-2-0-0\" ><div\n\t\t\t\n\t\t\tclass=\"so-widget-sow-editor so-widget-sow-editor-base\"\n\t\t\t\n\t\t>\n<div class=\"siteorigin-widget-tinymce textwidget\">\n\t\n<table id=\"tablepress-90\" class=\"tablepress tablepress-id-90\">\n<thead>\n<tr class=\"row-1\">\n\t<th class=\"column-1\">COD. REG.<\/th><th class=\"column-2\">INSTITUCI\u00d3N (siglas)<\/th><th class=\"column-3\">PA\u00cdS<\/th><th class=\"column-4\">LABORATORIO<\/th><th class=\"column-5\">Frecuencia de participaci\u00f3n en Ejercicios de Intercomparaci\u00f3n de mediciones indirectas [Orina]<\/th><th class=\"column-6\">Frecuencia de participaci\u00f3n en Ejercicios de Intercomparaci\u00f3n de mediciones indirectas [Aire]<\/th><th class=\"column-7\">Frecuencia de participaci\u00f3n en Ejercicios de Intercomparaci\u00f3n de mediciones indirectas [Heces]<\/th><th class=\"column-8\">Frecuencia de participaci\u00f3n en Ejercicios de Intercomparaci\u00f3n de mediciones indirectas [Otra]<\/th><th class=\"column-9\">Instituci\u00f3n promotora de la intercomparaci\u00f3n de mediciones indirectas<\/th>\n<\/tr>\n<\/thead>\n<tbody class=\"row-striping row-hover\">\n<tr class=\"row-2\">\n\t<td class=\"column-1\">LDI-001<\/td><td class=\"column-2\">CNEA<\/td><td class=\"column-3\">ARGENTINA<\/td><td class=\"column-4\">Laboratorio de Dosimetr\u00eda Personal y de \u00c1rea<\/td><td class=\"column-5\">Nunca<\/td><td class=\"column-6\">Nunca<\/td><td class=\"column-7\">Nunca<\/td><td class=\"column-8\">Nunca<\/td><td class=\"column-9\"><\/td>\n<\/tr>\n<tr class=\"row-3\">\n\t<td class=\"column-1\">LDI-002<\/td><td class=\"column-2\">ARN<\/td><td class=\"column-3\">ARGENTINA<\/td><td class=\"column-4\">Laboratorio de Dosimetr\u00eda Interna (LDI)<\/td><td class=\"column-5\">No respondi\u00f3<\/td><td class=\"column-6\">No respondi\u00f3<\/td><td class=\"column-7\">No respondi\u00f3<\/td><td class=\"column-8\">No respondi\u00f3<\/td><td class=\"column-9\"><\/td>\n<\/tr>\n<tr class=\"row-4\">\n\t<td class=\"column-1\">LDI-003<\/td><td class=\"column-2\">ARN<\/td><td class=\"column-3\">ARGENTINA<\/td><td class=\"column-4\">Departamento de Dosimetr\u00eda Interna<\/td><td class=\"column-5\">Mayor a 5 a\u00f1os<\/td><td class=\"column-6\">Mayor a 5 a\u00f1os<\/td><td class=\"column-7\">Mayor a 5 a\u00f1os<\/td><td class=\"column-8\">Mayor a 5 a\u00f1os<\/td><td class=\"column-9\"><\/td>\n<\/tr>\n<tr class=\"row-5\">\n\t<td class=\"column-1\">LDI-004<\/td><td class=\"column-2\">INAMEN<\/td><td class=\"column-3\">BOLIVIA<\/td><td class=\"column-4\">Servicio de Estudios con I-131<\/td><td class=\"column-5\">Nunca<\/td><td class=\"column-6\">Nunca<\/td><td class=\"column-7\">Nunca<\/td><td class=\"column-8\">Anual<\/td><td class=\"column-9\">Autoridad Reguladora Nacional<\/td>\n<\/tr>\n<tr class=\"row-6\">\n\t<td class=\"column-1\">LDI-005<\/td><td class=\"column-2\">HCPA<\/td><td class=\"column-3\">BRASIL<\/td><td class=\"column-4\">Servicio de F\u00edsica M\u00e9dica y Radioprotecci\u00f3n<\/td><td class=\"column-5\">No respondi\u00f3<\/td><td class=\"column-6\">No respondi\u00f3<\/td><td class=\"column-7\">No respondi\u00f3<\/td><td class=\"column-8\">No respondi\u00f3<\/td><td class=\"column-9\"><\/td>\n<\/tr>\n<tr class=\"row-7\">\n\t<td class=\"column-1\">LDI-008<\/td><td class=\"column-2\">PROCAPE<\/td><td class=\"column-3\">BRASIL<\/td><td class=\"column-4\">En desarrollo <\/td><td class=\"column-5\">Nunca<\/td><td class=\"column-6\">Nunca<\/td><td class=\"column-7\">Nunca<\/td><td class=\"column-8\">Nunca<\/td><td class=\"column-9\"><\/td>\n<\/tr>\n<tr class=\"row-8\">\n\t<td class=\"column-1\">LDI-009<\/td><td class=\"column-2\">IRD<\/td><td class=\"column-3\">BRASIL<\/td><td class=\"column-4\">Dosimetr\u00eda Interna Ocupacional<\/td><td class=\"column-5\">No respondi\u00f3<\/td><td class=\"column-6\">No respondi\u00f3<\/td><td class=\"column-7\">No respondi\u00f3<\/td><td class=\"column-8\">Semestral<\/td><td class=\"column-9\"> IRD\/CNEN.<\/td>\n<\/tr>\n<tr class=\"row-9\">\n\t<td class=\"column-1\">LDI-010<\/td><td class=\"column-2\">CCHEN<\/td><td class=\"column-3\">CHILE<\/td><td class=\"column-4\">Laboratorio de Dosimetr\u00eda Interna<\/td><td class=\"column-5\">Anual<\/td><td class=\"column-6\">Nunca<\/td><td class=\"column-7\">Nunca<\/td><td class=\"column-8\">Nunca<\/td><td class=\"column-9\">PROCORAD<\/td>\n<\/tr>\n<tr class=\"row-10\">\n\t<td class=\"column-1\">LDI-011<\/td><td class=\"column-2\">UNAL-EF<\/td><td class=\"column-3\">COLOMBIA<\/td><td class=\"column-4\">Laboratorio de Bioanalisis del Grupo de F\u00edsica Radiol\u00f3gica <\/td><td class=\"column-5\">Nunca<\/td><td class=\"column-6\">Nunca<\/td><td class=\"column-7\">Nunca<\/td><td class=\"column-8\">Nunca<\/td><td class=\"column-9\"><\/td>\n<\/tr>\n<tr class=\"row-11\">\n\t<td class=\"column-1\">LDI-023<\/td><td class=\"column-2\">IVIC<\/td><td class=\"column-3\">VENEZUELA<\/td><td class=\"column-4\">Servicio de Radiof\u00edsica Sanitaria, Contaminaci\u00f3n Interna.<\/td><td class=\"column-5\">Nunca<\/td><td class=\"column-6\">Nunca<\/td><td class=\"column-7\">Nunca<\/td><td class=\"column-8\">Nunca<\/td><td class=\"column-9\"><\/td>\n<\/tr>\n<\/tbody>\n<\/table>\n<!-- #tablepress-90 from cache -->\n<\/div>\n<\/div><\/div><\/div><\/div><\/div><\/div><\/div>\n\n\n<p><\/p>\n","protected":false},"excerpt":{"rendered":"","protected":false},"author":1,"featured_media":0,"parent":2381,"menu_order":0,"comment_status":"closed","ping_status":"closed","template":"page-templates\/page-builder.php","meta":{"footnotes":""},"_links":{"self":[{"href":"http:\/\/www.reprolam.com\/index.php?rest_route=\/wp\/v2\/pages\/4767"}],"collection":[{"href":"http:\/\/www.reprolam.com\/index.php?rest_route=\/wp\/v2\/pages"}],"about":[{"href":"http:\/\/www.reprolam.com\/index.php?rest_route=\/wp\/v2\/types\/page"}],"author":[{"embeddable":true,"href":"http:\/\/www.reprolam.com\/index.php?rest_route=\/wp\/v2\/users\/1"}],"replies":[{"embeddable":true,"href":"http:\/\/www.reprolam.com\/index.php?rest_route=%2Fwp%2Fv2%2Fcomments&post=4767"}],"version-history":[{"count":1,"href":"http:\/\/www.reprolam.com\/index.php?rest_route=\/wp\/v2\/pages\/4767\/revisions"}],"predecessor-version":[{"id":4772,"href":"http:\/\/www.reprolam.com\/index.php?rest_route=\/wp\/v2\/pages\/4767\/revisions\/4772"}],"up":[{"embeddable":true,"href":"http:\/\/www.reprolam.com\/index.php?rest_route=\/wp\/v2\/pages\/2381"}],"wp:attachment":[{"href":"http:\/\/www.reprolam.com\/index.php?rest_route=%2Fwp%2Fv2%2Fmedia&parent=4767"}],"curies":[{"name":"wp","href":"https:\/\/api.w.org\/{rel}","templated":true}]}}