{"id":5323,"date":"2026-04-09T16:37:19","date_gmt":"2026-04-09T16:37:19","guid":{"rendered":"http:\/\/www.reprolam.com\/?page_id=5323"},"modified":"2026-04-10T20:48:41","modified_gmt":"2026-04-10T20:48:41","slug":"intercomparacion-de-reprolam-2026-para-servicios-de-dosimetria-externa-de-cuerpo-entero-icreprolam2026","status":"publish","type":"page","link":"http:\/\/www.reprolam.com\/?page_id=5323","title":{"rendered":"INTERCOMPARACI\u00d3N DE REPROLAM 2026 \u2013 PARA SERVICIOS DE DOSIMETRIA EXTERNA DE CUERPO ENTERO  (ICReprolam2026)"},"content":{"rendered":"<div id=\"pl-gb5323-69d9a8604cde0\"  class=\"panel-layout wp-block-siteorigin-panels-layout-block\" ><div id=\"pg-gb5323-69d9a8604cde0-0\"  class=\"panel-grid panel-has-style\" ><div class=\"panel-row-style panel-row-style-for-gb5323-69d9a8604cde0-0\" ><div id=\"pgc-gb5323-69d9a8604cde0-0-0\"  class=\"panel-grid-cell\" ><div id=\"panel-gb5323-69d9a8604cde0-0-0-0\" class=\"so-panel widget widget_sow-editor panel-first-child panel-last-child\" data-index=\"0\" ><div class=\"panel-widget-style panel-widget-style-for-gb5323-69d9a8604cde0-0-0-0\" ><div\n\t\t\t\n\t\t\tclass=\"so-widget-sow-editor so-widget-sow-editor-base\"\n\t\t\t\n\t\t>\n<div class=\"siteorigin-widget-tinymce textwidget\">\n\t<p style=\"text-align: right;\"><strong>Publicado en Web de REPROLAM<\/strong>: 06\/04\/2026<\/p>\n<p style=\"text-align: right;\"><img loading=\"lazy\" decoding=\"async\" class=\"aligncenter wp-image-5324 size-full\" src=\"http:\/\/www.reprolam.com\/wp-content\/uploads\/2026\/04\/IMPORTANTE2-scaled.jpg\" alt=\"\" width=\"2560\" height=\"416\" srcset=\"http:\/\/www.reprolam.com\/wp-content\/uploads\/2026\/04\/IMPORTANTE2-scaled.jpg 2560w, http:\/\/www.reprolam.com\/wp-content\/uploads\/2026\/04\/IMPORTANTE2-300x49.jpg 300w, http:\/\/www.reprolam.com\/wp-content\/uploads\/2026\/04\/IMPORTANTE2-1024x166.jpg 1024w, http:\/\/www.reprolam.com\/wp-content\/uploads\/2026\/04\/IMPORTANTE2-768x125.jpg 768w, http:\/\/www.reprolam.com\/wp-content\/uploads\/2026\/04\/IMPORTANTE2-1536x250.jpg 1536w, http:\/\/www.reprolam.com\/wp-content\/uploads\/2026\/04\/IMPORTANTE2-2048x333.jpg 2048w\" sizes=\"(max-width: 2560px) 100vw, 2560px\" \/><\/p>\n<p>La Red de Optimizaci\u00f3n de Protecci\u00f3n Radiol\u00f3gica Ocupacional de Latinoam\u00e9rica y Caribe (<strong>REPROLAM<\/strong>), con el apoyo del Organismo Internacional de Energ\u00eda At\u00f3mica (<strong>OIEA<\/strong>), pretende establecer un programa de intercomparaciones para los diferentes servicios t\u00e9cnicos de apoyo a la protecci\u00f3n radiol\u00f3gica, cuya finalidad es contribuir a mejorar el desempe\u00f1o t\u00e9cnico de los servicios de dosimetr\u00eda personal y la armonizaci\u00f3n de protocolos de los mismos en la regi\u00f3n. El programa de intercomparaciones comprender\u00e1 los servicios de dosimetr\u00eda externa. Estas intercomparaciones estar\u00e1n abiertas a la participaci\u00f3n de instituciones p\u00fablicas y privadas.<\/p>\n<p>En esta ocasi\u00f3n <strong>REPROLAM<\/strong> se complace en anunciar el <strong>Ejercicio de Intercomparaci\u00f3n para Servicios de Dosimetr\u00eda Externa 2026 (ICReprolam2026)<\/strong>. El mismo, ser\u00e1 realizado esta vez con el apoyo del Laboratorio de Metrolog\u00eda de las Radiaciones Ionizantes Departamento de Energ\u00eda nuclear-UFPE de la Universidad Federal de Pernambuco (LMRI-DEN\/UFPE) de Brasil.<\/p>\n<p style=\"text-align: center;\"><strong>ALCANCE<\/strong>:<\/p>\n<p>Esta intercomparaci\u00f3n es para dos\u00edmetros de cuerpo entero utilizados para la evaluaci\u00f3n de Hp(10) y\/o Hp(0,07) . Las irradiaciones se llevar\u00e1n a cabo en el Laboratorio de Metrolog\u00eda de las Radiaciones Ionizantes-LMRI-DEN\/UFPE de Brasil empleando fotones y los siguientes rangos de valores:<\/p>\n<ul>\n<li>Energ\u00eda (keV): 30 a 1250<\/li>\n<li>Dosis (mSv): 0.1 a 50<\/li>\n<li>\u00c1ngulo de incidencia: 0 \u00ba y \u00b1 60\u00ba<\/li>\n<\/ul>\n<p style=\"text-align: center;\"><strong>PROCEDIMIENTO DE INTERCOMPARACI\u00d3N:<\/strong><\/p>\n<p><strong>REGISTRO DE PARTICIPACI\u00d3N<\/strong>:<\/p>\n<p>Los Servicios de Dosimetr\u00eda Externa (SDE) que deseen participar en esta Intercomparaci\u00f3n, deben completar el formulario de registro al que puede acceder a trav\u00e9s del sitio web de REPROLAM usando esta direcci\u00f3n: <a href=\"https:\/\/ic.grupodoin.com\">https:\/\/ic.grupodoin.com<\/a><\/p>\n<p>&nbsp;<\/p>\n<p><img loading=\"lazy\" decoding=\"async\" class=\"aligncenter size-large wp-image-5325\" src=\"http:\/\/www.reprolam.com\/wp-content\/uploads\/2026\/04\/RegistroOnline2-1024x382.jpg\" alt=\"\" width=\"750\" height=\"280\" srcset=\"http:\/\/www.reprolam.com\/wp-content\/uploads\/2026\/04\/RegistroOnline2-1024x382.jpg 1024w, http:\/\/www.reprolam.com\/wp-content\/uploads\/2026\/04\/RegistroOnline2-300x112.jpg 300w, http:\/\/www.reprolam.com\/wp-content\/uploads\/2026\/04\/RegistroOnline2-768x287.jpg 768w, http:\/\/www.reprolam.com\/wp-content\/uploads\/2026\/04\/RegistroOnline2.jpg 1095w\" sizes=\"(max-width: 750px) 100vw, 750px\" \/><\/p>\n<p>El SDE debe <strong><u>llenar un formulario para cada t\u00e9cnica o sistema de dosimetr\u00eda<\/u><\/strong> en que desea participar<\/p>\n<p>Una vez realizado el registro de participaci\u00f3n, el SDE solicitante recibir\u00e1 un email de confirmaci\u00f3n con la aceptaci\u00f3n de su registro junto a un c\u00f3digo de participaci\u00f3n (para mantener la confidencialidad del SDE), las instrucciones para el env\u00edo de los dos\u00edmetros y una factura emitida por REPROLAM para el pago de su participaci\u00f3n.<\/p>\n<p style=\"text-align: center;\"><strong>COSTOS Y FACTURACI\u00d3N<\/strong>:<\/p>\n<p>La cuota de participaci\u00f3n en la intercomparaci\u00f3n es de: <strong>1000 euros (mil euros)<\/strong> para cada SDE y sistema de dosimetr\u00eda (TLD, OSL, u otros) por tipo de dosimetr\u00eda (Ej: Cuerpo Entero), si el laboratorio posee y quiere participar con m\u00e1s de un tipo de sistema este deber\u00e1 ser cobrado de la misma forma. Solo podr\u00e1 solicitarse un reembolso en el caso de que la intercomparaci\u00f3n sea cancelada por REPROLAM.<\/p>\n<p>La cuota de inscripci\u00f3n debe ser transferida a la cuenta bancaria de REPROLAM que ser\u00e1 informada en la confirmaci\u00f3n del registro de SDE, en un plazo m\u00e1ximo de 30 d\u00edas despu\u00e9s de recibida la factura. Los costos asociados a las operaciones bancarias ser\u00e1n asumidos por el participante.<\/p>\n<p style=\"text-align: center;\"><strong>\u00a0!!! El OIEA patrocinar\u00e1 la participaci\u00f3n de un \u00fanico laboratorio p\u00fablico por pa\u00eds, para un total de 18 (dieciocho) laboratorios de la regi\u00f3n, esta informaci\u00f3n ser\u00e1 enviada y centralizada por cada contraparte de pa\u00eds del proyecto RLA9093.<\/strong><\/p>\n<p style=\"text-align: center;\"><strong>ENV\u00cdO DE DOS\u00cdMETROS: <\/strong><\/p>\n<p>En lo posible los dos\u00edmetros se deben enviar con el comprobante del pago de la cuota de participaci\u00f3n. Para esta intercomparaci\u00f3n de Cuerpo Entero se requiere enviar un total de 30 dos\u00edmetros por cada sistema de dosimetr\u00eda registrado (TLD, OSL u otro).<br \/>\n&nbsp;<\/p>\n<ul>\n<li>20 dos\u00edmetros para irradiaci\u00f3n<\/li>\n<li>10 dos\u00edmetros de repuesto<\/li>\n<li>02 dos\u00edmetros de controle (BG)<\/li>\n<\/ul>\n<p>&nbsp;<br \/>\nUna vez realizadas las irradiaciones, el LMRI-DEN\/UFPE proceder\u00e1 a devolver los dos\u00edmetros a cada SDE para su correspondiente lectura. Se proporcionar\u00e1 tambi\u00e9n informaci\u00f3n sobre el procedimiento para reportar los resultados obtenidos, incluyendo el plazo m\u00e1ximo permitido para enviarlos al Laboratorio Coordinador.<\/p>\n<p>Una semana despu\u00e9s del cierre del plazo para el env\u00edo de los resultados, el Laboratorio Coordinador (LMRI-DEN\/UFPE) enviar\u00e1 a cada SDE participante los detalles de sus valores de respuesta. Despu\u00e9s de este momento, los resultados reportados no podr\u00e1n ser cambiados, a menos que se trate de errores t\u00e9cnicos o administrativos asociados al proceso de irradiaci\u00f3n.<\/p>\n<p>Tras la confirmaci\u00f3n de los resultados, REPROLAM entregar\u00e1 a los participantes un \u201c<strong>Certificado de Participaci\u00f3n<\/strong>\u201d incluyendo informaci\u00f3n sobre las calidades de irradiaci\u00f3n, dosis, valores de respuesta y las incertidumbres generales para todas las irradiaciones.<\/p>\n<p style=\"text-align: center;\"><strong>INFORME DE INTERCOMPARACI\u00d3N:<\/strong><\/p>\n<p>El Grupo Organizador preparar\u00e1 un informe que resumir\u00e1 los resultados de la intercomparaci\u00f3n. En este informe se incluir\u00e1n los nombres de los SDE que han participado, los tipos de dos\u00edmetros y una fotograf\u00eda de los dos\u00edmetros. Los resultados se presentar\u00e1n de forma an\u00f3nima utilizando el c\u00f3digo confidencial enviado a cada SDE en el registro.<\/p>\n<p><strong>!!! Los resultados de la Intercomparaci\u00f3n ser\u00e1n tratados como datos confidenciales y no se revelar\u00e1 la identidad del SDE.<\/strong><\/p>\n<p>Los datos utilizados en los estudios t\u00e9cnicos y cient\u00edficos ser\u00e1n an\u00f3nimos. El Grupo Organizador dispone de los procedimientos adecuados para garantizar la confidencialidad de los resultados, los cuales s\u00f3lo ser\u00e1n conocidos por la cantidad m\u00ednima de personas del\u00a0 Grupo Organizador.<\/p>\n<p style=\"text-align: center;\"><strong>CRONOGRAMA PROPUESTO:<\/strong><\/p>\n<div style=\"overflow-x:auto; margin: 20px 0;\">\n<table style=\"width: 100%; max-width: 900px; border-collapse: collapse; font-family: -apple-system, BlinkMacSystemFont, 'Segoe UI', Roboto, Helvetica, Arial, sans-serif; font-size: 16px; border: 1px solid #e0e0e0; margin-left: auto; margin-right: auto;\">\n<tbody>\n      <!-- Fila 1 --><\/p>\n<tr>\n<td style=\"background-color: #5ee1e6; padding: 15px; border-bottom: 1px solid #ffffff; width: 45%; font-weight: bold; color: #000;\">Anuncio \u2013 convocatoria de participantes:<\/td>\n<td style=\"padding: 15px; border-bottom: 1px solid #e0e0e0; font-weight: bold; color: #333;\">Abril 2026<\/td>\n<\/tr>\n<p>      <!-- Fila 2 --><\/p>\n<tr>\n<td style=\"background-color: #5ee1e6; padding: 15px; border-bottom: 1px solid #ffffff; font-weight: bold; color: #000;\">Inscripci\u00f3n de los participantes:<\/td>\n<td style=\"padding: 15px; border-bottom: 1px solid #e0e0e0; font-weight: bold; color: #333;\">Abril &#8211; mayo 2026<\/td>\n<\/tr>\n<p>      <!-- Fila 3 --><\/p>\n<tr>\n<td style=\"background-color: #5ee1e6; padding: 15px; border-bottom: 1px solid #ffffff; font-weight: bold; color: #000;\">Fecha l\u00edmite para la inscripci\u00f3n:<\/td>\n<td style=\"padding: 15px; border-bottom: 1px solid #e0e0e0; font-weight: bold; color: #333;\">23 Mayo 2026<\/td>\n<\/tr>\n<p>      <!-- Fila 4 --><\/p>\n<tr>\n<td style=\"background-color: #5ee1e6; padding: 15px; border-bottom: 1px solid #ffffff; font-weight: bold; color: #000;\">Fecha l\u00edmite para env\u00edo de dos\u00edmetros al LMRI-DEN\/UFPE:<\/td>\n<td style=\"padding: 15px; border-bottom: 1px solid #e0e0e0; font-weight: bold; color: #333;\">30 Junio 2026<\/td>\n<\/tr>\n<p>      <!-- Fila 5 --><\/p>\n<tr>\n<td style=\"background-color: #5ee1e6; padding: 15px; border-bottom: 1px solid #ffffff; font-weight: bold; color: #000;\">Irradiaciones:<\/td>\n<td style=\"padding: 15px; border-bottom: 1px solid #e0e0e0; font-weight: bold; color: #333;\">Junio &#8211; Agosto 2026<\/td>\n<\/tr>\n<p>      <!-- Fila 6 --><\/p>\n<tr>\n<td style=\"background-color: #5ee1e6; padding: 15px; border-bottom: 1px solid #ffffff; font-weight: bold; color: #000;\">Devoluci\u00f3n de los dos\u00edmetros al SDE para lectura:<\/td>\n<td style=\"padding: 15px; border-bottom: 1px solid #e0e0e0; font-weight: bold; color: #333;\">Septiembre 2026<\/td>\n<\/tr>\n<p>      <!-- Fila 7 --><\/p>\n<tr>\n<td style=\"background-color: #5ee1e6; padding: 15px; border-bottom: 1px solid #ffffff; font-weight: bold; color: #000;\">Fecha l\u00edmite para env\u00edo de resultados obtenidos:<\/td>\n<td style=\"padding: 15px; border-bottom: 1px solid #e0e0e0; font-weight: bold; color: #333;\">2 meses despu\u00e9s de recibidos los dos\u00edmetros irradiados<\/td>\n<\/tr>\n<p>      <!-- Fila 8 --><\/p>\n<tr>\n<td style=\"background-color: #5ee1e6; padding: 15px; border-bottom: 1px solid #ffffff; font-weight: bold; color: #000;\">Informaci\u00f3n de resultados finales:<\/td>\n<td style=\"padding: 15px; border-bottom: 1px solid #e0e0e0; font-weight: bold; color: #333;\">Diciembre 2026<\/td>\n<\/tr>\n<p>      <!-- Fila 9 --><\/p>\n<tr>\n<td style=\"background-color: #5ee1e6; padding: 15px; font-weight: bold; color: #000;\">Emisi\u00f3n de Certificados de participaci\u00f3n:<\/td>\n<td style=\"padding: 15px; font-weight: bold; color: #333;\">Diciembre 2026<\/td>\n<\/tr>\n<\/tbody>\n<\/table>\n<\/div>\n<p style=\"text-align: center;\"><strong>REPROLAM GRUPO ORGANIZADOR:<\/strong><\/p>\n<p>&nbsp;<\/p>\n<div style=\"overflow-x:auto; margin: 20px 0;\">\n<table style=\"width: 100%; max-width: 900px; border-collapse: collapse; font-family: -apple-system, BlinkMacSystemFont, 'Segoe UI', Roboto, Helvetica, Arial, sans-serif; font-size: 15px; border: 1px solid #e0e0e0; margin-left: auto; margin-right: auto;\">\n<tbody>\n      <!-- Fila 1 --><\/p>\n<tr>\n<td style=\"background-color: #5ee1e6; padding: 15px; border-bottom: 1px solid #ffffff; width: 30%; font-weight: bold; color: #000; vertical-align: middle;\">Daniel Molina<\/td>\n<td style=\"padding: 15px; border-bottom: 1px solid #e0e0e0; color: #333; line-height: 1.5;\">\n          <strong>Centro de Protecci\u00f3n e Higiene de las Radiaciones (CPHR), Cuba.<\/strong><br \/>\n          <span style=\"font-weight: normal;\">Coordinador del \u00e1rea de Dosimetr\u00eda Externa de REPROLAM.<\/span>\n        <\/td>\n<\/tr>\n<p>      <!-- Fila 2 --><\/p>\n<tr>\n<td style=\"background-color: #5ee1e6; padding: 15px; border-bottom: 1px solid #ffffff; font-weight: bold; color: #000; vertical-align: middle;\">Denison Souza-Santos<\/td>\n<td style=\"padding: 15px; border-bottom: 1px solid #e0e0e0; color: #333; line-height: 1.5;\">\n          <strong>Instituto de Radioprotecci\u00f3n y Dosimetr\u00eda (IRD),<\/strong><br \/>\n          <span style=\"font-weight: normal;\">Divisi\u00f3n de Dosimetr\u00eda &#8211; IRD\/CNEN, Brasil.<\/span>\n        <\/td>\n<\/tr>\n<p>      <!-- Fila 3 --><\/p>\n<tr>\n<td style=\"background-color: #5ee1e6; padding: 15px; border-bottom: 1px solid #ffffff; font-weight: bold; color: #000; vertical-align: middle;\">Viviane Khoury Asfora<\/td>\n<td style=\"padding: 15px; border-bottom: 1px solid #e0e0e0; color: #333; line-height: 1.5;\">\n          <strong>Universidad Federal de Pernambuco, Brasil<\/strong>\n        <\/td>\n<\/tr>\n<p>      <!-- Fila 4 --><\/p>\n<tr>\n<td style=\"background-color: #5ee1e6; padding: 15px; border-bottom: 1px solid #ffffff; font-weight: bold; color: #000; vertical-align: middle;\">Juan Carlos Mora Canadas<\/td>\n<td style=\"padding: 15px; border-bottom: 1px solid #e0e0e0; color: #333; line-height: 1.5;\">\n          <strong>Centro de Investigaciones Energ\u00e9ticas, Medioambientales y Tecnol\u00f3gicas (CIEMAT), Espa\u00f1a.<\/strong><br \/>\n          <span style=\"font-weight: normal;\">Servicio de Protecci\u00f3n Radiol\u00f3gica<\/span>\n        <\/td>\n<\/tr>\n<p>      <!-- Fila 5 --><\/p>\n<tr>\n<td style=\"background-color: #5ee1e6; padding: 15px; border-bottom: 1px solid #ffffff; font-weight: bold; color: #000; vertical-align: middle;\">Leslie Vironneau<\/td>\n<td style=\"padding: 15px; border-bottom: 1px solid #e0e0e0; color: #333; line-height: 1.5;\">\n          <strong>Comisi\u00f3n Chilena de Energ\u00eda Nuclear, Chile<\/strong><br \/>\n          <span style=\"font-weight: normal;\">Secci\u00f3n Vigilancia Radiol\u00f3gica Individual<\/span>\n        <\/td>\n<\/tr>\n<p>      <!-- Fila 6 --><\/p>\n<tr>\n<td style=\"background-color: #5ee1e6; padding: 15px; font-weight: bold; color: #000; vertical-align: middle;\">Patricia Mora<\/td>\n<td style=\"padding: 15px; color: #333; line-height: 1.5;\">\n          <strong>Coordinadora del \u00e1rea de Dosimetr\u00eda Externa de REPROLAM, Costa Rica<\/strong>\n        <\/td>\n<\/tr>\n<\/tbody>\n<\/table>\n<\/div>\n<p style=\"text-align: center;\"><strong>LABORATORIO COORDINADOR: <\/strong><\/p>\n<table style=\"height: 80px;\">\n<tbody>\n<tr style=\"height: 80px;\">\n<td style=\"height: 10px; width: 888px; background-color: #5ee1e6; border-color: #5ee1e6;\" width=\"888\">\n<p style=\"text-align: center;\"><strong>Laboratorio de Metrolog\u00eda de las Radiaciones Ionizantes &#8211; LMRI-DEN\/UFPE, Brasil<\/strong><\/p>\n<p style=\"text-align: center;\"><strong>\u00a0<\/strong><strong>Responsable del laboratorio Viviane Khoury Asfora<\/strong><\/p>\n<\/td>\n<\/tr>\n<\/tbody>\n<\/table>\n<p style=\"text-align: center;\"><strong>\u00a0INSCRIPCI\u00d3N: <\/strong><\/p>\n<p style=\"text-align: center;\"><strong>Completar formulario:<\/strong> \u00a0 <strong><u><a href=\"https:\/\/ic.grupodoin.com\/\">https:\/\/ic.grupodoin.com\/<\/a><\/u><\/strong><\/p>\n<p style=\"text-align: center;\"><strong>M\u00e1s informaci\u00f3n al contacto:<\/strong><strong> <u><a href=\"mailto:ic.lmri@ufpe.br\">ic.lmri@ufpe.br<\/a><\/u><\/strong><\/p>\n<p>&nbsp;<\/p>\n<p>&nbsp;<\/p>\n<\/div>\n<\/div><\/div><\/div><\/div><\/div><\/div><\/div>\n\n\n<p><\/p>\n","protected":false},"excerpt":{"rendered":"<p>La Red de Optimizaci\u00f3n de Protecci\u00f3n Radiol\u00f3gica Ocupacional de Latinoam\u00e9rica y Caribe (REPROLAM), con el apoyo del OIEA, pretende establecer un programa de intercomparaciones para los diferentes servicios t\u00e9cnicos de apoyo a la protecci\u00f3n radiol\u00f3gica.<\/p>\n","protected":false},"author":1,"featured_media":5332,"parent":0,"menu_order":0,"comment_status":"closed","ping_status":"closed","template":"page-templates\/page-builder.php","meta":{"footnotes":""},"_links":{"self":[{"href":"http:\/\/www.reprolam.com\/index.php?rest_route=\/wp\/v2\/pages\/5323"}],"collection":[{"href":"http:\/\/www.reprolam.com\/index.php?rest_route=\/wp\/v2\/pages"}],"about":[{"href":"http:\/\/www.reprolam.com\/index.php?rest_route=\/wp\/v2\/types\/page"}],"author":[{"embeddable":true,"href":"http:\/\/www.reprolam.com\/index.php?rest_route=\/wp\/v2\/users\/1"}],"replies":[{"embeddable":true,"href":"http:\/\/www.reprolam.com\/index.php?rest_route=%2Fwp%2Fv2%2Fcomments&post=5323"}],"version-history":[{"count":13,"href":"http:\/\/www.reprolam.com\/index.php?rest_route=\/wp\/v2\/pages\/5323\/revisions"}],"predecessor-version":[{"id":5345,"href":"http:\/\/www.reprolam.com\/index.php?rest_route=\/wp\/v2\/pages\/5323\/revisions\/5345"}],"wp:featuredmedia":[{"embeddable":true,"href":"http:\/\/www.reprolam.com\/index.php?rest_route=\/wp\/v2\/media\/5332"}],"wp:attachment":[{"href":"http:\/\/www.reprolam.com\/index.php?rest_route=%2Fwp%2Fv2%2Fmedia&parent=5323"}],"curies":[{"name":"wp","href":"https:\/\/api.w.org\/{rel}","templated":true}]}}