{"id":57,"date":"2020-09-22T15:01:12","date_gmt":"2020-09-22T15:01:12","guid":{"rendered":"http:\/\/www.reprolam.com\/?page_id=57"},"modified":"2020-11-03T16:05:14","modified_gmt":"2020-11-03T16:05:14","slug":"areas-tematicas","status":"publish","type":"page","link":"http:\/\/www.reprolam.com\/?page_id=57","title":{"rendered":"\u00c1reas Tem\u00e1ticas"},"content":{"rendered":"<div id=\"pl-gb57-69dfc0eb1c446\"  class=\"panel-layout\" ><div id=\"pg-gb57-69dfc0eb1c446-0\"  class=\"panel-grid panel-has-style\" ><div class=\"panel-row-style panel-row-style-for-gb57-69dfc0eb1c446-0\" ><div id=\"pgc-gb57-69dfc0eb1c446-0-0\"  class=\"panel-grid-cell\" ><div id=\"panel-gb57-69dfc0eb1c446-0-0-0\" class=\"so-panel widget widget_sow-editor panel-first-child panel-last-child\" data-index=\"0\" ><div class=\"panel-widget-style panel-widget-style-for-gb57-69dfc0eb1c446-0-0-0\" ><div\n\t\t\t\n\t\t\tclass=\"so-widget-sow-editor so-widget-sow-editor-base\"\n\t\t\t\n\t\t>\n<div class=\"siteorigin-widget-tinymce textwidget\">\n\t<p>&nbsp;<\/p>\n<p style=\"text-align: justify;\">REPROLAM est\u00e1 conformado por\u00a0 Grupos de Trabajos de diferentes \u00c1reas Tem\u00e1ticas. Cada \u00e1rea tem\u00e1tica tiene dos <strong>Coordinadores <\/strong>que ser\u00e1n seleccionados por el comit\u00e9 directivo entre los miembros del Grupo correspondiente.<\/p>\n<p style=\"text-align: justify;\">La <strong>composici\u00f3n de los Grupos de \u00c1reas Tem\u00e1ticas<\/strong> est\u00e1 basada en una participaci\u00f3n voluntaria y consensuada de Grupos de Trabajo, Laboratorios o personas calificados en la tem\u00e1tica. Todos los integrantes de los Grupos de \u00c1reas Tem\u00e1ticas son considerados miembros de la red.<\/p>\n<p style=\"text-align: justify;\">Un miembro de la RED puede pertenecer a varios grupos, pero solo puede coordinar un grupo de trabajo.<\/p>\n<p style=\"text-align: justify;\">El Comit\u00e9 Directivo puede proponer la creaci\u00f3n de nuevas \u00e1reas tem\u00e1ticas.<\/p>\n<p>&nbsp;<\/p>\n<p><span style=\"color: #000080;\"><strong>FUNCIONES DE LOS COORDINADORES DE \u00c1REAS TEM\u00c1TICAS:<\/strong><\/span><\/p>\n<table style=\"border-collapse: collapse; width: 100%;\" border=\"1\">\n<tbody>\n<tr style=\"height: 24px;\">\n<td style=\"width: 7.52686%; vertical-align: top; border-style: hidden; height: 24px;\"><img loading=\"lazy\" decoding=\"async\" class=\"aligncenter size-full wp-image-653\" src=\"http:\/\/www.reprolam.com\/wp-content\/uploads\/2020\/10\/3313576-24.png\" alt=\"\" width=\"24\" height=\"24\" \/><\/td>\n<td style=\"width: 92.4731%; vertical-align: top; border-style: hidden; height: 24px;\">Coordinar el trabajo del grupo del \u00e1rea tem\u00e1tica.<\/td>\n<\/tr>\n<tr style=\"height: 24px;\">\n<td style=\"width: 7.52686%; vertical-align: top; border-style: hidden; height: 24px;\"><img loading=\"lazy\" decoding=\"async\" class=\"aligncenter size-full wp-image-653\" src=\"http:\/\/www.reprolam.com\/wp-content\/uploads\/2020\/10\/3313576-24.png\" alt=\"\" width=\"24\" height=\"24\" \/><\/td>\n<td style=\"width: 92.4731%; vertical-align: top; border-style: hidden; height: 24px;\">Actuar como punto de contacto entre el Grupo y el Comit\u00e9 Directivo.<\/td>\n<\/tr>\n<tr style=\"height: 24px;\">\n<td style=\"width: 7.52686%; vertical-align: top; border-style: hidden; height: 24px;\"><img loading=\"lazy\" decoding=\"async\" class=\"aligncenter size-full wp-image-653\" src=\"http:\/\/www.reprolam.com\/wp-content\/uploads\/2020\/10\/3313576-24.png\" alt=\"\" width=\"24\" height=\"24\" \/><\/td>\n<td style=\"width: 92.4731%; vertical-align: top; border-style: hidden; height: 24px;\">Participar en las reuniones del Comit\u00e9 Directivo cuando sea invitado.<\/td>\n<\/tr>\n<tr style=\"height: 24px;\">\n<td style=\"width: 7.52686%; vertical-align: top; border-style: hidden; height: 24px;\"><img loading=\"lazy\" decoding=\"async\" class=\"aligncenter size-full wp-image-653\" src=\"http:\/\/www.reprolam.com\/wp-content\/uploads\/2020\/10\/3313576-24.png\" alt=\"\" width=\"24\" height=\"24\" \/><\/td>\n<td style=\"width: 92.4731%; vertical-align: top; border-style: hidden; height: 24px;\">Seguimiento a la ejecuci\u00f3n del plan de actividades del grupo.<\/td>\n<\/tr>\n<tr style=\"height: 24px;\">\n<td style=\"width: 7.52686%; vertical-align: top; border-style: hidden; height: 24px;\"><img loading=\"lazy\" decoding=\"async\" class=\"aligncenter size-full wp-image-653\" src=\"http:\/\/www.reprolam.com\/wp-content\/uploads\/2020\/10\/3313576-24.png\" alt=\"\" width=\"24\" height=\"24\" \/><\/td>\n<td style=\"width: 92.4731%; vertical-align: top; border-style: hidden; height: 24px;\">Trasmitir al Comit\u00e9 Directivo el plan de actividades y resultados del grupo.<\/td>\n<\/tr>\n<tr style=\"height: 24px;\">\n<td style=\"width: 7.52686%; vertical-align: top; border-style: hidden; height: 24px;\"><img loading=\"lazy\" decoding=\"async\" class=\"aligncenter size-full wp-image-653\" src=\"http:\/\/www.reprolam.com\/wp-content\/uploads\/2020\/10\/3313576-24.png\" alt=\"\" width=\"24\" height=\"24\" \/><\/td>\n<td style=\"width: 92.4731%; vertical-align: top; border-style: hidden; height: 24px;\">Facilitar la publicaci\u00f3n de las noticias y resultados del Grupo en el bolet\u00edn de la Red y en el sitio web de la RED<\/td>\n<\/tr>\n<\/tbody>\n<\/table>\n<p style=\"text-align: center;\"><span style=\"color: #000080;\"><strong>LAS \u00c1REAS TEM\u00c1TICAS CREADAS EN ESTE MOMENTO SON:<\/strong><\/span><\/p>\n<\/div>\n<\/div><\/div><\/div><\/div><div id=\"pgc-gb57-69dfc0eb1c446-0-1\"  class=\"panel-grid-cell\" ><div id=\"panel-gb57-69dfc0eb1c446-0-1-0\" class=\"so-panel widget widget_sow-simple-masonry panel-first-child panel-last-child\" data-index=\"1\" ><div\n\t\t\t\n\t\t\tclass=\"so-widget-sow-simple-masonry so-widget-sow-simple-masonry-default-d75171398898-57\"\n\t\t\t\n\t\t>\n\n<div class=\"sow-masonry-grid\"\n\tdata-layouts=\"{&quot;desktop&quot;:{&quot;numColumns&quot;:2,&quot;rowHeight&quot;:0,&quot;gutter&quot;:2},&quot;tablet&quot;:{&quot;breakPoint&quot;:768,&quot;numColumns&quot;:2,&quot;rowHeight&quot;:0,&quot;gutter&quot;:2},&quot;mobile&quot;:{&quot;breakPoint&quot;:480,&quot;numColumns&quot;:1,&quot;rowHeight&quot;:0,&quot;gutter&quot;:2}}\" data-layout-origin-left=\"true\" >\n\t\t\t\t<div class=\"sow-masonry-grid-item\" data-col-span=\"1\"\n\t\t\t\tdata-row-span=\"1\">\n\t\t\t\t\n\t\t\t\t\n\t\t\t\t<img loading=\"lazy\" decoding=\"async\" width=\"300\" height=\"300\" src=\"http:\/\/www.reprolam.com\/wp-content\/uploads\/2020\/10\/DOSI-EXT-05.jpg\" class=\"sow-masonry-grid-image\" alt=\"\" title=\"\" srcset=\"http:\/\/www.reprolam.com\/wp-content\/uploads\/2020\/10\/DOSI-EXT-05.jpg 300w, http:\/\/www.reprolam.com\/wp-content\/uploads\/2020\/10\/DOSI-EXT-05-150x150.jpg 150w, http:\/\/www.reprolam.com\/wp-content\/uploads\/2020\/10\/DOSI-EXT-05-270x270.jpg 270w, http:\/\/www.reprolam.com\/wp-content\/uploads\/2020\/10\/DOSI-EXT-05-230x230.jpg 230w\" sizes=\"(max-width: 300px) 100vw, 300px\" \/>\n\t\t\t\t\n\t\t\t\t\t\t\t<\/div>\n\t\t\t\t\t\t<div class=\"sow-masonry-grid-item\" data-col-span=\"1\"\n\t\t\t\tdata-row-span=\"1\">\n\t\t\t\t\n\t\t\t\t\n\t\t\t\t<img loading=\"lazy\" decoding=\"async\" width=\"275\" height=\"183\" src=\"http:\/\/www.reprolam.com\/wp-content\/uploads\/2020\/10\/DOSIM-INT-02.jpg\" class=\"sow-masonry-grid-image\" alt=\"\" title=\"\" srcset=\"http:\/\/www.reprolam.com\/wp-content\/uploads\/2020\/10\/DOSIM-INT-02.jpg 275w, http:\/\/www.reprolam.com\/wp-content\/uploads\/2020\/10\/DOSIM-INT-02-272x182.jpg 272w\" sizes=\"(max-width: 275px) 100vw, 275px\" \/>\n\t\t\t\t\n\t\t\t\t\t\t\t<\/div>\n\t\t\t\t\t\t<div class=\"sow-masonry-grid-item\" data-col-span=\"2\"\n\t\t\t\tdata-row-span=\"1\">\n\t\t\t\t\n\t\t\t\t\n\t\t\t\t<img loading=\"lazy\" decoding=\"async\" width=\"1024\" height=\"576\" src=\"http:\/\/www.reprolam.com\/wp-content\/uploads\/2020\/10\/METRO-01.jpg\" class=\"sow-masonry-grid-image\" alt=\"\" title=\"\" srcset=\"http:\/\/www.reprolam.com\/wp-content\/uploads\/2020\/10\/METRO-01.jpg 1024w, http:\/\/www.reprolam.com\/wp-content\/uploads\/2020\/10\/METRO-01-300x169.jpg 300w, http:\/\/www.reprolam.com\/wp-content\/uploads\/2020\/10\/METRO-01-768x432.jpg 768w\" sizes=\"(max-width: 1024px) 100vw, 1024px\" \/>\n\t\t\t\t\n\t\t\t\t\t\t\t<\/div>\n\t\t\t\t\t\t<div class=\"sow-masonry-grid-item\" data-col-span=\"1\"\n\t\t\t\tdata-row-span=\"1\">\n\t\t\t\t\n\t\t\t\t\n\t\t\t\t<img loading=\"lazy\" decoding=\"async\" width=\"900\" height=\"600\" src=\"http:\/\/www.reprolam.com\/wp-content\/uploads\/2020\/10\/PROT-RAD-03.jpg\" class=\"sow-masonry-grid-image\" alt=\"\" title=\"\" srcset=\"http:\/\/www.reprolam.com\/wp-content\/uploads\/2020\/10\/PROT-RAD-03.jpg 900w, http:\/\/www.reprolam.com\/wp-content\/uploads\/2020\/10\/PROT-RAD-03-300x200.jpg 300w, http:\/\/www.reprolam.com\/wp-content\/uploads\/2020\/10\/PROT-RAD-03-768x512.jpg 768w, http:\/\/www.reprolam.com\/wp-content\/uploads\/2020\/10\/PROT-RAD-03-272x182.jpg 272w\" sizes=\"(max-width: 900px) 100vw, 900px\" \/>\n\t\t\t\t\n\t\t\t\t\t\t\t<\/div>\n\t\t\t\t\t\t<div class=\"sow-masonry-grid-item\" data-col-span=\"1\"\n\t\t\t\tdata-row-span=\"1\">\n\t\t\t\t\n\t\t\t\t\n\t\t\t\t<img loading=\"lazy\" decoding=\"async\" width=\"300\" height=\"225\" src=\"http:\/\/www.reprolam.com\/wp-content\/uploads\/2020\/10\/METRO-06.jpg\" class=\"sow-masonry-grid-image\" alt=\"\" title=\"\" \/>\n\t\t\t\t\n\t\t\t\t\t\t\t<\/div>\n\t\t\t\n<\/div>\n<\/div><\/div><\/div><\/div><\/div><div id=\"pg-gb57-69dfc0eb1c446-1\"  class=\"panel-grid panel-has-style\" ><div class=\"panel-row-style panel-row-style-for-gb57-69dfc0eb1c446-1\" ><div id=\"pgc-gb57-69dfc0eb1c446-1-0\"  class=\"panel-grid-cell\" ><div id=\"panel-gb57-69dfc0eb1c446-1-0-0\" class=\"so-panel widget widget_sow-image panel-first-child\" data-index=\"2\" ><div class=\"panel-widget-style panel-widget-style-for-gb57-69dfc0eb1c446-1-0-0\" ><div\n\t\t\t\n\t\t\tclass=\"so-widget-sow-image so-widget-sow-image-default-c67d20f9f743-57\"\n\t\t\t\n\t\t>\n<div class=\"sow-image-container\">\n\t\t<img \n\tsrc=\"http:\/\/www.reprolam.com\/wp-content\/uploads\/2020\/10\/logo-externa-GRANDE.png\" width=\"882\" height=\"1095\" srcset=\"http:\/\/www.reprolam.com\/wp-content\/uploads\/2020\/10\/logo-externa-GRANDE.png 882w, http:\/\/www.reprolam.com\/wp-content\/uploads\/2020\/10\/logo-externa-GRANDE-242x300.png 242w, http:\/\/www.reprolam.com\/wp-content\/uploads\/2020\/10\/logo-externa-GRANDE-825x1024.png 825w, http:\/\/www.reprolam.com\/wp-content\/uploads\/2020\/10\/logo-externa-GRANDE-768x953.png 768w\" sizes=\"(max-width: 882px) 100vw, 882px\" title=\"logo externa-GRANDE\" alt=\"\" \t\tclass=\"so-widget-image\"\/>\n\t<\/div>\n\n<\/div><\/div><\/div><div id=\"panel-gb57-69dfc0eb1c446-1-0-1\" class=\"so-panel widget widget_sow-editor panel-last-child\" data-index=\"3\" ><div class=\"panel-widget-style panel-widget-style-for-gb57-69dfc0eb1c446-1-0-1\" ><div\n\t\t\t\n\t\t\tclass=\"so-widget-sow-editor so-widget-sow-editor-base\"\n\t\t\t\n\t\t>\n<div class=\"siteorigin-widget-tinymce textwidget\">\n\t<p style=\"text-align: justify;\">Promover el desarrollo de las t\u00e9cnicas de dosimetr\u00eda externa y su implementaci\u00f3n en los servicios de la regi\u00f3n. Contribuir a la armonizaci\u00f3n de los servicios y dar cumplimiento de los est\u00e1ndares internacionales \u2026<\/p>\n<p><a href=\"http:\/\/www.reprolam.com\/?page_id=591\">Leer m\u00e1s<\/a><\/p>\n<\/div>\n<\/div><\/div><\/div><\/div><div id=\"pgc-gb57-69dfc0eb1c446-1-1\"  class=\"panel-grid-cell\" ><div id=\"panel-gb57-69dfc0eb1c446-1-1-0\" class=\"so-panel widget widget_sow-image panel-first-child\" data-index=\"4\" ><div class=\"panel-widget-style panel-widget-style-for-gb57-69dfc0eb1c446-1-1-0\" ><div\n\t\t\t\n\t\t\tclass=\"so-widget-sow-image so-widget-sow-image-default-8b5b6f678277-57\"\n\t\t\t\n\t\t>\n<div class=\"sow-image-container\">\n\t\t<img \n\tsrc=\"http:\/\/www.reprolam.com\/wp-content\/uploads\/2020\/10\/LOGO-INTERNA-GRANDE.png\" width=\"882\" height=\"1113\" srcset=\"http:\/\/www.reprolam.com\/wp-content\/uploads\/2020\/10\/LOGO-INTERNA-GRANDE.png 882w, http:\/\/www.reprolam.com\/wp-content\/uploads\/2020\/10\/LOGO-INTERNA-GRANDE-238x300.png 238w, http:\/\/www.reprolam.com\/wp-content\/uploads\/2020\/10\/LOGO-INTERNA-GRANDE-811x1024.png 811w, http:\/\/www.reprolam.com\/wp-content\/uploads\/2020\/10\/LOGO-INTERNA-GRANDE-768x969.png 768w\" sizes=\"(max-width: 882px) 100vw, 882px\" title=\"LOGO INTERNA-GRANDE\" alt=\"\" \t\tclass=\"so-widget-image\"\/>\n\t<\/div>\n\n<\/div><\/div><\/div><div id=\"panel-gb57-69dfc0eb1c446-1-1-1\" class=\"so-panel widget widget_sow-editor panel-last-child\" data-index=\"5\" ><div class=\"panel-widget-style panel-widget-style-for-gb57-69dfc0eb1c446-1-1-1\" ><div\n\t\t\t\n\t\t\tclass=\"so-widget-sow-editor so-widget-sow-editor-base\"\n\t\t\t\n\t\t>\n<div class=\"siteorigin-widget-tinymce textwidget\">\n\t<p style=\"text-align: justify;\">Facilitar la cooperaci\u00f3n regional entre analistas de dosimetr\u00eda interna. Armonizar las metodolog\u00edas para el control, evaluaci\u00f3n y medici\u00f3n in vivo e in vitro de trabajadores \u2026<\/p>\n<p><a href=\"http:\/\/www.reprolam.com\/?page_id=718\">Leer m\u00e1s<\/a><\/p>\n<\/div>\n<\/div><\/div><\/div><\/div><div id=\"pgc-gb57-69dfc0eb1c446-1-2\"  class=\"panel-grid-cell\" ><div id=\"panel-gb57-69dfc0eb1c446-1-2-0\" class=\"so-panel widget widget_sow-image panel-first-child\" data-index=\"6\" ><div class=\"panel-widget-style panel-widget-style-for-gb57-69dfc0eb1c446-1-2-0\" ><div\n\t\t\t\n\t\t\tclass=\"so-widget-sow-image so-widget-sow-image-default-8b5b6f678277-57\"\n\t\t\t\n\t\t>\n<div class=\"sow-image-container\">\n\t\t<img \n\tsrc=\"http:\/\/www.reprolam.com\/wp-content\/uploads\/2020\/10\/logo-BIOLOGICAS-GRANDE.png\" width=\"858\" height=\"1098\" srcset=\"http:\/\/www.reprolam.com\/wp-content\/uploads\/2020\/10\/logo-BIOLOGICAS-GRANDE.png 858w, http:\/\/www.reprolam.com\/wp-content\/uploads\/2020\/10\/logo-BIOLOGICAS-GRANDE-234x300.png 234w, http:\/\/www.reprolam.com\/wp-content\/uploads\/2020\/10\/logo-BIOLOGICAS-GRANDE-800x1024.png 800w, http:\/\/www.reprolam.com\/wp-content\/uploads\/2020\/10\/logo-BIOLOGICAS-GRANDE-768x983.png 768w\" sizes=\"(max-width: 858px) 100vw, 858px\" title=\"logo BIOLOGICAS-GRANDE\" alt=\"\" \t\tclass=\"so-widget-image\"\/>\n\t<\/div>\n\n<\/div><\/div><\/div><div id=\"panel-gb57-69dfc0eb1c446-1-2-1\" class=\"so-panel widget widget_sow-editor panel-last-child\" data-index=\"7\" ><div class=\"panel-widget-style panel-widget-style-for-gb57-69dfc0eb1c446-1-2-1\" ><div\n\t\t\t\n\t\t\tclass=\"so-widget-sow-editor so-widget-sow-editor-base\"\n\t\t\t\n\t\t>\n<div class=\"siteorigin-widget-tinymce textwidget\">\n\t<p style=\"text-align: justify;\">Contribuir con el desarrollo y la aplicaci\u00f3n de ensayos citogen\u00e9ticos en el marco de los programas de protecci\u00f3n radiol\u00f3gica y de respuesta en emergencias, a fin de fortalecer las capacidades \u2026<\/p>\n<p><a href=\"http:\/\/www.reprolam.com\/?page_id=779\">Leer m\u00e1s<\/a><\/p>\n<\/div>\n<\/div><\/div><\/div><\/div><div id=\"pgc-gb57-69dfc0eb1c446-1-3\"  class=\"panel-grid-cell\" ><div id=\"panel-gb57-69dfc0eb1c446-1-3-0\" class=\"so-panel widget widget_sow-image panel-first-child\" data-index=\"8\" ><div class=\"panel-widget-style panel-widget-style-for-gb57-69dfc0eb1c446-1-3-0\" ><div\n\t\t\t\n\t\t\tclass=\"so-widget-sow-image so-widget-sow-image-default-8b5b6f678277-57\"\n\t\t\t\n\t\t>\n<div class=\"sow-image-container\">\n\t\t<img \n\tsrc=\"http:\/\/www.reprolam.com\/wp-content\/uploads\/2020\/10\/LOGO-COMPUTACIONAL-GRANDE.png\" width=\"894\" height=\"1137\" srcset=\"http:\/\/www.reprolam.com\/wp-content\/uploads\/2020\/10\/LOGO-COMPUTACIONAL-GRANDE.png 894w, http:\/\/www.reprolam.com\/wp-content\/uploads\/2020\/10\/LOGO-COMPUTACIONAL-GRANDE-236x300.png 236w, http:\/\/www.reprolam.com\/wp-content\/uploads\/2020\/10\/LOGO-COMPUTACIONAL-GRANDE-805x1024.png 805w, http:\/\/www.reprolam.com\/wp-content\/uploads\/2020\/10\/LOGO-COMPUTACIONAL-GRANDE-768x977.png 768w\" sizes=\"(max-width: 894px) 100vw, 894px\" title=\"LOGO COMPUTACIONAL-GRANDE\" alt=\"\" \t\tclass=\"so-widget-image\"\/>\n\t<\/div>\n\n<\/div><\/div><\/div><div id=\"panel-gb57-69dfc0eb1c446-1-3-1\" class=\"so-panel widget widget_sow-editor panel-last-child\" data-index=\"9\" ><div class=\"panel-widget-style panel-widget-style-for-gb57-69dfc0eb1c446-1-3-1\" ><div\n\t\t\t\n\t\t\tclass=\"so-widget-sow-editor so-widget-sow-editor-base\"\n\t\t\t\n\t\t>\n<div class=\"siteorigin-widget-tinymce textwidget\">\n\t<p style=\"text-align: justify;\">Establecer un grupo permanente de dosimetr\u00eda computacional para facilitar la cooperaci\u00f3n en la evaluaci\u00f3n dosim\u00e9trica utilizando m\u00e9todos computacionales\u2026<\/p>\n<p><a href=\"http:\/\/www.reprolam.com\/?page_id=811\">Leer m\u00e1s<\/a><\/p>\n<\/div>\n<\/div><\/div><\/div><\/div><\/div><\/div><div id=\"pg-gb57-69dfc0eb1c446-2\"  class=\"panel-grid panel-has-style\" ><div class=\"panel-row-style panel-row-style-for-gb57-69dfc0eb1c446-2\" ><div id=\"pgc-gb57-69dfc0eb1c446-2-0\"  class=\"panel-grid-cell\" ><div id=\"panel-gb57-69dfc0eb1c446-2-0-0\" class=\"so-panel widget widget_sow-image panel-first-child\" data-index=\"10\" ><div class=\"panel-widget-style panel-widget-style-for-gb57-69dfc0eb1c446-2-0-0\" ><div\n\t\t\t\n\t\t\tclass=\"so-widget-sow-image so-widget-sow-image-default-8b5b6f678277-57\"\n\t\t\t\n\t\t>\n<div class=\"sow-image-container\">\n\t\t<img \n\tsrc=\"http:\/\/www.reprolam.com\/wp-content\/uploads\/2020\/10\/LOGO-METROLOGIA-2da-278x300.png\" width=\"278\" height=\"300\" srcset=\"http:\/\/www.reprolam.com\/wp-content\/uploads\/2020\/10\/LOGO-METROLOGIA-2da-278x300.png 278w, http:\/\/www.reprolam.com\/wp-content\/uploads\/2020\/10\/LOGO-METROLOGIA-2da.png 740w\" sizes=\"(max-width: 278px) 100vw, 278px\" title=\"LOGO METROLOGIA-2da\" alt=\"\" \t\tclass=\"so-widget-image\"\/>\n\t<\/div>\n\n<\/div><\/div><\/div><div id=\"panel-gb57-69dfc0eb1c446-2-0-1\" class=\"so-panel widget widget_sow-editor panel-last-child\" data-index=\"11\" ><div class=\"panel-widget-style panel-widget-style-for-gb57-69dfc0eb1c446-2-0-1\" ><div\n\t\t\t\n\t\t\tclass=\"so-widget-sow-editor so-widget-sow-editor-base\"\n\t\t\t\n\t\t>\n<div class=\"siteorigin-widget-tinymce textwidget\">\n\t<p style=\"text-align: justify;\">Implementar, actualizar y armonizar los m\u00e9todos de calibraci\u00f3n y de ensayo. Organizar intercomparaciones en las \u00e1reas de inter\u00e9s. Proveer de ensayos a otros grupos de la red. Difundir los conocimientos sobre calibraciones en la red \u2026<\/p>\n<p><a href=\"http:\/\/www.reprolam.com\/?page_id=834\">Leer m\u00e1s<\/a><\/p>\n<\/div>\n<\/div><\/div><\/div><\/div><div id=\"pgc-gb57-69dfc0eb1c446-2-1\"  class=\"panel-grid-cell\" ><div id=\"panel-gb57-69dfc0eb1c446-2-1-0\" class=\"so-panel widget widget_sow-image panel-first-child\" data-index=\"12\" ><div class=\"panel-widget-style panel-widget-style-for-gb57-69dfc0eb1c446-2-1-0\" ><div\n\t\t\t\n\t\t\tclass=\"so-widget-sow-image so-widget-sow-image-default-8b5b6f678277-57\"\n\t\t\t\n\t\t>\n<div class=\"sow-image-container\">\n\t\t<img \n\tsrc=\"http:\/\/www.reprolam.com\/wp-content\/uploads\/2020\/10\/logo-USUARIOS-FINALES-GRANDE.png\" width=\"864\" height=\"1095\" srcset=\"http:\/\/www.reprolam.com\/wp-content\/uploads\/2020\/10\/logo-USUARIOS-FINALES-GRANDE.png 864w, http:\/\/www.reprolam.com\/wp-content\/uploads\/2020\/10\/logo-USUARIOS-FINALES-GRANDE-237x300.png 237w, http:\/\/www.reprolam.com\/wp-content\/uploads\/2020\/10\/logo-USUARIOS-FINALES-GRANDE-808x1024.png 808w, http:\/\/www.reprolam.com\/wp-content\/uploads\/2020\/10\/logo-USUARIOS-FINALES-GRANDE-768x973.png 768w\" sizes=\"(max-width: 864px) 100vw, 864px\" title=\"logo USUARIOS FINALES-GRANDE\" alt=\"\" \t\tclass=\"so-widget-image\"\/>\n\t<\/div>\n\n<\/div><\/div><\/div><div id=\"panel-gb57-69dfc0eb1c446-2-1-1\" class=\"so-panel widget widget_sow-editor panel-last-child\" data-index=\"13\" ><div class=\"panel-widget-style panel-widget-style-for-gb57-69dfc0eb1c446-2-1-1\" ><div\n\t\t\t\n\t\t\tclass=\"so-widget-sow-editor so-widget-sow-editor-base\"\n\t\t\t\n\t\t>\n<div class=\"siteorigin-widget-tinymce textwidget\">\n\t<p style=\"text-align: justify;\">Actualizar y armonizar los conceptos de protecci\u00f3n radiol\u00f3gica ocupacional. Esclarecer y fortalecer los m\u00e9todos y procedimientos de la vigilancia m\u00e9dica ocupacional. Difundir el conocimiento, entre \u2026<\/p>\n<p><a href=\"http:\/\/www.reprolam.com\/?page_id=860\">Leer m\u00e1s<\/a><\/p>\n<\/div>\n<\/div><\/div><\/div><\/div><div id=\"pgc-gb57-69dfc0eb1c446-2-2\"  class=\"panel-grid-cell\" ><div id=\"panel-gb57-69dfc0eb1c446-2-2-0\" class=\"so-panel widget widget_sow-image panel-first-child\" data-index=\"14\" ><div class=\"panel-widget-style panel-widget-style-for-gb57-69dfc0eb1c446-2-2-0\" ><div\n\t\t\t\n\t\t\tclass=\"so-widget-sow-image so-widget-sow-image-default-8b5b6f678277-57\"\n\t\t\t\n\t\t>\n<div class=\"sow-image-container\">\n\t\t<img \n\tsrc=\"http:\/\/www.reprolam.com\/wp-content\/uploads\/2020\/10\/logo-cultura-DE-SEGURIDAD-GRANDE.png\" width=\"864\" height=\"1095\" srcset=\"http:\/\/www.reprolam.com\/wp-content\/uploads\/2020\/10\/logo-cultura-DE-SEGURIDAD-GRANDE.png 864w, http:\/\/www.reprolam.com\/wp-content\/uploads\/2020\/10\/logo-cultura-DE-SEGURIDAD-GRANDE-237x300.png 237w, http:\/\/www.reprolam.com\/wp-content\/uploads\/2020\/10\/logo-cultura-DE-SEGURIDAD-GRANDE-808x1024.png 808w, http:\/\/www.reprolam.com\/wp-content\/uploads\/2020\/10\/logo-cultura-DE-SEGURIDAD-GRANDE-768x973.png 768w\" sizes=\"(max-width: 864px) 100vw, 864px\" title=\"logo cultura DE SEGURIDAD-GRANDE\" alt=\"\" \t\tclass=\"so-widget-image\"\/>\n\t<\/div>\n\n<\/div><\/div><\/div><div id=\"panel-gb57-69dfc0eb1c446-2-2-1\" class=\"so-panel widget widget_sow-editor panel-last-child\" data-index=\"15\" ><div class=\"panel-widget-style panel-widget-style-for-gb57-69dfc0eb1c446-2-2-1\" ><div\n\t\t\t\n\t\t\tclass=\"so-widget-sow-editor so-widget-sow-editor-base\"\n\t\t\t\n\t\t>\n<div class=\"siteorigin-widget-tinymce textwidget\">\n\t<p style=\"text-align: justify;\">Difundir los conocimientos fundamentales de Cultura de seguridad en actividades e instalaciones radiactivas a fin de promover y alentar su desarrollo mediante la aplicaci\u00f3n de la Gu\u00eda de Cultura de seguridad\u2026<\/p>\n<p><a href=\"http:\/\/www.reprolam.com\/?page_id=875\">Leer m\u00e1s<\/a><\/p>\n<\/div>\n<\/div><\/div><\/div><\/div><div id=\"pgc-gb57-69dfc0eb1c446-2-3\"  class=\"panel-grid-cell\" ><div id=\"panel-gb57-69dfc0eb1c446-2-3-0\" class=\"so-panel widget widget_sow-image panel-first-child\" data-index=\"16\" ><div class=\"panel-widget-style panel-widget-style-for-gb57-69dfc0eb1c446-2-3-0\" ><div\n\t\t\t\n\t\t\tclass=\"so-widget-sow-image so-widget-sow-image-default-8b5b6f678277-57\"\n\t\t\t\n\t\t>\n<div class=\"sow-image-container\">\n\t\t<img \n\tsrc=\"http:\/\/www.reprolam.com\/wp-content\/uploads\/2020\/10\/logo-EVALUACION-DE-SEGURIDAD-GRANDE.png\" width=\"867\" height=\"1095\" srcset=\"http:\/\/www.reprolam.com\/wp-content\/uploads\/2020\/10\/logo-EVALUACION-DE-SEGURIDAD-GRANDE.png 867w, http:\/\/www.reprolam.com\/wp-content\/uploads\/2020\/10\/logo-EVALUACION-DE-SEGURIDAD-GRANDE-238x300.png 238w, http:\/\/www.reprolam.com\/wp-content\/uploads\/2020\/10\/logo-EVALUACION-DE-SEGURIDAD-GRANDE-811x1024.png 811w, http:\/\/www.reprolam.com\/wp-content\/uploads\/2020\/10\/logo-EVALUACION-DE-SEGURIDAD-GRANDE-768x970.png 768w\" sizes=\"(max-width: 867px) 100vw, 867px\" title=\"logo EVALUACION DE SEGURIDAD-GRANDE\" alt=\"\" \t\tclass=\"so-widget-image\"\/>\n\t<\/div>\n\n<\/div><\/div><\/div><div id=\"panel-gb57-69dfc0eb1c446-2-3-1\" class=\"so-panel widget widget_sow-editor panel-last-child\" data-index=\"17\" ><div class=\"panel-widget-style panel-widget-style-for-gb57-69dfc0eb1c446-2-3-1\" ><div\n\t\t\t\n\t\t\tclass=\"so-widget-sow-editor so-widget-sow-editor-base\"\n\t\t\t\n\t\t>\n<div class=\"siteorigin-widget-tinymce textwidget\">\n\t<p style=\"text-align: justify;\">Divulgaci\u00f3n t\u00e9cnica sobre el proceso de evaluaci\u00f3n de la seguridad de instalaciones y actividades que utilicen radiaciones ionizantes. Capacitaci\u00f3n a usuarios finales para realizar las\u00a0 evaluaciones de seguridad&#8230;<\/p>\n<p><a href=\"http:\/\/www.reprolam.com\/?page_id=965\">Leer m\u00e1s<\/a><\/p>\n<\/div>\n<\/div><\/div><\/div><\/div><\/div><\/div><\/div>\n\n\n<p><\/p>\n","protected":false},"excerpt":{"rendered":"<p>&nbsp; REPROLAM est\u00e1 conformado por\u00a0 Grupos de Trabajos de diferentes \u00c1reas Tem\u00e1ticas. Cada \u00e1rea tem\u00e1tica tiene dos Coordinadores que ser\u00e1n seleccionados por el comit\u00e9 directivo entre los miembros del Grupo correspondiente. La composici\u00f3n de los Grupos de \u00c1reas Tem\u00e1ticas est\u00e1<\/p>\n","protected":false},"author":1,"featured_media":0,"parent":0,"menu_order":0,"comment_status":"closed","ping_status":"closed","template":"page-templates\/page-builder.php","meta":{"footnotes":""},"_links":{"self":[{"href":"http:\/\/www.reprolam.com\/index.php?rest_route=\/wp\/v2\/pages\/57"}],"collection":[{"href":"http:\/\/www.reprolam.com\/index.php?rest_route=\/wp\/v2\/pages"}],"about":[{"href":"http:\/\/www.reprolam.com\/index.php?rest_route=\/wp\/v2\/types\/page"}],"author":[{"embeddable":true,"href":"http:\/\/www.reprolam.com\/index.php?rest_route=\/wp\/v2\/users\/1"}],"replies":[{"embeddable":true,"href":"http:\/\/www.reprolam.com\/index.php?rest_route=%2Fwp%2Fv2%2Fcomments&post=57"}],"version-history":[{"count":61,"href":"http:\/\/www.reprolam.com\/index.php?rest_route=\/wp\/v2\/pages\/57\/revisions"}],"predecessor-version":[{"id":1596,"href":"http:\/\/www.reprolam.com\/index.php?rest_route=\/wp\/v2\/pages\/57\/revisions\/1596"}],"wp:attachment":[{"href":"http:\/\/www.reprolam.com\/index.php?rest_route=%2Fwp%2Fv2%2Fmedia&parent=57"}],"curies":[{"name":"wp","href":"https:\/\/api.w.org\/{rel}","templated":true}]}}