{"id":64,"date":"2020-09-22T15:04:07","date_gmt":"2020-09-22T15:04:07","guid":{"rendered":"http:\/\/www.reprolam.com\/?page_id=64"},"modified":"2020-11-02T16:31:16","modified_gmt":"2020-11-02T16:31:16","slug":"afiliacion","status":"publish","type":"page","link":"http:\/\/www.reprolam.com\/?page_id=64","title":{"rendered":"Afiliaci\u00f3n de miembros a  REPROLAM"},"content":{"rendered":"<div id=\"pl-gb64-69f7dbe3438b2\"  class=\"panel-layout\" ><div id=\"pg-gb64-69f7dbe3438b2-0\"  class=\"panel-grid panel-has-style\" ><div class=\"panel-row-style panel-row-style-for-gb64-69f7dbe3438b2-0\" ><div id=\"pgc-gb64-69f7dbe3438b2-0-0\"  class=\"panel-grid-cell\" ><div id=\"panel-gb64-69f7dbe3438b2-0-0-0\" class=\"so-panel widget widget_sow-editor panel-first-child\" data-index=\"0\" ><div class=\"panel-widget-style panel-widget-style-for-gb64-69f7dbe3438b2-0-0-0\" ><div\n\t\t\t\n\t\t\tclass=\"so-widget-sow-editor so-widget-sow-editor-base\"\n\t\t\t\n\t\t>\n<div class=\"siteorigin-widget-tinymce textwidget\">\n\t<p>&nbsp;<\/p>\n<p style=\"text-align: justify;\">Para ser admitido como <u><strong>miembro efectivo<\/strong><\/u> o <strong><u>instituci\u00f3n asociada<\/u><\/strong> de la RED, es necesario completar el formulario de inscripci\u00f3n y enviarlo al Comit\u00e9 Directivo para su aprobaci\u00f3n. Para <strong><u>miembro aspirante<\/u><\/strong>, adem\u00e1s del formulario de inscripci\u00f3n es necesario presentar aval de dos miembros efectivos y enviarlos al Comit\u00e9 Directivo para su aprobaci\u00f3n.<\/p>\n<p>&nbsp;<\/p>\n<table style=\"height: 316px; width: 100%; border-collapse: collapse; border-color: #031e6b;\" border=\"1\">\n<tbody>\n<tr style=\"height: 24px;\">\n<td style=\"width: 100%; height: 24px; background-color: #031e6b; text-align: center;\">\n<h5><span style=\"color: #ffffff;\"><strong>SOLICITUD DE INSCRIPCI\u00d3N COMO MIEMBRO F\u00cdSICO DE LA RED <\/strong><strong>(EFECTIVO O ASPIRANTE)<\/strong><\/span><\/h5>\n<\/td>\n<\/tr>\n<tr style=\"height: 292px;\">\n<td style=\"width: 100%; height: 292px; background-color: #ffffff;\">&nbsp;<\/p>\n<p style=\"text-align: center;\">Descargar el formulario de inscripci\u00f3n para ser miembros efectivos de la Red.<\/p>\n<p><a href=\"http:\/\/www.reprolam.com\/wp-content\/uploads\/2020\/10\/Formulario-Miembros.doc\"><img loading=\"lazy\" decoding=\"async\" class=\"aligncenter size-full wp-image-1480\" src=\"http:\/\/www.reprolam.com\/wp-content\/uploads\/2020\/10\/descargar.jpg\" alt=\"\" width=\"234\" height=\"116\" \/><\/a><\/p>\n<p style=\"text-align: center;\">Despu\u00e9s de completar el formulario de inscripci\u00f3n usted debe enviarlo al correo <a href=\"mailto:reprolam2020@gmail.com\">reprolam2020@gmail.com<\/a>, donde ser\u00e1 revisado y aprobado por el Comit\u00e9 Directivo.<\/p>\n<p style=\"text-align: center;\">Usted recibir\u00e1 una notificaci\u00f3n de aprobaci\u00f3n del CD y el n\u00famero de registro asignado en el Directorio de Miembros de la Red.<\/p>\n<\/td>\n<\/tr>\n<\/tbody>\n<\/table>\n<p>&nbsp;<\/p>\n<table style=\"width: 100%; border-collapse: collapse; border-color: #031e6b; border-style: solid; height: 48px;\" border=\"1\">\n<tbody>\n<tr style=\"height: 24px;\">\n<td style=\"width: 100%; height: 24px; background-color: #031e6b; text-align: center;\">\n<h5><span style=\"color: #ffffff;\"><strong>SOLICITUD DE INSCRIPCI\u00d3N COMO ENTIDAD ASOCIADA<\/strong><\/span><\/h5>\n<\/td>\n<\/tr>\n<tr style=\"height: 24px;\">\n<td style=\"width: 100%; height: 24px; background-color: #ffffff;\">&nbsp;<\/p>\n<p style=\"text-align: center;\">Descargar el formulario de inscripci\u00f3n para entidades asociadas.<\/p>\n<p><a href=\"http:\/\/www.reprolam.com\/wp-content\/uploads\/2020\/10\/Formulario-Entidades.doc\"><img loading=\"lazy\" decoding=\"async\" class=\"aligncenter size-full wp-image-1480\" src=\"http:\/\/www.reprolam.com\/wp-content\/uploads\/2020\/10\/descargar.jpg\" alt=\"\" width=\"234\" height=\"116\" \/><\/a><\/p>\n<p style=\"text-align: center;\">Despu\u00e9s de completar el formulario de inscripci\u00f3n usted debe enviarlo al correo <a href=\"mailto:reprolam2020@gmail.com\">reprolam2020@gmail.com<\/a>, donde ser\u00e1 revisado y aprobado por el Comit\u00e9 Directivo.<\/p>\n<p style=\"text-align: center;\">Usted recibir\u00e1 una notificaci\u00f3n de aprobaci\u00f3n del CD y el n\u00famero de registro asignado en el Directorio de Instituciones Asociadas la Red.<\/p>\n<\/td>\n<\/tr>\n<\/tbody>\n<\/table>\n<p><span style=\"color: #000080;\"><strong>PRINCIPALES REGISTROS DE LA MEMBRES\u00cdA<\/strong><\/span><\/p>\n<\/div>\n<\/div><\/div><\/div><div id=\"panel-gb64-69f7dbe3438b2-0-0-1\" class=\"so-panel widget widget_siteorigin-panels-builder panel-last-child\" data-index=\"1\" ><div id=\"pl-w5f9b330d4a805\"  class=\"panel-layout\" ><div id=\"pg-w5f9b330d4a805-0\"  class=\"panel-grid panel-no-style\" ><div id=\"pgc-w5f9b330d4a805-0-0\"  class=\"panel-grid-cell\" ><div id=\"panel-w5f9b330d4a805-0-0-0\" class=\"so-panel widget widget_sow-image panel-first-child panel-last-child\" data-index=\"0\" ><div\n\t\t\t\n\t\t\tclass=\"so-widget-sow-image so-widget-sow-image-default-c67d20f9f743\"\n\t\t\t\n\t\t>\n<div class=\"sow-image-container\">\n\t\t\t<a href=\"http:\/\/www.reprolam.com\/?page_id=1108\"\n\t\t\t\t\t>\n\t\t\t<img \n\tsrc=\"http:\/\/www.reprolam.com\/wp-content\/uploads\/2020\/10\/efectivos.png\" width=\"267\" height=\"114\" sizes=\"(max-width: 267px) 100vw, 267px\" alt=\"\" \t\tclass=\"so-widget-image\"\/>\n\t\t\t<\/a><\/div>\n\n<\/div><\/div><\/div><div id=\"pgc-w5f9b330d4a805-0-1\"  class=\"panel-grid-cell\" ><div id=\"panel-w5f9b330d4a805-0-1-0\" class=\"so-panel widget widget_sow-image panel-first-child panel-last-child\" data-index=\"1\" ><div\n\t\t\t\n\t\t\tclass=\"so-widget-sow-image so-widget-sow-image-default-c67d20f9f743\"\n\t\t\t\n\t\t>\n<div class=\"sow-image-container\">\n\t\t\t<a href=\"http:\/\/www.reprolam.com\/?page_id=1129\"\n\t\t\t\t\t>\n\t\t\t<img \n\tsrc=\"http:\/\/www.reprolam.com\/wp-content\/uploads\/2020\/10\/aspirantes.png\" width=\"294\" height=\"121\" sizes=\"(max-width: 294px) 100vw, 294px\" alt=\"\" \t\tclass=\"so-widget-image\"\/>\n\t\t\t<\/a><\/div>\n\n<\/div><\/div><\/div><div id=\"pgc-w5f9b330d4a805-0-2\"  class=\"panel-grid-cell\" ><div id=\"panel-w5f9b330d4a805-0-2-0\" class=\"so-panel widget widget_sow-image panel-first-child panel-last-child\" data-index=\"2\" ><div\n\t\t\t\n\t\t\tclass=\"so-widget-sow-image so-widget-sow-image-default-c67d20f9f743\"\n\t\t\t\n\t\t>\n<div class=\"sow-image-container\">\n\t\t\t<a href=\"http:\/\/www.reprolam.com\/?page_id=1137\"\n\t\t\t\t\t>\n\t\t\t<img \n\tsrc=\"http:\/\/www.reprolam.com\/wp-content\/uploads\/2020\/10\/institut.png\" width=\"298\" height=\"118\" sizes=\"(max-width: 298px) 100vw, 298px\" alt=\"\" \t\tclass=\"so-widget-image\"\/>\n\t\t\t<\/a><\/div>\n\n<\/div><\/div><\/div><\/div><\/div><\/div><\/div><div id=\"pgc-gb64-69f7dbe3438b2-0-1\"  class=\"panel-grid-cell\" ><div id=\"panel-gb64-69f7dbe3438b2-0-1-0\" class=\"so-panel widget widget_sow-image panel-first-child\" data-index=\"2\" ><div class=\"panel-widget-style panel-widget-style-for-gb64-69f7dbe3438b2-0-1-0\" ><div\n\t\t\t\n\t\t\tclass=\"so-widget-sow-image so-widget-sow-image-default-dbf295114b96-64\"\n\t\t\t\n\t\t>\n<div class=\"sow-image-container\">\n\t\t<img \n\tsrc=\"http:\/\/www.reprolam.com\/wp-content\/uploads\/2020\/10\/REDES.jpg\" width=\"312\" height=\"162\" srcset=\"http:\/\/www.reprolam.com\/wp-content\/uploads\/2020\/10\/REDES.jpg 312w, http:\/\/www.reprolam.com\/wp-content\/uploads\/2020\/10\/REDES-300x156.jpg 300w\" sizes=\"(max-width: 312px) 100vw, 312px\" alt=\"\" \t\tclass=\"so-widget-image\"\/>\n\t<\/div>\n\n<\/div><\/div><\/div><div id=\"panel-gb64-69f7dbe3438b2-0-1-1\" class=\"so-panel widget widget_sow-image panel-last-child\" data-index=\"3\" ><div class=\"panel-widget-style panel-widget-style-for-gb64-69f7dbe3438b2-0-1-1\" ><div\n\t\t\t\n\t\t\tclass=\"so-widget-sow-image so-widget-sow-image-default-dbf295114b96-64\"\n\t\t\t\n\t\t>\n<div class=\"sow-image-container\">\n\t\t<img \n\tsrc=\"http:\/\/www.reprolam.com\/wp-content\/uploads\/2020\/10\/radiation_protection-642x299.jpg\" width=\"642\" height=\"299\" sizes=\"(max-width: 642px) 100vw, 642px\" alt=\"\" \t\tclass=\"so-widget-image\"\/>\n\t<\/div>\n\n<\/div><\/div><\/div><\/div><\/div><\/div><\/div>\n\n\n<p><\/p>\n","protected":false},"excerpt":{"rendered":"<p>&nbsp; Para ser admitido como miembro efectivo o instituci\u00f3n asociada de la RED, es necesario completar el formulario de inscripci\u00f3n y enviarlo al Comit\u00e9 Directivo para su aprobaci\u00f3n. Para miembro aspirante, adem\u00e1s del formulario de inscripci\u00f3n es necesario presentar aval<\/p>\n","protected":false},"author":1,"featured_media":0,"parent":0,"menu_order":0,"comment_status":"closed","ping_status":"closed","template":"page-templates\/page-builder.php","meta":{"footnotes":""},"_links":{"self":[{"href":"http:\/\/www.reprolam.com\/index.php?rest_route=\/wp\/v2\/pages\/64"}],"collection":[{"href":"http:\/\/www.reprolam.com\/index.php?rest_route=\/wp\/v2\/pages"}],"about":[{"href":"http:\/\/www.reprolam.com\/index.php?rest_route=\/wp\/v2\/types\/page"}],"author":[{"embeddable":true,"href":"http:\/\/www.reprolam.com\/index.php?rest_route=\/wp\/v2\/users\/1"}],"replies":[{"embeddable":true,"href":"http:\/\/www.reprolam.com\/index.php?rest_route=%2Fwp%2Fv2%2Fcomments&post=64"}],"version-history":[{"count":27,"href":"http:\/\/www.reprolam.com\/index.php?rest_route=\/wp\/v2\/pages\/64\/revisions"}],"predecessor-version":[{"id":1508,"href":"http:\/\/www.reprolam.com\/index.php?rest_route=\/wp\/v2\/pages\/64\/revisions\/1508"}],"wp:attachment":[{"href":"http:\/\/www.reprolam.com\/index.php?rest_route=%2Fwp%2Fv2%2Fmedia&parent=64"}],"curies":[{"name":"wp","href":"https:\/\/api.w.org\/{rel}","templated":true}]}}