{"id":779,"date":"2020-10-09T18:57:23","date_gmt":"2020-10-09T18:57:23","guid":{"rendered":"http:\/\/www.reprolam.com\/?page_id=779"},"modified":"2023-04-06T20:07:21","modified_gmt":"2023-04-06T20:07:21","slug":"dosimetria-biologica","status":"publish","type":"page","link":"http:\/\/www.reprolam.com\/?page_id=779","title":{"rendered":"Dosimetr\u00eda Biologica"},"content":{"rendered":"<div id=\"pl-gb779-69e267b109629\"  class=\"panel-layout\" ><div id=\"pg-gb779-69e267b109629-0\"  class=\"panel-grid panel-no-style\" ><div id=\"pgc-gb779-69e267b109629-0-0\"  class=\"panel-grid-cell\" ><div id=\"panel-gb779-69e267b109629-0-0-0\" class=\"so-panel widget widget_sow-editor panel-first-child panel-last-child\" data-index=\"0\" ><div\n\t\t\t\n\t\t\tclass=\"so-widget-sow-editor so-widget-sow-editor-base\"\n\t\t\t\n\t\t>\n<div class=\"siteorigin-widget-tinymce textwidget\">\n\t<\/div>\n<\/div><\/div><\/div><\/div><\/div>\n\n<div id=\"pl-gb779-69e267b10b379\"  class=\"panel-layout\" ><div id=\"pg-gb779-69e267b10b379-0\"  class=\"panel-grid panel-has-style\" ><div class=\"panel-row-style panel-row-style-for-gb779-69e267b10b379-0\" ><div id=\"pgc-gb779-69e267b10b379-0-0\"  class=\"panel-grid-cell\" ><div id=\"panel-gb779-69e267b10b379-0-0-0\" class=\"so-panel widget widget_sow-editor panel-first-child panel-last-child\" data-index=\"0\" ><div class=\"panel-widget-style panel-widget-style-for-gb779-69e267b10b379-0-0-0\" ><div\n\t\t\t\n\t\t\tclass=\"so-widget-sow-editor so-widget-sow-editor-base\"\n\t\t\t\n\t\t>\n<div class=\"siteorigin-widget-tinymce textwidget\">\n\t<p style=\"text-align: center;\"><span style=\"color: #ffffff;\"><strong>PROP\u00d3SITO:<\/strong><\/span><\/p>\n<p style=\"text-align: center;\"><span style=\"color: #ffffff;\">Propiciar que cada laboratorio de servicios de Dosimetr\u00eda Biol\u00f3gica de los distintos pa\u00edses participe en actividades de REPROLAM con identidad propia, en su funci\u00f3n de laboratorio de servic<strong>io<\/strong><strong>.<\/strong><\/span><\/p>\n<\/div>\n<\/div><\/div><\/div><\/div><\/div><\/div><div id=\"pg-gb779-69e267b10b379-1\"  class=\"panel-grid panel-has-style\" ><div class=\"panel-row-style panel-row-style-for-gb779-69e267b10b379-1\" ><div id=\"pgc-gb779-69e267b10b379-1-0\"  class=\"panel-grid-cell\" ><div id=\"panel-gb779-69e267b10b379-1-0-0\" class=\"so-panel widget widget_sow-editor panel-first-child panel-last-child\" data-index=\"1\" ><div class=\"panel-widget-style panel-widget-style-for-gb779-69e267b10b379-1-0-0\" ><div\n\t\t\t\n\t\t\tclass=\"so-widget-sow-editor so-widget-sow-editor-base\"\n\t\t\t\n\t\t>\n<div class=\"siteorigin-widget-tinymce textwidget\">\n\t<p style=\"text-align: center;\"><span style=\"color: #ffffff;\"><strong>PERFIL DE MIEMBROS<\/strong><\/span><\/p>\n<\/div>\n<\/div><\/div><\/div><\/div><\/div><\/div><div id=\"pg-gb779-69e267b10b379-2\"  class=\"panel-grid panel-has-style\" ><div class=\"panel-row-style panel-row-style-for-gb779-69e267b10b379-2\" ><div id=\"pgc-gb779-69e267b10b379-2-0\"  class=\"panel-grid-cell panel-grid-cell-empty\" ><\/div><div id=\"pgc-gb779-69e267b10b379-2-1\"  class=\"panel-grid-cell\" ><div id=\"panel-gb779-69e267b10b379-2-1-0\" class=\"so-panel widget widget_sow-editor panel-first-child panel-last-child\" data-index=\"2\" ><div\n\t\t\t\n\t\t\tclass=\"so-widget-sow-editor so-widget-sow-editor-base\"\n\t\t\t\n\t\t>\n<div class=\"siteorigin-widget-tinymce textwidget\">\n\t<p style=\"text-align: center;\"><strong>COORDINADORES DEL \u00c1REA TEM\u00c1TICA<\/strong><\/p>\n<\/div>\n<\/div><\/div><\/div><\/div><\/div><div id=\"pg-gb779-69e267b10b379-3\"  class=\"panel-grid panel-has-style\" ><div class=\"panel-row-style panel-row-style-for-gb779-69e267b10b379-3\" ><div id=\"pgc-gb779-69e267b10b379-3-0\"  class=\"panel-grid-cell\" ><div id=\"panel-gb779-69e267b10b379-3-0-0\" class=\"so-panel widget widget_sow-editor panel-first-child\" data-index=\"3\" ><div id=\"vin\" class=\"panel-widget-style panel-widget-style-for-gb779-69e267b10b379-3-0-0\" ><div\n\t\t\t\n\t\t\tclass=\"so-widget-sow-editor so-widget-sow-editor-base\"\n\t\t\t\n\t\t>\n<div class=\"siteorigin-widget-tinymce textwidget\">\n\t<table style=\"height: 23px; width: 100%; border-collapse: collapse; border-style: none;\" border=\"0\">\n<tbody>\n<tr style=\"height: 38px;\">\n<td style=\"width: 6.96938%; height: 10px; vertical-align: top;\"><img loading=\"lazy\" decoding=\"async\" class=\"size-full wp-image-653 aligncenter\" src=\"http:\/\/www.reprolam.com\/wp-content\/uploads\/2020\/10\/3313576-24.png\" alt=\"\" width=\"24\" height=\"24\" \/><\/td>\n<td style=\"width: 92.925%; height: 10px; text-align: justify; vertical-align: top;\">Profesionales vinculados o interesados en la tem\u00e1tica de dosimetr\u00eda biol\u00f3gica.<\/td>\n<\/tr>\n<tr style=\"height: 48px;\">\n<td style=\"width: 6.96938%; height: 13px; vertical-align: top;\"><img loading=\"lazy\" decoding=\"async\" class=\"size-full wp-image-653 aligncenter\" src=\"http:\/\/www.reprolam.com\/wp-content\/uploads\/2020\/10\/3313576-24.png\" alt=\"\" width=\"24\" height=\"24\" \/><\/td>\n<td style=\"width: 92.925%; height: 13px; text-align: justify; vertical-align: top;\">Laboratorios de dosimetr\u00eda biol\u00f3gica de la regi\u00f3n.<\/td>\n<\/tr>\n<\/tbody>\n<\/table>\n<\/div>\n<\/div><\/div><\/div><div id=\"panel-gb779-69e267b10b379-3-0-1\" class=\"so-panel widget widget_sow-image\" data-index=\"4\" ><div\n\t\t\t\n\t\t\tclass=\"so-widget-sow-image so-widget-sow-image-default-c67d20f9f743-779\"\n\t\t\t\n\t\t>\n<div class=\"sow-image-container\">\n\t\t<img \n\tsrc=\"http:\/\/www.reprolam.com\/wp-content\/uploads\/2020\/10\/logo-BIOLOGICAS-234x300.png\" width=\"234\" height=\"300\" srcset=\"http:\/\/www.reprolam.com\/wp-content\/uploads\/2020\/10\/logo-BIOLOGICAS-234x300.png 234w, http:\/\/www.reprolam.com\/wp-content\/uploads\/2020\/10\/logo-BIOLOGICAS.png 286w\" sizes=\"(max-width: 234px) 100vw, 234px\" title=\"logo BIOLOGICAS\" alt=\"\" \t\tclass=\"so-widget-image\"\/>\n\t<\/div>\n\n<\/div><\/div><div id=\"panel-gb779-69e267b10b379-3-0-2\" class=\"so-panel widget widget_sow-image panel-last-child\" data-index=\"5\" ><div\n\t\t\t\n\t\t\tclass=\"so-widget-sow-image so-widget-sow-image-default-c67d20f9f743-779\"\n\t\t\t\n\t\t>\n<div class=\"sow-image-container\">\n\t\t\t<a href=\"http:\/\/www.reprolam.com\/?page_id=1381\"\n\t\t\t\t\t>\n\t\t\t<img \n\tsrc=\"http:\/\/www.reprolam.com\/wp-content\/uploads\/2020\/10\/miembros.png\" width=\"281\" height=\"65\" sizes=\"(max-width: 281px) 100vw, 281px\" alt=\"\" \t\tclass=\"so-widget-image\"\/>\n\t\t\t<\/a><\/div>\n\n<\/div><\/div><\/div><div id=\"pgc-gb779-69e267b10b379-3-1\"  class=\"panel-grid-cell\" ><div id=\"panel-gb779-69e267b10b379-3-1-0\" class=\"so-panel widget widget_sow-editor panel-first-child panel-last-child\" data-index=\"6\" ><div class=\"panel-widget-style panel-widget-style-for-gb779-69e267b10b379-3-1-0\" ><div\n\t\t\t\n\t\t\tclass=\"so-widget-sow-editor so-widget-sow-editor-base\"\n\t\t\t\n\t\t>\n<div class=\"siteorigin-widget-tinymce textwidget\">\n\t<table style=\"border-collapse: collapse; width: 100%;\" border=\"1\">\n<tbody>\n<tr>\n<td style=\"width: 100%; border-style: hidden; vertical-align: top; text-align: center;\"><img loading=\"lazy\" decoding=\"async\" class=\"aligncenter size-medium wp-image-780\" src=\"http:\/\/www.reprolam.com\/wp-content\/uploads\/2020\/10\/AT-DOS-BIOL-OMAR-300x300.jpg\" alt=\"\" width=\"300\" height=\"300\" srcset=\"http:\/\/www.reprolam.com\/wp-content\/uploads\/2020\/10\/AT-DOS-BIOL-OMAR-300x300.jpg 300w, http:\/\/www.reprolam.com\/wp-content\/uploads\/2020\/10\/AT-DOS-BIOL-OMAR-150x150.jpg 150w, http:\/\/www.reprolam.com\/wp-content\/uploads\/2020\/10\/AT-DOS-BIOL-OMAR-270x270.jpg 270w, http:\/\/www.reprolam.com\/wp-content\/uploads\/2020\/10\/AT-DOS-BIOL-OMAR-230x230.jpg 230w, http:\/\/www.reprolam.com\/wp-content\/uploads\/2020\/10\/AT-DOS-BIOL-OMAR.jpg 319w\" sizes=\"(max-width: 300px) 100vw, 300px\" \/><\/td>\n<\/tr>\n<tr>\n<td style=\"width: 100%; border-style: hidden; vertical-align: top; text-align: center;\"><strong>Omar Garc\u00eda Lima<\/strong>\n<p>CUBA<\/p>\n<p><a href=\"mailto:omar@cphr.edu.cu\">omar@cphr.edu.cu<\/a><\/p>\n<p>Director de Capital Humano y Sistemas Integrados \/ Experto en Dosimetr\u00eda Biol\u00f3gica.<\/p>\n<p>Centro de Protecci\u00f3n e Higiene de las Radiaciones \/ Laboratorio de Radiobiolog\u00eda (CPHR\/LRB)<\/p><\/td>\n<\/tr>\n<\/tbody>\n<\/table>\n<\/div>\n<\/div><\/div><\/div><\/div><div id=\"pgc-gb779-69e267b10b379-3-2\"  class=\"panel-grid-cell\" ><div id=\"panel-gb779-69e267b10b379-3-2-0\" class=\"so-panel widget widget_sow-editor panel-first-child panel-last-child\" data-index=\"7\" ><div class=\"panel-widget-style panel-widget-style-for-gb779-69e267b10b379-3-2-0\" ><div\n\t\t\t\n\t\t\tclass=\"so-widget-sow-editor so-widget-sow-editor-base\"\n\t\t\t\n\t\t>\n<div class=\"siteorigin-widget-tinymce textwidget\">\n\t<table style=\"border-collapse: collapse; width: 100%;\" border=\"1\">\n<tbody>\n<tr>\n<td style=\"width: 100%; border-style: hidden; vertical-align: top; text-align: center;\"><img loading=\"lazy\" decoding=\"async\" class=\"aligncenter wp-image-4440 size-full\" src=\"http:\/\/www.reprolam.com\/wp-content\/uploads\/2023\/04\/Julieta.png\" alt=\"\" width=\"295\" height=\"292\" \/><\/td>\n<\/tr>\n<tr>\n<td style=\"width: 100%; border-style: hidden; vertical-align: top; text-align: center;\">\n<div id=\"panel-gb779-5f90714bb2842-3-2-1\" class=\"so-panel widget widget_sow-editor panel-last-child\" data-index=\"8\">\n<div class=\"so-widget-sow-editor so-widget-sow-editor-base\">\n<div class=\"siteorigin-widget-tinymce textwidget\">\n<p><strong>Julieta Fern\u00e1ndez Rearte <\/strong><strong>ARGENTINA<\/strong><\/p>\n<p><a href=\"mailto:jrearte@arn.gob.ar\">jrearte@arn.gob.ar<\/a><\/p>\n<p>Jefa del Departamento de Citogen\u00e9tica, Laboratorio de Dosimetr\u00eda Biol\u00f3gica,<\/p>\n<p>Autoridad Reguladora Nuclear (ARN)<\/p><\/div>\n<\/div>\n<\/div>\n<\/td>\n<\/tr>\n<\/tbody>\n<\/table>\n<\/div>\n<\/div><\/div><\/div><\/div><\/div><\/div><div id=\"pg-gb779-69e267b10b379-4\"  class=\"panel-grid panel-has-style\" ><div class=\"panel-row-style panel-row-style-for-gb779-69e267b10b379-4\" ><div id=\"pgc-gb779-69e267b10b379-4-0\"  class=\"panel-grid-cell\" ><div id=\"panel-gb779-69e267b10b379-4-0-0\" class=\"so-panel widget widget_sow-editor panel-first-child panel-last-child\" data-index=\"8\" ><div class=\"panel-widget-style panel-widget-style-for-gb779-69e267b10b379-4-0-0\" ><div\n\t\t\t\n\t\t\tclass=\"so-widget-sow-editor so-widget-sow-editor-base\"\n\t\t\t\n\t\t>\n<div class=\"siteorigin-widget-tinymce textwidget\">\n\t<p style=\"text-align: center;\"><span style=\"color: #ffffff;\"><strong>OBJETIVOS:<\/strong><\/span><\/p>\n<\/div>\n<\/div><\/div><\/div><\/div><\/div><\/div><div id=\"pg-gb779-69e267b10b379-5\"  class=\"panel-grid panel-has-style\" ><div class=\"panel-row-style panel-row-style-for-gb779-69e267b10b379-5\" ><div id=\"pgc-gb779-69e267b10b379-5-0\"  class=\"panel-grid-cell\" ><div id=\"panel-gb779-69e267b10b379-5-0-0\" class=\"so-panel widget widget_sow-editor panel-first-child panel-last-child\" data-index=\"9\" ><div id=\"vin\" class=\"panel-widget-style panel-widget-style-for-gb779-69e267b10b379-5-0-0\" ><div\n\t\t\t\n\t\t\tclass=\"so-widget-sow-editor so-widget-sow-editor-base\"\n\t\t\t\n\t\t>\n<div class=\"siteorigin-widget-tinymce textwidget\">\n\t<table style=\"height: 23px; width: 100%; border-collapse: collapse; border-style: none;\" border=\"0\">\n<tbody>\n<tr style=\"height: 38px;\">\n<td style=\"width: 6.96938%; height: 10px; vertical-align: top;\"><img loading=\"lazy\" decoding=\"async\" class=\"size-full wp-image-653 aligncenter\" src=\"http:\/\/www.reprolam.com\/wp-content\/uploads\/2020\/10\/3313576-24.png\" alt=\"\" width=\"24\" height=\"24\" \/><\/td>\n<td style=\"width: 92.925%; height: 10px; vertical-align: top;\">Contribuir con el desarrollo y la aplicaci\u00f3n de ensayos citogen\u00e9ticos en el marco de los programas de protecci\u00f3n radiol\u00f3gica y de respuesta en emergencias, a fin de fortalecer las capacidades operativas de los pa\u00edses de la regi\u00f3n latinoamericana.<\/p>\n<p>&nbsp;<\/p>\n<\/td>\n<\/tr>\n<tr style=\"height: 48px;\">\n<td style=\"width: 6.96938%; height: 13px; vertical-align: top;\"><img loading=\"lazy\" decoding=\"async\" class=\"size-full wp-image-653 aligncenter\" src=\"http:\/\/www.reprolam.com\/wp-content\/uploads\/2020\/10\/3313576-24.png\" alt=\"\" width=\"24\" height=\"24\" \/><\/td>\n<td style=\"width: 92.925%; height: 13px; vertical-align: top;\">Propiciar el intercambio de informaci\u00f3n y capacitaci\u00f3n en coordinaci\u00f3n con las \u00e1reas tem\u00e1ticas que integran REPROLAM a fin de establecer un marco de trabajo<\/td>\n<\/tr>\n<\/tbody>\n<\/table>\n<\/div>\n<\/div><\/div><\/div><\/div><div id=\"pgc-gb779-69e267b10b379-5-1\"  class=\"panel-grid-cell\" ><div id=\"panel-gb779-69e267b10b379-5-1-0\" class=\"so-panel widget widget_sow-simple-masonry panel-first-child panel-last-child\" data-index=\"10\" ><div\n\t\t\t\n\t\t\tclass=\"so-widget-sow-simple-masonry so-widget-sow-simple-masonry-default-e14a0aa780eb-779\"\n\t\t\t\n\t\t>\n\n\t<div class=\"sow-masonry-grid-preloader\"><div><\/div><div><\/div><div><\/div><div><\/div><\/div>\n<div class=\"sow-masonry-grid\"\n\tdata-layouts=\"{&quot;desktop&quot;:{&quot;numColumns&quot;:2,&quot;rowHeight&quot;:0,&quot;gutter&quot;:2},&quot;tablet&quot;:{&quot;breakPoint&quot;:768,&quot;numColumns&quot;:2,&quot;rowHeight&quot;:0,&quot;gutter&quot;:2},&quot;mobile&quot;:{&quot;breakPoint&quot;:480,&quot;numColumns&quot;:1,&quot;rowHeight&quot;:0,&quot;gutter&quot;:2}}\" data-layout-origin-left=\"true\" style=\"opacity: 0;\">\n\t\t\t\t<div class=\"sow-masonry-grid-item\" data-col-span=\"2\"\n\t\t\t\tdata-row-span=\"1\">\n\t\t\t\t\n\t\t\t\t\n\t\t\t\t<img loading=\"lazy\" decoding=\"async\" width=\"900\" height=\"600\" src=\"http:\/\/www.reprolam.com\/wp-content\/uploads\/2020\/10\/DOSIM-BIOL-02.jpg\" class=\"sow-masonry-grid-image\" alt=\"\" title=\"\" srcset=\"http:\/\/www.reprolam.com\/wp-content\/uploads\/2020\/10\/DOSIM-BIOL-02.jpg 900w, http:\/\/www.reprolam.com\/wp-content\/uploads\/2020\/10\/DOSIM-BIOL-02-300x200.jpg 300w, http:\/\/www.reprolam.com\/wp-content\/uploads\/2020\/10\/DOSIM-BIOL-02-768x512.jpg 768w, http:\/\/www.reprolam.com\/wp-content\/uploads\/2020\/10\/DOSIM-BIOL-02-272x182.jpg 272w\" sizes=\"(max-width: 900px) 100vw, 900px\" \/>\n\t\t\t\t\n\t\t\t\t\t\t\t<\/div>\n\t\t\t\n<\/div>\n<\/div><\/div><\/div><\/div><\/div><div id=\"pg-gb779-69e267b10b379-6\"  class=\"panel-grid panel-has-style\" ><div class=\"panel-row-style panel-row-style-for-gb779-69e267b10b379-6\" ><div id=\"pgc-gb779-69e267b10b379-6-0\"  class=\"panel-grid-cell\" ><div id=\"panel-gb779-69e267b10b379-6-0-0\" class=\"so-panel widget widget_sow-editor panel-first-child panel-last-child\" data-index=\"11\" ><div class=\"panel-widget-style panel-widget-style-for-gb779-69e267b10b379-6-0-0\" ><div\n\t\t\t\n\t\t\tclass=\"so-widget-sow-editor so-widget-sow-editor-base\"\n\t\t\t\n\t\t>\n<div class=\"siteorigin-widget-tinymce textwidget\">\n\t<p style=\"text-align: center;\"><span style=\"color: #ffffff;\"><strong>METAS:<\/strong><\/span><\/p>\n<\/div>\n<\/div><\/div><\/div><\/div><\/div><\/div><div id=\"pg-gb779-69e267b10b379-7\"  class=\"panel-grid panel-has-style\" ><div class=\"panel-row-style panel-row-style-for-gb779-69e267b10b379-7\" ><div id=\"pgc-gb779-69e267b10b379-7-0\"  class=\"panel-grid-cell\" ><div id=\"panel-gb779-69e267b10b379-7-0-0\" class=\"so-panel widget widget_sow-editor panel-first-child panel-last-child\" data-index=\"12\" ><div id=\"vin\" class=\"panel-widget-style panel-widget-style-for-gb779-69e267b10b379-7-0-0\" ><div\n\t\t\t\n\t\t\tclass=\"so-widget-sow-editor so-widget-sow-editor-base\"\n\t\t\t\n\t\t>\n<div class=\"siteorigin-widget-tinymce textwidget\">\n\t<table style=\"height: 23px; width: 100%; border-collapse: collapse; border-style: none;\" border=\"0\">\n<tbody>\n<tr style=\"height: 38px;\">\n<td style=\"width: 7.07497%; height: 10px; vertical-align: top;\"><img loading=\"lazy\" decoding=\"async\" class=\"size-full wp-image-653 aligncenter\" src=\"http:\/\/www.reprolam.com\/wp-content\/uploads\/2020\/10\/3313576-24.png\" alt=\"\" width=\"24\" height=\"24\" \/><\/td>\n<td style=\"width: 92.8194%; height: 10px; vertical-align: top;\">Armonizar los criterios de selecci\u00f3n de los ensayos citogen\u00e9ticos seg\u00fan los diferentes escenarios de sobreexposici\u00f3n ocupacional.<\/td>\n<\/tr>\n<tr style=\"height: 48px;\">\n<td style=\"width: 7.07497%; height: 13px; vertical-align: top;\"><img loading=\"lazy\" decoding=\"async\" class=\"size-full wp-image-653 aligncenter\" src=\"http:\/\/www.reprolam.com\/wp-content\/uploads\/2020\/10\/3313576-24.png\" alt=\"\" width=\"24\" height=\"24\" \/><\/td>\n<td style=\"width: 92.8194%; height: 13px; vertical-align: top;\">Desarrollar un plan de vigilancia ocupacional en d\u00f3nde la dosimetr\u00eda biol\u00f3gica interact\u00fae coordinadamente con las diversas \u00e1reas tem\u00e1ticas<\/td>\n<\/tr>\n<tr style=\"height: 48px;\">\n<td style=\"width: 7.07497%; vertical-align: top; height: 48px;\"><img loading=\"lazy\" decoding=\"async\" class=\"size-full wp-image-653 aligncenter\" src=\"http:\/\/www.reprolam.com\/wp-content\/uploads\/2020\/10\/3313576-24.png\" alt=\"\" width=\"24\" height=\"24\" \/><\/td>\n<td style=\"width: 92.8194%; vertical-align: top; height: 48px;\">Promover la utilizaci\u00f3n de estudios de radiosensibilidad Individual para contribuir con la toma de decisiones en el \u00e1mbito de la protecci\u00f3n radiol\u00f3gica.<\/td>\n<\/tr>\n<tr style=\"height: 24px;\">\n<td style=\"width: 7.07497%; vertical-align: top; height: 24px;\"><img loading=\"lazy\" decoding=\"async\" class=\"size-full wp-image-653 aligncenter\" src=\"http:\/\/www.reprolam.com\/wp-content\/uploads\/2020\/10\/3313576-24.png\" alt=\"\" width=\"24\" height=\"24\" \/><\/td>\n<td style=\"width: 92.8194%; vertical-align: top; height: 24px;\">Establecer un plan de ejercicios de intercomparaci\u00f3n multiparam\u00e9tricos.<\/td>\n<\/tr>\n<\/tbody>\n<\/table>\n<\/div>\n<\/div><\/div><\/div><\/div><div id=\"pgc-gb779-69e267b10b379-7-1\"  class=\"panel-grid-cell\" ><div id=\"panel-gb779-69e267b10b379-7-1-0\" class=\"so-panel widget widget_sow-simple-masonry panel-first-child panel-last-child\" data-index=\"13\" ><div\n\t\t\t\n\t\t\tclass=\"so-widget-sow-simple-masonry so-widget-sow-simple-masonry-default-e14a0aa780eb-779\"\n\t\t\t\n\t\t>\n\n\t<div class=\"sow-masonry-grid-preloader\"><div><\/div><div><\/div><div><\/div><div><\/div><\/div>\n<div class=\"sow-masonry-grid\"\n\tdata-layouts=\"{&quot;desktop&quot;:{&quot;numColumns&quot;:2,&quot;rowHeight&quot;:0,&quot;gutter&quot;:2},&quot;tablet&quot;:{&quot;breakPoint&quot;:768,&quot;numColumns&quot;:2,&quot;rowHeight&quot;:0,&quot;gutter&quot;:2},&quot;mobile&quot;:{&quot;breakPoint&quot;:480,&quot;numColumns&quot;:1,&quot;rowHeight&quot;:0,&quot;gutter&quot;:2}}\" data-layout-origin-left=\"true\" style=\"opacity: 0;\">\n\t\t\t\t<div class=\"sow-masonry-grid-item\" data-col-span=\"2\"\n\t\t\t\tdata-row-span=\"1\">\n\t\t\t\t\n\t\t\t\t\n\t\t\t\t<img loading=\"lazy\" decoding=\"async\" width=\"400\" height=\"300\" src=\"http:\/\/www.reprolam.com\/wp-content\/uploads\/2020\/10\/DOSIM-BIOL-03.jpg\" class=\"sow-masonry-grid-image\" alt=\"\" title=\"\" srcset=\"http:\/\/www.reprolam.com\/wp-content\/uploads\/2020\/10\/DOSIM-BIOL-03.jpg 400w, http:\/\/www.reprolam.com\/wp-content\/uploads\/2020\/10\/DOSIM-BIOL-03-300x225.jpg 300w\" sizes=\"(max-width: 400px) 100vw, 400px\" \/>\n\t\t\t\t\n\t\t\t\t\t\t\t<\/div>\n\t\t\t\n<\/div>\n<\/div><\/div><\/div><\/div><\/div><div id=\"pg-gb779-69e267b10b379-8\"  class=\"panel-grid panel-has-style\" ><div class=\"panel-row-style panel-row-style-for-gb779-69e267b10b379-8\" ><div id=\"pgc-gb779-69e267b10b379-8-0\"  class=\"panel-grid-cell\" ><div id=\"panel-gb779-69e267b10b379-8-0-0\" class=\"so-panel widget widget_sow-editor panel-first-child panel-last-child\" data-index=\"14\" ><div class=\"panel-widget-style panel-widget-style-for-gb779-69e267b10b379-8-0-0\" ><div\n\t\t\t\n\t\t\tclass=\"so-widget-sow-editor so-widget-sow-editor-base\"\n\t\t\t\n\t\t>\n<div class=\"siteorigin-widget-tinymce textwidget\">\n\t<p style=\"text-align: center;\"><span style=\"color: #ffffff;\"><strong>PLAN DE ACTIVIDADES:<\/strong><\/span><\/p>\n<\/div>\n<\/div><\/div><\/div><\/div><\/div><\/div><div id=\"pg-gb779-69e267b10b379-9\"  class=\"panel-grid panel-has-style\" ><div class=\"panel-row-style panel-row-style-for-gb779-69e267b10b379-9\" ><div id=\"pgc-gb779-69e267b10b379-9-0\"  class=\"panel-grid-cell\" ><div id=\"panel-gb779-69e267b10b379-9-0-0\" class=\"so-panel widget widget_sow-editor panel-first-child panel-last-child\" data-index=\"15\" ><div id=\"vin\" class=\"panel-widget-style panel-widget-style-for-gb779-69e267b10b379-9-0-0\" ><div\n\t\t\t\n\t\t\tclass=\"so-widget-sow-editor so-widget-sow-editor-base\"\n\t\t\t\n\t\t>\n<div class=\"siteorigin-widget-tinymce textwidget\">\n\t\n<table id=\"tablepress-5\" class=\"tablepress tablepress-id-5\">\n<thead>\n<tr class=\"row-1\">\n\t<th class=\"column-1\">No.<\/th><th class=\"column-2\">Actividad<\/th><th class=\"column-3\">Fecha<\/th>\n<\/tr>\n<\/thead>\n<tbody class=\"row-striping row-hover\">\n<tr class=\"row-2\">\n\t<td class=\"column-1\">1<\/td><td class=\"column-2\">Curso virtual de entrenamiento en la aplicaci\u00f3n de los distintos ensayos citogen\u00e9ticos en los escenarios de sobreexposici\u00f3n ocupacional.<\/td><td class=\"column-3\">Marzo 2021<\/td>\n<\/tr>\n<tr class=\"row-3\">\n\t<td class=\"column-1\">2<\/td><td class=\"column-2\">Confecci\u00f3n de una gu\u00eda de trabajo en d\u00f3nde se establezca el modo de interacci\u00f3n entre el \u00e1rea de DB y las \u00e1reas tem\u00e1ticas seg\u00fan los escenarios de sobreexposici\u00f3n ocupacional.<\/td><td class=\"column-3\">Enero &#8211; Junio 2021<\/td>\n<\/tr>\n<tr class=\"row-4\">\n\t<td class=\"column-1\">3<\/td><td class=\"column-2\">Capacitaci\u00f3n en la utilizaci\u00f3n y aplicabilidad de los estudios de radiosensibilidad individual.<\/td><td class=\"column-3\">Mayo 2021<\/td>\n<\/tr>\n<tr class=\"row-5\">\n\t<td class=\"column-1\">4<\/td><td class=\"column-2\">Evaluaci\u00f3n de la funcionalidad de la  gu\u00eda de trabajo mediante la participaci\u00f3n en un ejercicio de intercomparaci\u00f3n multiparam\u00e9trico de escritorio.<\/td><td class=\"column-3\">Junio &#8211; Diciembre 2021<\/td>\n<\/tr>\n<tr class=\"row-6\">\n\t<td class=\"column-1\">5<\/td><td class=\"column-2\">Realizaci\u00f3n de un ejercicio de intercomparaci\u00f3n multiparam\u00e9trico.<\/td><td class=\"column-3\">Enero &#8211; Junio 2022<\/td>\n<\/tr>\n<\/tbody>\n<\/table>\n<!-- #tablepress-5 from cache -->\n<\/div>\n<\/div><\/div><\/div><\/div><div id=\"pgc-gb779-69e267b10b379-9-1\"  class=\"panel-grid-cell\" ><div id=\"panel-gb779-69e267b10b379-9-1-0\" class=\"so-panel widget widget_sow-simple-masonry panel-first-child panel-last-child\" data-index=\"16\" ><div\n\t\t\t\n\t\t\tclass=\"so-widget-sow-simple-masonry so-widget-sow-simple-masonry-default-e14a0aa780eb-779\"\n\t\t\t\n\t\t>\n\n\t<div class=\"sow-masonry-grid-preloader\"><div><\/div><div><\/div><div><\/div><div><\/div><\/div>\n<div class=\"sow-masonry-grid\"\n\tdata-layouts=\"{&quot;desktop&quot;:{&quot;numColumns&quot;:2,&quot;rowHeight&quot;:0,&quot;gutter&quot;:2},&quot;tablet&quot;:{&quot;breakPoint&quot;:768,&quot;numColumns&quot;:2,&quot;rowHeight&quot;:0,&quot;gutter&quot;:2},&quot;mobile&quot;:{&quot;breakPoint&quot;:480,&quot;numColumns&quot;:1,&quot;rowHeight&quot;:0,&quot;gutter&quot;:2}}\" data-layout-origin-left=\"true\" style=\"opacity: 0;\">\n\t\t\t\t<div class=\"sow-masonry-grid-item\" data-col-span=\"2\"\n\t\t\t\tdata-row-span=\"1\">\n\t\t\t\t\n\t\t\t\t\n\t\t\t\t<img loading=\"lazy\" decoding=\"async\" width=\"300\" height=\"199\" src=\"http:\/\/www.reprolam.com\/wp-content\/uploads\/2020\/10\/DOSIM-BIOL.jpg\" class=\"sow-masonry-grid-image\" alt=\"\" title=\"\" \/>\n\t\t\t\t\n\t\t\t\t\t\t\t<\/div>\n\t\t\t\t\t\t<div class=\"sow-masonry-grid-item\" data-col-span=\"2\"\n\t\t\t\tdata-row-span=\"1\">\n\t\t\t\t\n\t\t\t\t\n\t\t\t\t<img loading=\"lazy\" decoding=\"async\" width=\"390\" height=\"392\" src=\"http:\/\/www.reprolam.com\/wp-content\/uploads\/2020\/10\/DOSIM-BIOL-01.jpg\" class=\"sow-masonry-grid-image\" alt=\"\" title=\"\" srcset=\"http:\/\/www.reprolam.com\/wp-content\/uploads\/2020\/10\/DOSIM-BIOL-01.jpg 390w, http:\/\/www.reprolam.com\/wp-content\/uploads\/2020\/10\/DOSIM-BIOL-01-298x300.jpg 298w, http:\/\/www.reprolam.com\/wp-content\/uploads\/2020\/10\/DOSIM-BIOL-01-150x150.jpg 150w, http:\/\/www.reprolam.com\/wp-content\/uploads\/2020\/10\/DOSIM-BIOL-01-270x270.jpg 270w, http:\/\/www.reprolam.com\/wp-content\/uploads\/2020\/10\/DOSIM-BIOL-01-230x230.jpg 230w\" sizes=\"(max-width: 390px) 100vw, 390px\" \/>\n\t\t\t\t\n\t\t\t\t\t\t\t<\/div>\n\t\t\t\n<\/div>\n<\/div><\/div><\/div><\/div><\/div><\/div>\n\n\n<p><\/p>\n","protected":false},"excerpt":{"rendered":"<p>Contribuir con el desarrollo y la aplicaci\u00f3n de ensayos citogen\u00e9ticos en el marco de los programas de protecci\u00f3n radiol\u00f3gica y de respuesta en emergencias, a fin de fortalecer las capacidades \u2026<\/p>\n","protected":false},"author":1,"featured_media":993,"parent":57,"menu_order":0,"comment_status":"closed","ping_status":"closed","template":"page-templates\/page-builder.php","meta":{"footnotes":""},"_links":{"self":[{"href":"http:\/\/www.reprolam.com\/index.php?rest_route=\/wp\/v2\/pages\/779"}],"collection":[{"href":"http:\/\/www.reprolam.com\/index.php?rest_route=\/wp\/v2\/pages"}],"about":[{"href":"http:\/\/www.reprolam.com\/index.php?rest_route=\/wp\/v2\/types\/page"}],"author":[{"embeddable":true,"href":"http:\/\/www.reprolam.com\/index.php?rest_route=\/wp\/v2\/users\/1"}],"replies":[{"embeddable":true,"href":"http:\/\/www.reprolam.com\/index.php?rest_route=%2Fwp%2Fv2%2Fcomments&post=779"}],"version-history":[{"count":25,"href":"http:\/\/www.reprolam.com\/index.php?rest_route=\/wp\/v2\/pages\/779\/revisions"}],"predecessor-version":[{"id":4442,"href":"http:\/\/www.reprolam.com\/index.php?rest_route=\/wp\/v2\/pages\/779\/revisions\/4442"}],"up":[{"embeddable":true,"href":"http:\/\/www.reprolam.com\/index.php?rest_route=\/wp\/v2\/pages\/57"}],"wp:featuredmedia":[{"embeddable":true,"href":"http:\/\/www.reprolam.com\/index.php?rest_route=\/wp\/v2\/media\/993"}],"wp:attachment":[{"href":"http:\/\/www.reprolam.com\/index.php?rest_route=%2Fwp%2Fv2%2Fmedia&parent=779"}],"curies":[{"name":"wp","href":"https:\/\/api.w.org\/{rel}","templated":true}]}}