{"id":834,"date":"2020-10-12T14:39:28","date_gmt":"2020-10-12T14:39:28","guid":{"rendered":"http:\/\/www.reprolam.com\/?page_id=834"},"modified":"2020-11-02T19:26:57","modified_gmt":"2020-11-02T19:26:57","slug":"metrologia","status":"publish","type":"page","link":"http:\/\/www.reprolam.com\/?page_id=834","title":{"rendered":"Metrolog\u00eda"},"content":{"rendered":"<div id=\"pl-gb834-69dfdb9f04f0c\"  class=\"panel-layout\" ><div id=\"pg-gb834-69dfdb9f04f0c-0\"  class=\"panel-grid panel-no-style\" ><div id=\"pgc-gb834-69dfdb9f04f0c-0-0\"  class=\"panel-grid-cell\" ><div id=\"panel-gb834-69dfdb9f04f0c-0-0-0\" class=\"so-panel widget widget_sow-editor panel-first-child panel-last-child\" data-index=\"0\" ><div\n\t\t\t\n\t\t\tclass=\"so-widget-sow-editor so-widget-sow-editor-base\"\n\t\t\t\n\t\t>\n<div class=\"siteorigin-widget-tinymce textwidget\">\n\t<\/div>\n<\/div><\/div><\/div><\/div><\/div>\n\n<div id=\"pl-gb834-69dfdb9f067e6\"  class=\"panel-layout\" ><div id=\"pg-gb834-69dfdb9f067e6-0\"  class=\"panel-grid panel-has-style\" ><div class=\"panel-row-style panel-row-style-for-gb834-69dfdb9f067e6-0\" ><div id=\"pgc-gb834-69dfdb9f067e6-0-0\"  class=\"panel-grid-cell\" ><div id=\"panel-gb834-69dfdb9f067e6-0-0-0\" class=\"so-panel widget widget_sow-editor panel-first-child panel-last-child\" data-index=\"0\" ><div class=\"panel-widget-style panel-widget-style-for-gb834-69dfdb9f067e6-0-0-0\" ><div\n\t\t\t\n\t\t\tclass=\"so-widget-sow-editor so-widget-sow-editor-base\"\n\t\t\t\n\t\t>\n<div class=\"siteorigin-widget-tinymce textwidget\">\n\t<p style=\"text-align: center;\"><span style=\"color: #ffffff;\"><strong>PROP\u00d3SITO:<\/strong><\/span><\/p>\n<p style=\"text-align: center;\"><span style=\"color: #ffffff;\">Consolidar una red permanente de laboratorios de la Regi\u00f3n Latinoamericana, para facilitar la cooperaci\u00f3n con las organizaciones regionales e internacionales de metrolog\u00eda, proveer trazabilidad a las mediciones a todos los niveles en los pa\u00edses participantes, armonizar metodolog\u00edas, intercambiar conocimientos, recibir entrenamientos y organizar ejercicios de intercomparaci\u00f3n.<\/span><\/p>\n<\/div>\n<\/div><\/div><\/div><\/div><\/div><\/div><div id=\"pg-gb834-69dfdb9f067e6-1\"  class=\"panel-grid panel-has-style\" ><div class=\"panel-row-style panel-row-style-for-gb834-69dfdb9f067e6-1\" ><div id=\"pgc-gb834-69dfdb9f067e6-1-0\"  class=\"panel-grid-cell\" ><div id=\"panel-gb834-69dfdb9f067e6-1-0-0\" class=\"so-panel widget widget_sow-editor panel-first-child panel-last-child\" data-index=\"1\" ><div class=\"panel-widget-style panel-widget-style-for-gb834-69dfdb9f067e6-1-0-0\" ><div\n\t\t\t\n\t\t\tclass=\"so-widget-sow-editor so-widget-sow-editor-base\"\n\t\t\t\n\t\t>\n<div class=\"siteorigin-widget-tinymce textwidget\">\n\t<p style=\"text-align: center;\"><span style=\"color: #ffffff;\"><strong>PERFIL DE MIEMBROS<\/strong><\/span><\/p>\n<\/div>\n<\/div><\/div><\/div><\/div><\/div><\/div><div id=\"pg-gb834-69dfdb9f067e6-2\"  class=\"panel-grid panel-has-style\" ><div class=\"panel-row-style panel-row-style-for-gb834-69dfdb9f067e6-2\" ><div id=\"pgc-gb834-69dfdb9f067e6-2-0\"  class=\"panel-grid-cell panel-grid-cell-empty\" ><\/div><div id=\"pgc-gb834-69dfdb9f067e6-2-1\"  class=\"panel-grid-cell\" ><div id=\"panel-gb834-69dfdb9f067e6-2-1-0\" class=\"so-panel widget widget_sow-editor panel-first-child panel-last-child\" data-index=\"2\" ><div\n\t\t\t\n\t\t\tclass=\"so-widget-sow-editor so-widget-sow-editor-base\"\n\t\t\t\n\t\t>\n<div class=\"siteorigin-widget-tinymce textwidget\">\n\t<p style=\"text-align: center;\"><strong>COORDINADORES DEL \u00c1REA TEM\u00c1TICA<\/strong><\/p>\n<\/div>\n<\/div><\/div><\/div><\/div><\/div><div id=\"pg-gb834-69dfdb9f067e6-3\"  class=\"panel-grid panel-has-style\" ><div class=\"panel-row-style panel-row-style-for-gb834-69dfdb9f067e6-3\" ><div id=\"pgc-gb834-69dfdb9f067e6-3-0\"  class=\"panel-grid-cell\" ><div id=\"panel-gb834-69dfdb9f067e6-3-0-0\" class=\"so-panel widget widget_sow-editor panel-first-child\" data-index=\"3\" ><div id=\"vin\" class=\"panel-widget-style panel-widget-style-for-gb834-69dfdb9f067e6-3-0-0\" ><div\n\t\t\t\n\t\t\tclass=\"so-widget-sow-editor so-widget-sow-editor-base\"\n\t\t\t\n\t\t>\n<div class=\"siteorigin-widget-tinymce textwidget\">\n\t<table style=\"height: 23px; width: 100%; border-collapse: collapse; border-style: none;\" border=\"0\">\n<tbody>\n<tr style=\"height: 38px;\">\n<td style=\"width: 62.9833px; height: 10px; vertical-align: top;\"><img loading=\"lazy\" decoding=\"async\" class=\"size-full wp-image-653 aligncenter\" src=\"http:\/\/www.reprolam.com\/wp-content\/uploads\/2020\/10\/3313576-24.png\" alt=\"\" width=\"24\" height=\"24\" \/><\/td>\n<td style=\"width: 877.017px; height: 10px; text-align: justify; vertical-align: top;\">Profesionales vinculados a la metrolog\u00eda de radiaciones ionizantes,<\/td>\n<\/tr>\n<tr style=\"height: 48px;\">\n<td style=\"width: 62.9833px; height: 13px; vertical-align: top;\"><img loading=\"lazy\" decoding=\"async\" class=\"size-full wp-image-653 aligncenter\" src=\"http:\/\/www.reprolam.com\/wp-content\/uploads\/2020\/10\/3313576-24.png\" alt=\"\" width=\"24\" height=\"24\" \/><\/td>\n<td style=\"width: 877.017px; height: 13px; text-align: justify; vertical-align: top;\">Laboratorios de calibraci\u00f3n primarios, secundarios y terciarios.<\/td>\n<\/tr>\n<\/tbody>\n<\/table>\n<\/div>\n<\/div><\/div><\/div><div id=\"panel-gb834-69dfdb9f067e6-3-0-1\" class=\"so-panel widget widget_sow-image\" data-index=\"4\" ><div\n\t\t\t\n\t\t\tclass=\"so-widget-sow-image so-widget-sow-image-default-c67d20f9f743-834\"\n\t\t\t\n\t\t>\n<div class=\"sow-image-container\">\n\t\t<img \n\tsrc=\"http:\/\/www.reprolam.com\/wp-content\/uploads\/2020\/10\/LOGO-METROLOGIA-2da-278x300.png\" width=\"278\" height=\"300\" srcset=\"http:\/\/www.reprolam.com\/wp-content\/uploads\/2020\/10\/LOGO-METROLOGIA-2da-278x300.png 278w, http:\/\/www.reprolam.com\/wp-content\/uploads\/2020\/10\/LOGO-METROLOGIA-2da.png 740w\" sizes=\"(max-width: 278px) 100vw, 278px\" title=\"LOGO METROLOGIA-2da\" alt=\"\" \t\tclass=\"so-widget-image\"\/>\n\t<\/div>\n\n<\/div><\/div><div id=\"panel-gb834-69dfdb9f067e6-3-0-2\" class=\"so-panel widget widget_sow-image panel-last-child\" data-index=\"5\" ><div\n\t\t\t\n\t\t\tclass=\"so-widget-sow-image so-widget-sow-image-default-c67d20f9f743-834\"\n\t\t\t\n\t\t>\n<div class=\"sow-image-container\">\n\t\t\t<a href=\"http:\/\/www.reprolam.com\/?page_id=1395\"\n\t\t\t\t\t>\n\t\t\t<img \n\tsrc=\"http:\/\/www.reprolam.com\/wp-content\/uploads\/2020\/10\/miembros.png\" width=\"281\" height=\"65\" sizes=\"(max-width: 281px) 100vw, 281px\" alt=\"\" \t\tclass=\"so-widget-image\"\/>\n\t\t\t<\/a><\/div>\n\n<\/div><\/div><\/div><div id=\"pgc-gb834-69dfdb9f067e6-3-1\"  class=\"panel-grid-cell\" ><div id=\"panel-gb834-69dfdb9f067e6-3-1-0\" class=\"so-panel widget widget_sow-editor panel-first-child panel-last-child\" data-index=\"6\" ><div class=\"panel-widget-style panel-widget-style-for-gb834-69dfdb9f067e6-3-1-0\" ><div\n\t\t\t\n\t\t\tclass=\"so-widget-sow-editor so-widget-sow-editor-base\"\n\t\t\t\n\t\t>\n<div class=\"siteorigin-widget-tinymce textwidget\">\n\t<table style=\"border-collapse: collapse; width: 100%;\" border=\"1\">\n<tbody>\n<tr>\n<td style=\"width: 100%; border-style: hidden; text-align: center;\"><img loading=\"lazy\" decoding=\"async\" class=\"aligncenter size-medium wp-image-840\" src=\"http:\/\/www.reprolam.com\/wp-content\/uploads\/2020\/10\/AT-METROLOGIA-GONZALO-228x300.jpg\" alt=\"\" width=\"228\" height=\"300\" srcset=\"http:\/\/www.reprolam.com\/wp-content\/uploads\/2020\/10\/AT-METROLOGIA-GONZALO-228x300.jpg 228w, http:\/\/www.reprolam.com\/wp-content\/uploads\/2020\/10\/AT-METROLOGIA-GONZALO-768x1010.jpg 768w, http:\/\/www.reprolam.com\/wp-content\/uploads\/2020\/10\/AT-METROLOGIA-GONZALO.jpg 779w\" sizes=\"(max-width: 228px) 100vw, 228px\" \/><\/td>\n<\/tr>\n<tr>\n<td style=\"width: 100%; border-style: hidden; text-align: center;\"><strong>Gonzalo Walwyn\u00a0 Salas<\/strong><\/p>\n<p>CUBA<\/p>\n<p><a href=\"mailto:gonzalo@cphr.edu.cu\">gonzalo@cphr.edu.cu<\/a><\/p>\n<p>Director General \/ Experto en Metrolog\u00eda de las Radiaciones Ionizantes.<\/p>\n<p>Centro de Protecci\u00f3n e Higiene de las Radiaciones \/ Laboratorio Secundario de Calibraci\u00f3n Dosim\u00e9trica (CPHR\/LSCD)<\/p>\n<\/td>\n<\/tr>\n<\/tbody>\n<\/table>\n<\/div>\n<\/div><\/div><\/div><\/div><div id=\"pgc-gb834-69dfdb9f067e6-3-2\"  class=\"panel-grid-cell\" ><div id=\"panel-gb834-69dfdb9f067e6-3-2-0\" class=\"so-panel widget widget_sow-editor panel-first-child panel-last-child\" data-index=\"7\" ><div class=\"panel-widget-style panel-widget-style-for-gb834-69dfdb9f067e6-3-2-0\" ><div\n\t\t\t\n\t\t\tclass=\"so-widget-sow-editor so-widget-sow-editor-base\"\n\t\t\t\n\t\t>\n<div class=\"siteorigin-widget-tinymce textwidget\">\n\t<table style=\"border-collapse: collapse; width: 100%;\" border=\"1\">\n<tbody>\n<tr>\n<td style=\"width: 100%; border-style: hidden; text-align: center;\"><img loading=\"lazy\" decoding=\"async\" class=\"aligncenter wp-image-1500 size-medium\" src=\"http:\/\/www.reprolam.com\/wp-content\/uploads\/2020\/10\/AT-METROLOGIA-GBalay-229x300.png\" alt=\"\" width=\"229\" height=\"300\" srcset=\"http:\/\/www.reprolam.com\/wp-content\/uploads\/2020\/10\/AT-METROLOGIA-GBalay-229x300.png 229w, http:\/\/www.reprolam.com\/wp-content\/uploads\/2020\/10\/AT-METROLOGIA-GBalay.png 238w\" sizes=\"(max-width: 229px) 100vw, 229px\" \/><\/td>\n<\/tr>\n<tr>\n<td style=\"width: 100%; border-style: hidden; text-align: center;\">\n<div id=\"panel-gb834-5f9075d5bde30-3-2-1\" class=\"so-panel widget widget_sow-editor panel-last-child\" data-index=\"8\">\n<div class=\"so-widget-sow-editor so-widget-sow-editor-base\">\n<div class=\"siteorigin-widget-tinymce textwidget\">\n<p><strong>Guillermo Balay Oliva<\/strong><\/p>\n<p>URUGUAY<\/p>\n<p><a href=\"mailto:guillermo.balay@gmail.gub.uy\">guillermo.balay@gmail.gub.uy<\/a><\/p>\n<p>Responsable del LSMRI<\/p>\n<p>Laboratorio Secundario de Metrolog\u00eda de las Radiaciones Ionizantes (MIEM-LSMRI).<\/p>\n<p>Ministerio de Industria, Energ\u00eda y Miner\u00eda (MIEM).<\/p>\n<\/div>\n<\/div>\n<\/div>\n<\/td>\n<\/tr>\n<\/tbody>\n<\/table>\n<\/div>\n<\/div><\/div><\/div><\/div><\/div><\/div><div id=\"pg-gb834-69dfdb9f067e6-4\"  class=\"panel-grid panel-has-style\" ><div class=\"panel-row-style panel-row-style-for-gb834-69dfdb9f067e6-4\" ><div id=\"pgc-gb834-69dfdb9f067e6-4-0\"  class=\"panel-grid-cell\" ><div id=\"panel-gb834-69dfdb9f067e6-4-0-0\" class=\"so-panel widget widget_sow-editor panel-first-child panel-last-child\" data-index=\"8\" ><div class=\"panel-widget-style panel-widget-style-for-gb834-69dfdb9f067e6-4-0-0\" ><div\n\t\t\t\n\t\t\tclass=\"so-widget-sow-editor so-widget-sow-editor-base\"\n\t\t\t\n\t\t>\n<div class=\"siteorigin-widget-tinymce textwidget\">\n\t<p style=\"text-align: center;\"><span style=\"color: #ffffff;\"><strong>OBJETIVOS:<\/strong><\/span><\/p>\n<\/div>\n<\/div><\/div><\/div><\/div><\/div><\/div><div id=\"pg-gb834-69dfdb9f067e6-5\"  class=\"panel-grid panel-has-style\" ><div class=\"panel-row-style panel-row-style-for-gb834-69dfdb9f067e6-5\" ><div id=\"pgc-gb834-69dfdb9f067e6-5-0\"  class=\"panel-grid-cell\" ><div id=\"panel-gb834-69dfdb9f067e6-5-0-0\" class=\"so-panel widget widget_sow-editor panel-first-child panel-last-child\" data-index=\"9\" ><div id=\"vin\" class=\"panel-widget-style panel-widget-style-for-gb834-69dfdb9f067e6-5-0-0\" ><div\n\t\t\t\n\t\t\tclass=\"so-widget-sow-editor so-widget-sow-editor-base\"\n\t\t\t\n\t\t>\n<div class=\"siteorigin-widget-tinymce textwidget\">\n\t<table style=\"height: 23px; width: 100%; border-collapse: collapse; border-style: none;\" border=\"0\">\n<tbody>\n<tr style=\"height: 38px;\">\n<td style=\"width: 62.9833px; height: 10px; vertical-align: top;\"><img loading=\"lazy\" decoding=\"async\" class=\"size-full wp-image-653 aligncenter\" src=\"http:\/\/www.reprolam.com\/wp-content\/uploads\/2020\/10\/3313576-24.png\" alt=\"\" width=\"24\" height=\"24\" \/><\/td>\n<td style=\"width: 877.017px; height: 10px; vertical-align: top;\">Implementar, actualizar y armonizar los m\u00e9todos de calibraci\u00f3n y de ensayo de aptitud.<\/td>\n<\/tr>\n<tr style=\"height: 48px;\">\n<td style=\"width: 62.9833px; height: 13px; vertical-align: top;\"><img loading=\"lazy\" decoding=\"async\" class=\"size-full wp-image-653 aligncenter\" src=\"http:\/\/www.reprolam.com\/wp-content\/uploads\/2020\/10\/3313576-24.png\" alt=\"\" width=\"24\" height=\"24\" \/><\/td>\n<td style=\"width: 877.017px; height: 13px; vertical-align: top;\">Organizar intercomparaciones en las \u00e1reas de inter\u00e9s.<\/td>\n<\/tr>\n<tr style=\"height: 24px;\">\n<td style=\"width: 62.9833px; vertical-align: top; height: 24px;\"><img loading=\"lazy\" decoding=\"async\" class=\"size-full wp-image-653 aligncenter\" src=\"http:\/\/www.reprolam.com\/wp-content\/uploads\/2020\/10\/3313576-24.png\" alt=\"\" width=\"24\" height=\"24\" \/><\/td>\n<td style=\"width: 877.017px; vertical-align: top; height: 24px;\">Proveer de ensayos de aptitud a otros grupos de la REPROLAM.<\/td>\n<\/tr>\n<tr style=\"height: 24px;\">\n<td style=\"width: 62.9833px; vertical-align: top; height: 24px;\"><img loading=\"lazy\" decoding=\"async\" class=\"size-full wp-image-653 aligncenter\" src=\"http:\/\/www.reprolam.com\/wp-content\/uploads\/2020\/10\/3313576-24.png\" alt=\"\" width=\"24\" height=\"24\" \/><\/td>\n<td style=\"width: 877.017px; vertical-align: top; height: 24px;\">Difundir los conocimientos sobre calibraciones en la red.<\/td>\n<\/tr>\n<\/tbody>\n<\/table>\n<\/div>\n<\/div><\/div><\/div><\/div><div id=\"pgc-gb834-69dfdb9f067e6-5-1\"  class=\"panel-grid-cell\" ><div id=\"panel-gb834-69dfdb9f067e6-5-1-0\" class=\"so-panel widget widget_sow-simple-masonry panel-first-child panel-last-child\" data-index=\"10\" ><div class=\"panel-widget-style panel-widget-style-for-gb834-69dfdb9f067e6-5-1-0\" ><div\n\t\t\t\n\t\t\tclass=\"so-widget-sow-simple-masonry so-widget-sow-simple-masonry-default-e14a0aa780eb-834\"\n\t\t\t\n\t\t>\n\n\t<div class=\"sow-masonry-grid-preloader\"><div><\/div><div><\/div><div><\/div><div><\/div><\/div>\n<div class=\"sow-masonry-grid\"\n\tdata-layouts=\"{&quot;desktop&quot;:{&quot;numColumns&quot;:2,&quot;rowHeight&quot;:0,&quot;gutter&quot;:2},&quot;tablet&quot;:{&quot;breakPoint&quot;:768,&quot;numColumns&quot;:2,&quot;rowHeight&quot;:0,&quot;gutter&quot;:2},&quot;mobile&quot;:{&quot;breakPoint&quot;:480,&quot;numColumns&quot;:1,&quot;rowHeight&quot;:0,&quot;gutter&quot;:2}}\" data-layout-origin-left=\"true\" style=\"opacity: 0;\">\n\t\t\t\t<div class=\"sow-masonry-grid-item\" data-col-span=\"2\"\n\t\t\t\tdata-row-span=\"2\">\n\t\t\t\t\n\t\t\t\t\n\t\t\t\t<img loading=\"lazy\" decoding=\"async\" width=\"400\" height=\"400\" src=\"http:\/\/www.reprolam.com\/wp-content\/uploads\/2020\/10\/METRO-05.jpg\" class=\"sow-masonry-grid-image\" alt=\"\" title=\"\" srcset=\"http:\/\/www.reprolam.com\/wp-content\/uploads\/2020\/10\/METRO-05.jpg 400w, http:\/\/www.reprolam.com\/wp-content\/uploads\/2020\/10\/METRO-05-300x300.jpg 300w, http:\/\/www.reprolam.com\/wp-content\/uploads\/2020\/10\/METRO-05-150x150.jpg 150w, http:\/\/www.reprolam.com\/wp-content\/uploads\/2020\/10\/METRO-05-270x270.jpg 270w, http:\/\/www.reprolam.com\/wp-content\/uploads\/2020\/10\/METRO-05-230x230.jpg 230w\" sizes=\"(max-width: 400px) 100vw, 400px\" \/>\n\t\t\t\t\n\t\t\t\t\t\t\t<\/div>\n\t\t\t\n<\/div>\n<\/div><\/div><\/div><\/div><\/div><\/div><div id=\"pg-gb834-69dfdb9f067e6-6\"  class=\"panel-grid panel-has-style\" ><div class=\"panel-row-style panel-row-style-for-gb834-69dfdb9f067e6-6\" ><div id=\"pgc-gb834-69dfdb9f067e6-6-0\"  class=\"panel-grid-cell\" ><div id=\"panel-gb834-69dfdb9f067e6-6-0-0\" class=\"so-panel widget widget_sow-editor panel-first-child panel-last-child\" data-index=\"11\" ><div class=\"panel-widget-style panel-widget-style-for-gb834-69dfdb9f067e6-6-0-0\" ><div\n\t\t\t\n\t\t\tclass=\"so-widget-sow-editor so-widget-sow-editor-base\"\n\t\t\t\n\t\t>\n<div class=\"siteorigin-widget-tinymce textwidget\">\n\t<p style=\"text-align: center;\"><span style=\"color: #ffffff;\"><strong>METAS:<\/strong><\/span><\/p>\n<\/div>\n<\/div><\/div><\/div><\/div><\/div><\/div><div id=\"pg-gb834-69dfdb9f067e6-7\"  class=\"panel-grid panel-has-style\" ><div class=\"panel-row-style panel-row-style-for-gb834-69dfdb9f067e6-7\" ><div id=\"pgc-gb834-69dfdb9f067e6-7-0\"  class=\"panel-grid-cell\" ><div id=\"panel-gb834-69dfdb9f067e6-7-0-0\" class=\"so-panel widget widget_sow-editor panel-first-child panel-last-child\" data-index=\"12\" ><div id=\"vin\" class=\"panel-widget-style panel-widget-style-for-gb834-69dfdb9f067e6-7-0-0\" ><div\n\t\t\t\n\t\t\tclass=\"so-widget-sow-editor so-widget-sow-editor-base\"\n\t\t\t\n\t\t>\n<div class=\"siteorigin-widget-tinymce textwidget\">\n\t<table style=\"height: 23px; width: 100%; border-collapse: collapse; border-style: none;\" border=\"0\">\n<tbody>\n<tr style=\"height: 38px;\">\n<td style=\"width: 7.07497%; height: 10px; vertical-align: top;\"><img loading=\"lazy\" decoding=\"async\" class=\"size-full wp-image-653 aligncenter\" src=\"http:\/\/www.reprolam.com\/wp-content\/uploads\/2020\/10\/3313576-24.png\" alt=\"\" width=\"24\" height=\"24\" \/><\/td>\n<td style=\"width: 92.8194%; height: 10px; vertical-align: top;\">Organizar como m\u00ednimo dos ejercicios de intercomparaci\u00f3n en las magnitudes de inter\u00e9s.<\/td>\n<\/tr>\n<tr style=\"height: 48px;\">\n<td style=\"width: 7.07497%; height: 13px; vertical-align: top;\"><img loading=\"lazy\" decoding=\"async\" class=\"size-full wp-image-653 aligncenter\" src=\"http:\/\/www.reprolam.com\/wp-content\/uploads\/2020\/10\/3313576-24.png\" alt=\"\" width=\"24\" height=\"24\" \/><\/td>\n<td style=\"width: 92.8194%; height: 13px; vertical-align: top;\">Integrar a la red al menos 15 laboratorios de la regi\u00f3n.<\/td>\n<\/tr>\n<tr style=\"height: 48px;\">\n<td style=\"width: 7.07497%; vertical-align: top; height: 48px;\"><img loading=\"lazy\" decoding=\"async\" class=\"size-full wp-image-653 aligncenter\" src=\"http:\/\/www.reprolam.com\/wp-content\/uploads\/2020\/10\/3313576-24.png\" alt=\"\" width=\"24\" height=\"24\" \/><\/td>\n<td style=\"width: 92.8194%; vertical-align: top; height: 48px;\">Organizar las capacitaciones espec\u00edficas destinadas a la armonizaci\u00f3n de m\u00e9todos, actualizaci\u00f3n de los est\u00e1ndares internacionales y la implementaci\u00f3n de los sistemas de gesti\u00f3n de calidad.<\/td>\n<\/tr>\n<\/tbody>\n<\/table>\n<\/div>\n<\/div><\/div><\/div><\/div><div id=\"pgc-gb834-69dfdb9f067e6-7-1\"  class=\"panel-grid-cell\" ><div id=\"panel-gb834-69dfdb9f067e6-7-1-0\" class=\"so-panel widget widget_sow-image panel-first-child panel-last-child\" data-index=\"13\" ><div class=\"panel-widget-style panel-widget-style-for-gb834-69dfdb9f067e6-7-1-0\" ><div\n\t\t\t\n\t\t\tclass=\"so-widget-sow-image so-widget-sow-image-default-c67d20f9f743-834\"\n\t\t\t\n\t\t>\n<div class=\"sow-image-container\">\n\t\t<img \n\tsrc=\"http:\/\/www.reprolam.com\/wp-content\/uploads\/2020\/10\/METRO-02-3.jpg\" width=\"900\" height=\"600\" srcset=\"http:\/\/www.reprolam.com\/wp-content\/uploads\/2020\/10\/METRO-02-3.jpg 900w, http:\/\/www.reprolam.com\/wp-content\/uploads\/2020\/10\/METRO-02-3-300x200.jpg 300w, http:\/\/www.reprolam.com\/wp-content\/uploads\/2020\/10\/METRO-02-3-768x512.jpg 768w, http:\/\/www.reprolam.com\/wp-content\/uploads\/2020\/10\/METRO-02-3-272x182.jpg 272w\" sizes=\"(max-width: 900px) 100vw, 900px\" alt=\"\" \t\tclass=\"so-widget-image\"\/>\n\t<\/div>\n\n<\/div><\/div><\/div><\/div><\/div><\/div><div id=\"pg-gb834-69dfdb9f067e6-8\"  class=\"panel-grid panel-has-style\" ><div class=\"panel-row-style panel-row-style-for-gb834-69dfdb9f067e6-8\" ><div id=\"pgc-gb834-69dfdb9f067e6-8-0\"  class=\"panel-grid-cell\" ><div id=\"panel-gb834-69dfdb9f067e6-8-0-0\" class=\"so-panel widget widget_sow-editor panel-first-child panel-last-child\" data-index=\"14\" ><div class=\"panel-widget-style panel-widget-style-for-gb834-69dfdb9f067e6-8-0-0\" ><div\n\t\t\t\n\t\t\tclass=\"so-widget-sow-editor so-widget-sow-editor-base\"\n\t\t\t\n\t\t>\n<div class=\"siteorigin-widget-tinymce textwidget\">\n\t<p style=\"text-align: center;\"><span style=\"color: #ffffff;\"><strong>PLAN DE ACTIVIDADES:<\/strong><\/span><\/p>\n<\/div>\n<\/div><\/div><\/div><\/div><\/div><\/div><div id=\"pg-gb834-69dfdb9f067e6-9\"  class=\"panel-grid panel-has-style\" ><div class=\"panel-row-style panel-row-style-for-gb834-69dfdb9f067e6-9\" ><div id=\"pgc-gb834-69dfdb9f067e6-9-0\"  class=\"panel-grid-cell\" ><div id=\"panel-gb834-69dfdb9f067e6-9-0-0\" class=\"so-panel widget widget_sow-editor panel-first-child panel-last-child\" data-index=\"15\" ><div id=\"vin\" class=\"panel-widget-style panel-widget-style-for-gb834-69dfdb9f067e6-9-0-0\" ><div\n\t\t\t\n\t\t\tclass=\"so-widget-sow-editor so-widget-sow-editor-base\"\n\t\t\t\n\t\t>\n<div class=\"siteorigin-widget-tinymce textwidget\">\n\t\n<table id=\"tablepress-7\" class=\"tablepress tablepress-id-7\">\n<thead>\n<tr class=\"row-1\">\n\t<th class=\"column-1\">No.<\/th><th class=\"column-2\">Actividad<\/th><th class=\"column-3\">Responsable<\/th><th class=\"column-4\">Fecha ejecuci\u00f3n<\/th><th class=\"column-5\">Participantes<\/th>\n<\/tr>\n<\/thead>\n<tbody class=\"row-striping row-hover\">\n<tr class=\"row-2\">\n\t<td class=\"column-1\">1<\/td><td class=\"column-2\">Intercomparaci\u00f3n en la magnitud dosis equivalente personal y ambiental, incorpor\u00e1ndolo a las actividades del OIEA<\/td><td class=\"column-3\">Coordinadores AT<\/td><td class=\"column-4\">2020<\/td><td class=\"column-5\">Laboratorios que acepten la invitaci\u00f3n<\/td>\n<\/tr>\n<tr class=\"row-3\">\n\t<td class=\"column-1\">2<\/td><td class=\"column-2\">Organizar de conjunto con el grupo de dosimetr\u00eda externa un ensayo de aptitud a servicios de vigilancia radiol\u00f3gica individual en t\u00e9rminos de Hp(3) y Hp(0.07).<\/td><td class=\"column-3\">Coordinadores AT de Dosimetr\u00eda Externa y  Metrolog\u00eda<\/td><td class=\"column-4\">2021<\/td><td class=\"column-5\">Laboratorios que acepten la invitaci\u00f3n<\/td>\n<\/tr>\n<tr class=\"row-4\">\n\t<td class=\"column-1\">3<\/td><td class=\"column-2\">Curso de actualizaci\u00f3n de m\u00e9todos de calibraci\u00f3n dosim\u00e9trica a niveles de protecci\u00f3n radiol\u00f3gica.<\/td><td class=\"column-3\"> Coordinadores AT<\/td><td class=\"column-4\">2021<\/td><td class=\"column-5\">Miembros<\/td>\n<\/tr>\n<\/tbody>\n<\/table>\n<!-- #tablepress-7 from cache -->\n<\/div>\n<\/div><\/div><\/div><\/div><div id=\"pgc-gb834-69dfdb9f067e6-9-1\"  class=\"panel-grid-cell\" ><div id=\"panel-gb834-69dfdb9f067e6-9-1-0\" class=\"so-panel widget widget_sow-image panel-first-child panel-last-child\" data-index=\"16\" ><div class=\"panel-widget-style panel-widget-style-for-gb834-69dfdb9f067e6-9-1-0\" ><div\n\t\t\t\n\t\t\tclass=\"so-widget-sow-image so-widget-sow-image-default-c67d20f9f743-834\"\n\t\t\t\n\t\t>\n<div class=\"sow-image-container\">\n\t\t<img \n\tsrc=\"http:\/\/www.reprolam.com\/wp-content\/uploads\/2020\/10\/METRO-06.jpg\" width=\"300\" height=\"225\" sizes=\"(max-width: 300px) 100vw, 300px\" alt=\"\" \t\tclass=\"so-widget-image\"\/>\n\t<\/div>\n\n<\/div><\/div><\/div><\/div><\/div><\/div><\/div>\n\n\n<p><\/p>\n","protected":false},"excerpt":{"rendered":"<p>Implementar, actualizar y armonizar los m\u00e9todos de calibraci\u00f3n y de ensayo. Organizar intercomparaciones en las \u00e1reas de inter\u00e9s. Proveer de ensayos a otros grupos de la red.<br \/>\nDifundir los conocimientos sobre calibraciones en la red \u2026<\/p>\n","protected":false},"author":1,"featured_media":990,"parent":57,"menu_order":0,"comment_status":"closed","ping_status":"closed","template":"page-templates\/page-builder.php","meta":{"footnotes":""},"_links":{"self":[{"href":"http:\/\/www.reprolam.com\/index.php?rest_route=\/wp\/v2\/pages\/834"}],"collection":[{"href":"http:\/\/www.reprolam.com\/index.php?rest_route=\/wp\/v2\/pages"}],"about":[{"href":"http:\/\/www.reprolam.com\/index.php?rest_route=\/wp\/v2\/types\/page"}],"author":[{"embeddable":true,"href":"http:\/\/www.reprolam.com\/index.php?rest_route=\/wp\/v2\/users\/1"}],"replies":[{"embeddable":true,"href":"http:\/\/www.reprolam.com\/index.php?rest_route=%2Fwp%2Fv2%2Fcomments&post=834"}],"version-history":[{"count":28,"href":"http:\/\/www.reprolam.com\/index.php?rest_route=\/wp\/v2\/pages\/834\/revisions"}],"predecessor-version":[{"id":1563,"href":"http:\/\/www.reprolam.com\/index.php?rest_route=\/wp\/v2\/pages\/834\/revisions\/1563"}],"up":[{"embeddable":true,"href":"http:\/\/www.reprolam.com\/index.php?rest_route=\/wp\/v2\/pages\/57"}],"wp:featuredmedia":[{"embeddable":true,"href":"http:\/\/www.reprolam.com\/index.php?rest_route=\/wp\/v2\/media\/990"}],"wp:attachment":[{"href":"http:\/\/www.reprolam.com\/index.php?rest_route=%2Fwp%2Fv2%2Fmedia&parent=834"}],"curies":[{"name":"wp","href":"https:\/\/api.w.org\/{rel}","templated":true}]}}