{"id":875,"date":"2020-10-12T16:46:29","date_gmt":"2020-10-12T16:46:29","guid":{"rendered":"http:\/\/www.reprolam.com\/?page_id=875"},"modified":"2020-11-03T16:58:44","modified_gmt":"2020-11-03T16:58:44","slug":"cultura-de-seguridad","status":"publish","type":"page","link":"http:\/\/www.reprolam.com\/?page_id=875","title":{"rendered":"Cultura de Seguridad"},"content":{"rendered":"<div id=\"pl-gb875-69dfe073b3e72\"  class=\"panel-layout\" ><div id=\"pg-gb875-69dfe073b3e72-0\"  class=\"panel-grid panel-no-style\" ><div id=\"pgc-gb875-69dfe073b3e72-0-0\"  class=\"panel-grid-cell\" ><div id=\"panel-gb875-69dfe073b3e72-0-0-0\" class=\"so-panel widget widget_sow-editor panel-first-child panel-last-child\" data-index=\"0\" ><div\n\t\t\t\n\t\t\tclass=\"so-widget-sow-editor so-widget-sow-editor-base\"\n\t\t\t\n\t\t>\n<div class=\"siteorigin-widget-tinymce textwidget\">\n\t<\/div>\n<\/div><\/div><\/div><\/div><\/div>\n\n<div id=\"pl-gb875-69dfe073b5434\"  class=\"panel-layout\" ><div id=\"pg-gb875-69dfe073b5434-0\"  class=\"panel-grid panel-has-style\" ><div class=\"panel-row-style panel-row-style-for-gb875-69dfe073b5434-0\" ><div id=\"pgc-gb875-69dfe073b5434-0-0\"  class=\"panel-grid-cell\" ><div id=\"panel-gb875-69dfe073b5434-0-0-0\" class=\"so-panel widget widget_sow-editor panel-first-child panel-last-child\" data-index=\"0\" ><div class=\"panel-widget-style panel-widget-style-for-gb875-69dfe073b5434-0-0-0\" ><div\n\t\t\t\n\t\t\tclass=\"so-widget-sow-editor so-widget-sow-editor-base\"\n\t\t\t\n\t\t>\n<div class=\"siteorigin-widget-tinymce textwidget\">\n\t<p style=\"text-align: center;\"><span style=\"color: #ffffff;\"><strong>PROP\u00d3SITO:<\/strong><\/span><\/p>\n<p style=\"text-align: center;\"><span style=\"color: #ffffff;\">Difundir los conocimientos fundamentales de Cultura de seguridad en actividades e instalaciones radiactivas a fin de promover y alentar su desarrollo mediante la aplicaci\u00f3n de la Gu\u00eda de Cultura de seguridad<\/span><\/p>\n<\/div>\n<\/div><\/div><\/div><\/div><\/div><\/div><div id=\"pg-gb875-69dfe073b5434-1\"  class=\"panel-grid panel-has-style\" ><div class=\"panel-row-style panel-row-style-for-gb875-69dfe073b5434-1\" ><div id=\"pgc-gb875-69dfe073b5434-1-0\"  class=\"panel-grid-cell\" ><div id=\"panel-gb875-69dfe073b5434-1-0-0\" class=\"so-panel widget widget_sow-editor panel-first-child panel-last-child\" data-index=\"1\" ><div class=\"panel-widget-style panel-widget-style-for-gb875-69dfe073b5434-1-0-0\" ><div\n\t\t\t\n\t\t\tclass=\"so-widget-sow-editor so-widget-sow-editor-base\"\n\t\t\t\n\t\t>\n<div class=\"siteorigin-widget-tinymce textwidget\">\n\t<p style=\"text-align: center;\"><span style=\"color: #ffffff;\"><strong>PERFIL DE MIEMBROS<\/strong><\/span><\/p>\n<\/div>\n<\/div><\/div><\/div><\/div><\/div><\/div><div id=\"pg-gb875-69dfe073b5434-2\"  class=\"panel-grid panel-has-style\" ><div class=\"panel-row-style panel-row-style-for-gb875-69dfe073b5434-2\" ><div id=\"pgc-gb875-69dfe073b5434-2-0\"  class=\"panel-grid-cell panel-grid-cell-empty\" ><\/div><div id=\"pgc-gb875-69dfe073b5434-2-1\"  class=\"panel-grid-cell\" ><div id=\"panel-gb875-69dfe073b5434-2-1-0\" class=\"so-panel widget widget_sow-editor panel-first-child panel-last-child\" data-index=\"2\" ><div\n\t\t\t\n\t\t\tclass=\"so-widget-sow-editor so-widget-sow-editor-base\"\n\t\t\t\n\t\t>\n<div class=\"siteorigin-widget-tinymce textwidget\">\n\t<p style=\"text-align: center;\"><strong>COORDINADORES DEL \u00c1REA TEM\u00c1TICA<\/strong><\/p>\n<\/div>\n<\/div><\/div><\/div><\/div><\/div><div id=\"pg-gb875-69dfe073b5434-3\"  class=\"panel-grid panel-has-style\" ><div class=\"panel-row-style panel-row-style-for-gb875-69dfe073b5434-3\" ><div id=\"pgc-gb875-69dfe073b5434-3-0\"  class=\"panel-grid-cell\" ><div id=\"panel-gb875-69dfe073b5434-3-0-0\" class=\"so-panel widget widget_sow-editor panel-first-child\" data-index=\"3\" ><div id=\"vin\" class=\"panel-widget-style panel-widget-style-for-gb875-69dfe073b5434-3-0-0\" ><div\n\t\t\t\n\t\t\tclass=\"so-widget-sow-editor so-widget-sow-editor-base\"\n\t\t\t\n\t\t>\n<div class=\"siteorigin-widget-tinymce textwidget\">\n\t<table style=\"height: 23px; width: 100%; border-collapse: collapse; border-style: none;\" border=\"0\">\n<tbody>\n<tr style=\"height: 38px;\">\n<td style=\"width: 62.9833px; height: 10px; vertical-align: top;\"><img loading=\"lazy\" decoding=\"async\" class=\"size-full wp-image-653 aligncenter\" src=\"http:\/\/www.reprolam.com\/wp-content\/uploads\/2020\/10\/3313576-24.png\" alt=\"\" width=\"24\" height=\"24\" \/><\/td>\n<td style=\"width: 877.017px; height: 10px; text-align: justify; vertical-align: top;\">Profesionales de instalaciones que usan fuentes de radiaci\u00f3n ionizante vinculados o interesados en la tem\u00e1tica de la cultura de seguridad.<\/td>\n<\/tr>\n<\/tbody>\n<\/table>\n<\/div>\n<\/div><\/div><\/div><div id=\"panel-gb875-69dfe073b5434-3-0-1\" class=\"so-panel widget widget_sow-image\" data-index=\"4\" ><div\n\t\t\t\n\t\t\tclass=\"so-widget-sow-image so-widget-sow-image-default-c67d20f9f743-875\"\n\t\t\t\n\t\t>\n<div class=\"sow-image-container\">\n\t\t<img \n\tsrc=\"http:\/\/www.reprolam.com\/wp-content\/uploads\/2020\/10\/logo-cultura-DE-SEGURIDAD-237x300.png\" width=\"237\" height=\"300\" srcset=\"http:\/\/www.reprolam.com\/wp-content\/uploads\/2020\/10\/logo-cultura-DE-SEGURIDAD-237x300.png 237w, http:\/\/www.reprolam.com\/wp-content\/uploads\/2020\/10\/logo-cultura-DE-SEGURIDAD.png 288w\" sizes=\"(max-width: 237px) 100vw, 237px\" title=\"logo cultura DE SEGURIDAD\" alt=\"\" \t\tclass=\"so-widget-image\"\/>\n\t<\/div>\n\n<\/div><\/div><div id=\"panel-gb875-69dfe073b5434-3-0-2\" class=\"so-panel widget widget_sow-image panel-last-child\" data-index=\"5\" ><div\n\t\t\t\n\t\t\tclass=\"so-widget-sow-image so-widget-sow-image-default-c67d20f9f743-875\"\n\t\t\t\n\t\t>\n<div class=\"sow-image-container\">\n\t\t\t<a href=\"http:\/\/www.reprolam.com\/?page_id=1404\"\n\t\t\t\t\t>\n\t\t\t<img \n\tsrc=\"http:\/\/www.reprolam.com\/wp-content\/uploads\/2020\/10\/miembros.png\" width=\"281\" height=\"65\" sizes=\"(max-width: 281px) 100vw, 281px\" alt=\"\" \t\tclass=\"so-widget-image\"\/>\n\t\t\t<\/a><\/div>\n\n<\/div><\/div><\/div><div id=\"pgc-gb875-69dfe073b5434-3-1\"  class=\"panel-grid-cell\" ><div id=\"panel-gb875-69dfe073b5434-3-1-0\" class=\"so-panel widget widget_sow-editor panel-first-child panel-last-child\" data-index=\"6\" ><div class=\"panel-widget-style panel-widget-style-for-gb875-69dfe073b5434-3-1-0\" ><div\n\t\t\t\n\t\t\tclass=\"so-widget-sow-editor so-widget-sow-editor-base\"\n\t\t\t\n\t\t>\n<div class=\"siteorigin-widget-tinymce textwidget\">\n\t<table style=\"border-collapse: collapse; width: 100%;\" border=\"1\">\n<tbody>\n<tr>\n<td style=\"width: 100%; text-align: center; border-style: hidden; vertical-align: top;\"><img loading=\"lazy\" decoding=\"async\" class=\"aligncenter wp-image-877\" src=\"http:\/\/www.reprolam.com\/wp-content\/uploads\/2020\/10\/ferro.jpg\" alt=\"\" width=\"295\" height=\"295\" srcset=\"http:\/\/www.reprolam.com\/wp-content\/uploads\/2020\/10\/ferro.jpg 295w, http:\/\/www.reprolam.com\/wp-content\/uploads\/2020\/10\/ferro-150x150.jpg 150w, http:\/\/www.reprolam.com\/wp-content\/uploads\/2020\/10\/ferro-270x270.jpg 270w, http:\/\/www.reprolam.com\/wp-content\/uploads\/2020\/10\/ferro-230x230.jpg 230w\" sizes=\"(max-width: 295px) 100vw, 295px\" \/><\/td>\n<\/tr>\n<tr>\n<td style=\"width: 100%; text-align: center; border-style: hidden; vertical-align: top;\"><strong>Rub\u00e9n Ferro Fern\u00e1ndez.<\/strong><\/p>\n<p>CUBA<\/p>\n<p><a href=\"mailto:ferro@orasen.co.cu\">ferro@orasen.co.cu<\/a><\/p>\n<p>Especialista Principal en Factores Humanos y Organizacionales.<\/p>\n<p>Departamento de Seguridad Nuclear.<\/p>\n<p>Direcci\u00f3n de Seguridad Nuclear.<\/p>\n<p>Oficina de Regulaci\u00f3n y Seguridad Ambiental (ORSA).<\/p>\n<\/td>\n<\/tr>\n<\/tbody>\n<\/table>\n<\/div>\n<\/div><\/div><\/div><\/div><div id=\"pgc-gb875-69dfe073b5434-3-2\"  class=\"panel-grid-cell\" ><div id=\"panel-gb875-69dfe073b5434-3-2-0\" class=\"so-panel widget widget_sow-editor panel-first-child panel-last-child\" data-index=\"7\" ><div class=\"panel-widget-style panel-widget-style-for-gb875-69dfe073b5434-3-2-0\" ><div\n\t\t\t\n\t\t\tclass=\"so-widget-sow-editor so-widget-sow-editor-base\"\n\t\t\t\n\t\t>\n<div class=\"siteorigin-widget-tinymce textwidget\">\n\t<table style=\"border-collapse: collapse; width: 100%;\" border=\"1\">\n<tbody>\n<tr>\n<td style=\"width: 100%; text-align: center; border-style: hidden; vertical-align: top;\"><img loading=\"lazy\" decoding=\"async\" class=\"aligncenter wp-image-876\" src=\"http:\/\/www.reprolam.com\/wp-content\/uploads\/2020\/10\/AT-CULT-SEGU-RENAN-e1603305654392-272x300.jpg\" alt=\"\" width=\"232\" height=\"256\" srcset=\"http:\/\/www.reprolam.com\/wp-content\/uploads\/2020\/10\/AT-CULT-SEGU-RENAN-e1603305654392-272x300.jpg 272w, http:\/\/www.reprolam.com\/wp-content\/uploads\/2020\/10\/AT-CULT-SEGU-RENAN-e1603305654392-927x1024.jpg 927w, http:\/\/www.reprolam.com\/wp-content\/uploads\/2020\/10\/AT-CULT-SEGU-RENAN-e1603305654392-768x848.jpg 768w, http:\/\/www.reprolam.com\/wp-content\/uploads\/2020\/10\/AT-CULT-SEGU-RENAN-e1603305654392-1391x1536.jpg 1391w, http:\/\/www.reprolam.com\/wp-content\/uploads\/2020\/10\/AT-CULT-SEGU-RENAN-e1603305654392.jpg 1816w\" sizes=\"(max-width: 232px) 100vw, 232px\" \/><\/td>\n<\/tr>\n<tr>\n<td style=\"width: 100%; text-align: center; border-style: hidden; vertical-align: top;\">\n<div id=\"panel-gb875-5f907fc8a5fbe-3-2-1\" class=\"so-panel widget widget_sow-editor panel-last-child\" data-index=\"8\">\n<div class=\"so-widget-sow-editor so-widget-sow-editor-base\">\n<div class=\"siteorigin-widget-tinymce textwidget\">\n<p><strong>Ren\u00e1n Ram\u00edrez Quijada<\/strong><\/p>\n<p>PERU<\/p>\n<p><a href=\"mailto:rramirez@ipen.gob.pe\">rramirez@ipen.gob.pe<\/a><\/p>\n<p>Jefe del Departamento de Autorizaciones de Oficina T\u00e9cnica de la Autoridad Nacional<\/p>\n<p>Instituto Peruano de Energ\u00eda Nuclear<\/p>\n<\/div>\n<\/div>\n<\/div>\n<p>&nbsp;<\/p>\n<p>&nbsp;<\/p>\n<\/td>\n<\/tr>\n<\/tbody>\n<\/table>\n<\/div>\n<\/div><\/div><\/div><\/div><\/div><\/div><div id=\"pg-gb875-69dfe073b5434-4\"  class=\"panel-grid panel-has-style\" ><div class=\"panel-row-style panel-row-style-for-gb875-69dfe073b5434-4\" ><div id=\"pgc-gb875-69dfe073b5434-4-0\"  class=\"panel-grid-cell\" ><div id=\"panel-gb875-69dfe073b5434-4-0-0\" class=\"so-panel widget widget_sow-editor panel-first-child panel-last-child\" data-index=\"8\" ><div class=\"panel-widget-style panel-widget-style-for-gb875-69dfe073b5434-4-0-0\" ><div\n\t\t\t\n\t\t\tclass=\"so-widget-sow-editor so-widget-sow-editor-base\"\n\t\t\t\n\t\t>\n<div class=\"siteorigin-widget-tinymce textwidget\">\n\t<p style=\"text-align: center;\"><span style=\"color: #ffffff;\"><strong>OBJETIVOS:<\/strong><\/span><\/p>\n<\/div>\n<\/div><\/div><\/div><\/div><\/div><\/div><div id=\"pg-gb875-69dfe073b5434-5\"  class=\"panel-grid panel-has-style\" ><div class=\"panel-row-style panel-row-style-for-gb875-69dfe073b5434-5\" ><div id=\"pgc-gb875-69dfe073b5434-5-0\"  class=\"panel-grid-cell\" ><div id=\"panel-gb875-69dfe073b5434-5-0-0\" class=\"so-panel widget widget_sow-editor panel-first-child panel-last-child\" data-index=\"9\" ><div id=\"vin\" class=\"panel-widget-style panel-widget-style-for-gb875-69dfe073b5434-5-0-0\" ><div\n\t\t\t\n\t\t\tclass=\"so-widget-sow-editor so-widget-sow-editor-base\"\n\t\t\t\n\t\t>\n<div class=\"siteorigin-widget-tinymce textwidget\">\n\t<p>&nbsp;<\/p>\n<table style=\"height: 23px; width: 100%; border-collapse: collapse; border-style: none;\" border=\"0\">\n<tbody>\n<tr style=\"height: 38px;\">\n<td style=\"width: 6.65259%; height: 10px; vertical-align: top;\"><img loading=\"lazy\" decoding=\"async\" class=\"size-full wp-image-653 aligncenter\" src=\"http:\/\/www.reprolam.com\/wp-content\/uploads\/2020\/10\/3313576-24.png\" alt=\"\" width=\"24\" height=\"24\" \/><\/td>\n<td style=\"width: 93.2418%; height: 10px; vertical-align: top;\">Difundir los conocimientos fundamentales de Cultura de Seguridad en actividades e instalaciones radiactivas a fin de promover y alentar su desarrollo, mediante la aplicaci\u00f3n de la Gu\u00eda de Cultura de Seguridad del Foro Iberoamericano de Organismos Reguladores.<\/td>\n<\/tr>\n<\/tbody>\n<\/table>\n<\/div>\n<\/div><\/div><\/div><\/div><div id=\"pgc-gb875-69dfe073b5434-5-1\"  class=\"panel-grid-cell\" ><div id=\"panel-gb875-69dfe073b5434-5-1-0\" class=\"so-panel widget widget_sow-image panel-first-child panel-last-child\" data-index=\"10\" ><div class=\"panel-widget-style panel-widget-style-for-gb875-69dfe073b5434-5-1-0\" ><div\n\t\t\t\n\t\t\tclass=\"so-widget-sow-image so-widget-sow-image-default-c67d20f9f743-875\"\n\t\t\t\n\t\t>\n<div class=\"sow-image-container\">\n\t\t<img \n\tsrc=\"http:\/\/www.reprolam.com\/wp-content\/uploads\/2020\/10\/protecc.jpg\" width=\"513\" height=\"233\" srcset=\"http:\/\/www.reprolam.com\/wp-content\/uploads\/2020\/10\/protecc.jpg 513w, http:\/\/www.reprolam.com\/wp-content\/uploads\/2020\/10\/protecc-300x136.jpg 300w\" sizes=\"(max-width: 513px) 100vw, 513px\" alt=\"\" \t\tclass=\"so-widget-image\"\/>\n\t<\/div>\n\n<\/div><\/div><\/div><\/div><\/div><\/div><div id=\"pg-gb875-69dfe073b5434-6\"  class=\"panel-grid panel-has-style\" ><div class=\"panel-row-style panel-row-style-for-gb875-69dfe073b5434-6\" ><div id=\"pgc-gb875-69dfe073b5434-6-0\"  class=\"panel-grid-cell\" ><div id=\"panel-gb875-69dfe073b5434-6-0-0\" class=\"so-panel widget widget_sow-editor panel-first-child panel-last-child\" data-index=\"11\" ><div class=\"panel-widget-style panel-widget-style-for-gb875-69dfe073b5434-6-0-0\" ><div\n\t\t\t\n\t\t\tclass=\"so-widget-sow-editor so-widget-sow-editor-base\"\n\t\t\t\n\t\t>\n<div class=\"siteorigin-widget-tinymce textwidget\">\n\t<p style=\"text-align: center;\"><span style=\"color: #ffffff;\"><strong>METAS:<\/strong><\/span><\/p>\n<\/div>\n<\/div><\/div><\/div><\/div><\/div><\/div><div id=\"pg-gb875-69dfe073b5434-7\"  class=\"panel-grid panel-has-style\" ><div class=\"panel-row-style panel-row-style-for-gb875-69dfe073b5434-7\" ><div id=\"pgc-gb875-69dfe073b5434-7-0\"  class=\"panel-grid-cell\" ><div id=\"panel-gb875-69dfe073b5434-7-0-0\" class=\"so-panel widget widget_sow-editor panel-first-child panel-last-child\" data-index=\"12\" ><div id=\"vin\" class=\"panel-widget-style panel-widget-style-for-gb875-69dfe073b5434-7-0-0\" ><div\n\t\t\t\n\t\t\tclass=\"so-widget-sow-editor so-widget-sow-editor-base\"\n\t\t\t\n\t\t>\n<div class=\"siteorigin-widget-tinymce textwidget\">\n\t<p>&nbsp;<\/p>\n<table style=\"height: 23px; width: 100%; border-collapse: collapse; border-style: none;\" border=\"0\">\n<tbody>\n<tr style=\"height: 38px;\">\n<td style=\"width: 7.28616%; height: 10px; vertical-align: top;\"><img loading=\"lazy\" decoding=\"async\" class=\"size-full wp-image-653 aligncenter\" src=\"http:\/\/www.reprolam.com\/wp-content\/uploads\/2020\/10\/3313576-24.png\" alt=\"\" width=\"24\" height=\"24\" \/><\/td>\n<td style=\"width: 92.6082%; height: 10px; vertical-align: top;\">Elaborar un espacio de consulta y asesor\u00eda para promover y capacitar en el desarrollo de los elementos de Cultura de Seguridad.<\/td>\n<\/tr>\n<\/tbody>\n<\/table>\n<\/div>\n<\/div><\/div><\/div><\/div><div id=\"pgc-gb875-69dfe073b5434-7-1\"  class=\"panel-grid-cell\" ><div id=\"panel-gb875-69dfe073b5434-7-1-0\" class=\"so-panel widget widget_sow-image panel-first-child panel-last-child\" data-index=\"13\" ><div class=\"panel-widget-style panel-widget-style-for-gb875-69dfe073b5434-7-1-0\" ><div\n\t\t\t\n\t\t\tclass=\"so-widget-sow-image so-widget-sow-image-default-c67d20f9f743-875\"\n\t\t\t\n\t\t>\n<div class=\"sow-image-container\">\n\t\t<img \n\tsrc=\"http:\/\/www.reprolam.com\/wp-content\/uploads\/2020\/10\/cultura.jpg\" width=\"493\" height=\"278\" srcset=\"http:\/\/www.reprolam.com\/wp-content\/uploads\/2020\/10\/cultura.jpg 493w, http:\/\/www.reprolam.com\/wp-content\/uploads\/2020\/10\/cultura-300x169.jpg 300w\" sizes=\"(max-width: 493px) 100vw, 493px\" alt=\"\" \t\tclass=\"so-widget-image\"\/>\n\t<\/div>\n\n<\/div><\/div><\/div><\/div><\/div><\/div><div id=\"pg-gb875-69dfe073b5434-8\"  class=\"panel-grid panel-has-style\" ><div class=\"panel-row-style panel-row-style-for-gb875-69dfe073b5434-8\" ><div id=\"pgc-gb875-69dfe073b5434-8-0\"  class=\"panel-grid-cell\" ><div id=\"panel-gb875-69dfe073b5434-8-0-0\" class=\"so-panel widget widget_sow-editor panel-first-child panel-last-child\" data-index=\"14\" ><div class=\"panel-widget-style panel-widget-style-for-gb875-69dfe073b5434-8-0-0\" ><div\n\t\t\t\n\t\t\tclass=\"so-widget-sow-editor so-widget-sow-editor-base\"\n\t\t\t\n\t\t>\n<div class=\"siteorigin-widget-tinymce textwidget\">\n\t<p style=\"text-align: center;\"><span style=\"color: #ffffff;\"><strong>PLAN DE ACTIVIDADES:<\/strong><\/span><\/p>\n<\/div>\n<\/div><\/div><\/div><\/div><\/div><\/div><div id=\"pg-gb875-69dfe073b5434-9\"  class=\"panel-grid panel-has-style\" ><div class=\"panel-row-style panel-row-style-for-gb875-69dfe073b5434-9\" ><div id=\"pgc-gb875-69dfe073b5434-9-0\"  class=\"panel-grid-cell\" ><div id=\"panel-gb875-69dfe073b5434-9-0-0\" class=\"so-panel widget widget_sow-editor panel-first-child panel-last-child\" data-index=\"15\" ><div id=\"vin\" class=\"panel-widget-style panel-widget-style-for-gb875-69dfe073b5434-9-0-0\" ><div\n\t\t\t\n\t\t\tclass=\"so-widget-sow-editor so-widget-sow-editor-base\"\n\t\t\t\n\t\t>\n<div class=\"siteorigin-widget-tinymce textwidget\">\n\t\n<table id=\"tablepress-10\" class=\"tablepress tablepress-id-10\">\n<thead>\n<tr class=\"row-1\">\n\t<th class=\"column-1\">No.<\/th><th class=\"column-2\">Actividad<\/th><th class=\"column-3\">Fecha<\/th>\n<\/tr>\n<\/thead>\n<tbody class=\"row-striping row-hover\">\n<tr class=\"row-2\">\n\t<td class=\"column-1\">1<\/td><td class=\"column-2\">Preparar y difundir informaci\u00f3n visual y escrita sobre los conceptos y elementos de la Cultura de Seguridad, dirigido a encargados y responsables de las instalaciones que usen fuentes de radiaci\u00f3n ionizante, as\u00ed como a interesados en general. <\/td><td class=\"column-3\">Diciembre 2020 <\/td>\n<\/tr>\n<tr class=\"row-3\">\n\t<td class=\"column-1\">2<\/td><td class=\"column-2\">Elaboraci\u00f3n, participaci\u00f3n y revisi\u00f3n de encuesta sobre cultura de seguridad a nivel am\u00e9rica latina. <\/td><td class=\"column-3\">Octubre 2020 \u2013 enero 2021<\/td>\n<\/tr>\n<tr class=\"row-4\">\n\t<td class=\"column-1\">3<\/td><td class=\"column-2\">Recopilar propuestas y desarrollar video conferencias en Cultura de Seguridad. Permanente.<\/td><td class=\"column-3\">Abril 2021<\/td>\n<\/tr>\n<tr class=\"row-5\">\n\t<td class=\"column-1\">4<\/td><td class=\"column-2\">Elaborar noticias peri\u00f3dicas sobre diferentes aspectos de Cultura de Seguridad para publicar en el Bolet\u00edn de la Red.<\/td><td class=\"column-3\">2022 &#8211; 2023<\/td>\n<\/tr>\n<\/tbody>\n<\/table>\n<!-- #tablepress-10 from cache -->\n<\/div>\n<\/div><\/div><\/div><\/div><div id=\"pgc-gb875-69dfe073b5434-9-1\"  class=\"panel-grid-cell\" ><div id=\"panel-gb875-69dfe073b5434-9-1-0\" class=\"so-panel widget widget_sow-image panel-first-child panel-last-child\" data-index=\"16\" ><div class=\"panel-widget-style panel-widget-style-for-gb875-69dfe073b5434-9-1-0\" ><div\n\t\t\t\n\t\t\tclass=\"so-widget-sow-image so-widget-sow-image-default-c67d20f9f743-875\"\n\t\t\t\n\t\t>\n<div class=\"sow-image-container\">\n\t\t<img \n\tsrc=\"http:\/\/www.reprolam.com\/wp-content\/uploads\/2020\/10\/nino.jpg\" width=\"592\" height=\"494\" srcset=\"http:\/\/www.reprolam.com\/wp-content\/uploads\/2020\/10\/nino.jpg 592w, http:\/\/www.reprolam.com\/wp-content\/uploads\/2020\/10\/nino-300x250.jpg 300w\" sizes=\"(max-width: 592px) 100vw, 592px\" title=\"ni\u00f1o\" alt=\"\" \t\tclass=\"so-widget-image\"\/>\n\t<\/div>\n\n<\/div><\/div><\/div><\/div><\/div><\/div><\/div>\n\n\n<p><\/p>\n","protected":false},"excerpt":{"rendered":"<p>Difundir los conocimientos fundamentales de Cultura de seguridad en actividades e instalaciones radiactivas a fin de promover y alentar su desarrollo mediante la aplicaci\u00f3n de la Gu\u00eda de Cultura de seguridad\u2026<\/p>\n","protected":false},"author":1,"featured_media":997,"parent":57,"menu_order":0,"comment_status":"closed","ping_status":"closed","template":"page-templates\/page-builder.php","meta":{"footnotes":""},"_links":{"self":[{"href":"http:\/\/www.reprolam.com\/index.php?rest_route=\/wp\/v2\/pages\/875"}],"collection":[{"href":"http:\/\/www.reprolam.com\/index.php?rest_route=\/wp\/v2\/pages"}],"about":[{"href":"http:\/\/www.reprolam.com\/index.php?rest_route=\/wp\/v2\/types\/page"}],"author":[{"embeddable":true,"href":"http:\/\/www.reprolam.com\/index.php?rest_route=\/wp\/v2\/users\/1"}],"replies":[{"embeddable":true,"href":"http:\/\/www.reprolam.com\/index.php?rest_route=%2Fwp%2Fv2%2Fcomments&post=875"}],"version-history":[{"count":26,"href":"http:\/\/www.reprolam.com\/index.php?rest_route=\/wp\/v2\/pages\/875\/revisions"}],"predecessor-version":[{"id":1620,"href":"http:\/\/www.reprolam.com\/index.php?rest_route=\/wp\/v2\/pages\/875\/revisions\/1620"}],"up":[{"embeddable":true,"href":"http:\/\/www.reprolam.com\/index.php?rest_route=\/wp\/v2\/pages\/57"}],"wp:featuredmedia":[{"embeddable":true,"href":"http:\/\/www.reprolam.com\/index.php?rest_route=\/wp\/v2\/media\/997"}],"wp:attachment":[{"href":"http:\/\/www.reprolam.com\/index.php?rest_route=%2Fwp%2Fv2%2Fmedia&parent=875"}],"curies":[{"name":"wp","href":"https:\/\/api.w.org\/{rel}","templated":true}]}}