{"id":965,"date":"2020-10-24T20:29:10","date_gmt":"2020-10-24T20:29:10","guid":{"rendered":"http:\/\/www.reprolam.com\/?page_id=965"},"modified":"2020-11-03T17:55:43","modified_gmt":"2020-11-03T17:55:43","slug":"evaluacion-de-seguridad-2","status":"publish","type":"page","link":"http:\/\/www.reprolam.com\/?page_id=965","title":{"rendered":"Evaluaci\u00f3n de Seguridad"},"content":{"rendered":"<div id=\"pl-gb965-69e000c186e03\"  class=\"panel-layout\" ><div id=\"pg-gb965-69e000c186e03-0\"  class=\"panel-grid panel-no-style\" ><div id=\"pgc-gb965-69e000c186e03-0-0\"  class=\"panel-grid-cell\" ><div id=\"panel-gb965-69e000c186e03-0-0-0\" class=\"so-panel widget widget_sow-editor panel-first-child panel-last-child\" data-index=\"0\" ><div\n\t\t\t\n\t\t\tclass=\"so-widget-sow-editor so-widget-sow-editor-base\"\n\t\t\t\n\t\t>\n<div class=\"siteorigin-widget-tinymce textwidget\">\n\t<\/div>\n<\/div><\/div><\/div><\/div><\/div>\n\n<div id=\"pl-gb965-69e000c18803d\"  class=\"panel-layout\" ><div id=\"pg-gb965-69e000c18803d-0\"  class=\"panel-grid panel-has-style\" ><div class=\"panel-row-style panel-row-style-for-gb965-69e000c18803d-0\" ><div id=\"pgc-gb965-69e000c18803d-0-0\"  class=\"panel-grid-cell\" ><div id=\"panel-gb965-69e000c18803d-0-0-0\" class=\"so-panel widget widget_sow-editor panel-first-child panel-last-child\" data-index=\"0\" ><div class=\"panel-widget-style panel-widget-style-for-gb965-69e000c18803d-0-0-0\" ><div\n\t\t\t\n\t\t\tclass=\"so-widget-sow-editor so-widget-sow-editor-base\"\n\t\t\t\n\t\t>\n<div class=\"siteorigin-widget-tinymce textwidget\">\n\t<p style=\"text-align: center;\"><span style=\"color: #ffffff;\"><strong>PROP\u00d3SITO:<\/strong><\/span><\/p>\n<p style=\"text-align: center;\"><span style=\"color: #ffffff;\">Proporcionar a los usuarios finales de la Regi\u00f3n de Am\u00e9rica Latina, apoyo t\u00e9cnico para conducir adecuadamente los procesos de realizaci\u00f3n de las evaluaciones de seguridad de las instalaciones y actividades que usan fuentes de radiaciones ionizantes; a la vez que se propicia un entendimiento efectivo con las Autoridades Reguladoras de sus\u00a0 pa\u00edses que llevan a cabo la revisi\u00f3n y an\u00e1lisis de estas evaluaciones de seguridad.<\/span><\/p>\n<\/div>\n<\/div><\/div><\/div><\/div><\/div><\/div><div id=\"pg-gb965-69e000c18803d-1\"  class=\"panel-grid panel-has-style\" ><div class=\"panel-row-style panel-row-style-for-gb965-69e000c18803d-1\" ><div id=\"pgc-gb965-69e000c18803d-1-0\"  class=\"panel-grid-cell\" ><div id=\"panel-gb965-69e000c18803d-1-0-0\" class=\"so-panel widget widget_sow-editor panel-first-child panel-last-child\" data-index=\"1\" ><div class=\"panel-widget-style panel-widget-style-for-gb965-69e000c18803d-1-0-0\" ><div\n\t\t\t\n\t\t\tclass=\"so-widget-sow-editor so-widget-sow-editor-base\"\n\t\t\t\n\t\t>\n<div class=\"siteorigin-widget-tinymce textwidget\">\n\t<p style=\"text-align: center;\"><span style=\"color: #ffffff;\"><strong>Perfil de Miembros<\/strong><\/span><\/p>\n<\/div>\n<\/div><\/div><\/div><\/div><\/div><\/div><div id=\"pg-gb965-69e000c18803d-2\"  class=\"panel-grid panel-has-style\" ><div class=\"panel-row-style panel-row-style-for-gb965-69e000c18803d-2\" ><div id=\"pgc-gb965-69e000c18803d-2-0\"  class=\"panel-grid-cell panel-grid-cell-empty\" ><\/div><div id=\"pgc-gb965-69e000c18803d-2-1\"  class=\"panel-grid-cell\" ><div id=\"panel-gb965-69e000c18803d-2-1-0\" class=\"so-panel widget widget_sow-editor panel-first-child panel-last-child\" data-index=\"2\" ><div\n\t\t\t\n\t\t\tclass=\"so-widget-sow-editor so-widget-sow-editor-base\"\n\t\t\t\n\t\t>\n<div class=\"siteorigin-widget-tinymce textwidget\">\n\t<p style=\"text-align: center;\"><strong>Coordinadores del \u00c1rea Tem\u00e1tica<\/strong><\/p>\n<\/div>\n<\/div><\/div><\/div><\/div><\/div><div id=\"pg-gb965-69e000c18803d-3\"  class=\"panel-grid panel-has-style\" ><div class=\"panel-row-style panel-row-style-for-gb965-69e000c18803d-3\" ><div id=\"pgc-gb965-69e000c18803d-3-0\"  class=\"panel-grid-cell\" ><div id=\"panel-gb965-69e000c18803d-3-0-0\" class=\"so-panel widget widget_sow-editor panel-first-child\" data-index=\"3\" ><div id=\"vin\" class=\"panel-widget-style panel-widget-style-for-gb965-69e000c18803d-3-0-0\" ><div\n\t\t\t\n\t\t\tclass=\"so-widget-sow-editor so-widget-sow-editor-base\"\n\t\t\t\n\t\t>\n<div class=\"siteorigin-widget-tinymce textwidget\">\n\t<table style=\"height: 23px; width: 100%; border-collapse: collapse; border-style: none;\" border=\"0\">\n<tbody>\n<tr style=\"height: 38px;\">\n<td style=\"width: 62.9833px; height: 10px; vertical-align: top;\"><img loading=\"lazy\" decoding=\"async\" class=\"size-full wp-image-653 aligncenter\" src=\"http:\/\/www.reprolam.com\/wp-content\/uploads\/2020\/10\/3313576-24.png\" alt=\"\" width=\"24\" height=\"24\" \/><\/td>\n<td style=\"width: 877.017px; height: 10px; text-align: justify; vertical-align: top;\">Profesionales usuarios finales vinculados a los procesos de evaluaci\u00f3n de seguridad de las instalaciones y las pr\u00e1cticas.<\/td>\n<\/tr>\n<tr>\n<td style=\"width: 62.9833px; vertical-align: top;\"><img loading=\"lazy\" decoding=\"async\" class=\"size-full wp-image-653 aligncenter\" src=\"http:\/\/www.reprolam.com\/wp-content\/uploads\/2020\/10\/3313576-24.png\" alt=\"\" width=\"24\" height=\"24\" \/><\/td>\n<td style=\"width: 877.017px; text-align: justify; vertical-align: top;\">Autoridades Reguladoras que llevan a cabo la revisi\u00f3n y an\u00e1lisis de evaluaciones de seguridad.<\/td>\n<\/tr>\n<\/tbody>\n<\/table>\n<\/div>\n<\/div><\/div><\/div><div id=\"panel-gb965-69e000c18803d-3-0-1\" class=\"so-panel widget widget_sow-image\" data-index=\"4\" ><div\n\t\t\t\n\t\t\tclass=\"so-widget-sow-image so-widget-sow-image-default-c67d20f9f743-965\"\n\t\t\t\n\t\t>\n<div class=\"sow-image-container\">\n\t\t<img \n\tsrc=\"http:\/\/www.reprolam.com\/wp-content\/uploads\/2020\/10\/logo-EVALUACION-DE-SEGURIDAD-238x300.png\" width=\"238\" height=\"300\" srcset=\"http:\/\/www.reprolam.com\/wp-content\/uploads\/2020\/10\/logo-EVALUACION-DE-SEGURIDAD-238x300.png 238w, http:\/\/www.reprolam.com\/wp-content\/uploads\/2020\/10\/logo-EVALUACION-DE-SEGURIDAD.png 289w\" sizes=\"(max-width: 238px) 100vw, 238px\" title=\"logo EVALUACION DE SEGURIDAD\" alt=\"\" \t\tclass=\"so-widget-image\"\/>\n\t<\/div>\n\n<\/div><\/div><div id=\"panel-gb965-69e000c18803d-3-0-2\" class=\"so-panel widget widget_sow-image panel-last-child\" data-index=\"5\" ><div\n\t\t\t\n\t\t\tclass=\"so-widget-sow-image so-widget-sow-image-default-c67d20f9f743-965\"\n\t\t\t\n\t\t>\n<div class=\"sow-image-container\">\n\t\t\t<a href=\"http:\/\/www.reprolam.com\/?page_id=1408\"\n\t\t\t\t\t>\n\t\t\t<img \n\tsrc=\"http:\/\/www.reprolam.com\/wp-content\/uploads\/2020\/10\/miembros.png\" width=\"281\" height=\"65\" sizes=\"(max-width: 281px) 100vw, 281px\" alt=\"\" \t\tclass=\"so-widget-image\"\/>\n\t\t\t<\/a><\/div>\n\n<\/div><\/div><\/div><div id=\"pgc-gb965-69e000c18803d-3-1\"  class=\"panel-grid-cell\" ><div id=\"panel-gb965-69e000c18803d-3-1-0\" class=\"so-panel widget widget_sow-editor panel-first-child panel-last-child\" data-index=\"6\" ><div\n\t\t\t\n\t\t\tclass=\"so-widget-sow-editor so-widget-sow-editor-base\"\n\t\t\t\n\t\t>\n<div class=\"siteorigin-widget-tinymce textwidget\">\n\t<table style=\"border-collapse: collapse; width: 100%;\" border=\"1\">\n<tbody>\n<tr style=\"height: 300px;\">\n<td style=\"width: 100%; background-color: #d2eef9; border-style: hidden; vertical-align: top; height: 300px;\"><img loading=\"lazy\" decoding=\"async\" class=\"aligncenter size-medium wp-image-896\" src=\"http:\/\/www.reprolam.com\/wp-content\/uploads\/2020\/10\/AT-USUARIO-CRUZ-e1603306037911-267x300.jpg\" alt=\"\" width=\"267\" height=\"300\" srcset=\"http:\/\/www.reprolam.com\/wp-content\/uploads\/2020\/10\/AT-USUARIO-CRUZ-e1603306037911-267x300.jpg 267w, http:\/\/www.reprolam.com\/wp-content\/uploads\/2020\/10\/AT-USUARIO-CRUZ-e1603306037911-910x1024.jpg 910w, http:\/\/www.reprolam.com\/wp-content\/uploads\/2020\/10\/AT-USUARIO-CRUZ-e1603306037911-768x864.jpg 768w, http:\/\/www.reprolam.com\/wp-content\/uploads\/2020\/10\/AT-USUARIO-CRUZ-e1603306037911.jpg 1084w\" sizes=\"(max-width: 267px) 100vw, 267px\" \/><\/td>\n<\/tr>\n<tr style=\"height: 195px;\">\n<td style=\"width: 100%; background-color: #d2eef9; border-style: hidden; vertical-align: top; height: 195px;\">\n<p style=\"text-align: center;\"><strong>Cruz Dum\u00e9nigo Gonz\u00e1lez<\/strong><\/p>\n<p style=\"text-align: center;\">CUBA<\/p>\n<p style=\"text-align: center;\"><a href=\"mailto:cruzdume180663@gmail.com\">cruzdume180663@gmail.com<\/a><\/p>\n<p style=\"text-align: center;\">Jefe de Grupo de Pr\u00e1cticas M\u00e9dicas.<\/p>\n<p style=\"text-align: center;\">Direcci\u00f3n de Seguridad Nuclear.<\/p>\n<p style=\"text-align: center;\">Oficina de Regulaci\u00f3n y Seguridad Ambiental (ORSA).<\/p>\n<\/td>\n<\/tr>\n<\/tbody>\n<\/table>\n<p>&nbsp;<\/p>\n<\/div>\n<\/div><\/div><\/div><div id=\"pgc-gb965-69e000c18803d-3-2\"  class=\"panel-grid-cell\" ><div id=\"panel-gb965-69e000c18803d-3-2-0\" class=\"so-panel widget widget_sow-editor panel-first-child panel-last-child\" data-index=\"7\" ><div\n\t\t\t\n\t\t\tclass=\"so-widget-sow-editor so-widget-sow-editor-base\"\n\t\t\t\n\t\t>\n<div class=\"siteorigin-widget-tinymce textwidget\">\n\t<table style=\"border-collapse: collapse; width: 100%;\" border=\"1\">\n<tbody>\n<tr>\n<td style=\"width: 100%; border-style: hidden; background-color: #d2eef9; vertical-align: top;\"><img loading=\"lazy\" decoding=\"async\" class=\"aligncenter size-medium wp-image-897\" src=\"http:\/\/www.reprolam.com\/wp-content\/uploads\/2020\/10\/rlopez-266x300.jpg\" alt=\"\" width=\"266\" height=\"300\" srcset=\"http:\/\/www.reprolam.com\/wp-content\/uploads\/2020\/10\/rlopez-266x300.jpg 266w, http:\/\/www.reprolam.com\/wp-content\/uploads\/2020\/10\/rlopez.jpg 377w\" sizes=\"(max-width: 266px) 100vw, 266px\" \/><\/td>\n<\/tr>\n<tr>\n<td style=\"width: 100%; border-style: hidden; background-color: #d2eef9; vertical-align: top;\">\n<p style=\"text-align: center;\"><strong>Ram\u00f3n L\u00f3pez Morones<\/strong><\/p>\n<p style=\"text-align: center;\">M\u00c9XICO<\/p>\n<p style=\"text-align: center;\"><a href=\"mailto:rlopezm@cnsns.gob.mx\">rlopezm@cnsns.gob.mx<\/a><\/p>\n<p style=\"text-align: center;\">Director de Direcci\u00f3n de Tecnolog\u00eda<\/p>\n<p style=\"text-align: center;\">Comisi\u00f3n Nacional de Seguridad Nuclear y Salvaguardias<\/p>\n<\/td>\n<\/tr>\n<\/tbody>\n<\/table>\n<\/div>\n<\/div><\/div><\/div><\/div><\/div><div id=\"pg-gb965-69e000c18803d-4\"  class=\"panel-grid panel-has-style\" ><div class=\"panel-row-style panel-row-style-for-gb965-69e000c18803d-4\" ><div id=\"pgc-gb965-69e000c18803d-4-0\"  class=\"panel-grid-cell\" ><div id=\"panel-gb965-69e000c18803d-4-0-0\" class=\"so-panel widget widget_sow-editor panel-first-child panel-last-child\" data-index=\"8\" ><div class=\"panel-widget-style panel-widget-style-for-gb965-69e000c18803d-4-0-0\" ><div\n\t\t\t\n\t\t\tclass=\"so-widget-sow-editor so-widget-sow-editor-base\"\n\t\t\t\n\t\t>\n<div class=\"siteorigin-widget-tinymce textwidget\">\n\t<p style=\"text-align: center;\"><span style=\"color: #ffffff;\"><strong>OBJETIVOS:<\/strong><\/span><\/p>\n<\/div>\n<\/div><\/div><\/div><\/div><\/div><\/div><div id=\"pg-gb965-69e000c18803d-5\"  class=\"panel-grid panel-has-style\" ><div class=\"panel-row-style panel-row-style-for-gb965-69e000c18803d-5\" ><div id=\"pgc-gb965-69e000c18803d-5-0\"  class=\"panel-grid-cell\" ><div id=\"panel-gb965-69e000c18803d-5-0-0\" class=\"so-panel widget widget_sow-editor panel-first-child panel-last-child\" data-index=\"9\" ><div id=\"vin\" class=\"panel-widget-style panel-widget-style-for-gb965-69e000c18803d-5-0-0\" ><div\n\t\t\t\n\t\t\tclass=\"so-widget-sow-editor so-widget-sow-editor-base\"\n\t\t\t\n\t\t>\n<div class=\"siteorigin-widget-tinymce textwidget\">\n\t<p>&nbsp;<\/p>\n<table style=\"height: 23px; width: 100%; border-collapse: collapse; border-style: none;\" border=\"0\">\n<tbody>\n<tr style=\"height: 38px;\">\n<td style=\"width: 6.65259%; height: 10px; vertical-align: top;\"><img loading=\"lazy\" decoding=\"async\" class=\"size-full wp-image-653 aligncenter\" src=\"http:\/\/www.reprolam.com\/wp-content\/uploads\/2020\/10\/3313576-24.png\" alt=\"\" width=\"24\" height=\"24\" \/><\/td>\n<td style=\"width: 93.2418%; height: 10px; vertical-align: top;\">Establecer un \u00e1rea permanente de trabajo dentro de la REPROLAM que divulgue las mejores experiencias en las Evaluaciones de Seguridad.<\/td>\n<\/tr>\n<tr>\n<td style=\"width: 6.65259%; vertical-align: top;\"><img loading=\"lazy\" decoding=\"async\" class=\"size-full wp-image-653 aligncenter\" src=\"http:\/\/www.reprolam.com\/wp-content\/uploads\/2020\/10\/3313576-24.png\" alt=\"\" width=\"24\" height=\"24\" \/><\/td>\n<td style=\"width: 93.2418%; vertical-align: top;\">Promover que se realicen evaluaciones de seguridad que sean adecuadas seg\u00fan los requisitos del GSR Parte 4 del OIEA.<\/td>\n<\/tr>\n<tr>\n<td style=\"width: 6.65259%; vertical-align: top;\"><img loading=\"lazy\" decoding=\"async\" class=\"size-full wp-image-653 aligncenter\" src=\"http:\/\/www.reprolam.com\/wp-content\/uploads\/2020\/10\/3313576-24.png\" alt=\"\" width=\"24\" height=\"24\" \/><\/td>\n<td style=\"width: 93.2418%; vertical-align: top;\">Divulgar el uso de metodolog\u00edas y herramientas adecuadas para la evaluaci\u00f3n de la seguridad.<\/td>\n<\/tr>\n<\/tbody>\n<\/table>\n<\/div>\n<\/div><\/div><\/div><\/div><div id=\"pgc-gb965-69e000c18803d-5-1\"  class=\"panel-grid-cell\" ><div id=\"panel-gb965-69e000c18803d-5-1-0\" class=\"so-panel widget widget_sow-image panel-first-child panel-last-child\" data-index=\"10\" ><div class=\"panel-widget-style panel-widget-style-for-gb965-69e000c18803d-5-1-0\" ><div\n\t\t\t\n\t\t\tclass=\"so-widget-sow-image so-widget-sow-image-default-c67d20f9f743-965\"\n\t\t\t\n\t\t>\n<div class=\"sow-image-container\">\n\t\t<img \n\tsrc=\"http:\/\/www.reprolam.com\/wp-content\/uploads\/2020\/10\/GSR-Parte4-200x300.png\" width=\"200\" height=\"300\" srcset=\"http:\/\/www.reprolam.com\/wp-content\/uploads\/2020\/10\/GSR-Parte4-200x300.png 200w, http:\/\/www.reprolam.com\/wp-content\/uploads\/2020\/10\/GSR-Parte4.png 250w\" sizes=\"(max-width: 200px) 100vw, 200px\" alt=\"\" \t\tclass=\"so-widget-image\"\/>\n\t<\/div>\n\n<\/div><\/div><\/div><\/div><\/div><\/div><div id=\"pg-gb965-69e000c18803d-6\"  class=\"panel-grid panel-has-style\" ><div class=\"panel-row-style panel-row-style-for-gb965-69e000c18803d-6\" ><div id=\"pgc-gb965-69e000c18803d-6-0\"  class=\"panel-grid-cell\" ><div id=\"panel-gb965-69e000c18803d-6-0-0\" class=\"so-panel widget widget_sow-editor panel-first-child panel-last-child\" data-index=\"11\" ><div class=\"panel-widget-style panel-widget-style-for-gb965-69e000c18803d-6-0-0\" ><div\n\t\t\t\n\t\t\tclass=\"so-widget-sow-editor so-widget-sow-editor-base\"\n\t\t\t\n\t\t>\n<div class=\"siteorigin-widget-tinymce textwidget\">\n\t<p style=\"text-align: center;\"><span style=\"color: #ffffff;\"><strong>METAS:<\/strong><\/span><\/p>\n<\/div>\n<\/div><\/div><\/div><\/div><\/div><\/div><div id=\"pg-gb965-69e000c18803d-7\"  class=\"panel-grid panel-has-style\" ><div class=\"panel-row-style panel-row-style-for-gb965-69e000c18803d-7\" ><div id=\"pgc-gb965-69e000c18803d-7-0\"  class=\"panel-grid-cell\" ><div id=\"panel-gb965-69e000c18803d-7-0-0\" class=\"so-panel widget widget_sow-editor panel-first-child panel-last-child\" data-index=\"12\" ><div id=\"vin\" class=\"panel-widget-style panel-widget-style-for-gb965-69e000c18803d-7-0-0\" ><div\n\t\t\t\n\t\t\tclass=\"so-widget-sow-editor so-widget-sow-editor-base\"\n\t\t\t\n\t\t>\n<div class=\"siteorigin-widget-tinymce textwidget\">\n\t<table style=\"height: 23px; width: 100%; border-collapse: collapse; border-style: none;\" border=\"0\">\n<tbody>\n<tr style=\"height: 38px;\">\n<td style=\"width: 7.28616%; height: 10px; vertical-align: top;\"><img loading=\"lazy\" decoding=\"async\" class=\"size-full wp-image-653 aligncenter\" src=\"http:\/\/www.reprolam.com\/wp-content\/uploads\/2020\/10\/3313576-24.png\" alt=\"\" width=\"24\" height=\"24\" \/><\/td>\n<td style=\"width: 92.6082%; height: 10px; vertical-align: top; text-align: justify;\">Divulgar informaci\u00f3n t\u00e9cnica sobre el proceso de Evaluaci\u00f3n de Seguridad de Instalaciones y actividades que utilicen las radiaciones ionizantes.<\/td>\n<\/tr>\n<tr>\n<td style=\"width: 7.28616%; vertical-align: top;\"><img loading=\"lazy\" decoding=\"async\" class=\"size-full wp-image-653 aligncenter\" src=\"http:\/\/www.reprolam.com\/wp-content\/uploads\/2020\/10\/3313576-24.png\" alt=\"\" width=\"24\" height=\"24\" \/><\/td>\n<td style=\"width: 92.6082%; vertical-align: top; text-align: justify;\">Proporcionar materiales de capacitaci\u00f3n a usuarios finales y reguladores en el tema de evaluaci\u00f3n de seguridad, propiciando un entendimiento efectivo entre ambos.<\/td>\n<\/tr>\n<tr>\n<td style=\"width: 7.28616%; vertical-align: top;\"><img loading=\"lazy\" decoding=\"async\" class=\"size-full wp-image-653 aligncenter\" src=\"http:\/\/www.reprolam.com\/wp-content\/uploads\/2020\/10\/3313576-24.png\" alt=\"\" width=\"24\" height=\"24\" \/><\/td>\n<td style=\"width: 92.6082%; vertical-align: top; text-align: justify;\">Divulgar el uso de un conjunto de herramientas (TOLKIT) que facilitan la realizaci\u00f3n del proceso de las evaluaciones de seguridad por parte de los usuarios finales y la revisi\u00f3n y evaluaci\u00f3n de la informaci\u00f3n resultante de este proceso por parte de las Autoridades Reguladoras.<\/td>\n<\/tr>\n<tr>\n<td style=\"width: 7.28616%; vertical-align: top;\"><img loading=\"lazy\" decoding=\"async\" class=\"size-full wp-image-653 aligncenter\" src=\"http:\/\/www.reprolam.com\/wp-content\/uploads\/2020\/10\/3313576-24.png\" alt=\"\" width=\"24\" height=\"24\" \/><\/td>\n<td style=\"width: 92.6082%; vertical-align: top;\">Promover la realizaci\u00f3n de cursos y talleres que permitan adquirir habilidades pr\u00e1cticas de la realizaci\u00f3n de las evaluaciones de seguridad, por parte de los usuarios finales, y en la revisi\u00f3n de estas evaluaciones, por parte de los Reguladores.<\/td>\n<\/tr>\n<\/tbody>\n<\/table>\n<\/div>\n<\/div><\/div><\/div><\/div><div id=\"pgc-gb965-69e000c18803d-7-1\"  class=\"panel-grid-cell\" ><div id=\"panel-gb965-69e000c18803d-7-1-0\" class=\"so-panel widget widget_sow-image panel-first-child panel-last-child\" data-index=\"13\" ><div class=\"panel-widget-style panel-widget-style-for-gb965-69e000c18803d-7-1-0\" ><div\n\t\t\t\n\t\t\tclass=\"so-widget-sow-image so-widget-sow-image-default-c67d20f9f743-965\"\n\t\t\t\n\t\t>\n<div class=\"sow-image-container\">\n\t\t<img \n\tsrc=\"http:\/\/www.reprolam.com\/wp-content\/uploads\/2020\/10\/Evalua-Seguridad.jpg\" width=\"1398\" height=\"772\" srcset=\"http:\/\/www.reprolam.com\/wp-content\/uploads\/2020\/10\/Evalua-Seguridad.jpg 1398w, http:\/\/www.reprolam.com\/wp-content\/uploads\/2020\/10\/Evalua-Seguridad-300x166.jpg 300w, http:\/\/www.reprolam.com\/wp-content\/uploads\/2020\/10\/Evalua-Seguridad-1024x565.jpg 1024w, http:\/\/www.reprolam.com\/wp-content\/uploads\/2020\/10\/Evalua-Seguridad-768x424.jpg 768w\" sizes=\"(max-width: 1398px) 100vw, 1398px\" alt=\"\" \t\tclass=\"so-widget-image\"\/>\n\t<\/div>\n\n<\/div><\/div><\/div><\/div><\/div><\/div><div id=\"pg-gb965-69e000c18803d-8\"  class=\"panel-grid panel-has-style\" ><div class=\"panel-row-style panel-row-style-for-gb965-69e000c18803d-8\" ><div id=\"pgc-gb965-69e000c18803d-8-0\"  class=\"panel-grid-cell\" ><div id=\"panel-gb965-69e000c18803d-8-0-0\" class=\"so-panel widget widget_sow-editor panel-first-child panel-last-child\" data-index=\"14\" ><div class=\"panel-widget-style panel-widget-style-for-gb965-69e000c18803d-8-0-0\" ><div\n\t\t\t\n\t\t\tclass=\"so-widget-sow-editor so-widget-sow-editor-base\"\n\t\t\t\n\t\t>\n<div class=\"siteorigin-widget-tinymce textwidget\">\n\t<p style=\"text-align: center;\"><span style=\"color: #ffffff;\"><strong>PLAN DE ACTIVIDADES:<\/strong><\/span><\/p>\n<\/div>\n<\/div><\/div><\/div><\/div><\/div><\/div><div id=\"pg-gb965-69e000c18803d-9\"  class=\"panel-grid panel-has-style\" ><div class=\"panel-row-style panel-row-style-for-gb965-69e000c18803d-9\" ><div id=\"pgc-gb965-69e000c18803d-9-0\"  class=\"panel-grid-cell\" ><div id=\"panel-gb965-69e000c18803d-9-0-0\" class=\"so-panel widget widget_sow-editor panel-first-child panel-last-child\" data-index=\"15\" ><div id=\"vin\" class=\"panel-widget-style panel-widget-style-for-gb965-69e000c18803d-9-0-0\" ><div\n\t\t\t\n\t\t\tclass=\"so-widget-sow-editor so-widget-sow-editor-base\"\n\t\t\t\n\t\t>\n<div class=\"siteorigin-widget-tinymce textwidget\">\n\t\n<table id=\"tablepress-11\" class=\"tablepress tablepress-id-11\">\n<thead>\n<tr class=\"row-1\">\n\t<th class=\"column-1\">1<\/th><th class=\"column-2\">Realizar un seminario Web que permita divulgar los principales conceptos y requisitos del proceso de evaluaci\u00f3n de seguridad de conformidad con la GSR parte 4.<\/th><th class=\"column-3\">Diciembre 2020<\/th>\n<\/tr>\n<\/thead>\n<tbody class=\"row-striping row-hover\">\n<tr class=\"row-2\">\n\t<td class=\"column-1\">2<\/td><td class=\"column-2\">Preparar y colocar en REPROLAM los materiales de un curso sobre evaluaci\u00f3n de seguridad que permita a Reguladores y Usuarios obtener la informaci\u00f3n b\u00e1sica necesaria para el desarrollo de sus respectivas funciones relativas al tema de evaluaci\u00f3n de seguridad. <\/td><td class=\"column-3\">Enero 2021<\/td>\n<\/tr>\n<tr class=\"row-3\">\n\t<td class=\"column-1\">3<\/td><td class=\"column-2\">Preparar y colocar en REPROLAM un tutorial sobre el uso de herramientas y sus ventajas para realizar las evaluaciones de seguridad. <\/td><td class=\"column-3\">Julio 2021<\/td>\n<\/tr>\n<tr class=\"row-4\">\n\t<td class=\"column-1\">4<\/td><td class=\"column-2\">Habilitar en REPROLAM una secci\u00f3n (chat) para formular preguntas y respuesta relativas a la conducci\u00f3n y desarrollo del proceso de evaluaci\u00f3n de seguridad. <\/td><td class=\"column-3\">Diciembre 2020<\/td>\n<\/tr>\n<tr class=\"row-5\">\n\t<td class=\"column-1\">5<\/td><td class=\"column-2\">Realizar un curso pre-congreso sobre Evaluaci\u00f3n de Seguridad en el pr\u00f3ximo Congreso Regional IRPA. Congreso IRP<\/td><td class=\"column-3\">pendiente<\/td>\n<\/tr>\n<\/tbody>\n<\/table>\n<!-- #tablepress-11 from cache -->\n<\/div>\n<\/div><\/div><\/div><\/div><div id=\"pgc-gb965-69e000c18803d-9-1\"  class=\"panel-grid-cell\" ><div id=\"panel-gb965-69e000c18803d-9-1-0\" class=\"so-panel widget widget_sow-image panel-first-child panel-last-child\" data-index=\"16\" ><div class=\"panel-widget-style panel-widget-style-for-gb965-69e000c18803d-9-1-0\" ><div\n\t\t\t\n\t\t\tclass=\"so-widget-sow-image so-widget-sow-image-default-c67d20f9f743-965\"\n\t\t\t\n\t\t>\n<div class=\"sow-image-container\">\n\t\t<img \n\tsrc=\"http:\/\/www.reprolam.com\/wp-content\/uploads\/2020\/10\/Webinar1.jpg\" width=\"970\" height=\"1090\" srcset=\"http:\/\/www.reprolam.com\/wp-content\/uploads\/2020\/10\/Webinar1.jpg 970w, http:\/\/www.reprolam.com\/wp-content\/uploads\/2020\/10\/Webinar1-267x300.jpg 267w, http:\/\/www.reprolam.com\/wp-content\/uploads\/2020\/10\/Webinar1-911x1024.jpg 911w, http:\/\/www.reprolam.com\/wp-content\/uploads\/2020\/10\/Webinar1-768x863.jpg 768w\" sizes=\"(max-width: 970px) 100vw, 970px\" alt=\"\" \t\tclass=\"so-widget-image\"\/>\n\t<\/div>\n\n<\/div><\/div><\/div><\/div><\/div><\/div><\/div>\n\n\n<p><\/p>\n","protected":false},"excerpt":{"rendered":"","protected":false},"author":1,"featured_media":707,"parent":57,"menu_order":0,"comment_status":"closed","ping_status":"closed","template":"page-templates\/page-builder.php","meta":{"footnotes":""},"_links":{"self":[{"href":"http:\/\/www.reprolam.com\/index.php?rest_route=\/wp\/v2\/pages\/965"}],"collection":[{"href":"http:\/\/www.reprolam.com\/index.php?rest_route=\/wp\/v2\/pages"}],"about":[{"href":"http:\/\/www.reprolam.com\/index.php?rest_route=\/wp\/v2\/types\/page"}],"author":[{"embeddable":true,"href":"http:\/\/www.reprolam.com\/index.php?rest_route=\/wp\/v2\/users\/1"}],"replies":[{"embeddable":true,"href":"http:\/\/www.reprolam.com\/index.php?rest_route=%2Fwp%2Fv2%2Fcomments&post=965"}],"version-history":[{"count":12,"href":"http:\/\/www.reprolam.com\/index.php?rest_route=\/wp\/v2\/pages\/965\/revisions"}],"predecessor-version":[{"id":1631,"href":"http:\/\/www.reprolam.com\/index.php?rest_route=\/wp\/v2\/pages\/965\/revisions\/1631"}],"up":[{"embeddable":true,"href":"http:\/\/www.reprolam.com\/index.php?rest_route=\/wp\/v2\/pages\/57"}],"wp:featuredmedia":[{"embeddable":true,"href":"http:\/\/www.reprolam.com\/index.php?rest_route=\/wp\/v2\/media\/707"}],"wp:attachment":[{"href":"http:\/\/www.reprolam.com\/index.php?rest_route=%2Fwp%2Fv2%2Fmedia&parent=965"}],"curies":[{"name":"wp","href":"https:\/\/api.w.org\/{rel}","templated":true}]}}